{"id":3992,"date":"2026-04-11T20:21:22","date_gmt":"2026-04-11T18:21:22","guid":{"rendered":"https:\/\/bmasmaoo.com\/?post_type=product&#038;p=3992"},"modified":"2026-04-11T20:21:23","modified_gmt":"2026-04-11T18:21:23","slug":"kangourou-momeasy","status":"publish","type":"product","link":"https:\/\/bmasmaoo.com\/index.php\/produit\/kangourou-momeasy\/","title":{"rendered":"Kangourou Momeasy"},"content":{"rendered":"<div class=\"otQkpb\" role=\"heading\" data-animation-nesting=\"\" data-sfc-cp=\"\" data-sfc-root=\"c\" data-sfc-cb=\"\" data-complete=\"true\" data-processed=\"true\" data-sae=\"\">\n<p data-start=\"73\" data-end=\"675\">\ud83d\udc76 <strong data-start=\"76\" data-end=\"96\">Multifonctionnel<\/strong> : adapt\u00e9 pour nourrissons et tout-petits<br data-start=\"137\" data-end=\"140\" \/>\u2696\ufe0f <strong data-start=\"143\" data-end=\"164\">Capacit\u00e9 de poids<\/strong> : jusqu\u2019\u00e0 <strong data-start=\"175\" data-end=\"184\" data-is-only-node=\"\">18 kg<\/strong><br data-start=\"234\" data-end=\"237\" \/>\ud83e\uddf8 <strong data-start=\"240\" data-end=\"264\">Position ergonomique<\/strong> : maintien confortable pour b\u00e9b\u00e9<br data-start=\"297\" data-end=\"300\" \/>\ud83c\udf2c\ufe0f <strong data-start=\"304\" data-end=\"323\">Tissu respirant<\/strong> : pour \u00e9viter la chaleur et garder b\u00e9b\u00e9 \u00e0 l\u2019aise<br data-start=\"372\" data-end=\"375\" \/>\ud83d\udd04 <strong data-start=\"378\" data-end=\"412\">Plusieurs positions de portage<\/strong> : face parent, face ext\u00e9rieur, etc.<br data-start=\"448\" data-end=\"451\" \/>\ud83c\udf92 <strong data-start=\"454\" data-end=\"477\">Ceinture de soutien<\/strong> : meilleure r\u00e9partition du poids<br data-start=\"510\" data-end=\"513\" \/>\ud83e\udeb6 <strong data-start=\"516\" data-end=\"541\">Bretelles rembourr\u00e9es<\/strong> : confort pour les \u00e9paules<br data-start=\"568\" data-end=\"571\" \/>\ud83e\uddfc <strong data-start=\"574\" data-end=\"594\">Facile \u00e0 ajuster<\/strong> : sangles r\u00e9glables<br data-start=\"614\" data-end=\"617\" \/>\ud83e\udde9 <strong data-start=\"620\" data-end=\"652\">Soutien de la t\u00eate et du dos<\/strong> : s\u00e9curit\u00e9 renforc\u00e9e<\/p>\n<p data-start=\"677\" data-end=\"779\">\u2714\ufe0f R\u00e9duit la pression sur le dos<br data-start=\"709\" data-end=\"712\" \/>\u2714\ufe0f Confort pour maman et b\u00e9b\u00e9<br data-start=\"741\" data-end=\"744\" \/>\u2714\ufe0f Utilisation quotidienne facile<\/p>\n<\/div>\n","protected":false},"excerpt":{"rendered":"<p>Con\u00e7u pour offrir confort et s\u00e9curit\u00e9 tant pour le b\u00e9b\u00e9 que pour le parent<\/p>\n","protected":false},"featured_media":3993,"template":"","meta":[],"product_brand":[],"product_cat":[59,90],"product_tag":[],"class_list":{"0":"post-3992","1":"product","2":"type-product","3":"status-publish","4":"has-post-thumbnail","6":"product_cat-espace-maman","7":"product_cat-porte-bebes","9":"first","10":"instock","11":"shipping-taxable","12":"purchasable","13":"product-type-simple"},"yoast_head":"<!-- This site is optimized with the Yoast SEO Premium plugin v26.8 (Yoast SEO v26.8) - https:\/\/yoast.com\/product\/yoast-seo-premium-wordpress\/ -->\n<title>Kangourou Momeasy - Bambinerie Chez Maman Asmao<\/title>\n<meta name=\"robots\" content=\"index, follow, max-snippet:-1, max-image-preview:large, max-video-preview:-1\" \/>\n<link rel=\"canonical\" href=\"https:\/\/bmasmaoo.com\/index.php\/produit\/kangourou-momeasy\/\" \/>\n<meta property=\"og:locale\" content=\"fr_FR\" \/>\n<meta property=\"og:type\" content=\"article\" \/>\n<meta property=\"og:title\" content=\"Kangourou Momeasy\" \/>\n<meta property=\"og:description\" content=\"Con\u00e7u pour offrir confort et s\u00e9curit\u00e9 tant pour le b\u00e9b\u00e9 que pour le parent\" \/>\n<meta property=\"og:url\" content=\"https:\/\/bmasmaoo.com\/index.php\/produit\/kangourou-momeasy\/\" \/>\n<meta property=\"og:site_name\" content=\"Bambinerie Chez Maman Asmao\" \/>\n<meta property=\"article:publisher\" content=\"https:\/\/www.facebook.com\/keacissediop\/?locale=fr_FR\" \/>\n<meta property=\"article:modified_time\" content=\"2026-04-11T18:21:23+00:00\" \/>\n<meta property=\"og:image\" content=\"https:\/\/bmasmaoo.com\/wp-content\/uploads\/2026\/04\/kangourou-momeasy-2.png\" \/>\n\t<meta property=\"og:image:width\" content=\"1080\" \/>\n\t<meta property=\"og:image:height\" content=\"1080\" \/>\n\t<meta property=\"og:image:type\" content=\"image\/png\" \/>\n<meta name=\"twitter:card\" content=\"summary_large_image\" \/>\n<meta name=\"twitter:label1\" content=\"Dur\u00e9e de lecture estim\u00e9e\" \/>\n\t<meta name=\"twitter:data1\" content=\"1 minute\" \/>\n<script type=\"application\/ld+json\" class=\"yoast-schema-graph\">{\"@context\":\"https:\/\/schema.org\",\"@graph\":[{\"@type\":\"WebPage\",\"@id\":\"https:\/\/bmasmaoo.com\/index.php\/produit\/kangourou-momeasy\/\",\"url\":\"https:\/\/bmasmaoo.com\/index.php\/produit\/kangourou-momeasy\/\",\"name\":\"Kangourou Momeasy - Bambinerie Chez Maman Asmao\",\"isPartOf\":{\"@id\":\"https:\/\/bmasmaoo.com\/#website\"},\"primaryImageOfPage\":{\"@id\":\"https:\/\/bmasmaoo.com\/index.php\/produit\/kangourou-momeasy\/#primaryimage\"},\"image\":{\"@id\":\"https:\/\/bmasmaoo.com\/index.php\/produit\/kangourou-momeasy\/#primaryimage\"},\"thumbnailUrl\":\"https:\/\/bmasmaoo.com\/wp-content\/uploads\/2026\/04\/kangourou-momeasy-2.png\",\"datePublished\":\"2026-04-11T18:21:22+00:00\",\"dateModified\":\"2026-04-11T18:21:23+00:00\",\"breadcrumb\":{\"@id\":\"https:\/\/bmasmaoo.com\/index.php\/produit\/kangourou-momeasy\/#breadcrumb\"},\"inLanguage\":\"fr-FR\",\"potentialAction\":[{\"@type\":\"ReadAction\",\"target\":[\"https:\/\/bmasmaoo.com\/index.php\/produit\/kangourou-momeasy\/\"]}]},{\"@type\":\"ImageObject\",\"inLanguage\":\"fr-FR\",\"@id\":\"https:\/\/bmasmaoo.com\/index.php\/produit\/kangourou-momeasy\/#primaryimage\",\"url\":\"https:\/\/bmasmaoo.com\/wp-content\/uploads\/2026\/04\/kangourou-momeasy-2.png\",\"contentUrl\":\"https:\/\/bmasmaoo.com\/wp-content\/uploads\/2026\/04\/kangourou-momeasy-2.png\",\"width\":1080,\"height\":1080},{\"@type\":\"BreadcrumbList\",\"@id\":\"https:\/\/bmasmaoo.com\/index.php\/produit\/kangourou-momeasy\/#breadcrumb\",\"itemListElement\":[{\"@type\":\"ListItem\",\"position\":1,\"name\":\"Home\",\"item\":\"https:\/\/bmasmaoo.com\/\"},{\"@type\":\"ListItem\",\"position\":2,\"name\":\"Shop\",\"item\":\"https:\/\/bmasmaoo.com\/index.php\/boutique\/\"},{\"@type\":\"ListItem\",\"position\":3,\"name\":\"Kangourou Momeasy\"}]},{\"@type\":\"WebSite\",\"@id\":\"https:\/\/bmasmaoo.com\/#website\",\"url\":\"https:\/\/bmasmaoo.com\/\",\"name\":\"https:\/\/bmasmaoo.com\/\",\"description\":\"\",\"publisher\":{\"@id\":\"https:\/\/bmasmaoo.com\/#organization\"},\"potentialAction\":[{\"@type\":\"SearchAction\",\"target\":{\"@type\":\"EntryPoint\",\"urlTemplate\":\"https:\/\/bmasmaoo.com\/?s={search_term_string}\"},\"query-input\":{\"@type\":\"PropertyValueSpecification\",\"valueRequired\":true,\"valueName\":\"search_term_string\"}}],\"inLanguage\":\"fr-FR\"},{\"@type\":\"Organization\",\"@id\":\"https:\/\/bmasmaoo.com\/#organization\",\"name\":\"Bambinerie Maman Asmao\",\"url\":\"https:\/\/bmasmaoo.com\/\",\"logo\":{\"@type\":\"ImageObject\",\"inLanguage\":\"fr-FR\",\"@id\":\"https:\/\/bmasmaoo.com\/#\/schema\/logo\/image\/\",\"url\":\"https:\/\/bmasmaoo.com\/wp-content\/uploads\/2025\/11\/Generated-Image-November-12-2025-6_41PM.png\",\"contentUrl\":\"https:\/\/bmasmaoo.com\/wp-content\/uploads\/2025\/11\/Generated-Image-November-12-2025-6_41PM.png\",\"width\":608,\"height\":372,\"caption\":\"Bambinerie Maman Asmao\"},\"image\":{\"@id\":\"https:\/\/bmasmaoo.com\/#\/schema\/logo\/image\/\"},\"sameAs\":[\"https:\/\/www.facebook.com\/keacissediop\/?locale=fr_FR\",\"https:\/\/www.instagram.com\/bambineriemamanasmao\/?hl=fr\",\"https:\/\/www.tiktok.com\/@bambineriemamanasmao\"],\"telephone\":\"+221772474296\",\"legalName\":\"Bambinerie Maman Asmao\"}]}<\/script>\n<!-- \/ Yoast SEO Premium plugin. -->","yoast_head_json":{"title":"Kangourou Momeasy - Bambinerie Chez Maman Asmao","robots":{"index":"index","follow":"follow","max-snippet":"max-snippet:-1","max-image-preview":"max-image-preview:large","max-video-preview":"max-video-preview:-1"},"canonical":"https:\/\/bmasmaoo.com\/index.php\/produit\/kangourou-momeasy\/","og_locale":"fr_FR","og_type":"article","og_title":"Kangourou Momeasy","og_description":"Con\u00e7u pour offrir confort et s\u00e9curit\u00e9 tant pour le b\u00e9b\u00e9 que pour le parent","og_url":"https:\/\/bmasmaoo.com\/index.php\/produit\/kangourou-momeasy\/","og_site_name":"Bambinerie Chez Maman Asmao","article_publisher":"https:\/\/www.facebook.com\/keacissediop\/?locale=fr_FR","article_modified_time":"2026-04-11T18:21:23+00:00","og_image":[{"width":1080,"height":1080,"url":"https:\/\/bmasmaoo.com\/wp-content\/uploads\/2026\/04\/kangourou-momeasy-2.png","type":"image\/png"}],"twitter_card":"summary_large_image","twitter_misc":{"Dur\u00e9e de lecture estim\u00e9e":"1 minute"},"schema":{"@context":"https:\/\/schema.org","@graph":[{"@type":"WebPage","@id":"https:\/\/bmasmaoo.com\/index.php\/produit\/kangourou-momeasy\/","url":"https:\/\/bmasmaoo.com\/index.php\/produit\/kangourou-momeasy\/","name":"Kangourou Momeasy - Bambinerie Chez Maman Asmao","isPartOf":{"@id":"https:\/\/bmasmaoo.com\/#website"},"primaryImageOfPage":{"@id":"https:\/\/bmasmaoo.com\/index.php\/produit\/kangourou-momeasy\/#primaryimage"},"image":{"@id":"https:\/\/bmasmaoo.com\/index.php\/produit\/kangourou-momeasy\/#primaryimage"},"thumbnailUrl":"https:\/\/bmasmaoo.com\/wp-content\/uploads\/2026\/04\/kangourou-momeasy-2.png","datePublished":"2026-04-11T18:21:22+00:00","dateModified":"2026-04-11T18:21:23+00:00","breadcrumb":{"@id":"https:\/\/bmasmaoo.com\/index.php\/produit\/kangourou-momeasy\/#breadcrumb"},"inLanguage":"fr-FR","potentialAction":[{"@type":"ReadAction","target":["https:\/\/bmasmaoo.com\/index.php\/produit\/kangourou-momeasy\/"]}]},{"@type":"ImageObject","inLanguage":"fr-FR","@id":"https:\/\/bmasmaoo.com\/index.php\/produit\/kangourou-momeasy\/#primaryimage","url":"https:\/\/bmasmaoo.com\/wp-content\/uploads\/2026\/04\/kangourou-momeasy-2.png","contentUrl":"https:\/\/bmasmaoo.com\/wp-content\/uploads\/2026\/04\/kangourou-momeasy-2.png","width":1080,"height":1080},{"@type":"BreadcrumbList","@id":"https:\/\/bmasmaoo.com\/index.php\/produit\/kangourou-momeasy\/#breadcrumb","itemListElement":[{"@type":"ListItem","position":1,"name":"Home","item":"https:\/\/bmasmaoo.com\/"},{"@type":"ListItem","position":2,"name":"Shop","item":"https:\/\/bmasmaoo.com\/index.php\/boutique\/"},{"@type":"ListItem","position":3,"name":"Kangourou Momeasy"}]},{"@type":"WebSite","@id":"https:\/\/bmasmaoo.com\/#website","url":"https:\/\/bmasmaoo.com\/","name":"https:\/\/bmasmaoo.com\/","description":"","publisher":{"@id":"https:\/\/bmasmaoo.com\/#organization"},"potentialAction":[{"@type":"SearchAction","target":{"@type":"EntryPoint","urlTemplate":"https:\/\/bmasmaoo.com\/?s={search_term_string}"},"query-input":{"@type":"PropertyValueSpecification","valueRequired":true,"valueName":"search_term_string"}}],"inLanguage":"fr-FR"},{"@type":"Organization","@id":"https:\/\/bmasmaoo.com\/#organization","name":"Bambinerie Maman Asmao","url":"https:\/\/bmasmaoo.com\/","logo":{"@type":"ImageObject","inLanguage":"fr-FR","@id":"https:\/\/bmasmaoo.com\/#\/schema\/logo\/image\/","url":"https:\/\/bmasmaoo.com\/wp-content\/uploads\/2025\/11\/Generated-Image-November-12-2025-6_41PM.png","contentUrl":"https:\/\/bmasmaoo.com\/wp-content\/uploads\/2025\/11\/Generated-Image-November-12-2025-6_41PM.png","width":608,"height":372,"caption":"Bambinerie Maman Asmao"},"image":{"@id":"https:\/\/bmasmaoo.com\/#\/schema\/logo\/image\/"},"sameAs":["https:\/\/www.facebook.com\/keacissediop\/?locale=fr_FR","https:\/\/www.instagram.com\/bambineriemamanasmao\/?hl=fr","https:\/\/www.tiktok.com\/@bambineriemamanasmao"],"telephone":"+221772474296","legalName":"Bambinerie Maman Asmao"}]}},"_links":{"self":[{"href":"https:\/\/bmasmaoo.com\/index.php\/wp-json\/wp\/v2\/product\/3992","targetHints":{"allow":["GET"]}}],"collection":[{"href":"https:\/\/bmasmaoo.com\/index.php\/wp-json\/wp\/v2\/product"}],"about":[{"href":"https:\/\/bmasmaoo.com\/index.php\/wp-json\/wp\/v2\/types\/product"}],"version-history":[{"count":1,"href":"https:\/\/bmasmaoo.com\/index.php\/wp-json\/wp\/v2\/product\/3992\/revisions"}],"predecessor-version":[{"id":3998,"href":"https:\/\/bmasmaoo.com\/index.php\/wp-json\/wp\/v2\/product\/3992\/revisions\/3998"}],"wp:featuredmedia":[{"embeddable":true,"href":"https:\/\/bmasmaoo.com\/index.php\/wp-json\/wp\/v2\/media\/3993"}],"wp:attachment":[{"href":"https:\/\/bmasmaoo.com\/index.php\/wp-json\/wp\/v2\/media?parent=3992"}],"wp:term":[{"taxonomy":"product_brand","embeddable":true,"href":"https:\/\/bmasmaoo.com\/index.php\/wp-json\/wp\/v2\/product_brand?post=3992"},{"taxonomy":"product_cat","embeddable":true,"href":"https:\/\/bmasmaoo.com\/index.php\/wp-json\/wp\/v2\/product_cat?post=3992"},{"taxonomy":"product_tag","embeddable":true,"href":"https:\/\/bmasmaoo.com\/index.php\/wp-json\/wp\/v2\/product_tag?post=3992"}],"curies":[{"name":"wp","href":"https:\/\/api.w.org\/{rel}","templated":true}]}}