{"id":3744,"date":"2026-01-29T13:15:14","date_gmt":"2026-01-29T12:15:14","guid":{"rendered":"https:\/\/bmasmaoo.com\/?post_type=product&#038;p=3744"},"modified":"2026-01-29T16:33:00","modified_gmt":"2026-01-29T15:33:00","slug":"lingettes-a-eau-biolane","status":"publish","type":"product","link":"https:\/\/bmasmaoo.com\/index.php\/produit\/lingettes-a-eau-biolane\/","title":{"rendered":"Lingettes \u00e0 eau Biolane"},"content":{"rendered":"<p>Lingettes H2O : Les lingettes nettoyantes \u00e9paisses H2O de Biolane, pour un nettoyage et une protection douce du visage, du corps et du si\u00e8ge du b\u00e9b\u00e9.<\/p>\n<p>Ingr\u00e9dients d\u2019origine naturelle : Avec une formulation \u00e0 99% d\u2019ingr\u00e9dients d\u2019origine naturelle, les lingettes \u00e9paisses Biolane H2O sont fabriqu\u00e9es en fibres biod\u00e9gradables et compostables, pr\u00e9servant ainsi l\u2019\u00e9quilibre naturel de la peau de b\u00e9b\u00e9 et de l\u2019environnement.<\/p>\n<p>Hypoallerg\u00e9nique : Respectueuses de la peau du b\u00e9b\u00e9, les lingettes Biolane sont hypoallerg\u00e9niques et sp\u00e9cialement formul\u00e9es pour le change des peaux sensibles.<\/p>\n<p>Sans alcool, elles s\u2019utilisent en toute s\u00e9curit\u00e9, pr\u00e9servant ainsi la sant\u00e9 et la douceur de la peau d\u00e9licate de votre b\u00e9b\u00e9.<\/p>\n<p>Nettoie et prot\u00e8ge : Les lingettes \u00e9paisses H2O sont id\u00e9ales pour un nettoyage en douceur du si\u00e8ge de votre b\u00e9b\u00e9.<br \/>\nAdapt\u00e9es \u00e0 un usage quotidien, elles offrent une toilette douce et efficace, sans besoin de rin\u00e7age.<br \/>\nLa peau de votre b\u00e9b\u00e9 sera ainsi propre, douce et prot\u00e9g\u00e9e..<\/p>\n<p><strong>Indications :<\/strong><\/p>\n<p>Convient aux b\u00e9b\u00e9s, enfants.<br \/>\nTest\u00e9 cliniquement.<br \/>\nNettoient et prot\u00e8gent<br \/>\nLingettes H2O<br \/>\nFabriqu\u00e9 en France<\/p>\n<p><strong>Conseils d\u2019utilisation :<\/strong><\/p>\n<p>S\u2019utilisent \u00e0 chaque change et \u00e0 tout moment de la journ\u00e9e.<br \/>\nNe se rincent pas. Peuvent \u00e9galement convenir pour la toilette du visage et des mains.<br \/>\nNe pas laisser \u00e0 la port\u00e9e des enfants.<br \/>\nUsage externe uniquement.<\/p>\n<p><strong>Composition :<\/strong><\/p>\n<p>AQUA (WATER) , PARFUM (FRAGRANCE), LEVULINIC ACID, SODIUM BENZOATE, GLYCERIN, SODIUM LEVULINATE, SODIUM HYDROXIDE<\/p>\n","protected":false},"excerpt":{"rendered":"<p>Les lingettes H2O Biolane nettoient et prot\u00e8gent en un seul geste le si\u00e8ge, le corps et le visage de votre b\u00e9b\u00e9, tout en pr\u00e9servant l\u2019\u00e9quilibre naturel cutan\u00e9.<\/p>\n","protected":false},"featured_media":3760,"template":"","meta":[],"product_brand":[],"product_cat":[71],"product_tag":[],"class_list":{"0":"post-3744","1":"product","2":"type-product","3":"status-publish","4":"has-post-thumbnail","6":"product_cat-soins-toilette","8":"first","9":"instock","10":"shipping-taxable","11":"purchasable","12":"product-type-simple"},"yoast_head":"<!-- This site is optimized with the Yoast SEO Premium plugin v26.8 (Yoast SEO v26.8) - https:\/\/yoast.com\/product\/yoast-seo-premium-wordpress\/ -->\n<title>Lingettes \u00e0 eau Biolane - Bambinerie Chez Maman Asmao<\/title>\n<meta name=\"robots\" content=\"index, follow, max-snippet:-1, max-image-preview:large, max-video-preview:-1\" \/>\n<link rel=\"canonical\" href=\"https:\/\/bmasmaoo.com\/index.php\/produit\/lingettes-a-eau-biolane\/\" \/>\n<meta property=\"og:locale\" content=\"fr_FR\" \/>\n<meta property=\"og:type\" content=\"article\" \/>\n<meta property=\"og:title\" content=\"Lingettes \u00e0 eau Biolane\" \/>\n<meta property=\"og:description\" content=\"Les lingettes H2O Biolane nettoient et prot\u00e8gent en un seul geste le si\u00e8ge, le corps et le visage de votre b\u00e9b\u00e9, tout en pr\u00e9servant l\u2019\u00e9quilibre naturel cutan\u00e9.\" \/>\n<meta property=\"og:url\" content=\"https:\/\/bmasmaoo.com\/index.php\/produit\/lingettes-a-eau-biolane\/\" \/>\n<meta property=\"og:site_name\" content=\"Bambinerie Chez Maman Asmao\" \/>\n<meta property=\"article:publisher\" content=\"https:\/\/www.facebook.com\/keacissediop\/?locale=fr_FR\" \/>\n<meta property=\"article:modified_time\" content=\"2026-01-29T15:33:00+00:00\" \/>\n<meta property=\"og:image\" content=\"https:\/\/bmasmaoo.com\/wp-content\/uploads\/2026\/01\/Design-sans-titre-2026-01-29T151425.662.png\" \/>\n\t<meta property=\"og:image:width\" content=\"1080\" \/>\n\t<meta property=\"og:image:height\" content=\"1080\" \/>\n\t<meta property=\"og:image:type\" content=\"image\/png\" \/>\n<meta name=\"twitter:card\" content=\"summary_large_image\" \/>\n<meta name=\"twitter:label1\" content=\"Dur\u00e9e de lecture estim\u00e9e\" \/>\n\t<meta name=\"twitter:data1\" content=\"1 minute\" \/>\n<script type=\"application\/ld+json\" class=\"yoast-schema-graph\">{\"@context\":\"https:\/\/schema.org\",\"@graph\":[{\"@type\":\"WebPage\",\"@id\":\"https:\/\/bmasmaoo.com\/index.php\/produit\/lingettes-a-eau-biolane\/\",\"url\":\"https:\/\/bmasmaoo.com\/index.php\/produit\/lingettes-a-eau-biolane\/\",\"name\":\"Lingettes \u00e0 eau Biolane - Bambinerie Chez Maman Asmao\",\"isPartOf\":{\"@id\":\"https:\/\/bmasmaoo.com\/#website\"},\"primaryImageOfPage\":{\"@id\":\"https:\/\/bmasmaoo.com\/index.php\/produit\/lingettes-a-eau-biolane\/#primaryimage\"},\"image\":{\"@id\":\"https:\/\/bmasmaoo.com\/index.php\/produit\/lingettes-a-eau-biolane\/#primaryimage\"},\"thumbnailUrl\":\"https:\/\/bmasmaoo.com\/wp-content\/uploads\/2026\/01\/Design-sans-titre-2026-01-29T151425.662.png\",\"datePublished\":\"2026-01-29T12:15:14+00:00\",\"dateModified\":\"2026-01-29T15:33:00+00:00\",\"breadcrumb\":{\"@id\":\"https:\/\/bmasmaoo.com\/index.php\/produit\/lingettes-a-eau-biolane\/#breadcrumb\"},\"inLanguage\":\"fr-FR\",\"potentialAction\":[{\"@type\":\"ReadAction\",\"target\":[\"https:\/\/bmasmaoo.com\/index.php\/produit\/lingettes-a-eau-biolane\/\"]}]},{\"@type\":\"ImageObject\",\"inLanguage\":\"fr-FR\",\"@id\":\"https:\/\/bmasmaoo.com\/index.php\/produit\/lingettes-a-eau-biolane\/#primaryimage\",\"url\":\"https:\/\/bmasmaoo.com\/wp-content\/uploads\/2026\/01\/Design-sans-titre-2026-01-29T151425.662.png\",\"contentUrl\":\"https:\/\/bmasmaoo.com\/wp-content\/uploads\/2026\/01\/Design-sans-titre-2026-01-29T151425.662.png\",\"width\":1080,\"height\":1080},{\"@type\":\"BreadcrumbList\",\"@id\":\"https:\/\/bmasmaoo.com\/index.php\/produit\/lingettes-a-eau-biolane\/#breadcrumb\",\"itemListElement\":[{\"@type\":\"ListItem\",\"position\":1,\"name\":\"Home\",\"item\":\"https:\/\/bmasmaoo.com\/\"},{\"@type\":\"ListItem\",\"position\":2,\"name\":\"Shop\",\"item\":\"https:\/\/bmasmaoo.com\/index.php\/boutique\/\"},{\"@type\":\"ListItem\",\"position\":3,\"name\":\"Lingettes \u00e0 eau Biolane\"}]},{\"@type\":\"WebSite\",\"@id\":\"https:\/\/bmasmaoo.com\/#website\",\"url\":\"https:\/\/bmasmaoo.com\/\",\"name\":\"https:\/\/bmasmaoo.com\/\",\"description\":\"\",\"publisher\":{\"@id\":\"https:\/\/bmasmaoo.com\/#organization\"},\"potentialAction\":[{\"@type\":\"SearchAction\",\"target\":{\"@type\":\"EntryPoint\",\"urlTemplate\":\"https:\/\/bmasmaoo.com\/?s={search_term_string}\"},\"query-input\":{\"@type\":\"PropertyValueSpecification\",\"valueRequired\":true,\"valueName\":\"search_term_string\"}}],\"inLanguage\":\"fr-FR\"},{\"@type\":\"Organization\",\"@id\":\"https:\/\/bmasmaoo.com\/#organization\",\"name\":\"Bambinerie Maman Asmao\",\"url\":\"https:\/\/bmasmaoo.com\/\",\"logo\":{\"@type\":\"ImageObject\",\"inLanguage\":\"fr-FR\",\"@id\":\"https:\/\/bmasmaoo.com\/#\/schema\/logo\/image\/\",\"url\":\"https:\/\/bmasmaoo.com\/wp-content\/uploads\/2025\/11\/Generated-Image-November-12-2025-6_41PM.png\",\"contentUrl\":\"https:\/\/bmasmaoo.com\/wp-content\/uploads\/2025\/11\/Generated-Image-November-12-2025-6_41PM.png\",\"width\":608,\"height\":372,\"caption\":\"Bambinerie Maman Asmao\"},\"image\":{\"@id\":\"https:\/\/bmasmaoo.com\/#\/schema\/logo\/image\/\"},\"sameAs\":[\"https:\/\/www.facebook.com\/keacissediop\/?locale=fr_FR\",\"https:\/\/www.instagram.com\/bambineriemamanasmao\/?hl=fr\",\"https:\/\/www.tiktok.com\/@bambineriemamanasmao\"],\"telephone\":\"+221772474296\",\"legalName\":\"Bambinerie Maman Asmao\"}]}<\/script>\n<!-- \/ Yoast SEO Premium plugin. -->","yoast_head_json":{"title":"Lingettes \u00e0 eau Biolane - Bambinerie Chez Maman Asmao","robots":{"index":"index","follow":"follow","max-snippet":"max-snippet:-1","max-image-preview":"max-image-preview:large","max-video-preview":"max-video-preview:-1"},"canonical":"https:\/\/bmasmaoo.com\/index.php\/produit\/lingettes-a-eau-biolane\/","og_locale":"fr_FR","og_type":"article","og_title":"Lingettes \u00e0 eau Biolane","og_description":"Les lingettes H2O Biolane nettoient et prot\u00e8gent en un seul geste le si\u00e8ge, le corps et le visage de votre b\u00e9b\u00e9, tout en pr\u00e9servant l\u2019\u00e9quilibre naturel cutan\u00e9.","og_url":"https:\/\/bmasmaoo.com\/index.php\/produit\/lingettes-a-eau-biolane\/","og_site_name":"Bambinerie Chez Maman Asmao","article_publisher":"https:\/\/www.facebook.com\/keacissediop\/?locale=fr_FR","article_modified_time":"2026-01-29T15:33:00+00:00","og_image":[{"width":1080,"height":1080,"url":"https:\/\/bmasmaoo.com\/wp-content\/uploads\/2026\/01\/Design-sans-titre-2026-01-29T151425.662.png","type":"image\/png"}],"twitter_card":"summary_large_image","twitter_misc":{"Dur\u00e9e de lecture estim\u00e9e":"1 minute"},"schema":{"@context":"https:\/\/schema.org","@graph":[{"@type":"WebPage","@id":"https:\/\/bmasmaoo.com\/index.php\/produit\/lingettes-a-eau-biolane\/","url":"https:\/\/bmasmaoo.com\/index.php\/produit\/lingettes-a-eau-biolane\/","name":"Lingettes \u00e0 eau Biolane - Bambinerie Chez Maman Asmao","isPartOf":{"@id":"https:\/\/bmasmaoo.com\/#website"},"primaryImageOfPage":{"@id":"https:\/\/bmasmaoo.com\/index.php\/produit\/lingettes-a-eau-biolane\/#primaryimage"},"image":{"@id":"https:\/\/bmasmaoo.com\/index.php\/produit\/lingettes-a-eau-biolane\/#primaryimage"},"thumbnailUrl":"https:\/\/bmasmaoo.com\/wp-content\/uploads\/2026\/01\/Design-sans-titre-2026-01-29T151425.662.png","datePublished":"2026-01-29T12:15:14+00:00","dateModified":"2026-01-29T15:33:00+00:00","breadcrumb":{"@id":"https:\/\/bmasmaoo.com\/index.php\/produit\/lingettes-a-eau-biolane\/#breadcrumb"},"inLanguage":"fr-FR","potentialAction":[{"@type":"ReadAction","target":["https:\/\/bmasmaoo.com\/index.php\/produit\/lingettes-a-eau-biolane\/"]}]},{"@type":"ImageObject","inLanguage":"fr-FR","@id":"https:\/\/bmasmaoo.com\/index.php\/produit\/lingettes-a-eau-biolane\/#primaryimage","url":"https:\/\/bmasmaoo.com\/wp-content\/uploads\/2026\/01\/Design-sans-titre-2026-01-29T151425.662.png","contentUrl":"https:\/\/bmasmaoo.com\/wp-content\/uploads\/2026\/01\/Design-sans-titre-2026-01-29T151425.662.png","width":1080,"height":1080},{"@type":"BreadcrumbList","@id":"https:\/\/bmasmaoo.com\/index.php\/produit\/lingettes-a-eau-biolane\/#breadcrumb","itemListElement":[{"@type":"ListItem","position":1,"name":"Home","item":"https:\/\/bmasmaoo.com\/"},{"@type":"ListItem","position":2,"name":"Shop","item":"https:\/\/bmasmaoo.com\/index.php\/boutique\/"},{"@type":"ListItem","position":3,"name":"Lingettes \u00e0 eau Biolane"}]},{"@type":"WebSite","@id":"https:\/\/bmasmaoo.com\/#website","url":"https:\/\/bmasmaoo.com\/","name":"https:\/\/bmasmaoo.com\/","description":"","publisher":{"@id":"https:\/\/bmasmaoo.com\/#organization"},"potentialAction":[{"@type":"SearchAction","target":{"@type":"EntryPoint","urlTemplate":"https:\/\/bmasmaoo.com\/?s={search_term_string}"},"query-input":{"@type":"PropertyValueSpecification","valueRequired":true,"valueName":"search_term_string"}}],"inLanguage":"fr-FR"},{"@type":"Organization","@id":"https:\/\/bmasmaoo.com\/#organization","name":"Bambinerie Maman Asmao","url":"https:\/\/bmasmaoo.com\/","logo":{"@type":"ImageObject","inLanguage":"fr-FR","@id":"https:\/\/bmasmaoo.com\/#\/schema\/logo\/image\/","url":"https:\/\/bmasmaoo.com\/wp-content\/uploads\/2025\/11\/Generated-Image-November-12-2025-6_41PM.png","contentUrl":"https:\/\/bmasmaoo.com\/wp-content\/uploads\/2025\/11\/Generated-Image-November-12-2025-6_41PM.png","width":608,"height":372,"caption":"Bambinerie Maman Asmao"},"image":{"@id":"https:\/\/bmasmaoo.com\/#\/schema\/logo\/image\/"},"sameAs":["https:\/\/www.facebook.com\/keacissediop\/?locale=fr_FR","https:\/\/www.instagram.com\/bambineriemamanasmao\/?hl=fr","https:\/\/www.tiktok.com\/@bambineriemamanasmao"],"telephone":"+221772474296","legalName":"Bambinerie Maman Asmao"}]}},"_links":{"self":[{"href":"https:\/\/bmasmaoo.com\/index.php\/wp-json\/wp\/v2\/product\/3744","targetHints":{"allow":["GET"]}}],"collection":[{"href":"https:\/\/bmasmaoo.com\/index.php\/wp-json\/wp\/v2\/product"}],"about":[{"href":"https:\/\/bmasmaoo.com\/index.php\/wp-json\/wp\/v2\/types\/product"}],"version-history":[{"count":1,"href":"https:\/\/bmasmaoo.com\/index.php\/wp-json\/wp\/v2\/product\/3744\/revisions"}],"predecessor-version":[{"id":3747,"href":"https:\/\/bmasmaoo.com\/index.php\/wp-json\/wp\/v2\/product\/3744\/revisions\/3747"}],"wp:featuredmedia":[{"embeddable":true,"href":"https:\/\/bmasmaoo.com\/index.php\/wp-json\/wp\/v2\/media\/3760"}],"wp:attachment":[{"href":"https:\/\/bmasmaoo.com\/index.php\/wp-json\/wp\/v2\/media?parent=3744"}],"wp:term":[{"taxonomy":"product_brand","embeddable":true,"href":"https:\/\/bmasmaoo.com\/index.php\/wp-json\/wp\/v2\/product_brand?post=3744"},{"taxonomy":"product_cat","embeddable":true,"href":"https:\/\/bmasmaoo.com\/index.php\/wp-json\/wp\/v2\/product_cat?post=3744"},{"taxonomy":"product_tag","embeddable":true,"href":"https:\/\/bmasmaoo.com\/index.php\/wp-json\/wp\/v2\/product_tag?post=3744"}],"curies":[{"name":"wp","href":"https:\/\/api.w.org\/{rel}","templated":true}]}}