{"id":3701,"date":"2026-01-27T19:06:18","date_gmt":"2026-01-27T18:06:18","guid":{"rendered":"https:\/\/bmasmaoo.com\/?post_type=product&#038;p=3701"},"modified":"2026-01-27T19:38:54","modified_gmt":"2026-01-27T18:38:54","slug":"panier-naissance-2","status":"publish","type":"product","link":"https:\/\/bmasmaoo.com\/index.php\/produit\/panier-naissance-2\/","title":{"rendered":"Panier naissance gar\u00e7on"},"content":{"rendered":"<p data-start=\"393\" data-end=\"421\">\ud83e\uddf8 <strong data-start=\"396\" data-end=\"419\">Contenu du panier :<\/strong><\/p>\n<ul data-start=\"422\" data-end=\"909\">\n<li data-start=\"502\" data-end=\"596\">\n<p data-start=\"504\" data-end=\"596\">\ud83d\udecf\ufe0f<strong>Couverture avec doudou assorti<\/strong> : douceur et r\u00e9confort pour les moments de repos<\/p>\n<\/li>\n<li data-start=\"597\" data-end=\"649\">\n<p data-start=\"599\" data-end=\"649\">\ud83e\uddf6 <strong data-start=\"602\" data-end=\"624\">Ensemble pull b\u00e9b\u00e9<\/strong> : chaud et confortable<\/p>\n<\/li>\n<li data-start=\"650\" data-end=\"692\">\n<p data-start=\"652\" data-end=\"692\">\ud83d\udc76 <strong data-start=\"655\" data-end=\"690\">Couche Chanceux b\u00e9b\u00e9 taille S<\/strong><\/p>\n<\/li>\n<li data-start=\"693\" data-end=\"739\">\n<p data-start=\"695\" data-end=\"739\">\ud83d\udc55 <strong data-start=\"698\" data-end=\"715\">Ensemble b\u00e9b\u00e9<\/strong> : pratique et \u00e9l\u00e9gant<\/p>\n<\/li>\n<li data-start=\"740\" data-end=\"819\">\n<p data-start=\"742\" data-end=\"819\">\ud83c\udf19 <strong data-start=\"745\" data-end=\"781\">Grenouill\u00e8re avec bonnet assorti<\/strong> : parfaite pour des nuits paisibles<\/p>\n<\/li>\n<li>\ud83d\udc63 <strong data-start=\"427\" data-end=\"454\">Chaussons b\u00e9b\u00e9 en laine<\/strong> : pour garder les petits pieds bien au chaud<\/li>\n<li data-start=\"820\" data-end=\"909\">\n<p data-start=\"822\" data-end=\"909\">\ud83c\udf38 <strong data-start=\"825\" data-end=\"845\">Parfum Baby Love<\/strong> : une touche d\u00e9licate et tendre sp\u00e9cialement con\u00e7ue pour b\u00e9b\u00e9<\/p>\n<\/li>\n<\/ul>\n<p data-start=\"911\" data-end=\"1036\">\ud83c\udf81 Un panier complet, chic et attentionn\u00e9, qui fera fondre les parents et enveloppera b\u00e9b\u00e9 de douceur d\u00e8s ses premiers jours.<\/p>\n","protected":false},"excerpt":{"rendered":"<p>Offrez un cadeau plein de douceur avec ce magnifique panier b\u00e9b\u00e9 gar\u00e7on soigneusement compos\u00e9 pour accueillir b\u00e9b\u00e9 dans le confort et la tendresse. Pr\u00e9sent\u00e9 dans un joli panier d\u00e9cor\u00e9 et emball\u00e9 avec raffinement, il est id\u00e9al pour une naissance ou un baby shower.<\/p>\n","protected":false},"featured_media":3702,"template":"","meta":[],"product_brand":[],"product_cat":[108,67,63],"product_tag":[],"class_list":{"0":"post-3701","1":"product","2":"type-product","3":"status-publish","4":"has-post-thumbnail","6":"product_cat-cadeau-naisssance","7":"product_cat-nouveau-ne","8":"product_cat-coffret-et-cadeaux-naissance","10":"first","11":"instock","12":"shipping-taxable","13":"purchasable","14":"product-type-simple"},"yoast_head":"<!-- This site is optimized with the Yoast SEO Premium plugin v26.8 (Yoast SEO v26.8) - https:\/\/yoast.com\/product\/yoast-seo-premium-wordpress\/ -->\n<title>Panier naissance gar\u00e7on - Bambinerie Chez Maman Asmao<\/title>\n<meta name=\"robots\" content=\"index, follow, max-snippet:-1, max-image-preview:large, max-video-preview:-1\" \/>\n<link rel=\"canonical\" href=\"https:\/\/bmasmaoo.com\/index.php\/produit\/panier-naissance-2\/\" \/>\n<meta property=\"og:locale\" content=\"fr_FR\" \/>\n<meta property=\"og:type\" content=\"article\" \/>\n<meta property=\"og:title\" content=\"Panier naissance gar\u00e7on\" \/>\n<meta property=\"og:description\" content=\"Offrez un cadeau plein de douceur avec ce magnifique panier b\u00e9b\u00e9 gar\u00e7on soigneusement compos\u00e9 pour accueillir b\u00e9b\u00e9 dans le confort et la tendresse. Pr\u00e9sent\u00e9 dans un joli panier d\u00e9cor\u00e9 et emball\u00e9 avec raffinement, il est id\u00e9al pour une naissance ou un baby shower.\" \/>\n<meta property=\"og:url\" content=\"https:\/\/bmasmaoo.com\/index.php\/produit\/panier-naissance-2\/\" \/>\n<meta property=\"og:site_name\" content=\"Bambinerie Chez Maman Asmao\" \/>\n<meta property=\"article:publisher\" content=\"https:\/\/www.facebook.com\/keacissediop\/?locale=fr_FR\" \/>\n<meta property=\"article:modified_time\" content=\"2026-01-27T18:38:54+00:00\" \/>\n<meta property=\"og:image\" content=\"https:\/\/bmasmaoo.com\/wp-content\/uploads\/2026\/01\/Design-sans-titre-98-2.png\" \/>\n\t<meta property=\"og:image:width\" content=\"1080\" \/>\n\t<meta property=\"og:image:height\" content=\"1080\" \/>\n\t<meta property=\"og:image:type\" content=\"image\/png\" \/>\n<meta name=\"twitter:card\" content=\"summary_large_image\" \/>\n<script type=\"application\/ld+json\" class=\"yoast-schema-graph\">{\"@context\":\"https:\/\/schema.org\",\"@graph\":[{\"@type\":\"WebPage\",\"@id\":\"https:\/\/bmasmaoo.com\/index.php\/produit\/panier-naissance-2\/\",\"url\":\"https:\/\/bmasmaoo.com\/index.php\/produit\/panier-naissance-2\/\",\"name\":\"Panier naissance gar\u00e7on - Bambinerie Chez Maman Asmao\",\"isPartOf\":{\"@id\":\"https:\/\/bmasmaoo.com\/#website\"},\"primaryImageOfPage\":{\"@id\":\"https:\/\/bmasmaoo.com\/index.php\/produit\/panier-naissance-2\/#primaryimage\"},\"image\":{\"@id\":\"https:\/\/bmasmaoo.com\/index.php\/produit\/panier-naissance-2\/#primaryimage\"},\"thumbnailUrl\":\"https:\/\/bmasmaoo.com\/wp-content\/uploads\/2026\/01\/Design-sans-titre-98-2.png\",\"datePublished\":\"2026-01-27T18:06:18+00:00\",\"dateModified\":\"2026-01-27T18:38:54+00:00\",\"breadcrumb\":{\"@id\":\"https:\/\/bmasmaoo.com\/index.php\/produit\/panier-naissance-2\/#breadcrumb\"},\"inLanguage\":\"fr-FR\",\"potentialAction\":[{\"@type\":\"ReadAction\",\"target\":[\"https:\/\/bmasmaoo.com\/index.php\/produit\/panier-naissance-2\/\"]}]},{\"@type\":\"ImageObject\",\"inLanguage\":\"fr-FR\",\"@id\":\"https:\/\/bmasmaoo.com\/index.php\/produit\/panier-naissance-2\/#primaryimage\",\"url\":\"https:\/\/bmasmaoo.com\/wp-content\/uploads\/2026\/01\/Design-sans-titre-98-2.png\",\"contentUrl\":\"https:\/\/bmasmaoo.com\/wp-content\/uploads\/2026\/01\/Design-sans-titre-98-2.png\",\"width\":1080,\"height\":1080},{\"@type\":\"BreadcrumbList\",\"@id\":\"https:\/\/bmasmaoo.com\/index.php\/produit\/panier-naissance-2\/#breadcrumb\",\"itemListElement\":[{\"@type\":\"ListItem\",\"position\":1,\"name\":\"Home\",\"item\":\"https:\/\/bmasmaoo.com\/\"},{\"@type\":\"ListItem\",\"position\":2,\"name\":\"Shop\",\"item\":\"https:\/\/bmasmaoo.com\/index.php\/boutique\/\"},{\"@type\":\"ListItem\",\"position\":3,\"name\":\"Panier naissance gar\u00e7on\"}]},{\"@type\":\"WebSite\",\"@id\":\"https:\/\/bmasmaoo.com\/#website\",\"url\":\"https:\/\/bmasmaoo.com\/\",\"name\":\"https:\/\/bmasmaoo.com\/\",\"description\":\"\",\"publisher\":{\"@id\":\"https:\/\/bmasmaoo.com\/#organization\"},\"potentialAction\":[{\"@type\":\"SearchAction\",\"target\":{\"@type\":\"EntryPoint\",\"urlTemplate\":\"https:\/\/bmasmaoo.com\/?s={search_term_string}\"},\"query-input\":{\"@type\":\"PropertyValueSpecification\",\"valueRequired\":true,\"valueName\":\"search_term_string\"}}],\"inLanguage\":\"fr-FR\"},{\"@type\":\"Organization\",\"@id\":\"https:\/\/bmasmaoo.com\/#organization\",\"name\":\"Bambinerie Maman Asmao\",\"url\":\"https:\/\/bmasmaoo.com\/\",\"logo\":{\"@type\":\"ImageObject\",\"inLanguage\":\"fr-FR\",\"@id\":\"https:\/\/bmasmaoo.com\/#\/schema\/logo\/image\/\",\"url\":\"https:\/\/bmasmaoo.com\/wp-content\/uploads\/2025\/11\/Generated-Image-November-12-2025-6_41PM.png\",\"contentUrl\":\"https:\/\/bmasmaoo.com\/wp-content\/uploads\/2025\/11\/Generated-Image-November-12-2025-6_41PM.png\",\"width\":608,\"height\":372,\"caption\":\"Bambinerie Maman Asmao\"},\"image\":{\"@id\":\"https:\/\/bmasmaoo.com\/#\/schema\/logo\/image\/\"},\"sameAs\":[\"https:\/\/www.facebook.com\/keacissediop\/?locale=fr_FR\",\"https:\/\/www.instagram.com\/bambineriemamanasmao\/?hl=fr\",\"https:\/\/www.tiktok.com\/@bambineriemamanasmao\"],\"telephone\":\"+221772474296\",\"legalName\":\"Bambinerie Maman Asmao\"}]}<\/script>\n<!-- \/ Yoast SEO Premium plugin. -->","yoast_head_json":{"title":"Panier naissance gar\u00e7on - Bambinerie Chez Maman Asmao","robots":{"index":"index","follow":"follow","max-snippet":"max-snippet:-1","max-image-preview":"max-image-preview:large","max-video-preview":"max-video-preview:-1"},"canonical":"https:\/\/bmasmaoo.com\/index.php\/produit\/panier-naissance-2\/","og_locale":"fr_FR","og_type":"article","og_title":"Panier naissance gar\u00e7on","og_description":"Offrez un cadeau plein de douceur avec ce magnifique panier b\u00e9b\u00e9 gar\u00e7on soigneusement compos\u00e9 pour accueillir b\u00e9b\u00e9 dans le confort et la tendresse. Pr\u00e9sent\u00e9 dans un joli panier d\u00e9cor\u00e9 et emball\u00e9 avec raffinement, il est id\u00e9al pour une naissance ou un baby shower.","og_url":"https:\/\/bmasmaoo.com\/index.php\/produit\/panier-naissance-2\/","og_site_name":"Bambinerie Chez Maman Asmao","article_publisher":"https:\/\/www.facebook.com\/keacissediop\/?locale=fr_FR","article_modified_time":"2026-01-27T18:38:54+00:00","og_image":[{"width":1080,"height":1080,"url":"https:\/\/bmasmaoo.com\/wp-content\/uploads\/2026\/01\/Design-sans-titre-98-2.png","type":"image\/png"}],"twitter_card":"summary_large_image","schema":{"@context":"https:\/\/schema.org","@graph":[{"@type":"WebPage","@id":"https:\/\/bmasmaoo.com\/index.php\/produit\/panier-naissance-2\/","url":"https:\/\/bmasmaoo.com\/index.php\/produit\/panier-naissance-2\/","name":"Panier naissance gar\u00e7on - Bambinerie Chez Maman Asmao","isPartOf":{"@id":"https:\/\/bmasmaoo.com\/#website"},"primaryImageOfPage":{"@id":"https:\/\/bmasmaoo.com\/index.php\/produit\/panier-naissance-2\/#primaryimage"},"image":{"@id":"https:\/\/bmasmaoo.com\/index.php\/produit\/panier-naissance-2\/#primaryimage"},"thumbnailUrl":"https:\/\/bmasmaoo.com\/wp-content\/uploads\/2026\/01\/Design-sans-titre-98-2.png","datePublished":"2026-01-27T18:06:18+00:00","dateModified":"2026-01-27T18:38:54+00:00","breadcrumb":{"@id":"https:\/\/bmasmaoo.com\/index.php\/produit\/panier-naissance-2\/#breadcrumb"},"inLanguage":"fr-FR","potentialAction":[{"@type":"ReadAction","target":["https:\/\/bmasmaoo.com\/index.php\/produit\/panier-naissance-2\/"]}]},{"@type":"ImageObject","inLanguage":"fr-FR","@id":"https:\/\/bmasmaoo.com\/index.php\/produit\/panier-naissance-2\/#primaryimage","url":"https:\/\/bmasmaoo.com\/wp-content\/uploads\/2026\/01\/Design-sans-titre-98-2.png","contentUrl":"https:\/\/bmasmaoo.com\/wp-content\/uploads\/2026\/01\/Design-sans-titre-98-2.png","width":1080,"height":1080},{"@type":"BreadcrumbList","@id":"https:\/\/bmasmaoo.com\/index.php\/produit\/panier-naissance-2\/#breadcrumb","itemListElement":[{"@type":"ListItem","position":1,"name":"Home","item":"https:\/\/bmasmaoo.com\/"},{"@type":"ListItem","position":2,"name":"Shop","item":"https:\/\/bmasmaoo.com\/index.php\/boutique\/"},{"@type":"ListItem","position":3,"name":"Panier naissance gar\u00e7on"}]},{"@type":"WebSite","@id":"https:\/\/bmasmaoo.com\/#website","url":"https:\/\/bmasmaoo.com\/","name":"https:\/\/bmasmaoo.com\/","description":"","publisher":{"@id":"https:\/\/bmasmaoo.com\/#organization"},"potentialAction":[{"@type":"SearchAction","target":{"@type":"EntryPoint","urlTemplate":"https:\/\/bmasmaoo.com\/?s={search_term_string}"},"query-input":{"@type":"PropertyValueSpecification","valueRequired":true,"valueName":"search_term_string"}}],"inLanguage":"fr-FR"},{"@type":"Organization","@id":"https:\/\/bmasmaoo.com\/#organization","name":"Bambinerie Maman Asmao","url":"https:\/\/bmasmaoo.com\/","logo":{"@type":"ImageObject","inLanguage":"fr-FR","@id":"https:\/\/bmasmaoo.com\/#\/schema\/logo\/image\/","url":"https:\/\/bmasmaoo.com\/wp-content\/uploads\/2025\/11\/Generated-Image-November-12-2025-6_41PM.png","contentUrl":"https:\/\/bmasmaoo.com\/wp-content\/uploads\/2025\/11\/Generated-Image-November-12-2025-6_41PM.png","width":608,"height":372,"caption":"Bambinerie Maman Asmao"},"image":{"@id":"https:\/\/bmasmaoo.com\/#\/schema\/logo\/image\/"},"sameAs":["https:\/\/www.facebook.com\/keacissediop\/?locale=fr_FR","https:\/\/www.instagram.com\/bambineriemamanasmao\/?hl=fr","https:\/\/www.tiktok.com\/@bambineriemamanasmao"],"telephone":"+221772474296","legalName":"Bambinerie Maman Asmao"}]}},"_links":{"self":[{"href":"https:\/\/bmasmaoo.com\/index.php\/wp-json\/wp\/v2\/product\/3701","targetHints":{"allow":["GET"]}}],"collection":[{"href":"https:\/\/bmasmaoo.com\/index.php\/wp-json\/wp\/v2\/product"}],"about":[{"href":"https:\/\/bmasmaoo.com\/index.php\/wp-json\/wp\/v2\/types\/product"}],"version-history":[{"count":4,"href":"https:\/\/bmasmaoo.com\/index.php\/wp-json\/wp\/v2\/product\/3701\/revisions"}],"predecessor-version":[{"id":3706,"href":"https:\/\/bmasmaoo.com\/index.php\/wp-json\/wp\/v2\/product\/3701\/revisions\/3706"}],"wp:featuredmedia":[{"embeddable":true,"href":"https:\/\/bmasmaoo.com\/index.php\/wp-json\/wp\/v2\/media\/3702"}],"wp:attachment":[{"href":"https:\/\/bmasmaoo.com\/index.php\/wp-json\/wp\/v2\/media?parent=3701"}],"wp:term":[{"taxonomy":"product_brand","embeddable":true,"href":"https:\/\/bmasmaoo.com\/index.php\/wp-json\/wp\/v2\/product_brand?post=3701"},{"taxonomy":"product_cat","embeddable":true,"href":"https:\/\/bmasmaoo.com\/index.php\/wp-json\/wp\/v2\/product_cat?post=3701"},{"taxonomy":"product_tag","embeddable":true,"href":"https:\/\/bmasmaoo.com\/index.php\/wp-json\/wp\/v2\/product_tag?post=3701"}],"curies":[{"name":"wp","href":"https:\/\/api.w.org\/{rel}","templated":true}]}}