{"id":3646,"date":"2026-01-26T14:36:22","date_gmt":"2026-01-26T13:36:22","guid":{"rendered":"https:\/\/bmasmaoo.com\/?post_type=product&#038;p=3646"},"modified":"2026-01-26T14:37:55","modified_gmt":"2026-01-26T13:37:55","slug":"coussin-de-protection-tete-et-dos-pour-bebe","status":"publish","type":"product","link":"https:\/\/bmasmaoo.com\/index.php\/produit\/coussin-de-protection-tete-et-dos-pour-bebe\/","title":{"rendered":"Coussin de protection t\u00eate et dos pour b\u00e9b\u00e9"},"content":{"rendered":"<div class=\"AdPoic\" role=\"heading\" data-animation-nesting=\"\" data-sfc-cp=\"\" data-complete=\"true\" data-processed=\"true\" data-sae=\"\">D\u00e9tails du produit:<\/div>\n<ul class=\"KsbFXc U6u95\" data-complete=\"true\" data-processed=\"true\">\n<li data-hveid=\"CAQQAA\" data-complete=\"true\" data-sae=\"\"><span class=\"T286Pc\" data-sfc-cp=\"\" data-complete=\"true\"><strong class=\"Yjhzub\" data-complete=\"true\">Marque :<\/strong>\u00a0Aiyingle<\/span><\/li>\n<li data-hveid=\"CAQQAQ\" data-complete=\"true\" data-sae=\"\"><span class=\"T286Pc\" data-sfc-cp=\"\" data-complete=\"true\"><strong class=\"Yjhzub\" data-complete=\"true\">Fonction principale :<\/strong>\u00a0Offre un amortissement et une protection contre les chocs pour la t\u00eate et le dos en cas de chute.<\/span><\/li>\n<li data-hveid=\"CAQQAg\" data-complete=\"true\" data-sae=\"\"><span class=\"T286Pc\" data-sfc-cp=\"\" data-complete=\"true\"><strong class=\"Yjhzub\" data-complete=\"true\">Mat\u00e9riau :<\/strong>\u00a0Fabriqu\u00e9 en coton de haute qualit\u00e9 avec un rembourrage en coton PP, doux, respirant et confortable.<\/span><\/li>\n<li data-hveid=\"CAQQAw\" data-complete=\"true\" data-sae=\"\"><span class=\"T286Pc\" data-sfc-cp=\"\" data-complete=\"true\"><strong class=\"Yjhzub\" data-complete=\"true\">\u00c2ge recommand\u00e9 :<\/strong>\u00a0G\u00e9n\u00e9ralement adapt\u00e9 aux b\u00e9b\u00e9s et aux tout-petits \u00e2g\u00e9s de 6 \u00e0 24 mois.<\/span><\/li>\n<li data-hveid=\"CAQQBA\" data-complete=\"true\" data-sae=\"\"><span class=\"T286Pc\" data-sfc-cp=\"\" data-complete=\"true\"><strong class=\"Yjhzub\" data-complete=\"true\">Caract\u00e9ristiques :<\/strong>\u00a0L\u00e9ger, dispose de bretelles r\u00e9glables et est souvent lavable. Le design est souvent mignon et attrayant pour les enfants, comme le style \u00ab cochonnet rose \u00bb ou d&rsquo;autres formes d&rsquo;animaux.<\/span><span class=\"uJ19be notranslate\" data-wiz-uids=\"tdbdlf_18\" data-complete=\"true\"><span class=\"vKEkVd\" data-animation-atomic=\"\" data-wiz-attrbind=\"class=tdbdlf_17\/TKHnVd\" data-sae=\"\">\u00a0<\/span><\/span><\/li>\n<\/ul>\n","protected":false},"excerpt":{"rendered":"<p>Con\u00e7u pour prot\u00e9ger la t\u00eate et le dos des nourrissons et des tout-petits lorsqu&rsquo;ils apprennent \u00e0 ramper, \u00e0 marcher et \u00e0 jouer.<span class=\"uJ19be notranslate\" data-wiz-uids=\"tdbdlf_j\" data-complete=\"true\" data-processed=\"true\"><span class=\"vKEkVd\" data-animation-atomic=\"\" data-wiz-attrbind=\"class=tdbdlf_i\/TKHnVd\" data-sae=\"\">\u00a0<\/span><\/span><\/p>\n","protected":false},"featured_media":3654,"template":"","meta":[],"product_brand":[],"product_cat":[68],"product_tag":[],"class_list":{"0":"post-3646","1":"product","2":"type-product","3":"status-publish","4":"has-post-thumbnail","6":"product_cat-jouets-eveils","8":"first","9":"instock","10":"shipping-taxable","11":"purchasable","12":"product-type-variable"},"yoast_head":"<!-- This site is optimized with the Yoast SEO Premium plugin v26.8 (Yoast SEO v26.8) - https:\/\/yoast.com\/product\/yoast-seo-premium-wordpress\/ -->\n<title>Coussin de protection t\u00eate et dos pour b\u00e9b\u00e9 - Bambinerie Chez Maman Asmao<\/title>\n<meta name=\"robots\" content=\"index, follow, max-snippet:-1, max-image-preview:large, max-video-preview:-1\" \/>\n<link rel=\"canonical\" href=\"https:\/\/bmasmaoo.com\/index.php\/produit\/coussin-de-protection-tete-et-dos-pour-bebe\/\" \/>\n<meta property=\"og:locale\" content=\"fr_FR\" \/>\n<meta property=\"og:type\" content=\"article\" \/>\n<meta property=\"og:title\" content=\"Coussin de protection t\u00eate et dos pour b\u00e9b\u00e9\" \/>\n<meta property=\"og:description\" content=\"Con\u00e7u pour prot\u00e9ger la t\u00eate et le dos des nourrissons et des tout-petits lorsqu&#039;ils apprennent \u00e0 ramper, \u00e0 marcher et \u00e0 jouer.\u00a0\" \/>\n<meta property=\"og:url\" content=\"https:\/\/bmasmaoo.com\/index.php\/produit\/coussin-de-protection-tete-et-dos-pour-bebe\/\" \/>\n<meta property=\"og:site_name\" content=\"Bambinerie Chez Maman Asmao\" \/>\n<meta property=\"article:publisher\" content=\"https:\/\/www.facebook.com\/keacissediop\/?locale=fr_FR\" \/>\n<meta property=\"article:modified_time\" content=\"2026-01-26T13:37:55+00:00\" \/>\n<meta property=\"og:image\" content=\"https:\/\/bmasmaoo.com\/wp-content\/uploads\/2026\/01\/Design-sans-titre-99-1.png\" \/>\n\t<meta property=\"og:image:width\" content=\"1080\" \/>\n\t<meta property=\"og:image:height\" content=\"1080\" \/>\n\t<meta property=\"og:image:type\" content=\"image\/png\" \/>\n<meta name=\"twitter:card\" content=\"summary_large_image\" \/>\n<script type=\"application\/ld+json\" class=\"yoast-schema-graph\">{\"@context\":\"https:\/\/schema.org\",\"@graph\":[{\"@type\":\"WebPage\",\"@id\":\"https:\/\/bmasmaoo.com\/index.php\/produit\/coussin-de-protection-tete-et-dos-pour-bebe\/\",\"url\":\"https:\/\/bmasmaoo.com\/index.php\/produit\/coussin-de-protection-tete-et-dos-pour-bebe\/\",\"name\":\"Coussin de protection t\u00eate et dos pour b\u00e9b\u00e9 - Bambinerie Chez Maman Asmao\",\"isPartOf\":{\"@id\":\"https:\/\/bmasmaoo.com\/#website\"},\"primaryImageOfPage\":{\"@id\":\"https:\/\/bmasmaoo.com\/index.php\/produit\/coussin-de-protection-tete-et-dos-pour-bebe\/#primaryimage\"},\"image\":{\"@id\":\"https:\/\/bmasmaoo.com\/index.php\/produit\/coussin-de-protection-tete-et-dos-pour-bebe\/#primaryimage\"},\"thumbnailUrl\":\"https:\/\/bmasmaoo.com\/wp-content\/uploads\/2026\/01\/Design-sans-titre-99-1.png\",\"datePublished\":\"2026-01-26T13:36:22+00:00\",\"dateModified\":\"2026-01-26T13:37:55+00:00\",\"breadcrumb\":{\"@id\":\"https:\/\/bmasmaoo.com\/index.php\/produit\/coussin-de-protection-tete-et-dos-pour-bebe\/#breadcrumb\"},\"inLanguage\":\"fr-FR\",\"potentialAction\":[{\"@type\":\"ReadAction\",\"target\":[\"https:\/\/bmasmaoo.com\/index.php\/produit\/coussin-de-protection-tete-et-dos-pour-bebe\/\"]}]},{\"@type\":\"ImageObject\",\"inLanguage\":\"fr-FR\",\"@id\":\"https:\/\/bmasmaoo.com\/index.php\/produit\/coussin-de-protection-tete-et-dos-pour-bebe\/#primaryimage\",\"url\":\"https:\/\/bmasmaoo.com\/wp-content\/uploads\/2026\/01\/Design-sans-titre-99-1.png\",\"contentUrl\":\"https:\/\/bmasmaoo.com\/wp-content\/uploads\/2026\/01\/Design-sans-titre-99-1.png\",\"width\":1080,\"height\":1080},{\"@type\":\"BreadcrumbList\",\"@id\":\"https:\/\/bmasmaoo.com\/index.php\/produit\/coussin-de-protection-tete-et-dos-pour-bebe\/#breadcrumb\",\"itemListElement\":[{\"@type\":\"ListItem\",\"position\":1,\"name\":\"Home\",\"item\":\"https:\/\/bmasmaoo.com\/\"},{\"@type\":\"ListItem\",\"position\":2,\"name\":\"Shop\",\"item\":\"https:\/\/bmasmaoo.com\/index.php\/boutique\/\"},{\"@type\":\"ListItem\",\"position\":3,\"name\":\"Coussin de protection t\u00eate et dos pour b\u00e9b\u00e9\"}]},{\"@type\":\"WebSite\",\"@id\":\"https:\/\/bmasmaoo.com\/#website\",\"url\":\"https:\/\/bmasmaoo.com\/\",\"name\":\"https:\/\/bmasmaoo.com\/\",\"description\":\"\",\"publisher\":{\"@id\":\"https:\/\/bmasmaoo.com\/#organization\"},\"potentialAction\":[{\"@type\":\"SearchAction\",\"target\":{\"@type\":\"EntryPoint\",\"urlTemplate\":\"https:\/\/bmasmaoo.com\/?s={search_term_string}\"},\"query-input\":{\"@type\":\"PropertyValueSpecification\",\"valueRequired\":true,\"valueName\":\"search_term_string\"}}],\"inLanguage\":\"fr-FR\"},{\"@type\":\"Organization\",\"@id\":\"https:\/\/bmasmaoo.com\/#organization\",\"name\":\"Bambinerie Maman Asmao\",\"url\":\"https:\/\/bmasmaoo.com\/\",\"logo\":{\"@type\":\"ImageObject\",\"inLanguage\":\"fr-FR\",\"@id\":\"https:\/\/bmasmaoo.com\/#\/schema\/logo\/image\/\",\"url\":\"https:\/\/bmasmaoo.com\/wp-content\/uploads\/2025\/11\/Generated-Image-November-12-2025-6_41PM.png\",\"contentUrl\":\"https:\/\/bmasmaoo.com\/wp-content\/uploads\/2025\/11\/Generated-Image-November-12-2025-6_41PM.png\",\"width\":608,\"height\":372,\"caption\":\"Bambinerie Maman Asmao\"},\"image\":{\"@id\":\"https:\/\/bmasmaoo.com\/#\/schema\/logo\/image\/\"},\"sameAs\":[\"https:\/\/www.facebook.com\/keacissediop\/?locale=fr_FR\",\"https:\/\/www.instagram.com\/bambineriemamanasmao\/?hl=fr\",\"https:\/\/www.tiktok.com\/@bambineriemamanasmao\"],\"telephone\":\"+221772474296\",\"legalName\":\"Bambinerie Maman Asmao\"}]}<\/script>\n<!-- \/ Yoast SEO Premium plugin. -->","yoast_head_json":{"title":"Coussin de protection t\u00eate et dos pour b\u00e9b\u00e9 - Bambinerie Chez Maman Asmao","robots":{"index":"index","follow":"follow","max-snippet":"max-snippet:-1","max-image-preview":"max-image-preview:large","max-video-preview":"max-video-preview:-1"},"canonical":"https:\/\/bmasmaoo.com\/index.php\/produit\/coussin-de-protection-tete-et-dos-pour-bebe\/","og_locale":"fr_FR","og_type":"article","og_title":"Coussin de protection t\u00eate et dos pour b\u00e9b\u00e9","og_description":"Con\u00e7u pour prot\u00e9ger la t\u00eate et le dos des nourrissons et des tout-petits lorsqu'ils apprennent \u00e0 ramper, \u00e0 marcher et \u00e0 jouer.\u00a0","og_url":"https:\/\/bmasmaoo.com\/index.php\/produit\/coussin-de-protection-tete-et-dos-pour-bebe\/","og_site_name":"Bambinerie Chez Maman Asmao","article_publisher":"https:\/\/www.facebook.com\/keacissediop\/?locale=fr_FR","article_modified_time":"2026-01-26T13:37:55+00:00","og_image":[{"width":1080,"height":1080,"url":"https:\/\/bmasmaoo.com\/wp-content\/uploads\/2026\/01\/Design-sans-titre-99-1.png","type":"image\/png"}],"twitter_card":"summary_large_image","schema":{"@context":"https:\/\/schema.org","@graph":[{"@type":"WebPage","@id":"https:\/\/bmasmaoo.com\/index.php\/produit\/coussin-de-protection-tete-et-dos-pour-bebe\/","url":"https:\/\/bmasmaoo.com\/index.php\/produit\/coussin-de-protection-tete-et-dos-pour-bebe\/","name":"Coussin de protection t\u00eate et dos pour b\u00e9b\u00e9 - Bambinerie Chez Maman Asmao","isPartOf":{"@id":"https:\/\/bmasmaoo.com\/#website"},"primaryImageOfPage":{"@id":"https:\/\/bmasmaoo.com\/index.php\/produit\/coussin-de-protection-tete-et-dos-pour-bebe\/#primaryimage"},"image":{"@id":"https:\/\/bmasmaoo.com\/index.php\/produit\/coussin-de-protection-tete-et-dos-pour-bebe\/#primaryimage"},"thumbnailUrl":"https:\/\/bmasmaoo.com\/wp-content\/uploads\/2026\/01\/Design-sans-titre-99-1.png","datePublished":"2026-01-26T13:36:22+00:00","dateModified":"2026-01-26T13:37:55+00:00","breadcrumb":{"@id":"https:\/\/bmasmaoo.com\/index.php\/produit\/coussin-de-protection-tete-et-dos-pour-bebe\/#breadcrumb"},"inLanguage":"fr-FR","potentialAction":[{"@type":"ReadAction","target":["https:\/\/bmasmaoo.com\/index.php\/produit\/coussin-de-protection-tete-et-dos-pour-bebe\/"]}]},{"@type":"ImageObject","inLanguage":"fr-FR","@id":"https:\/\/bmasmaoo.com\/index.php\/produit\/coussin-de-protection-tete-et-dos-pour-bebe\/#primaryimage","url":"https:\/\/bmasmaoo.com\/wp-content\/uploads\/2026\/01\/Design-sans-titre-99-1.png","contentUrl":"https:\/\/bmasmaoo.com\/wp-content\/uploads\/2026\/01\/Design-sans-titre-99-1.png","width":1080,"height":1080},{"@type":"BreadcrumbList","@id":"https:\/\/bmasmaoo.com\/index.php\/produit\/coussin-de-protection-tete-et-dos-pour-bebe\/#breadcrumb","itemListElement":[{"@type":"ListItem","position":1,"name":"Home","item":"https:\/\/bmasmaoo.com\/"},{"@type":"ListItem","position":2,"name":"Shop","item":"https:\/\/bmasmaoo.com\/index.php\/boutique\/"},{"@type":"ListItem","position":3,"name":"Coussin de protection t\u00eate et dos pour b\u00e9b\u00e9"}]},{"@type":"WebSite","@id":"https:\/\/bmasmaoo.com\/#website","url":"https:\/\/bmasmaoo.com\/","name":"https:\/\/bmasmaoo.com\/","description":"","publisher":{"@id":"https:\/\/bmasmaoo.com\/#organization"},"potentialAction":[{"@type":"SearchAction","target":{"@type":"EntryPoint","urlTemplate":"https:\/\/bmasmaoo.com\/?s={search_term_string}"},"query-input":{"@type":"PropertyValueSpecification","valueRequired":true,"valueName":"search_term_string"}}],"inLanguage":"fr-FR"},{"@type":"Organization","@id":"https:\/\/bmasmaoo.com\/#organization","name":"Bambinerie Maman Asmao","url":"https:\/\/bmasmaoo.com\/","logo":{"@type":"ImageObject","inLanguage":"fr-FR","@id":"https:\/\/bmasmaoo.com\/#\/schema\/logo\/image\/","url":"https:\/\/bmasmaoo.com\/wp-content\/uploads\/2025\/11\/Generated-Image-November-12-2025-6_41PM.png","contentUrl":"https:\/\/bmasmaoo.com\/wp-content\/uploads\/2025\/11\/Generated-Image-November-12-2025-6_41PM.png","width":608,"height":372,"caption":"Bambinerie Maman Asmao"},"image":{"@id":"https:\/\/bmasmaoo.com\/#\/schema\/logo\/image\/"},"sameAs":["https:\/\/www.facebook.com\/keacissediop\/?locale=fr_FR","https:\/\/www.instagram.com\/bambineriemamanasmao\/?hl=fr","https:\/\/www.tiktok.com\/@bambineriemamanasmao"],"telephone":"+221772474296","legalName":"Bambinerie Maman Asmao"}]}},"_links":{"self":[{"href":"https:\/\/bmasmaoo.com\/index.php\/wp-json\/wp\/v2\/product\/3646","targetHints":{"allow":["GET"]}}],"collection":[{"href":"https:\/\/bmasmaoo.com\/index.php\/wp-json\/wp\/v2\/product"}],"about":[{"href":"https:\/\/bmasmaoo.com\/index.php\/wp-json\/wp\/v2\/types\/product"}],"version-history":[{"count":3,"href":"https:\/\/bmasmaoo.com\/index.php\/wp-json\/wp\/v2\/product\/3646\/revisions"}],"predecessor-version":[{"id":3656,"href":"https:\/\/bmasmaoo.com\/index.php\/wp-json\/wp\/v2\/product\/3646\/revisions\/3656"}],"wp:featuredmedia":[{"embeddable":true,"href":"https:\/\/bmasmaoo.com\/index.php\/wp-json\/wp\/v2\/media\/3654"}],"wp:attachment":[{"href":"https:\/\/bmasmaoo.com\/index.php\/wp-json\/wp\/v2\/media?parent=3646"}],"wp:term":[{"taxonomy":"product_brand","embeddable":true,"href":"https:\/\/bmasmaoo.com\/index.php\/wp-json\/wp\/v2\/product_brand?post=3646"},{"taxonomy":"product_cat","embeddable":true,"href":"https:\/\/bmasmaoo.com\/index.php\/wp-json\/wp\/v2\/product_cat?post=3646"},{"taxonomy":"product_tag","embeddable":true,"href":"https:\/\/bmasmaoo.com\/index.php\/wp-json\/wp\/v2\/product_tag?post=3646"}],"curies":[{"name":"wp","href":"https:\/\/api.w.org\/{rel}","templated":true}]}}