{"id":3550,"date":"2026-01-22T12:36:10","date_gmt":"2026-01-22T11:36:10","guid":{"rendered":"https:\/\/bmasmaoo.com\/?post_type=product&#038;p=3550"},"modified":"2026-01-22T12:36:10","modified_gmt":"2026-01-22T11:36:10","slug":"coffret-soin-chicco-natural-fruit-oil","status":"publish","type":"product","link":"https:\/\/bmasmaoo.com\/index.php\/produit\/coffret-soin-chicco-natural-fruit-oil\/","title":{"rendered":"Coffret soin Chicco \u2013 Natural Fruit Oil"},"content":{"rendered":"<p data-start=\"459\" data-end=\"658\">Ce coffret bien-\u00eatre r\u00e9unit <strong data-start=\"487\" data-end=\"535\">6 indispensables de toilette et de soin b\u00e9b\u00e9<\/strong> issus de la <strong data-start=\"548\" data-end=\"582\">gamme Natural Fruit Oil Series<\/strong>, appr\u00e9ci\u00e9e pour ses <strong data-start=\"603\" data-end=\"656\">formules d\u00e9licates et respectueuses de l\u2019\u00e9piderme<\/strong> :<\/p>\n<p data-start=\"660\" data-end=\"1095\">\ud83e\uddf4 <strong data-start=\"663\" data-end=\"683\">Poudre pour b\u00e9b\u00e9<\/strong> \u2013 contribue \u00e0 maintenir la peau s\u00e8che et douce<br data-start=\"730\" data-end=\"733\" \/>\ud83e\uddfc <strong data-start=\"736\" data-end=\"754\">Shampoing doux<\/strong> \u2013 nettoie les cheveux et le cuir chevelu en toute d\u00e9licatesse<br data-start=\"816\" data-end=\"819\" \/>\ud83d\udee2\ufe0f <strong data-start=\"823\" data-end=\"848\">Huile corporelle b\u00e9b\u00e9<\/strong> \u2013 parfaite pour le massage et l\u2019hydratation<br data-start=\"892\" data-end=\"895\" \/>\ud83c\udf38 <strong data-start=\"898\" data-end=\"916\" data-is-only-node=\"\">Lait hydratant<\/strong> \u2013 nourrit et prot\u00e8ge la peau fragile<br data-start=\"953\" data-end=\"956\" \/>\ud83e\uddf4 <strong data-start=\"959\" data-end=\"973\">Cr\u00e8me b\u00e9b\u00e9<\/strong> \u2013 hydrate et apaise jour apr\u00e8s jour<br data-start=\"1009\" data-end=\"1012\" \/>\ud83e\uddfc <strong data-start=\"1015\" data-end=\"1040\">Coton tige<\/strong> \u2013 assurent une hygi\u00e8ne quotidienne en toute s\u00e9curit\u00e9<\/p>\n<p data-start=\"1097\" data-end=\"1260\">Les soins <strong data-start=\"1107\" data-end=\"1117\">Chicco<\/strong> sont <strong data-start=\"1123\" data-end=\"1152\">test\u00e9s dermatologiquement<\/strong>, formul\u00e9s <strong data-start=\"1163\" data-end=\"1193\">sans substances agressives<\/strong>, et sp\u00e9cialement con\u00e7us pour la <strong data-start=\"1226\" data-end=\"1259\">peau d\u00e9licate des nourrissons<\/strong>.<\/p>\n","protected":false},"excerpt":{"rendered":"<p>Offrez un pr\u00e9sent <strong data-start=\"133\" data-end=\"179\">raffin\u00e9, pratique et empreint de tendresse<\/strong> avec ce <strong data-start=\"188\" data-end=\"216\">coffret naissance Chicco<\/strong>, pens\u00e9 pour respecter et prot\u00e9ger la <strong data-start=\"254\" data-end=\"310\">peau sensible des nouveau-n\u00e9s d\u00e8s les premiers jours<\/strong>. Pr\u00e9sent\u00e9 dans un <strong data-start=\"329\" data-end=\"346\">\u00e9crin \u00e9l\u00e9gant<\/strong>, il constitue une excellente id\u00e9e cadeau pour une <strong data-start=\"397\" data-end=\"456\">naissance, une baby shower ou une visite \u00e0 la maternit\u00e9<\/strong>.<\/p>\n","protected":false},"featured_media":3551,"template":"","meta":[],"product_brand":[],"product_cat":[71],"product_tag":[],"class_list":{"0":"post-3550","1":"product","2":"type-product","3":"status-publish","4":"has-post-thumbnail","6":"product_cat-soins-toilette","8":"first","9":"outofstock","10":"shipping-taxable","11":"purchasable","12":"product-type-simple"},"yoast_head":"<!-- This site is optimized with the Yoast SEO Premium plugin v26.8 (Yoast SEO v26.8) - https:\/\/yoast.com\/product\/yoast-seo-premium-wordpress\/ -->\n<title>Coffret soin Chicco \u2013 Natural Fruit Oil - Bambinerie Chez Maman Asmao<\/title>\n<meta name=\"robots\" content=\"index, follow, max-snippet:-1, max-image-preview:large, max-video-preview:-1\" \/>\n<link rel=\"canonical\" href=\"https:\/\/bmasmaoo.com\/index.php\/produit\/coffret-soin-chicco-natural-fruit-oil\/\" \/>\n<meta property=\"og:locale\" content=\"fr_FR\" \/>\n<meta property=\"og:type\" content=\"article\" \/>\n<meta property=\"og:title\" content=\"Coffret soin Chicco \u2013 Natural Fruit Oil\" \/>\n<meta property=\"og:description\" content=\"Offrez un pr\u00e9sent raffin\u00e9, pratique et empreint de tendresse avec ce coffret naissance Chicco, pens\u00e9 pour respecter et prot\u00e9ger la peau sensible des nouveau-n\u00e9s d\u00e8s les premiers jours. Pr\u00e9sent\u00e9 dans un \u00e9crin \u00e9l\u00e9gant, il constitue une excellente id\u00e9e cadeau pour une naissance, une baby shower ou une visite \u00e0 la maternit\u00e9.\" \/>\n<meta property=\"og:url\" content=\"https:\/\/bmasmaoo.com\/index.php\/produit\/coffret-soin-chicco-natural-fruit-oil\/\" \/>\n<meta property=\"og:site_name\" content=\"Bambinerie Chez Maman Asmao\" \/>\n<meta property=\"article:publisher\" content=\"https:\/\/www.facebook.com\/keacissediop\/?locale=fr_FR\" \/>\n<meta property=\"og:image\" content=\"https:\/\/bmasmaoo.com\/wp-content\/uploads\/2026\/01\/WhatsApp-Image-2025-12-30-at-11.56.48-1.jpeg\" \/>\n\t<meta property=\"og:image:width\" content=\"1208\" \/>\n\t<meta property=\"og:image:height\" content=\"1280\" \/>\n\t<meta property=\"og:image:type\" content=\"image\/jpeg\" \/>\n<meta name=\"twitter:card\" content=\"summary_large_image\" \/>\n<meta name=\"twitter:label1\" content=\"Dur\u00e9e de lecture estim\u00e9e\" \/>\n\t<meta name=\"twitter:data1\" content=\"1 minute\" \/>\n<script type=\"application\/ld+json\" class=\"yoast-schema-graph\">{\"@context\":\"https:\/\/schema.org\",\"@graph\":[{\"@type\":\"WebPage\",\"@id\":\"https:\/\/bmasmaoo.com\/index.php\/produit\/coffret-soin-chicco-natural-fruit-oil\/\",\"url\":\"https:\/\/bmasmaoo.com\/index.php\/produit\/coffret-soin-chicco-natural-fruit-oil\/\",\"name\":\"Coffret soin Chicco \u2013 Natural Fruit Oil - Bambinerie Chez Maman Asmao\",\"isPartOf\":{\"@id\":\"https:\/\/bmasmaoo.com\/#website\"},\"primaryImageOfPage\":{\"@id\":\"https:\/\/bmasmaoo.com\/index.php\/produit\/coffret-soin-chicco-natural-fruit-oil\/#primaryimage\"},\"image\":{\"@id\":\"https:\/\/bmasmaoo.com\/index.php\/produit\/coffret-soin-chicco-natural-fruit-oil\/#primaryimage\"},\"thumbnailUrl\":\"https:\/\/bmasmaoo.com\/wp-content\/uploads\/2026\/01\/WhatsApp-Image-2025-12-30-at-11.56.48-1.jpeg\",\"datePublished\":\"2026-01-22T11:36:10+00:00\",\"breadcrumb\":{\"@id\":\"https:\/\/bmasmaoo.com\/index.php\/produit\/coffret-soin-chicco-natural-fruit-oil\/#breadcrumb\"},\"inLanguage\":\"fr-FR\",\"potentialAction\":[{\"@type\":\"ReadAction\",\"target\":[\"https:\/\/bmasmaoo.com\/index.php\/produit\/coffret-soin-chicco-natural-fruit-oil\/\"]}]},{\"@type\":\"ImageObject\",\"inLanguage\":\"fr-FR\",\"@id\":\"https:\/\/bmasmaoo.com\/index.php\/produit\/coffret-soin-chicco-natural-fruit-oil\/#primaryimage\",\"url\":\"https:\/\/bmasmaoo.com\/wp-content\/uploads\/2026\/01\/WhatsApp-Image-2025-12-30-at-11.56.48-1.jpeg\",\"contentUrl\":\"https:\/\/bmasmaoo.com\/wp-content\/uploads\/2026\/01\/WhatsApp-Image-2025-12-30-at-11.56.48-1.jpeg\",\"width\":1208,\"height\":1280},{\"@type\":\"BreadcrumbList\",\"@id\":\"https:\/\/bmasmaoo.com\/index.php\/produit\/coffret-soin-chicco-natural-fruit-oil\/#breadcrumb\",\"itemListElement\":[{\"@type\":\"ListItem\",\"position\":1,\"name\":\"Home\",\"item\":\"https:\/\/bmasmaoo.com\/\"},{\"@type\":\"ListItem\",\"position\":2,\"name\":\"Shop\",\"item\":\"https:\/\/bmasmaoo.com\/index.php\/boutique\/\"},{\"@type\":\"ListItem\",\"position\":3,\"name\":\"Coffret soin Chicco \u2013 Natural Fruit Oil\"}]},{\"@type\":\"WebSite\",\"@id\":\"https:\/\/bmasmaoo.com\/#website\",\"url\":\"https:\/\/bmasmaoo.com\/\",\"name\":\"https:\/\/bmasmaoo.com\/\",\"description\":\"\",\"publisher\":{\"@id\":\"https:\/\/bmasmaoo.com\/#organization\"},\"potentialAction\":[{\"@type\":\"SearchAction\",\"target\":{\"@type\":\"EntryPoint\",\"urlTemplate\":\"https:\/\/bmasmaoo.com\/?s={search_term_string}\"},\"query-input\":{\"@type\":\"PropertyValueSpecification\",\"valueRequired\":true,\"valueName\":\"search_term_string\"}}],\"inLanguage\":\"fr-FR\"},{\"@type\":\"Organization\",\"@id\":\"https:\/\/bmasmaoo.com\/#organization\",\"name\":\"Bambinerie Maman Asmao\",\"url\":\"https:\/\/bmasmaoo.com\/\",\"logo\":{\"@type\":\"ImageObject\",\"inLanguage\":\"fr-FR\",\"@id\":\"https:\/\/bmasmaoo.com\/#\/schema\/logo\/image\/\",\"url\":\"https:\/\/bmasmaoo.com\/wp-content\/uploads\/2025\/11\/Generated-Image-November-12-2025-6_41PM.png\",\"contentUrl\":\"https:\/\/bmasmaoo.com\/wp-content\/uploads\/2025\/11\/Generated-Image-November-12-2025-6_41PM.png\",\"width\":608,\"height\":372,\"caption\":\"Bambinerie Maman Asmao\"},\"image\":{\"@id\":\"https:\/\/bmasmaoo.com\/#\/schema\/logo\/image\/\"},\"sameAs\":[\"https:\/\/www.facebook.com\/keacissediop\/?locale=fr_FR\",\"https:\/\/www.instagram.com\/bambineriemamanasmao\/?hl=fr\",\"https:\/\/www.tiktok.com\/@bambineriemamanasmao\"],\"telephone\":\"+221772474296\",\"legalName\":\"Bambinerie Maman Asmao\"}]}<\/script>\n<!-- \/ Yoast SEO Premium plugin. -->","yoast_head_json":{"title":"Coffret soin Chicco \u2013 Natural Fruit Oil - Bambinerie Chez Maman Asmao","robots":{"index":"index","follow":"follow","max-snippet":"max-snippet:-1","max-image-preview":"max-image-preview:large","max-video-preview":"max-video-preview:-1"},"canonical":"https:\/\/bmasmaoo.com\/index.php\/produit\/coffret-soin-chicco-natural-fruit-oil\/","og_locale":"fr_FR","og_type":"article","og_title":"Coffret soin Chicco \u2013 Natural Fruit Oil","og_description":"Offrez un pr\u00e9sent raffin\u00e9, pratique et empreint de tendresse avec ce coffret naissance Chicco, pens\u00e9 pour respecter et prot\u00e9ger la peau sensible des nouveau-n\u00e9s d\u00e8s les premiers jours. Pr\u00e9sent\u00e9 dans un \u00e9crin \u00e9l\u00e9gant, il constitue une excellente id\u00e9e cadeau pour une naissance, une baby shower ou une visite \u00e0 la maternit\u00e9.","og_url":"https:\/\/bmasmaoo.com\/index.php\/produit\/coffret-soin-chicco-natural-fruit-oil\/","og_site_name":"Bambinerie Chez Maman Asmao","article_publisher":"https:\/\/www.facebook.com\/keacissediop\/?locale=fr_FR","og_image":[{"width":1208,"height":1280,"url":"https:\/\/bmasmaoo.com\/wp-content\/uploads\/2026\/01\/WhatsApp-Image-2025-12-30-at-11.56.48-1.jpeg","type":"image\/jpeg"}],"twitter_card":"summary_large_image","twitter_misc":{"Dur\u00e9e de lecture estim\u00e9e":"1 minute"},"schema":{"@context":"https:\/\/schema.org","@graph":[{"@type":"WebPage","@id":"https:\/\/bmasmaoo.com\/index.php\/produit\/coffret-soin-chicco-natural-fruit-oil\/","url":"https:\/\/bmasmaoo.com\/index.php\/produit\/coffret-soin-chicco-natural-fruit-oil\/","name":"Coffret soin Chicco \u2013 Natural Fruit Oil - Bambinerie Chez Maman Asmao","isPartOf":{"@id":"https:\/\/bmasmaoo.com\/#website"},"primaryImageOfPage":{"@id":"https:\/\/bmasmaoo.com\/index.php\/produit\/coffret-soin-chicco-natural-fruit-oil\/#primaryimage"},"image":{"@id":"https:\/\/bmasmaoo.com\/index.php\/produit\/coffret-soin-chicco-natural-fruit-oil\/#primaryimage"},"thumbnailUrl":"https:\/\/bmasmaoo.com\/wp-content\/uploads\/2026\/01\/WhatsApp-Image-2025-12-30-at-11.56.48-1.jpeg","datePublished":"2026-01-22T11:36:10+00:00","breadcrumb":{"@id":"https:\/\/bmasmaoo.com\/index.php\/produit\/coffret-soin-chicco-natural-fruit-oil\/#breadcrumb"},"inLanguage":"fr-FR","potentialAction":[{"@type":"ReadAction","target":["https:\/\/bmasmaoo.com\/index.php\/produit\/coffret-soin-chicco-natural-fruit-oil\/"]}]},{"@type":"ImageObject","inLanguage":"fr-FR","@id":"https:\/\/bmasmaoo.com\/index.php\/produit\/coffret-soin-chicco-natural-fruit-oil\/#primaryimage","url":"https:\/\/bmasmaoo.com\/wp-content\/uploads\/2026\/01\/WhatsApp-Image-2025-12-30-at-11.56.48-1.jpeg","contentUrl":"https:\/\/bmasmaoo.com\/wp-content\/uploads\/2026\/01\/WhatsApp-Image-2025-12-30-at-11.56.48-1.jpeg","width":1208,"height":1280},{"@type":"BreadcrumbList","@id":"https:\/\/bmasmaoo.com\/index.php\/produit\/coffret-soin-chicco-natural-fruit-oil\/#breadcrumb","itemListElement":[{"@type":"ListItem","position":1,"name":"Home","item":"https:\/\/bmasmaoo.com\/"},{"@type":"ListItem","position":2,"name":"Shop","item":"https:\/\/bmasmaoo.com\/index.php\/boutique\/"},{"@type":"ListItem","position":3,"name":"Coffret soin Chicco \u2013 Natural Fruit Oil"}]},{"@type":"WebSite","@id":"https:\/\/bmasmaoo.com\/#website","url":"https:\/\/bmasmaoo.com\/","name":"https:\/\/bmasmaoo.com\/","description":"","publisher":{"@id":"https:\/\/bmasmaoo.com\/#organization"},"potentialAction":[{"@type":"SearchAction","target":{"@type":"EntryPoint","urlTemplate":"https:\/\/bmasmaoo.com\/?s={search_term_string}"},"query-input":{"@type":"PropertyValueSpecification","valueRequired":true,"valueName":"search_term_string"}}],"inLanguage":"fr-FR"},{"@type":"Organization","@id":"https:\/\/bmasmaoo.com\/#organization","name":"Bambinerie Maman Asmao","url":"https:\/\/bmasmaoo.com\/","logo":{"@type":"ImageObject","inLanguage":"fr-FR","@id":"https:\/\/bmasmaoo.com\/#\/schema\/logo\/image\/","url":"https:\/\/bmasmaoo.com\/wp-content\/uploads\/2025\/11\/Generated-Image-November-12-2025-6_41PM.png","contentUrl":"https:\/\/bmasmaoo.com\/wp-content\/uploads\/2025\/11\/Generated-Image-November-12-2025-6_41PM.png","width":608,"height":372,"caption":"Bambinerie Maman Asmao"},"image":{"@id":"https:\/\/bmasmaoo.com\/#\/schema\/logo\/image\/"},"sameAs":["https:\/\/www.facebook.com\/keacissediop\/?locale=fr_FR","https:\/\/www.instagram.com\/bambineriemamanasmao\/?hl=fr","https:\/\/www.tiktok.com\/@bambineriemamanasmao"],"telephone":"+221772474296","legalName":"Bambinerie Maman Asmao"}]}},"_links":{"self":[{"href":"https:\/\/bmasmaoo.com\/index.php\/wp-json\/wp\/v2\/product\/3550","targetHints":{"allow":["GET"]}}],"collection":[{"href":"https:\/\/bmasmaoo.com\/index.php\/wp-json\/wp\/v2\/product"}],"about":[{"href":"https:\/\/bmasmaoo.com\/index.php\/wp-json\/wp\/v2\/types\/product"}],"version-history":[{"count":1,"href":"https:\/\/bmasmaoo.com\/index.php\/wp-json\/wp\/v2\/product\/3550\/revisions"}],"predecessor-version":[{"id":3555,"href":"https:\/\/bmasmaoo.com\/index.php\/wp-json\/wp\/v2\/product\/3550\/revisions\/3555"}],"wp:featuredmedia":[{"embeddable":true,"href":"https:\/\/bmasmaoo.com\/index.php\/wp-json\/wp\/v2\/media\/3551"}],"wp:attachment":[{"href":"https:\/\/bmasmaoo.com\/index.php\/wp-json\/wp\/v2\/media?parent=3550"}],"wp:term":[{"taxonomy":"product_brand","embeddable":true,"href":"https:\/\/bmasmaoo.com\/index.php\/wp-json\/wp\/v2\/product_brand?post=3550"},{"taxonomy":"product_cat","embeddable":true,"href":"https:\/\/bmasmaoo.com\/index.php\/wp-json\/wp\/v2\/product_cat?post=3550"},{"taxonomy":"product_tag","embeddable":true,"href":"https:\/\/bmasmaoo.com\/index.php\/wp-json\/wp\/v2\/product_tag?post=3550"}],"curies":[{"name":"wp","href":"https:\/\/api.w.org\/{rel}","templated":true}]}}