{"id":3517,"date":"2026-01-20T19:28:28","date_gmt":"2026-01-20T18:28:28","guid":{"rendered":"https:\/\/bmasmaoo.com\/?post_type=product&#038;p=3517"},"modified":"2026-01-21T19:10:49","modified_gmt":"2026-01-21T18:10:49","slug":"coffret-de-naissance-chicco","status":"publish","type":"product","link":"https:\/\/bmasmaoo.com\/index.php\/produit\/coffret-de-naissance-chicco\/","title":{"rendered":"Coffret de soin Chicco"},"content":{"rendered":"<p data-start=\"1163\" data-end=\"1398\">Il regroupe tous les essentiels pour une toilette douce et s\u00e9curis\u00e9e au quotidien.<\/p>\n<p data-start=\"1400\" data-end=\"1647\"><strong data-start=\"1400\" data-end=\"1430\">\u00c0 l\u2019int\u00e9rieur du coffret :<\/strong><br data-start=\"1430\" data-end=\"1433\" \/>\ud83e\uddf4 Gel lavant 2-en-1 corps et cheveux<br data-start=\"1470\" data-end=\"1473\" \/>\ud83e\uddfc Shampoing b\u00e9b\u00e9 ultra-doux<br data-start=\"1501\" data-end=\"1504\" \/>\ud83c\udf38 Lotion hydratante nourrissante<br data-start=\"1537\" data-end=\"1540\" \/>\ud83d\udee2\ufe0f Huile b\u00e9b\u00e9 pour le massage<br data-start=\"1570\" data-end=\"1573\" \/>\ud83c\udf3f Poudre b\u00e9b\u00e9 pour une peau s\u00e8che et prot\u00e9g\u00e9e<br data-start=\"1619\" data-end=\"1622\" \/>\ud83e\uddf4 Cr\u00e8me b\u00e9b\u00e9 apaisante<\/p>\n<p data-start=\"1649\" data-end=\"1827\">Dermatologiquement test\u00e9s, les produits Chicco respectent la peau sensible des nouveau-n\u00e9s. Un coffret pratique et \u00e9l\u00e9gant, id\u00e9al pour offrir ou pour accueillir b\u00e9b\u00e9 \u00e0 la maison.<\/p>\n","protected":false},"excerpt":{"rendered":"<p>Con\u00e7u sp\u00e9cialement pour prendre soin de la peau d\u00e9licate des b\u00e9b\u00e9s d\u00e8s la naissance, ce magnifique coffret Chicco est parfait comme cadeau de naissance.<\/p>\n","protected":false},"featured_media":3521,"template":"","meta":[],"product_brand":[],"product_cat":[71],"product_tag":[],"class_list":{"0":"post-3517","1":"product","2":"type-product","3":"status-publish","4":"has-post-thumbnail","6":"product_cat-soins-toilette","8":"first","9":"instock","10":"shipping-taxable","11":"purchasable","12":"product-type-simple"},"yoast_head":"<!-- This site is optimized with the Yoast SEO Premium plugin v26.8 (Yoast SEO v26.8) - https:\/\/yoast.com\/product\/yoast-seo-premium-wordpress\/ -->\n<title>Coffret de soin Chicco - Bambinerie Chez Maman Asmao<\/title>\n<meta name=\"robots\" content=\"index, follow, max-snippet:-1, max-image-preview:large, max-video-preview:-1\" \/>\n<link rel=\"canonical\" href=\"https:\/\/bmasmaoo.com\/index.php\/produit\/coffret-de-naissance-chicco\/\" \/>\n<meta property=\"og:locale\" content=\"fr_FR\" \/>\n<meta property=\"og:type\" content=\"article\" \/>\n<meta property=\"og:title\" content=\"Coffret de soin Chicco\" \/>\n<meta property=\"og:description\" content=\"Con\u00e7u sp\u00e9cialement pour prendre soin de la peau d\u00e9licate des b\u00e9b\u00e9s d\u00e8s la naissance, ce magnifique coffret Chicco est parfait comme cadeau de naissance.\" \/>\n<meta property=\"og:url\" content=\"https:\/\/bmasmaoo.com\/index.php\/produit\/coffret-de-naissance-chicco\/\" \/>\n<meta property=\"og:site_name\" content=\"Bambinerie Chez Maman Asmao\" \/>\n<meta property=\"article:publisher\" content=\"https:\/\/www.facebook.com\/keacissediop\/?locale=fr_FR\" \/>\n<meta property=\"article:modified_time\" content=\"2026-01-21T18:10:49+00:00\" \/>\n<meta property=\"og:image\" content=\"https:\/\/bmasmaoo.com\/wp-content\/uploads\/2026\/01\/WhatsApp-Image-2025-12-30-at-11.56.47-3.jpeg\" \/>\n\t<meta property=\"og:image:width\" content=\"1280\" \/>\n\t<meta property=\"og:image:height\" content=\"1208\" \/>\n\t<meta property=\"og:image:type\" content=\"image\/jpeg\" \/>\n<meta name=\"twitter:card\" content=\"summary_large_image\" \/>\n<script type=\"application\/ld+json\" class=\"yoast-schema-graph\">{\"@context\":\"https:\/\/schema.org\",\"@graph\":[{\"@type\":\"WebPage\",\"@id\":\"https:\/\/bmasmaoo.com\/index.php\/produit\/coffret-de-naissance-chicco\/\",\"url\":\"https:\/\/bmasmaoo.com\/index.php\/produit\/coffret-de-naissance-chicco\/\",\"name\":\"Coffret de soin Chicco - Bambinerie Chez Maman Asmao\",\"isPartOf\":{\"@id\":\"https:\/\/bmasmaoo.com\/#website\"},\"primaryImageOfPage\":{\"@id\":\"https:\/\/bmasmaoo.com\/index.php\/produit\/coffret-de-naissance-chicco\/#primaryimage\"},\"image\":{\"@id\":\"https:\/\/bmasmaoo.com\/index.php\/produit\/coffret-de-naissance-chicco\/#primaryimage\"},\"thumbnailUrl\":\"https:\/\/bmasmaoo.com\/wp-content\/uploads\/2026\/01\/WhatsApp-Image-2025-12-30-at-11.56.47-3.jpeg\",\"datePublished\":\"2026-01-20T18:28:28+00:00\",\"dateModified\":\"2026-01-21T18:10:49+00:00\",\"breadcrumb\":{\"@id\":\"https:\/\/bmasmaoo.com\/index.php\/produit\/coffret-de-naissance-chicco\/#breadcrumb\"},\"inLanguage\":\"fr-FR\",\"potentialAction\":[{\"@type\":\"ReadAction\",\"target\":[\"https:\/\/bmasmaoo.com\/index.php\/produit\/coffret-de-naissance-chicco\/\"]}]},{\"@type\":\"ImageObject\",\"inLanguage\":\"fr-FR\",\"@id\":\"https:\/\/bmasmaoo.com\/index.php\/produit\/coffret-de-naissance-chicco\/#primaryimage\",\"url\":\"https:\/\/bmasmaoo.com\/wp-content\/uploads\/2026\/01\/WhatsApp-Image-2025-12-30-at-11.56.47-3.jpeg\",\"contentUrl\":\"https:\/\/bmasmaoo.com\/wp-content\/uploads\/2026\/01\/WhatsApp-Image-2025-12-30-at-11.56.47-3.jpeg\",\"width\":1280,\"height\":1208},{\"@type\":\"BreadcrumbList\",\"@id\":\"https:\/\/bmasmaoo.com\/index.php\/produit\/coffret-de-naissance-chicco\/#breadcrumb\",\"itemListElement\":[{\"@type\":\"ListItem\",\"position\":1,\"name\":\"Home\",\"item\":\"https:\/\/bmasmaoo.com\/\"},{\"@type\":\"ListItem\",\"position\":2,\"name\":\"Shop\",\"item\":\"https:\/\/bmasmaoo.com\/index.php\/boutique\/\"},{\"@type\":\"ListItem\",\"position\":3,\"name\":\"Coffret de soin Chicco\"}]},{\"@type\":\"WebSite\",\"@id\":\"https:\/\/bmasmaoo.com\/#website\",\"url\":\"https:\/\/bmasmaoo.com\/\",\"name\":\"https:\/\/bmasmaoo.com\/\",\"description\":\"\",\"publisher\":{\"@id\":\"https:\/\/bmasmaoo.com\/#organization\"},\"potentialAction\":[{\"@type\":\"SearchAction\",\"target\":{\"@type\":\"EntryPoint\",\"urlTemplate\":\"https:\/\/bmasmaoo.com\/?s={search_term_string}\"},\"query-input\":{\"@type\":\"PropertyValueSpecification\",\"valueRequired\":true,\"valueName\":\"search_term_string\"}}],\"inLanguage\":\"fr-FR\"},{\"@type\":\"Organization\",\"@id\":\"https:\/\/bmasmaoo.com\/#organization\",\"name\":\"Bambinerie Maman Asmao\",\"url\":\"https:\/\/bmasmaoo.com\/\",\"logo\":{\"@type\":\"ImageObject\",\"inLanguage\":\"fr-FR\",\"@id\":\"https:\/\/bmasmaoo.com\/#\/schema\/logo\/image\/\",\"url\":\"https:\/\/bmasmaoo.com\/wp-content\/uploads\/2025\/11\/Generated-Image-November-12-2025-6_41PM.png\",\"contentUrl\":\"https:\/\/bmasmaoo.com\/wp-content\/uploads\/2025\/11\/Generated-Image-November-12-2025-6_41PM.png\",\"width\":608,\"height\":372,\"caption\":\"Bambinerie Maman Asmao\"},\"image\":{\"@id\":\"https:\/\/bmasmaoo.com\/#\/schema\/logo\/image\/\"},\"sameAs\":[\"https:\/\/www.facebook.com\/keacissediop\/?locale=fr_FR\",\"https:\/\/www.instagram.com\/bambineriemamanasmao\/?hl=fr\",\"https:\/\/www.tiktok.com\/@bambineriemamanasmao\"],\"telephone\":\"+221772474296\",\"legalName\":\"Bambinerie Maman Asmao\"}]}<\/script>\n<!-- \/ Yoast SEO Premium plugin. -->","yoast_head_json":{"title":"Coffret de soin Chicco - Bambinerie Chez Maman Asmao","robots":{"index":"index","follow":"follow","max-snippet":"max-snippet:-1","max-image-preview":"max-image-preview:large","max-video-preview":"max-video-preview:-1"},"canonical":"https:\/\/bmasmaoo.com\/index.php\/produit\/coffret-de-naissance-chicco\/","og_locale":"fr_FR","og_type":"article","og_title":"Coffret de soin Chicco","og_description":"Con\u00e7u sp\u00e9cialement pour prendre soin de la peau d\u00e9licate des b\u00e9b\u00e9s d\u00e8s la naissance, ce magnifique coffret Chicco est parfait comme cadeau de naissance.","og_url":"https:\/\/bmasmaoo.com\/index.php\/produit\/coffret-de-naissance-chicco\/","og_site_name":"Bambinerie Chez Maman Asmao","article_publisher":"https:\/\/www.facebook.com\/keacissediop\/?locale=fr_FR","article_modified_time":"2026-01-21T18:10:49+00:00","og_image":[{"width":1280,"height":1208,"url":"https:\/\/bmasmaoo.com\/wp-content\/uploads\/2026\/01\/WhatsApp-Image-2025-12-30-at-11.56.47-3.jpeg","type":"image\/jpeg"}],"twitter_card":"summary_large_image","schema":{"@context":"https:\/\/schema.org","@graph":[{"@type":"WebPage","@id":"https:\/\/bmasmaoo.com\/index.php\/produit\/coffret-de-naissance-chicco\/","url":"https:\/\/bmasmaoo.com\/index.php\/produit\/coffret-de-naissance-chicco\/","name":"Coffret de soin Chicco - Bambinerie Chez Maman Asmao","isPartOf":{"@id":"https:\/\/bmasmaoo.com\/#website"},"primaryImageOfPage":{"@id":"https:\/\/bmasmaoo.com\/index.php\/produit\/coffret-de-naissance-chicco\/#primaryimage"},"image":{"@id":"https:\/\/bmasmaoo.com\/index.php\/produit\/coffret-de-naissance-chicco\/#primaryimage"},"thumbnailUrl":"https:\/\/bmasmaoo.com\/wp-content\/uploads\/2026\/01\/WhatsApp-Image-2025-12-30-at-11.56.47-3.jpeg","datePublished":"2026-01-20T18:28:28+00:00","dateModified":"2026-01-21T18:10:49+00:00","breadcrumb":{"@id":"https:\/\/bmasmaoo.com\/index.php\/produit\/coffret-de-naissance-chicco\/#breadcrumb"},"inLanguage":"fr-FR","potentialAction":[{"@type":"ReadAction","target":["https:\/\/bmasmaoo.com\/index.php\/produit\/coffret-de-naissance-chicco\/"]}]},{"@type":"ImageObject","inLanguage":"fr-FR","@id":"https:\/\/bmasmaoo.com\/index.php\/produit\/coffret-de-naissance-chicco\/#primaryimage","url":"https:\/\/bmasmaoo.com\/wp-content\/uploads\/2026\/01\/WhatsApp-Image-2025-12-30-at-11.56.47-3.jpeg","contentUrl":"https:\/\/bmasmaoo.com\/wp-content\/uploads\/2026\/01\/WhatsApp-Image-2025-12-30-at-11.56.47-3.jpeg","width":1280,"height":1208},{"@type":"BreadcrumbList","@id":"https:\/\/bmasmaoo.com\/index.php\/produit\/coffret-de-naissance-chicco\/#breadcrumb","itemListElement":[{"@type":"ListItem","position":1,"name":"Home","item":"https:\/\/bmasmaoo.com\/"},{"@type":"ListItem","position":2,"name":"Shop","item":"https:\/\/bmasmaoo.com\/index.php\/boutique\/"},{"@type":"ListItem","position":3,"name":"Coffret de soin Chicco"}]},{"@type":"WebSite","@id":"https:\/\/bmasmaoo.com\/#website","url":"https:\/\/bmasmaoo.com\/","name":"https:\/\/bmasmaoo.com\/","description":"","publisher":{"@id":"https:\/\/bmasmaoo.com\/#organization"},"potentialAction":[{"@type":"SearchAction","target":{"@type":"EntryPoint","urlTemplate":"https:\/\/bmasmaoo.com\/?s={search_term_string}"},"query-input":{"@type":"PropertyValueSpecification","valueRequired":true,"valueName":"search_term_string"}}],"inLanguage":"fr-FR"},{"@type":"Organization","@id":"https:\/\/bmasmaoo.com\/#organization","name":"Bambinerie Maman Asmao","url":"https:\/\/bmasmaoo.com\/","logo":{"@type":"ImageObject","inLanguage":"fr-FR","@id":"https:\/\/bmasmaoo.com\/#\/schema\/logo\/image\/","url":"https:\/\/bmasmaoo.com\/wp-content\/uploads\/2025\/11\/Generated-Image-November-12-2025-6_41PM.png","contentUrl":"https:\/\/bmasmaoo.com\/wp-content\/uploads\/2025\/11\/Generated-Image-November-12-2025-6_41PM.png","width":608,"height":372,"caption":"Bambinerie Maman Asmao"},"image":{"@id":"https:\/\/bmasmaoo.com\/#\/schema\/logo\/image\/"},"sameAs":["https:\/\/www.facebook.com\/keacissediop\/?locale=fr_FR","https:\/\/www.instagram.com\/bambineriemamanasmao\/?hl=fr","https:\/\/www.tiktok.com\/@bambineriemamanasmao"],"telephone":"+221772474296","legalName":"Bambinerie Maman Asmao"}]}},"_links":{"self":[{"href":"https:\/\/bmasmaoo.com\/index.php\/wp-json\/wp\/v2\/product\/3517","targetHints":{"allow":["GET"]}}],"collection":[{"href":"https:\/\/bmasmaoo.com\/index.php\/wp-json\/wp\/v2\/product"}],"about":[{"href":"https:\/\/bmasmaoo.com\/index.php\/wp-json\/wp\/v2\/types\/product"}],"version-history":[{"count":3,"href":"https:\/\/bmasmaoo.com\/index.php\/wp-json\/wp\/v2\/product\/3517\/revisions"}],"predecessor-version":[{"id":3549,"href":"https:\/\/bmasmaoo.com\/index.php\/wp-json\/wp\/v2\/product\/3517\/revisions\/3549"}],"wp:featuredmedia":[{"embeddable":true,"href":"https:\/\/bmasmaoo.com\/index.php\/wp-json\/wp\/v2\/media\/3521"}],"wp:attachment":[{"href":"https:\/\/bmasmaoo.com\/index.php\/wp-json\/wp\/v2\/media?parent=3517"}],"wp:term":[{"taxonomy":"product_brand","embeddable":true,"href":"https:\/\/bmasmaoo.com\/index.php\/wp-json\/wp\/v2\/product_brand?post=3517"},{"taxonomy":"product_cat","embeddable":true,"href":"https:\/\/bmasmaoo.com\/index.php\/wp-json\/wp\/v2\/product_cat?post=3517"},{"taxonomy":"product_tag","embeddable":true,"href":"https:\/\/bmasmaoo.com\/index.php\/wp-json\/wp\/v2\/product_tag?post=3517"}],"curies":[{"name":"wp","href":"https:\/\/api.w.org\/{rel}","templated":true}]}}