{"id":3494,"date":"2026-01-16T19:00:05","date_gmt":"2026-01-16T18:00:05","guid":{"rendered":"https:\/\/bmasmaoo.com\/?post_type=product&#038;p=3494"},"modified":"2026-01-16T19:00:05","modified_gmt":"2026-01-16T18:00:05","slug":"doseur-lait-en-poudre-pour-bebe","status":"publish","type":"product","link":"https:\/\/bmasmaoo.com\/index.php\/produit\/doseur-lait-en-poudre-pour-bebe\/","title":{"rendered":"Doseur lait en poudre pour b\u00e9b\u00e9"},"content":{"rendered":"","protected":false},"excerpt":{"rendered":"<ul data-hveid=\"CBUQAQ\" data-ved=\"2ahUKEwjUhcy80JCSAxX5AvsDHRTHKkcQm_YKegQIFRAB\">\n<li><span data-huuid=\"16884405778619754783\">Elle dispose de plusieurs compartiments empilables pour s\u00e9parer les doses de lait.<span class=\"pjBG2e\" data-cid=\"4dedc20f-ad4b-4d54-be0f-7ddfb367131b\"><span class=\"UV3uM\">\u00a0<\/span><\/span><\/span>\n<div class=\"NPrrbc\" data-cid=\"4dedc20f-ad4b-4d54-be0f-7ddfb367131b\" data-uuids=\"16884405778619754783\">\n<div class=\"BMebGe btku5b LwdV0e FR7ZSc OJeuxf\" role=\"button\" aria-label=\"Afficher les liens associ\u00e9s\" data-hveid=\"CA4QAQ\" data-ved=\"2ahUKEwjUhcy80JCSAxX5AvsDHRTHKkcQ3fYKegQIDhAB\">\n<div class=\"niO4u\"><\/div>\n<\/div>\n<\/div>\n<\/li>\n<li><span data-huuid=\"16884405778619752453\">Le couvercle est con\u00e7u pour faciliter le versement de la poudre dans un biberon.<span class=\"pjBG2e\" data-cid=\"ffa6b94c-692f-4e25-9876-2bfc355b11bf\"><span class=\"UV3uM\">\u00a0<\/span><\/span><\/span>\n<div class=\"NPrrbc\" data-cid=\"ffa6b94c-692f-4e25-9876-2bfc355b11bf\" data-uuids=\"16884405778619752453\">\n<div class=\"BMebGe btku5b LwdV0e FR7ZSc OJeuxf\" role=\"button\" aria-label=\"Afficher les liens associ\u00e9s\" data-hveid=\"CA8QAQ\" data-ved=\"2ahUKEwjUhcy80JCSAxX5AvsDHRTHKkcQ3fYKegQIDxAB\">\n<div class=\"niO4u\"><\/div>\n<\/div>\n<\/div>\n<\/li>\n<li><span data-huuid=\"16884405778619754219\">C&rsquo;est un accessoire compact et l\u00e9ger, id\u00e9al pour les d\u00e9placements.<span class=\"pjBG2e\" data-cid=\"c091b9e1-2d03-4710-88d8-c96ef3a38c25\"><span class=\"UV3uM\">\u00a0<\/span><\/span><\/span><\/li>\n<\/ul>\n","protected":false},"featured_media":3499,"template":"","meta":[],"product_brand":[],"product_cat":[66,72],"product_tag":[],"class_list":{"0":"post-3494","1":"product","2":"type-product","3":"status-publish","4":"has-post-thumbnail","6":"product_cat-repas-et-vaisselle-bebe","7":"product_cat-repas","9":"first","10":"instock","11":"shipping-taxable","12":"purchasable","13":"product-type-variable"},"yoast_head":"<!-- This site is optimized with the Yoast SEO Premium plugin v26.8 (Yoast SEO v26.8) - https:\/\/yoast.com\/product\/yoast-seo-premium-wordpress\/ -->\n<title>Doseur lait en poudre pour b\u00e9b\u00e9 - Bambinerie Chez Maman Asmao<\/title>\n<meta name=\"robots\" content=\"index, follow, max-snippet:-1, max-image-preview:large, max-video-preview:-1\" \/>\n<link rel=\"canonical\" href=\"https:\/\/bmasmaoo.com\/index.php\/produit\/doseur-lait-en-poudre-pour-bebe\/\" \/>\n<meta property=\"og:locale\" content=\"fr_FR\" \/>\n<meta property=\"og:type\" content=\"article\" \/>\n<meta property=\"og:title\" content=\"Doseur lait en poudre pour b\u00e9b\u00e9\" \/>\n<meta property=\"og:description\" content=\"Elle dispose de plusieurs compartiments empilables pour s\u00e9parer les doses de lait.\u00a0       Le couvercle est con\u00e7u pour faciliter le versement de la poudre dans un biberon.\u00a0       C&#039;est un accessoire compact et l\u00e9ger, id\u00e9al pour les d\u00e9placements.\u00a0\" \/>\n<meta property=\"og:url\" content=\"https:\/\/bmasmaoo.com\/index.php\/produit\/doseur-lait-en-poudre-pour-bebe\/\" \/>\n<meta property=\"og:site_name\" content=\"Bambinerie Chez Maman Asmao\" \/>\n<meta property=\"article:publisher\" content=\"https:\/\/www.facebook.com\/keacissediop\/?locale=fr_FR\" \/>\n<meta property=\"og:image\" content=\"https:\/\/bmasmaoo.com\/wp-content\/uploads\/2026\/01\/a4fac3a0-ea93-4c61-ac6f-fa15577c541e.png\" \/>\n\t<meta property=\"og:image:width\" content=\"1024\" \/>\n\t<meta property=\"og:image:height\" content=\"1024\" \/>\n\t<meta property=\"og:image:type\" content=\"image\/png\" \/>\n<meta name=\"twitter:card\" content=\"summary_large_image\" \/>\n<script type=\"application\/ld+json\" class=\"yoast-schema-graph\">{\"@context\":\"https:\/\/schema.org\",\"@graph\":[{\"@type\":\"WebPage\",\"@id\":\"https:\/\/bmasmaoo.com\/index.php\/produit\/doseur-lait-en-poudre-pour-bebe\/\",\"url\":\"https:\/\/bmasmaoo.com\/index.php\/produit\/doseur-lait-en-poudre-pour-bebe\/\",\"name\":\"Doseur lait en poudre pour b\u00e9b\u00e9 - Bambinerie Chez Maman Asmao\",\"isPartOf\":{\"@id\":\"https:\/\/bmasmaoo.com\/#website\"},\"primaryImageOfPage\":{\"@id\":\"https:\/\/bmasmaoo.com\/index.php\/produit\/doseur-lait-en-poudre-pour-bebe\/#primaryimage\"},\"image\":{\"@id\":\"https:\/\/bmasmaoo.com\/index.php\/produit\/doseur-lait-en-poudre-pour-bebe\/#primaryimage\"},\"thumbnailUrl\":\"https:\/\/bmasmaoo.com\/wp-content\/uploads\/2026\/01\/a4fac3a0-ea93-4c61-ac6f-fa15577c541e.png\",\"datePublished\":\"2026-01-16T18:00:05+00:00\",\"breadcrumb\":{\"@id\":\"https:\/\/bmasmaoo.com\/index.php\/produit\/doseur-lait-en-poudre-pour-bebe\/#breadcrumb\"},\"inLanguage\":\"fr-FR\",\"potentialAction\":[{\"@type\":\"ReadAction\",\"target\":[\"https:\/\/bmasmaoo.com\/index.php\/produit\/doseur-lait-en-poudre-pour-bebe\/\"]}]},{\"@type\":\"ImageObject\",\"inLanguage\":\"fr-FR\",\"@id\":\"https:\/\/bmasmaoo.com\/index.php\/produit\/doseur-lait-en-poudre-pour-bebe\/#primaryimage\",\"url\":\"https:\/\/bmasmaoo.com\/wp-content\/uploads\/2026\/01\/a4fac3a0-ea93-4c61-ac6f-fa15577c541e.png\",\"contentUrl\":\"https:\/\/bmasmaoo.com\/wp-content\/uploads\/2026\/01\/a4fac3a0-ea93-4c61-ac6f-fa15577c541e.png\",\"width\":1024,\"height\":1024},{\"@type\":\"BreadcrumbList\",\"@id\":\"https:\/\/bmasmaoo.com\/index.php\/produit\/doseur-lait-en-poudre-pour-bebe\/#breadcrumb\",\"itemListElement\":[{\"@type\":\"ListItem\",\"position\":1,\"name\":\"Home\",\"item\":\"https:\/\/bmasmaoo.com\/\"},{\"@type\":\"ListItem\",\"position\":2,\"name\":\"Shop\",\"item\":\"https:\/\/bmasmaoo.com\/index.php\/boutique\/\"},{\"@type\":\"ListItem\",\"position\":3,\"name\":\"Doseur lait en poudre pour b\u00e9b\u00e9\"}]},{\"@type\":\"WebSite\",\"@id\":\"https:\/\/bmasmaoo.com\/#website\",\"url\":\"https:\/\/bmasmaoo.com\/\",\"name\":\"https:\/\/bmasmaoo.com\/\",\"description\":\"\",\"publisher\":{\"@id\":\"https:\/\/bmasmaoo.com\/#organization\"},\"potentialAction\":[{\"@type\":\"SearchAction\",\"target\":{\"@type\":\"EntryPoint\",\"urlTemplate\":\"https:\/\/bmasmaoo.com\/?s={search_term_string}\"},\"query-input\":{\"@type\":\"PropertyValueSpecification\",\"valueRequired\":true,\"valueName\":\"search_term_string\"}}],\"inLanguage\":\"fr-FR\"},{\"@type\":\"Organization\",\"@id\":\"https:\/\/bmasmaoo.com\/#organization\",\"name\":\"Bambinerie Maman Asmao\",\"url\":\"https:\/\/bmasmaoo.com\/\",\"logo\":{\"@type\":\"ImageObject\",\"inLanguage\":\"fr-FR\",\"@id\":\"https:\/\/bmasmaoo.com\/#\/schema\/logo\/image\/\",\"url\":\"https:\/\/bmasmaoo.com\/wp-content\/uploads\/2025\/11\/Generated-Image-November-12-2025-6_41PM.png\",\"contentUrl\":\"https:\/\/bmasmaoo.com\/wp-content\/uploads\/2025\/11\/Generated-Image-November-12-2025-6_41PM.png\",\"width\":608,\"height\":372,\"caption\":\"Bambinerie Maman Asmao\"},\"image\":{\"@id\":\"https:\/\/bmasmaoo.com\/#\/schema\/logo\/image\/\"},\"sameAs\":[\"https:\/\/www.facebook.com\/keacissediop\/?locale=fr_FR\",\"https:\/\/www.instagram.com\/bambineriemamanasmao\/?hl=fr\",\"https:\/\/www.tiktok.com\/@bambineriemamanasmao\"],\"telephone\":\"+221772474296\",\"legalName\":\"Bambinerie Maman Asmao\"}]}<\/script>\n<!-- \/ Yoast SEO Premium plugin. -->","yoast_head_json":{"title":"Doseur lait en poudre pour b\u00e9b\u00e9 - Bambinerie Chez Maman Asmao","robots":{"index":"index","follow":"follow","max-snippet":"max-snippet:-1","max-image-preview":"max-image-preview:large","max-video-preview":"max-video-preview:-1"},"canonical":"https:\/\/bmasmaoo.com\/index.php\/produit\/doseur-lait-en-poudre-pour-bebe\/","og_locale":"fr_FR","og_type":"article","og_title":"Doseur lait en poudre pour b\u00e9b\u00e9","og_description":"Elle dispose de plusieurs compartiments empilables pour s\u00e9parer les doses de lait.\u00a0       Le couvercle est con\u00e7u pour faciliter le versement de la poudre dans un biberon.\u00a0       C'est un accessoire compact et l\u00e9ger, id\u00e9al pour les d\u00e9placements.\u00a0","og_url":"https:\/\/bmasmaoo.com\/index.php\/produit\/doseur-lait-en-poudre-pour-bebe\/","og_site_name":"Bambinerie Chez Maman Asmao","article_publisher":"https:\/\/www.facebook.com\/keacissediop\/?locale=fr_FR","og_image":[{"width":1024,"height":1024,"url":"https:\/\/bmasmaoo.com\/wp-content\/uploads\/2026\/01\/a4fac3a0-ea93-4c61-ac6f-fa15577c541e.png","type":"image\/png"}],"twitter_card":"summary_large_image","schema":{"@context":"https:\/\/schema.org","@graph":[{"@type":"WebPage","@id":"https:\/\/bmasmaoo.com\/index.php\/produit\/doseur-lait-en-poudre-pour-bebe\/","url":"https:\/\/bmasmaoo.com\/index.php\/produit\/doseur-lait-en-poudre-pour-bebe\/","name":"Doseur lait en poudre pour b\u00e9b\u00e9 - Bambinerie Chez Maman Asmao","isPartOf":{"@id":"https:\/\/bmasmaoo.com\/#website"},"primaryImageOfPage":{"@id":"https:\/\/bmasmaoo.com\/index.php\/produit\/doseur-lait-en-poudre-pour-bebe\/#primaryimage"},"image":{"@id":"https:\/\/bmasmaoo.com\/index.php\/produit\/doseur-lait-en-poudre-pour-bebe\/#primaryimage"},"thumbnailUrl":"https:\/\/bmasmaoo.com\/wp-content\/uploads\/2026\/01\/a4fac3a0-ea93-4c61-ac6f-fa15577c541e.png","datePublished":"2026-01-16T18:00:05+00:00","breadcrumb":{"@id":"https:\/\/bmasmaoo.com\/index.php\/produit\/doseur-lait-en-poudre-pour-bebe\/#breadcrumb"},"inLanguage":"fr-FR","potentialAction":[{"@type":"ReadAction","target":["https:\/\/bmasmaoo.com\/index.php\/produit\/doseur-lait-en-poudre-pour-bebe\/"]}]},{"@type":"ImageObject","inLanguage":"fr-FR","@id":"https:\/\/bmasmaoo.com\/index.php\/produit\/doseur-lait-en-poudre-pour-bebe\/#primaryimage","url":"https:\/\/bmasmaoo.com\/wp-content\/uploads\/2026\/01\/a4fac3a0-ea93-4c61-ac6f-fa15577c541e.png","contentUrl":"https:\/\/bmasmaoo.com\/wp-content\/uploads\/2026\/01\/a4fac3a0-ea93-4c61-ac6f-fa15577c541e.png","width":1024,"height":1024},{"@type":"BreadcrumbList","@id":"https:\/\/bmasmaoo.com\/index.php\/produit\/doseur-lait-en-poudre-pour-bebe\/#breadcrumb","itemListElement":[{"@type":"ListItem","position":1,"name":"Home","item":"https:\/\/bmasmaoo.com\/"},{"@type":"ListItem","position":2,"name":"Shop","item":"https:\/\/bmasmaoo.com\/index.php\/boutique\/"},{"@type":"ListItem","position":3,"name":"Doseur lait en poudre pour b\u00e9b\u00e9"}]},{"@type":"WebSite","@id":"https:\/\/bmasmaoo.com\/#website","url":"https:\/\/bmasmaoo.com\/","name":"https:\/\/bmasmaoo.com\/","description":"","publisher":{"@id":"https:\/\/bmasmaoo.com\/#organization"},"potentialAction":[{"@type":"SearchAction","target":{"@type":"EntryPoint","urlTemplate":"https:\/\/bmasmaoo.com\/?s={search_term_string}"},"query-input":{"@type":"PropertyValueSpecification","valueRequired":true,"valueName":"search_term_string"}}],"inLanguage":"fr-FR"},{"@type":"Organization","@id":"https:\/\/bmasmaoo.com\/#organization","name":"Bambinerie Maman Asmao","url":"https:\/\/bmasmaoo.com\/","logo":{"@type":"ImageObject","inLanguage":"fr-FR","@id":"https:\/\/bmasmaoo.com\/#\/schema\/logo\/image\/","url":"https:\/\/bmasmaoo.com\/wp-content\/uploads\/2025\/11\/Generated-Image-November-12-2025-6_41PM.png","contentUrl":"https:\/\/bmasmaoo.com\/wp-content\/uploads\/2025\/11\/Generated-Image-November-12-2025-6_41PM.png","width":608,"height":372,"caption":"Bambinerie Maman Asmao"},"image":{"@id":"https:\/\/bmasmaoo.com\/#\/schema\/logo\/image\/"},"sameAs":["https:\/\/www.facebook.com\/keacissediop\/?locale=fr_FR","https:\/\/www.instagram.com\/bambineriemamanasmao\/?hl=fr","https:\/\/www.tiktok.com\/@bambineriemamanasmao"],"telephone":"+221772474296","legalName":"Bambinerie Maman Asmao"}]}},"_links":{"self":[{"href":"https:\/\/bmasmaoo.com\/index.php\/wp-json\/wp\/v2\/product\/3494","targetHints":{"allow":["GET"]}}],"collection":[{"href":"https:\/\/bmasmaoo.com\/index.php\/wp-json\/wp\/v2\/product"}],"about":[{"href":"https:\/\/bmasmaoo.com\/index.php\/wp-json\/wp\/v2\/types\/product"}],"version-history":[{"count":1,"href":"https:\/\/bmasmaoo.com\/index.php\/wp-json\/wp\/v2\/product\/3494\/revisions"}],"predecessor-version":[{"id":3500,"href":"https:\/\/bmasmaoo.com\/index.php\/wp-json\/wp\/v2\/product\/3494\/revisions\/3500"}],"wp:featuredmedia":[{"embeddable":true,"href":"https:\/\/bmasmaoo.com\/index.php\/wp-json\/wp\/v2\/media\/3499"}],"wp:attachment":[{"href":"https:\/\/bmasmaoo.com\/index.php\/wp-json\/wp\/v2\/media?parent=3494"}],"wp:term":[{"taxonomy":"product_brand","embeddable":true,"href":"https:\/\/bmasmaoo.com\/index.php\/wp-json\/wp\/v2\/product_brand?post=3494"},{"taxonomy":"product_cat","embeddable":true,"href":"https:\/\/bmasmaoo.com\/index.php\/wp-json\/wp\/v2\/product_cat?post=3494"},{"taxonomy":"product_tag","embeddable":true,"href":"https:\/\/bmasmaoo.com\/index.php\/wp-json\/wp\/v2\/product_tag?post=3494"}],"curies":[{"name":"wp","href":"https:\/\/api.w.org\/{rel}","templated":true}]}}