{"id":3484,"date":"2026-01-16T18:17:51","date_gmt":"2026-01-16T17:17:51","guid":{"rendered":"https:\/\/bmasmaoo.com\/?post_type=product&#038;p=3484"},"modified":"2026-01-16T18:18:08","modified_gmt":"2026-01-16T17:18:08","slug":"shampooing-johnsons-500-ml","status":"publish","type":"product","link":"https:\/\/bmasmaoo.com\/index.php\/produit\/shampooing-johnsons-500-ml\/","title":{"rendered":"Shampooing Johnson&rsquo;s 500 ml"},"content":{"rendered":"","protected":false},"excerpt":{"rendered":"<ul data-hveid=\"CA8QAQ\" data-ved=\"2ahUKEwiYy7D7x5CSAxUzU6QEHS6_NdkQm_YKegQIDxAB\">\n<li><span data-huuid=\"16024524996702851887\">Formule hypoallerg\u00e9nique et au pH \u00e9quilibr\u00e9.<\/span><\/li>\n<li><span data-huuid=\"16024524996702853005\">Aussi doux pour les yeux que de l&rsquo;eau pure, gr\u00e2ce \u00e0 la technologie No More Tears\u00ae.<\/span><\/li>\n<li><span data-huuid=\"16024524996702854123\">Ne contient pas de colorants, de sulfates, de phtalates, d&rsquo;alcool ou de savon.<\/span><\/li>\n<li><span data-huuid=\"16024524996702851145\">Test\u00e9 par des p\u00e9diatres et des dermatologues.<\/span><\/li>\n<\/ul>\n","protected":false},"featured_media":3485,"template":"","meta":[],"product_brand":[],"product_cat":[71],"product_tag":[],"class_list":{"0":"post-3484","1":"product","2":"type-product","3":"status-publish","4":"has-post-thumbnail","6":"product_cat-soins-toilette","8":"first","9":"instock","10":"shipping-taxable","11":"purchasable","12":"product-type-simple"},"yoast_head":"<!-- This site is optimized with the Yoast SEO Premium plugin v26.8 (Yoast SEO v26.8) - https:\/\/yoast.com\/product\/yoast-seo-premium-wordpress\/ -->\n<title>Shampooing Johnson&#039;s 500 ml - Bambinerie Chez Maman Asmao<\/title>\n<meta name=\"robots\" content=\"index, follow, max-snippet:-1, max-image-preview:large, max-video-preview:-1\" \/>\n<link rel=\"canonical\" href=\"https:\/\/bmasmaoo.com\/index.php\/produit\/shampooing-johnsons-500-ml\/\" \/>\n<meta property=\"og:locale\" content=\"fr_FR\" \/>\n<meta property=\"og:type\" content=\"article\" \/>\n<meta property=\"og:title\" content=\"Shampooing Johnson&#039;s 500 ml\" \/>\n<meta property=\"og:description\" content=\"Formule hypoallerg\u00e9nique et au pH \u00e9quilibr\u00e9.  Aussi doux pour les yeux que de l&#039;eau pure, gr\u00e2ce \u00e0 la technologie No More Tears\u00ae.  Ne contient pas de colorants, de sulfates, de phtalates, d&#039;alcool ou de savon.  Test\u00e9 par des p\u00e9diatres et des dermatologues.\" \/>\n<meta property=\"og:url\" content=\"https:\/\/bmasmaoo.com\/index.php\/produit\/shampooing-johnsons-500-ml\/\" \/>\n<meta property=\"og:site_name\" content=\"Bambinerie Chez Maman Asmao\" \/>\n<meta property=\"article:publisher\" content=\"https:\/\/www.facebook.com\/keacissediop\/?locale=fr_FR\" \/>\n<meta property=\"article:modified_time\" content=\"2026-01-16T17:18:08+00:00\" \/>\n<meta property=\"og:image\" content=\"https:\/\/bmasmaoo.com\/wp-content\/uploads\/2026\/01\/WhatsApp-Image-2026-01-16-at-17.13.33-1.jpeg\" \/>\n\t<meta property=\"og:image:width\" content=\"1024\" \/>\n\t<meta property=\"og:image:height\" content=\"1536\" \/>\n\t<meta property=\"og:image:type\" content=\"image\/jpeg\" \/>\n<meta name=\"twitter:card\" content=\"summary_large_image\" \/>\n<script type=\"application\/ld+json\" class=\"yoast-schema-graph\">{\"@context\":\"https:\/\/schema.org\",\"@graph\":[{\"@type\":\"WebPage\",\"@id\":\"https:\/\/bmasmaoo.com\/index.php\/produit\/shampooing-johnsons-500-ml\/\",\"url\":\"https:\/\/bmasmaoo.com\/index.php\/produit\/shampooing-johnsons-500-ml\/\",\"name\":\"Shampooing Johnson's 500 ml - Bambinerie Chez Maman Asmao\",\"isPartOf\":{\"@id\":\"https:\/\/bmasmaoo.com\/#website\"},\"primaryImageOfPage\":{\"@id\":\"https:\/\/bmasmaoo.com\/index.php\/produit\/shampooing-johnsons-500-ml\/#primaryimage\"},\"image\":{\"@id\":\"https:\/\/bmasmaoo.com\/index.php\/produit\/shampooing-johnsons-500-ml\/#primaryimage\"},\"thumbnailUrl\":\"https:\/\/bmasmaoo.com\/wp-content\/uploads\/2026\/01\/WhatsApp-Image-2026-01-16-at-17.13.33-1.jpeg\",\"datePublished\":\"2026-01-16T17:17:51+00:00\",\"dateModified\":\"2026-01-16T17:18:08+00:00\",\"breadcrumb\":{\"@id\":\"https:\/\/bmasmaoo.com\/index.php\/produit\/shampooing-johnsons-500-ml\/#breadcrumb\"},\"inLanguage\":\"fr-FR\",\"potentialAction\":[{\"@type\":\"ReadAction\",\"target\":[\"https:\/\/bmasmaoo.com\/index.php\/produit\/shampooing-johnsons-500-ml\/\"]}]},{\"@type\":\"ImageObject\",\"inLanguage\":\"fr-FR\",\"@id\":\"https:\/\/bmasmaoo.com\/index.php\/produit\/shampooing-johnsons-500-ml\/#primaryimage\",\"url\":\"https:\/\/bmasmaoo.com\/wp-content\/uploads\/2026\/01\/WhatsApp-Image-2026-01-16-at-17.13.33-1.jpeg\",\"contentUrl\":\"https:\/\/bmasmaoo.com\/wp-content\/uploads\/2026\/01\/WhatsApp-Image-2026-01-16-at-17.13.33-1.jpeg\",\"width\":1024,\"height\":1536},{\"@type\":\"BreadcrumbList\",\"@id\":\"https:\/\/bmasmaoo.com\/index.php\/produit\/shampooing-johnsons-500-ml\/#breadcrumb\",\"itemListElement\":[{\"@type\":\"ListItem\",\"position\":1,\"name\":\"Home\",\"item\":\"https:\/\/bmasmaoo.com\/\"},{\"@type\":\"ListItem\",\"position\":2,\"name\":\"Shop\",\"item\":\"https:\/\/bmasmaoo.com\/index.php\/boutique\/\"},{\"@type\":\"ListItem\",\"position\":3,\"name\":\"Shampooing Johnson&rsquo;s 500 ml\"}]},{\"@type\":\"WebSite\",\"@id\":\"https:\/\/bmasmaoo.com\/#website\",\"url\":\"https:\/\/bmasmaoo.com\/\",\"name\":\"https:\/\/bmasmaoo.com\/\",\"description\":\"\",\"publisher\":{\"@id\":\"https:\/\/bmasmaoo.com\/#organization\"},\"potentialAction\":[{\"@type\":\"SearchAction\",\"target\":{\"@type\":\"EntryPoint\",\"urlTemplate\":\"https:\/\/bmasmaoo.com\/?s={search_term_string}\"},\"query-input\":{\"@type\":\"PropertyValueSpecification\",\"valueRequired\":true,\"valueName\":\"search_term_string\"}}],\"inLanguage\":\"fr-FR\"},{\"@type\":\"Organization\",\"@id\":\"https:\/\/bmasmaoo.com\/#organization\",\"name\":\"Bambinerie Maman Asmao\",\"url\":\"https:\/\/bmasmaoo.com\/\",\"logo\":{\"@type\":\"ImageObject\",\"inLanguage\":\"fr-FR\",\"@id\":\"https:\/\/bmasmaoo.com\/#\/schema\/logo\/image\/\",\"url\":\"https:\/\/bmasmaoo.com\/wp-content\/uploads\/2025\/11\/Generated-Image-November-12-2025-6_41PM.png\",\"contentUrl\":\"https:\/\/bmasmaoo.com\/wp-content\/uploads\/2025\/11\/Generated-Image-November-12-2025-6_41PM.png\",\"width\":608,\"height\":372,\"caption\":\"Bambinerie Maman Asmao\"},\"image\":{\"@id\":\"https:\/\/bmasmaoo.com\/#\/schema\/logo\/image\/\"},\"sameAs\":[\"https:\/\/www.facebook.com\/keacissediop\/?locale=fr_FR\",\"https:\/\/www.instagram.com\/bambineriemamanasmao\/?hl=fr\",\"https:\/\/www.tiktok.com\/@bambineriemamanasmao\"],\"telephone\":\"+221772474296\",\"legalName\":\"Bambinerie Maman Asmao\"}]}<\/script>\n<!-- \/ Yoast SEO Premium plugin. -->","yoast_head_json":{"title":"Shampooing Johnson's 500 ml - Bambinerie Chez Maman Asmao","robots":{"index":"index","follow":"follow","max-snippet":"max-snippet:-1","max-image-preview":"max-image-preview:large","max-video-preview":"max-video-preview:-1"},"canonical":"https:\/\/bmasmaoo.com\/index.php\/produit\/shampooing-johnsons-500-ml\/","og_locale":"fr_FR","og_type":"article","og_title":"Shampooing Johnson's 500 ml","og_description":"Formule hypoallerg\u00e9nique et au pH \u00e9quilibr\u00e9.  Aussi doux pour les yeux que de l'eau pure, gr\u00e2ce \u00e0 la technologie No More Tears\u00ae.  Ne contient pas de colorants, de sulfates, de phtalates, d'alcool ou de savon.  Test\u00e9 par des p\u00e9diatres et des dermatologues.","og_url":"https:\/\/bmasmaoo.com\/index.php\/produit\/shampooing-johnsons-500-ml\/","og_site_name":"Bambinerie Chez Maman Asmao","article_publisher":"https:\/\/www.facebook.com\/keacissediop\/?locale=fr_FR","article_modified_time":"2026-01-16T17:18:08+00:00","og_image":[{"width":1024,"height":1536,"url":"https:\/\/bmasmaoo.com\/wp-content\/uploads\/2026\/01\/WhatsApp-Image-2026-01-16-at-17.13.33-1.jpeg","type":"image\/jpeg"}],"twitter_card":"summary_large_image","schema":{"@context":"https:\/\/schema.org","@graph":[{"@type":"WebPage","@id":"https:\/\/bmasmaoo.com\/index.php\/produit\/shampooing-johnsons-500-ml\/","url":"https:\/\/bmasmaoo.com\/index.php\/produit\/shampooing-johnsons-500-ml\/","name":"Shampooing Johnson's 500 ml - Bambinerie Chez Maman Asmao","isPartOf":{"@id":"https:\/\/bmasmaoo.com\/#website"},"primaryImageOfPage":{"@id":"https:\/\/bmasmaoo.com\/index.php\/produit\/shampooing-johnsons-500-ml\/#primaryimage"},"image":{"@id":"https:\/\/bmasmaoo.com\/index.php\/produit\/shampooing-johnsons-500-ml\/#primaryimage"},"thumbnailUrl":"https:\/\/bmasmaoo.com\/wp-content\/uploads\/2026\/01\/WhatsApp-Image-2026-01-16-at-17.13.33-1.jpeg","datePublished":"2026-01-16T17:17:51+00:00","dateModified":"2026-01-16T17:18:08+00:00","breadcrumb":{"@id":"https:\/\/bmasmaoo.com\/index.php\/produit\/shampooing-johnsons-500-ml\/#breadcrumb"},"inLanguage":"fr-FR","potentialAction":[{"@type":"ReadAction","target":["https:\/\/bmasmaoo.com\/index.php\/produit\/shampooing-johnsons-500-ml\/"]}]},{"@type":"ImageObject","inLanguage":"fr-FR","@id":"https:\/\/bmasmaoo.com\/index.php\/produit\/shampooing-johnsons-500-ml\/#primaryimage","url":"https:\/\/bmasmaoo.com\/wp-content\/uploads\/2026\/01\/WhatsApp-Image-2026-01-16-at-17.13.33-1.jpeg","contentUrl":"https:\/\/bmasmaoo.com\/wp-content\/uploads\/2026\/01\/WhatsApp-Image-2026-01-16-at-17.13.33-1.jpeg","width":1024,"height":1536},{"@type":"BreadcrumbList","@id":"https:\/\/bmasmaoo.com\/index.php\/produit\/shampooing-johnsons-500-ml\/#breadcrumb","itemListElement":[{"@type":"ListItem","position":1,"name":"Home","item":"https:\/\/bmasmaoo.com\/"},{"@type":"ListItem","position":2,"name":"Shop","item":"https:\/\/bmasmaoo.com\/index.php\/boutique\/"},{"@type":"ListItem","position":3,"name":"Shampooing Johnson&rsquo;s 500 ml"}]},{"@type":"WebSite","@id":"https:\/\/bmasmaoo.com\/#website","url":"https:\/\/bmasmaoo.com\/","name":"https:\/\/bmasmaoo.com\/","description":"","publisher":{"@id":"https:\/\/bmasmaoo.com\/#organization"},"potentialAction":[{"@type":"SearchAction","target":{"@type":"EntryPoint","urlTemplate":"https:\/\/bmasmaoo.com\/?s={search_term_string}"},"query-input":{"@type":"PropertyValueSpecification","valueRequired":true,"valueName":"search_term_string"}}],"inLanguage":"fr-FR"},{"@type":"Organization","@id":"https:\/\/bmasmaoo.com\/#organization","name":"Bambinerie Maman Asmao","url":"https:\/\/bmasmaoo.com\/","logo":{"@type":"ImageObject","inLanguage":"fr-FR","@id":"https:\/\/bmasmaoo.com\/#\/schema\/logo\/image\/","url":"https:\/\/bmasmaoo.com\/wp-content\/uploads\/2025\/11\/Generated-Image-November-12-2025-6_41PM.png","contentUrl":"https:\/\/bmasmaoo.com\/wp-content\/uploads\/2025\/11\/Generated-Image-November-12-2025-6_41PM.png","width":608,"height":372,"caption":"Bambinerie Maman Asmao"},"image":{"@id":"https:\/\/bmasmaoo.com\/#\/schema\/logo\/image\/"},"sameAs":["https:\/\/www.facebook.com\/keacissediop\/?locale=fr_FR","https:\/\/www.instagram.com\/bambineriemamanasmao\/?hl=fr","https:\/\/www.tiktok.com\/@bambineriemamanasmao"],"telephone":"+221772474296","legalName":"Bambinerie Maman Asmao"}]}},"_links":{"self":[{"href":"https:\/\/bmasmaoo.com\/index.php\/wp-json\/wp\/v2\/product\/3484","targetHints":{"allow":["GET"]}}],"collection":[{"href":"https:\/\/bmasmaoo.com\/index.php\/wp-json\/wp\/v2\/product"}],"about":[{"href":"https:\/\/bmasmaoo.com\/index.php\/wp-json\/wp\/v2\/types\/product"}],"version-history":[{"count":3,"href":"https:\/\/bmasmaoo.com\/index.php\/wp-json\/wp\/v2\/product\/3484\/revisions"}],"predecessor-version":[{"id":3489,"href":"https:\/\/bmasmaoo.com\/index.php\/wp-json\/wp\/v2\/product\/3484\/revisions\/3489"}],"wp:featuredmedia":[{"embeddable":true,"href":"https:\/\/bmasmaoo.com\/index.php\/wp-json\/wp\/v2\/media\/3485"}],"wp:attachment":[{"href":"https:\/\/bmasmaoo.com\/index.php\/wp-json\/wp\/v2\/media?parent=3484"}],"wp:term":[{"taxonomy":"product_brand","embeddable":true,"href":"https:\/\/bmasmaoo.com\/index.php\/wp-json\/wp\/v2\/product_brand?post=3484"},{"taxonomy":"product_cat","embeddable":true,"href":"https:\/\/bmasmaoo.com\/index.php\/wp-json\/wp\/v2\/product_cat?post=3484"},{"taxonomy":"product_tag","embeddable":true,"href":"https:\/\/bmasmaoo.com\/index.php\/wp-json\/wp\/v2\/product_tag?post=3484"}],"curies":[{"name":"wp","href":"https:\/\/api.w.org\/{rel}","templated":true}]}}