{"id":3292,"date":"2026-01-03T18:23:45","date_gmt":"2026-01-03T17:23:45","guid":{"rendered":"https:\/\/bmasmaoo.com\/?post_type=product&#038;p=3292"},"modified":"2026-01-03T18:23:45","modified_gmt":"2026-01-03T17:23:45","slug":"savon-johnsons","status":"publish","type":"product","link":"https:\/\/bmasmaoo.com\/index.php\/produit\/savon-johnsons\/","title":{"rendered":"Savon Johnson&rsquo;s"},"content":{"rendered":"<div class=\"AdPoic\" role=\"heading\" data-animation-nesting=\"\" data-sfc-cp=\"\" data-processed=\"true\" data-sae=\"\" data-complete=\"true\">Caract\u00e9ristiques principales:<\/div>\n<ul class=\"KsbFXc U6u95\" data-processed=\"true\" data-complete=\"true\">\n<li data-hveid=\"CAQQAA\" data-complete=\"true\" data-sae=\"\"><span class=\"T286Pc\" data-sfc-cp=\"\" data-complete=\"true\"><strong class=\"Yjhzub\" data-complete=\"true\">Formule douce :<\/strong>\u00a0Cliniquement prouv\u00e9e douce, sa formule est sp\u00e9cialement con\u00e7ue pour la peau d\u00e9licate de b\u00e9b\u00e9.<\/span><\/li>\n<li data-hveid=\"CAQQAQ\" data-complete=\"true\" data-sae=\"\"><span class=\"T286Pc\" data-sfc-cp=\"\" data-complete=\"true\"><strong class=\"Yjhzub\" data-complete=\"true\">Hydratation :<\/strong>\u00a0Enrichi en hydratants et en glyc\u00e9rine pour aider \u00e0 prot\u00e9ger la peau du dess\u00e8chement, la laissant douce et lisse.<\/span><\/li>\n<li data-hveid=\"CAQQAg\" data-sae=\"\" data-complete=\"true\"><span class=\"T286Pc\" data-sfc-cp=\"\" data-complete=\"true\"><strong class=\"Yjhzub\" data-complete=\"true\">Composition :<\/strong>\u00a0Il est exempt de parab\u00e8nes, de sulfates, de colorants et d&rsquo;alcool.<\/span><\/li>\n<li data-hveid=\"CAQQAw\" data-complete=\"true\" data-processed=\"true\" data-sae=\"\"><span class=\"T286Pc\" data-sfc-cp=\"\" data-complete=\"true\"><strong class=\"Yjhzub\" data-complete=\"true\">Test\u00e9 :<\/strong>\u00a0Le produit est test\u00e9 par des dermatologues et des p\u00e9diatres.<\/span><\/li>\n<li data-hveid=\"CAQQBA\" data-processed=\"true\" data-sae=\"\" data-complete=\"true\"><span class=\"T286Pc\" data-sfc-cp=\"\" data-complete=\"true\"><strong class=\"Yjhzub\" data-complete=\"true\">Utilisation :<\/strong>\u00a0Il peut \u00eatre utilis\u00e9 sur le visage et le corps de b\u00e9b\u00e9 pendant le bain pour un nettoyage en douceur<\/span><\/li>\n<\/ul>\n","protected":false},"excerpt":{"rendered":"<p>Con\u00e7u pour nettoyer en douceur la peau d\u00e9licate des b\u00e9b\u00e9s et des enfants, mais il convient \u00e9galement aux adultes.<span class=\"uJ19be notranslate\" data-wiz-uids=\"F6pYNd_h,F6pYNd_i,F6pYNd_j\" data-complete=\"true\" data-processed=\"true\"><span class=\"vKEkVd\" data-animation-atomic=\"\" data-wiz-attrbind=\"class=F6pYNd_h\/TKHnVd;\" data-sae=\"\">\u00a0<\/span><\/span><\/p>\n","protected":false},"featured_media":3293,"template":"","meta":[],"product_brand":[],"product_cat":[71],"product_tag":[],"class_list":{"0":"post-3292","1":"product","2":"type-product","3":"status-publish","4":"has-post-thumbnail","6":"product_cat-soins-toilette","8":"first","9":"instock","10":"shipping-taxable","11":"purchasable","12":"product-type-simple"},"yoast_head":"<!-- This site is optimized with the Yoast SEO Premium plugin v26.8 (Yoast SEO v26.8) - https:\/\/yoast.com\/product\/yoast-seo-premium-wordpress\/ -->\n<title>Savon Johnson&#039;s - Bambinerie Chez Maman Asmao<\/title>\n<meta name=\"robots\" content=\"index, follow, max-snippet:-1, max-image-preview:large, max-video-preview:-1\" \/>\n<link rel=\"canonical\" href=\"https:\/\/bmasmaoo.com\/index.php\/produit\/savon-johnsons\/\" \/>\n<meta property=\"og:locale\" content=\"fr_FR\" \/>\n<meta property=\"og:type\" content=\"article\" \/>\n<meta property=\"og:title\" content=\"Savon Johnson&#039;s\" \/>\n<meta property=\"og:description\" content=\"Con\u00e7u pour nettoyer en douceur la peau d\u00e9licate des b\u00e9b\u00e9s et des enfants, mais il convient \u00e9galement aux adultes.\u00a0\" \/>\n<meta property=\"og:url\" content=\"https:\/\/bmasmaoo.com\/index.php\/produit\/savon-johnsons\/\" \/>\n<meta property=\"og:site_name\" content=\"Bambinerie Chez Maman Asmao\" \/>\n<meta property=\"article:publisher\" content=\"https:\/\/www.facebook.com\/keacissediop\/?locale=fr_FR\" \/>\n<meta property=\"og:image\" content=\"https:\/\/bmasmaoo.com\/wp-content\/uploads\/2026\/01\/Johnson-6.png\" \/>\n\t<meta property=\"og:image:width\" content=\"1080\" \/>\n\t<meta property=\"og:image:height\" content=\"1080\" \/>\n\t<meta property=\"og:image:type\" content=\"image\/png\" \/>\n<meta name=\"twitter:card\" content=\"summary_large_image\" \/>\n<script type=\"application\/ld+json\" class=\"yoast-schema-graph\">{\"@context\":\"https:\/\/schema.org\",\"@graph\":[{\"@type\":\"WebPage\",\"@id\":\"https:\/\/bmasmaoo.com\/index.php\/produit\/savon-johnsons\/\",\"url\":\"https:\/\/bmasmaoo.com\/index.php\/produit\/savon-johnsons\/\",\"name\":\"Savon Johnson's - Bambinerie Chez Maman Asmao\",\"isPartOf\":{\"@id\":\"https:\/\/bmasmaoo.com\/#website\"},\"primaryImageOfPage\":{\"@id\":\"https:\/\/bmasmaoo.com\/index.php\/produit\/savon-johnsons\/#primaryimage\"},\"image\":{\"@id\":\"https:\/\/bmasmaoo.com\/index.php\/produit\/savon-johnsons\/#primaryimage\"},\"thumbnailUrl\":\"https:\/\/bmasmaoo.com\/wp-content\/uploads\/2026\/01\/Johnson-6.png\",\"datePublished\":\"2026-01-03T17:23:45+00:00\",\"breadcrumb\":{\"@id\":\"https:\/\/bmasmaoo.com\/index.php\/produit\/savon-johnsons\/#breadcrumb\"},\"inLanguage\":\"fr-FR\",\"potentialAction\":[{\"@type\":\"ReadAction\",\"target\":[\"https:\/\/bmasmaoo.com\/index.php\/produit\/savon-johnsons\/\"]}]},{\"@type\":\"ImageObject\",\"inLanguage\":\"fr-FR\",\"@id\":\"https:\/\/bmasmaoo.com\/index.php\/produit\/savon-johnsons\/#primaryimage\",\"url\":\"https:\/\/bmasmaoo.com\/wp-content\/uploads\/2026\/01\/Johnson-6.png\",\"contentUrl\":\"https:\/\/bmasmaoo.com\/wp-content\/uploads\/2026\/01\/Johnson-6.png\",\"width\":1080,\"height\":1080},{\"@type\":\"BreadcrumbList\",\"@id\":\"https:\/\/bmasmaoo.com\/index.php\/produit\/savon-johnsons\/#breadcrumb\",\"itemListElement\":[{\"@type\":\"ListItem\",\"position\":1,\"name\":\"Home\",\"item\":\"https:\/\/bmasmaoo.com\/\"},{\"@type\":\"ListItem\",\"position\":2,\"name\":\"Shop\",\"item\":\"https:\/\/bmasmaoo.com\/index.php\/boutique\/\"},{\"@type\":\"ListItem\",\"position\":3,\"name\":\"Savon Johnson&rsquo;s\"}]},{\"@type\":\"WebSite\",\"@id\":\"https:\/\/bmasmaoo.com\/#website\",\"url\":\"https:\/\/bmasmaoo.com\/\",\"name\":\"https:\/\/bmasmaoo.com\/\",\"description\":\"\",\"publisher\":{\"@id\":\"https:\/\/bmasmaoo.com\/#organization\"},\"potentialAction\":[{\"@type\":\"SearchAction\",\"target\":{\"@type\":\"EntryPoint\",\"urlTemplate\":\"https:\/\/bmasmaoo.com\/?s={search_term_string}\"},\"query-input\":{\"@type\":\"PropertyValueSpecification\",\"valueRequired\":true,\"valueName\":\"search_term_string\"}}],\"inLanguage\":\"fr-FR\"},{\"@type\":\"Organization\",\"@id\":\"https:\/\/bmasmaoo.com\/#organization\",\"name\":\"Bambinerie Maman Asmao\",\"url\":\"https:\/\/bmasmaoo.com\/\",\"logo\":{\"@type\":\"ImageObject\",\"inLanguage\":\"fr-FR\",\"@id\":\"https:\/\/bmasmaoo.com\/#\/schema\/logo\/image\/\",\"url\":\"https:\/\/bmasmaoo.com\/wp-content\/uploads\/2025\/11\/Generated-Image-November-12-2025-6_41PM.png\",\"contentUrl\":\"https:\/\/bmasmaoo.com\/wp-content\/uploads\/2025\/11\/Generated-Image-November-12-2025-6_41PM.png\",\"width\":608,\"height\":372,\"caption\":\"Bambinerie Maman Asmao\"},\"image\":{\"@id\":\"https:\/\/bmasmaoo.com\/#\/schema\/logo\/image\/\"},\"sameAs\":[\"https:\/\/www.facebook.com\/keacissediop\/?locale=fr_FR\",\"https:\/\/www.instagram.com\/bambineriemamanasmao\/?hl=fr\",\"https:\/\/www.tiktok.com\/@bambineriemamanasmao\"],\"telephone\":\"+221772474296\",\"legalName\":\"Bambinerie Maman Asmao\"}]}<\/script>\n<!-- \/ Yoast SEO Premium plugin. -->","yoast_head_json":{"title":"Savon Johnson's - Bambinerie Chez Maman Asmao","robots":{"index":"index","follow":"follow","max-snippet":"max-snippet:-1","max-image-preview":"max-image-preview:large","max-video-preview":"max-video-preview:-1"},"canonical":"https:\/\/bmasmaoo.com\/index.php\/produit\/savon-johnsons\/","og_locale":"fr_FR","og_type":"article","og_title":"Savon Johnson's","og_description":"Con\u00e7u pour nettoyer en douceur la peau d\u00e9licate des b\u00e9b\u00e9s et des enfants, mais il convient \u00e9galement aux adultes.\u00a0","og_url":"https:\/\/bmasmaoo.com\/index.php\/produit\/savon-johnsons\/","og_site_name":"Bambinerie Chez Maman Asmao","article_publisher":"https:\/\/www.facebook.com\/keacissediop\/?locale=fr_FR","og_image":[{"width":1080,"height":1080,"url":"https:\/\/bmasmaoo.com\/wp-content\/uploads\/2026\/01\/Johnson-6.png","type":"image\/png"}],"twitter_card":"summary_large_image","schema":{"@context":"https:\/\/schema.org","@graph":[{"@type":"WebPage","@id":"https:\/\/bmasmaoo.com\/index.php\/produit\/savon-johnsons\/","url":"https:\/\/bmasmaoo.com\/index.php\/produit\/savon-johnsons\/","name":"Savon Johnson's - Bambinerie Chez Maman Asmao","isPartOf":{"@id":"https:\/\/bmasmaoo.com\/#website"},"primaryImageOfPage":{"@id":"https:\/\/bmasmaoo.com\/index.php\/produit\/savon-johnsons\/#primaryimage"},"image":{"@id":"https:\/\/bmasmaoo.com\/index.php\/produit\/savon-johnsons\/#primaryimage"},"thumbnailUrl":"https:\/\/bmasmaoo.com\/wp-content\/uploads\/2026\/01\/Johnson-6.png","datePublished":"2026-01-03T17:23:45+00:00","breadcrumb":{"@id":"https:\/\/bmasmaoo.com\/index.php\/produit\/savon-johnsons\/#breadcrumb"},"inLanguage":"fr-FR","potentialAction":[{"@type":"ReadAction","target":["https:\/\/bmasmaoo.com\/index.php\/produit\/savon-johnsons\/"]}]},{"@type":"ImageObject","inLanguage":"fr-FR","@id":"https:\/\/bmasmaoo.com\/index.php\/produit\/savon-johnsons\/#primaryimage","url":"https:\/\/bmasmaoo.com\/wp-content\/uploads\/2026\/01\/Johnson-6.png","contentUrl":"https:\/\/bmasmaoo.com\/wp-content\/uploads\/2026\/01\/Johnson-6.png","width":1080,"height":1080},{"@type":"BreadcrumbList","@id":"https:\/\/bmasmaoo.com\/index.php\/produit\/savon-johnsons\/#breadcrumb","itemListElement":[{"@type":"ListItem","position":1,"name":"Home","item":"https:\/\/bmasmaoo.com\/"},{"@type":"ListItem","position":2,"name":"Shop","item":"https:\/\/bmasmaoo.com\/index.php\/boutique\/"},{"@type":"ListItem","position":3,"name":"Savon Johnson&rsquo;s"}]},{"@type":"WebSite","@id":"https:\/\/bmasmaoo.com\/#website","url":"https:\/\/bmasmaoo.com\/","name":"https:\/\/bmasmaoo.com\/","description":"","publisher":{"@id":"https:\/\/bmasmaoo.com\/#organization"},"potentialAction":[{"@type":"SearchAction","target":{"@type":"EntryPoint","urlTemplate":"https:\/\/bmasmaoo.com\/?s={search_term_string}"},"query-input":{"@type":"PropertyValueSpecification","valueRequired":true,"valueName":"search_term_string"}}],"inLanguage":"fr-FR"},{"@type":"Organization","@id":"https:\/\/bmasmaoo.com\/#organization","name":"Bambinerie Maman Asmao","url":"https:\/\/bmasmaoo.com\/","logo":{"@type":"ImageObject","inLanguage":"fr-FR","@id":"https:\/\/bmasmaoo.com\/#\/schema\/logo\/image\/","url":"https:\/\/bmasmaoo.com\/wp-content\/uploads\/2025\/11\/Generated-Image-November-12-2025-6_41PM.png","contentUrl":"https:\/\/bmasmaoo.com\/wp-content\/uploads\/2025\/11\/Generated-Image-November-12-2025-6_41PM.png","width":608,"height":372,"caption":"Bambinerie Maman Asmao"},"image":{"@id":"https:\/\/bmasmaoo.com\/#\/schema\/logo\/image\/"},"sameAs":["https:\/\/www.facebook.com\/keacissediop\/?locale=fr_FR","https:\/\/www.instagram.com\/bambineriemamanasmao\/?hl=fr","https:\/\/www.tiktok.com\/@bambineriemamanasmao"],"telephone":"+221772474296","legalName":"Bambinerie Maman Asmao"}]}},"_links":{"self":[{"href":"https:\/\/bmasmaoo.com\/index.php\/wp-json\/wp\/v2\/product\/3292","targetHints":{"allow":["GET"]}}],"collection":[{"href":"https:\/\/bmasmaoo.com\/index.php\/wp-json\/wp\/v2\/product"}],"about":[{"href":"https:\/\/bmasmaoo.com\/index.php\/wp-json\/wp\/v2\/types\/product"}],"version-history":[{"count":2,"href":"https:\/\/bmasmaoo.com\/index.php\/wp-json\/wp\/v2\/product\/3292\/revisions"}],"predecessor-version":[{"id":3296,"href":"https:\/\/bmasmaoo.com\/index.php\/wp-json\/wp\/v2\/product\/3292\/revisions\/3296"}],"wp:featuredmedia":[{"embeddable":true,"href":"https:\/\/bmasmaoo.com\/index.php\/wp-json\/wp\/v2\/media\/3293"}],"wp:attachment":[{"href":"https:\/\/bmasmaoo.com\/index.php\/wp-json\/wp\/v2\/media?parent=3292"}],"wp:term":[{"taxonomy":"product_brand","embeddable":true,"href":"https:\/\/bmasmaoo.com\/index.php\/wp-json\/wp\/v2\/product_brand?post=3292"},{"taxonomy":"product_cat","embeddable":true,"href":"https:\/\/bmasmaoo.com\/index.php\/wp-json\/wp\/v2\/product_cat?post=3292"},{"taxonomy":"product_tag","embeddable":true,"href":"https:\/\/bmasmaoo.com\/index.php\/wp-json\/wp\/v2\/product_tag?post=3292"}],"curies":[{"name":"wp","href":"https:\/\/api.w.org\/{rel}","templated":true}]}}