{"id":3269,"date":"2026-01-03T14:24:48","date_gmt":"2026-01-03T13:24:48","guid":{"rendered":"https:\/\/bmasmaoo.com\/?post_type=product&#038;p=3269"},"modified":"2026-01-03T14:25:09","modified_gmt":"2026-01-03T13:25:09","slug":"rocker-bassinet-mastela-5en1","status":"publish","type":"product","link":"https:\/\/bmasmaoo.com\/index.php\/produit\/rocker-bassinet-mastela-5en1\/","title":{"rendered":"Rocker + Bassinet Mastela 5en1"},"content":{"rendered":"<ul data-hveid=\"CBwQAQ\" data-ved=\"2ahUKEwjN4vvlue-RAxXLVaQEHV3VDpMQm_YKegQIHBAB\">\n<li><span data-huuid=\"4419037715939995521\"><strong>Polyvalence :<\/strong>\u00a0Se transforme facilement d&rsquo;un berceau ou d&rsquo;un couffin en un si\u00e8ge ou un transat pour tout-petit.<span class=\"pjBG2e\" data-cid=\"82cf9620-4a2b-4c09-9b41-f90a1c8697c0\"><span class=\"UV3uM\">\u00a0<\/span><\/span><\/span>\n<div class=\"NPrrbc\" data-cid=\"82cf9620-4a2b-4c09-9b41-f90a1c8697c0\" data-uuids=\"4419037715939995521\">\n<div class=\"BMebGe btku5b LwdV0e FR7ZSc OJeuxf\" role=\"button\" aria-label=\"Afficher les liens associ\u00e9s\" data-hveid=\"CBAQAQ\" data-ved=\"2ahUKEwjN4vvlue-RAxXLVaQEHV3VDpMQ3fYKegQIEBAB\">\n<div class=\"niO4u\"><\/div>\n<\/div>\n<\/div>\n<\/li>\n<li><span data-huuid=\"4419037715939995079\"><strong>Confort :<\/strong>\u00a0Dispose d&rsquo;un si\u00e8ge en peluche super doux, de vibrations apaisantes et de plusieurs positions d&rsquo;inclinaison pour le jeu ou le sommeil.<span class=\"pjBG2e\" data-cid=\"90c3771a-5573-4e4b-aeed-e13949a08e72\"><span class=\"UV3uM\">\u00a0<\/span><\/span><\/span>\n<div class=\"NPrrbc\" data-cid=\"90c3771a-5573-4e4b-aeed-e13949a08e72\" data-uuids=\"4419037715939995079\">\n<div class=\"BMebGe btku5b LwdV0e FR7ZSc OJeuxf\" role=\"button\" aria-label=\"Afficher les liens associ\u00e9s\" data-hveid=\"CBEQAQ\" data-ved=\"2ahUKEwjN4vvlue-RAxXLVaQEHV3VDpMQ3fYKegQIERAB\">\n<div class=\"niO4u\"><\/div>\n<\/div>\n<\/div>\n<\/li>\n<li><span data-huuid=\"4419037715939994637\"><strong>Portabilit\u00e9 :<\/strong>\u00a0L\u00e9ger et pliable, le couffin peut \u00eatre retir\u00e9 et utilis\u00e9 seul, ce qui le rend facile \u00e0 transporter.<span class=\"pjBG2e\" data-cid=\"dfd2efac-c961-402d-aaab-2bc5be451797\"><span class=\"UV3uM\">\u00a0<\/span><\/span><\/span>\n<div class=\"NPrrbc\" data-cid=\"dfd2efac-c961-402d-aaab-2bc5be451797\" data-uuids=\"4419037715939994637\">\n<div class=\"BMebGe btku5b LwdV0e FR7ZSc OJeuxf\" role=\"button\" aria-label=\"Afficher les liens associ\u00e9s\" data-hveid=\"CBIQAQ\" data-ved=\"2ahUKEwjN4vvlue-RAxXLVaQEHV3VDpMQ3fYKegQIEhAB\">\n<div class=\"niO4u\"><\/div>\n<\/div>\n<\/div>\n<\/li>\n<li><span data-huuid=\"4419037715939994195\"><strong>D\u00e9veloppement :<\/strong>\u00a0Comprend une barre de jouets flexible avec des jouets suspendus et de la musique pour stimuler les sens du b\u00e9b\u00e9.<span class=\"pjBG2e\" data-cid=\"42a8f03f-4ca3-4821-914d-6f94798ec899\"><span class=\"UV3uM\">\u00a0<\/span><\/span><\/span>\n<div class=\"NPrrbc\" data-cid=\"42a8f03f-4ca3-4821-914d-6f94798ec899\" data-uuids=\"4419037715939994195\">\n<div class=\"BMebGe btku5b LwdV0e FR7ZSc OJeuxf\" role=\"button\" aria-label=\"Afficher les liens associ\u00e9s\" data-hveid=\"CBgQAQ\" data-ved=\"2ahUKEwjN4vvlue-RAxXLVaQEHV3VDpMQ3fYKegQIGBAB\">\n<div class=\"niO4u\"><\/div>\n<\/div>\n<\/div>\n<\/li>\n<li><span data-huuid=\"4419037715939993753\"><strong>S\u00e9curit\u00e9 :<\/strong>\u00a0Con\u00e7u avec des mat\u00e9riaux s\u00fbrs et un harnais pour assurer le confort et la s\u00e9curit\u00e9 du b\u00e9b\u00e9.<span class=\"pjBG2e\" data-cid=\"2f1e6b1a-1dd3-43b8-841e-47a46e4b605a\"><span class=\"UV3uM\">\u00a0<\/span><\/span><\/span><\/li>\n<\/ul>\n","protected":false},"excerpt":{"rendered":"<p>Polyvalence :\u00a0Se transforme facilement d&rsquo;un berceau ou d&rsquo;un couffin en un si\u00e8ge ou un transat pour tout-petit.\u00a0 Confort :\u00a0Dispose d&rsquo;un<\/p>\n","protected":false},"featured_media":3274,"template":"","meta":[],"product_brand":[],"product_cat":[102,69],"product_tag":[],"class_list":{"0":"post-3269","1":"product","2":"type-product","3":"status-publish","4":"has-post-thumbnail","6":"product_cat-balancelles-et-transats","7":"product_cat-puericulture","9":"first","10":"instock","11":"shipping-taxable","12":"purchasable","13":"product-type-variable"},"yoast_head":"<!-- This site is optimized with the Yoast SEO Premium plugin v26.8 (Yoast SEO v26.8) - https:\/\/yoast.com\/product\/yoast-seo-premium-wordpress\/ -->\n<title>Rocker + Bassinet Mastela 5en1 - Bambinerie Chez Maman Asmao<\/title>\n<meta name=\"robots\" content=\"index, follow, max-snippet:-1, max-image-preview:large, max-video-preview:-1\" \/>\n<link rel=\"canonical\" href=\"https:\/\/bmasmaoo.com\/index.php\/produit\/rocker-bassinet-mastela-5en1\/\" \/>\n<meta property=\"og:locale\" content=\"fr_FR\" \/>\n<meta property=\"og:type\" content=\"article\" \/>\n<meta property=\"og:title\" content=\"Rocker + Bassinet Mastela 5en1\" \/>\n<meta property=\"og:description\" content=\"Polyvalence :\u00a0Se transforme facilement d&rsquo;un berceau ou d&rsquo;un couffin en un si\u00e8ge ou un transat pour tout-petit.\u00a0 Confort :\u00a0Dispose d&rsquo;un\" \/>\n<meta property=\"og:url\" content=\"https:\/\/bmasmaoo.com\/index.php\/produit\/rocker-bassinet-mastela-5en1\/\" \/>\n<meta property=\"og:site_name\" content=\"Bambinerie Chez Maman Asmao\" \/>\n<meta property=\"article:publisher\" content=\"https:\/\/www.facebook.com\/keacissediop\/?locale=fr_FR\" \/>\n<meta property=\"article:modified_time\" content=\"2026-01-03T13:25:09+00:00\" \/>\n<meta property=\"og:image\" content=\"https:\/\/bmasmaoo.com\/wp-content\/uploads\/2026\/01\/Design-sans-titre-45.png\" \/>\n\t<meta property=\"og:image:width\" content=\"1080\" \/>\n\t<meta property=\"og:image:height\" content=\"1080\" \/>\n\t<meta property=\"og:image:type\" content=\"image\/png\" \/>\n<meta name=\"twitter:card\" content=\"summary_large_image\" \/>\n<meta name=\"twitter:label1\" content=\"Dur\u00e9e de lecture estim\u00e9e\" \/>\n\t<meta name=\"twitter:data1\" content=\"1 minute\" \/>\n<script type=\"application\/ld+json\" class=\"yoast-schema-graph\">{\"@context\":\"https:\/\/schema.org\",\"@graph\":[{\"@type\":\"WebPage\",\"@id\":\"https:\/\/bmasmaoo.com\/index.php\/produit\/rocker-bassinet-mastela-5en1\/\",\"url\":\"https:\/\/bmasmaoo.com\/index.php\/produit\/rocker-bassinet-mastela-5en1\/\",\"name\":\"Rocker + Bassinet Mastela 5en1 - Bambinerie Chez Maman Asmao\",\"isPartOf\":{\"@id\":\"https:\/\/bmasmaoo.com\/#website\"},\"primaryImageOfPage\":{\"@id\":\"https:\/\/bmasmaoo.com\/index.php\/produit\/rocker-bassinet-mastela-5en1\/#primaryimage\"},\"image\":{\"@id\":\"https:\/\/bmasmaoo.com\/index.php\/produit\/rocker-bassinet-mastela-5en1\/#primaryimage\"},\"thumbnailUrl\":\"https:\/\/bmasmaoo.com\/wp-content\/uploads\/2026\/01\/Design-sans-titre-45.png\",\"datePublished\":\"2026-01-03T13:24:48+00:00\",\"dateModified\":\"2026-01-03T13:25:09+00:00\",\"breadcrumb\":{\"@id\":\"https:\/\/bmasmaoo.com\/index.php\/produit\/rocker-bassinet-mastela-5en1\/#breadcrumb\"},\"inLanguage\":\"fr-FR\",\"potentialAction\":[{\"@type\":\"ReadAction\",\"target\":[\"https:\/\/bmasmaoo.com\/index.php\/produit\/rocker-bassinet-mastela-5en1\/\"]}]},{\"@type\":\"ImageObject\",\"inLanguage\":\"fr-FR\",\"@id\":\"https:\/\/bmasmaoo.com\/index.php\/produit\/rocker-bassinet-mastela-5en1\/#primaryimage\",\"url\":\"https:\/\/bmasmaoo.com\/wp-content\/uploads\/2026\/01\/Design-sans-titre-45.png\",\"contentUrl\":\"https:\/\/bmasmaoo.com\/wp-content\/uploads\/2026\/01\/Design-sans-titre-45.png\",\"width\":1080,\"height\":1080},{\"@type\":\"BreadcrumbList\",\"@id\":\"https:\/\/bmasmaoo.com\/index.php\/produit\/rocker-bassinet-mastela-5en1\/#breadcrumb\",\"itemListElement\":[{\"@type\":\"ListItem\",\"position\":1,\"name\":\"Home\",\"item\":\"https:\/\/bmasmaoo.com\/\"},{\"@type\":\"ListItem\",\"position\":2,\"name\":\"Shop\",\"item\":\"https:\/\/bmasmaoo.com\/index.php\/boutique\/\"},{\"@type\":\"ListItem\",\"position\":3,\"name\":\"Rocker + Bassinet Mastela 5en1\"}]},{\"@type\":\"WebSite\",\"@id\":\"https:\/\/bmasmaoo.com\/#website\",\"url\":\"https:\/\/bmasmaoo.com\/\",\"name\":\"https:\/\/bmasmaoo.com\/\",\"description\":\"\",\"publisher\":{\"@id\":\"https:\/\/bmasmaoo.com\/#organization\"},\"potentialAction\":[{\"@type\":\"SearchAction\",\"target\":{\"@type\":\"EntryPoint\",\"urlTemplate\":\"https:\/\/bmasmaoo.com\/?s={search_term_string}\"},\"query-input\":{\"@type\":\"PropertyValueSpecification\",\"valueRequired\":true,\"valueName\":\"search_term_string\"}}],\"inLanguage\":\"fr-FR\"},{\"@type\":\"Organization\",\"@id\":\"https:\/\/bmasmaoo.com\/#organization\",\"name\":\"Bambinerie Maman Asmao\",\"url\":\"https:\/\/bmasmaoo.com\/\",\"logo\":{\"@type\":\"ImageObject\",\"inLanguage\":\"fr-FR\",\"@id\":\"https:\/\/bmasmaoo.com\/#\/schema\/logo\/image\/\",\"url\":\"https:\/\/bmasmaoo.com\/wp-content\/uploads\/2025\/11\/Generated-Image-November-12-2025-6_41PM.png\",\"contentUrl\":\"https:\/\/bmasmaoo.com\/wp-content\/uploads\/2025\/11\/Generated-Image-November-12-2025-6_41PM.png\",\"width\":608,\"height\":372,\"caption\":\"Bambinerie Maman Asmao\"},\"image\":{\"@id\":\"https:\/\/bmasmaoo.com\/#\/schema\/logo\/image\/\"},\"sameAs\":[\"https:\/\/www.facebook.com\/keacissediop\/?locale=fr_FR\",\"https:\/\/www.instagram.com\/bambineriemamanasmao\/?hl=fr\",\"https:\/\/www.tiktok.com\/@bambineriemamanasmao\"],\"telephone\":\"+221772474296\",\"legalName\":\"Bambinerie Maman Asmao\"}]}<\/script>\n<!-- \/ Yoast SEO Premium plugin. -->","yoast_head_json":{"title":"Rocker + Bassinet Mastela 5en1 - Bambinerie Chez Maman Asmao","robots":{"index":"index","follow":"follow","max-snippet":"max-snippet:-1","max-image-preview":"max-image-preview:large","max-video-preview":"max-video-preview:-1"},"canonical":"https:\/\/bmasmaoo.com\/index.php\/produit\/rocker-bassinet-mastela-5en1\/","og_locale":"fr_FR","og_type":"article","og_title":"Rocker + Bassinet Mastela 5en1","og_description":"Polyvalence :\u00a0Se transforme facilement d&rsquo;un berceau ou d&rsquo;un couffin en un si\u00e8ge ou un transat pour tout-petit.\u00a0 Confort :\u00a0Dispose d&rsquo;un","og_url":"https:\/\/bmasmaoo.com\/index.php\/produit\/rocker-bassinet-mastela-5en1\/","og_site_name":"Bambinerie Chez Maman Asmao","article_publisher":"https:\/\/www.facebook.com\/keacissediop\/?locale=fr_FR","article_modified_time":"2026-01-03T13:25:09+00:00","og_image":[{"width":1080,"height":1080,"url":"https:\/\/bmasmaoo.com\/wp-content\/uploads\/2026\/01\/Design-sans-titre-45.png","type":"image\/png"}],"twitter_card":"summary_large_image","twitter_misc":{"Dur\u00e9e de lecture estim\u00e9e":"1 minute"},"schema":{"@context":"https:\/\/schema.org","@graph":[{"@type":"WebPage","@id":"https:\/\/bmasmaoo.com\/index.php\/produit\/rocker-bassinet-mastela-5en1\/","url":"https:\/\/bmasmaoo.com\/index.php\/produit\/rocker-bassinet-mastela-5en1\/","name":"Rocker + Bassinet Mastela 5en1 - Bambinerie Chez Maman Asmao","isPartOf":{"@id":"https:\/\/bmasmaoo.com\/#website"},"primaryImageOfPage":{"@id":"https:\/\/bmasmaoo.com\/index.php\/produit\/rocker-bassinet-mastela-5en1\/#primaryimage"},"image":{"@id":"https:\/\/bmasmaoo.com\/index.php\/produit\/rocker-bassinet-mastela-5en1\/#primaryimage"},"thumbnailUrl":"https:\/\/bmasmaoo.com\/wp-content\/uploads\/2026\/01\/Design-sans-titre-45.png","datePublished":"2026-01-03T13:24:48+00:00","dateModified":"2026-01-03T13:25:09+00:00","breadcrumb":{"@id":"https:\/\/bmasmaoo.com\/index.php\/produit\/rocker-bassinet-mastela-5en1\/#breadcrumb"},"inLanguage":"fr-FR","potentialAction":[{"@type":"ReadAction","target":["https:\/\/bmasmaoo.com\/index.php\/produit\/rocker-bassinet-mastela-5en1\/"]}]},{"@type":"ImageObject","inLanguage":"fr-FR","@id":"https:\/\/bmasmaoo.com\/index.php\/produit\/rocker-bassinet-mastela-5en1\/#primaryimage","url":"https:\/\/bmasmaoo.com\/wp-content\/uploads\/2026\/01\/Design-sans-titre-45.png","contentUrl":"https:\/\/bmasmaoo.com\/wp-content\/uploads\/2026\/01\/Design-sans-titre-45.png","width":1080,"height":1080},{"@type":"BreadcrumbList","@id":"https:\/\/bmasmaoo.com\/index.php\/produit\/rocker-bassinet-mastela-5en1\/#breadcrumb","itemListElement":[{"@type":"ListItem","position":1,"name":"Home","item":"https:\/\/bmasmaoo.com\/"},{"@type":"ListItem","position":2,"name":"Shop","item":"https:\/\/bmasmaoo.com\/index.php\/boutique\/"},{"@type":"ListItem","position":3,"name":"Rocker + Bassinet Mastela 5en1"}]},{"@type":"WebSite","@id":"https:\/\/bmasmaoo.com\/#website","url":"https:\/\/bmasmaoo.com\/","name":"https:\/\/bmasmaoo.com\/","description":"","publisher":{"@id":"https:\/\/bmasmaoo.com\/#organization"},"potentialAction":[{"@type":"SearchAction","target":{"@type":"EntryPoint","urlTemplate":"https:\/\/bmasmaoo.com\/?s={search_term_string}"},"query-input":{"@type":"PropertyValueSpecification","valueRequired":true,"valueName":"search_term_string"}}],"inLanguage":"fr-FR"},{"@type":"Organization","@id":"https:\/\/bmasmaoo.com\/#organization","name":"Bambinerie Maman Asmao","url":"https:\/\/bmasmaoo.com\/","logo":{"@type":"ImageObject","inLanguage":"fr-FR","@id":"https:\/\/bmasmaoo.com\/#\/schema\/logo\/image\/","url":"https:\/\/bmasmaoo.com\/wp-content\/uploads\/2025\/11\/Generated-Image-November-12-2025-6_41PM.png","contentUrl":"https:\/\/bmasmaoo.com\/wp-content\/uploads\/2025\/11\/Generated-Image-November-12-2025-6_41PM.png","width":608,"height":372,"caption":"Bambinerie Maman Asmao"},"image":{"@id":"https:\/\/bmasmaoo.com\/#\/schema\/logo\/image\/"},"sameAs":["https:\/\/www.facebook.com\/keacissediop\/?locale=fr_FR","https:\/\/www.instagram.com\/bambineriemamanasmao\/?hl=fr","https:\/\/www.tiktok.com\/@bambineriemamanasmao"],"telephone":"+221772474296","legalName":"Bambinerie Maman Asmao"}]}},"_links":{"self":[{"href":"https:\/\/bmasmaoo.com\/index.php\/wp-json\/wp\/v2\/product\/3269","targetHints":{"allow":["GET"]}}],"collection":[{"href":"https:\/\/bmasmaoo.com\/index.php\/wp-json\/wp\/v2\/product"}],"about":[{"href":"https:\/\/bmasmaoo.com\/index.php\/wp-json\/wp\/v2\/types\/product"}],"version-history":[{"count":2,"href":"https:\/\/bmasmaoo.com\/index.php\/wp-json\/wp\/v2\/product\/3269\/revisions"}],"predecessor-version":[{"id":3282,"href":"https:\/\/bmasmaoo.com\/index.php\/wp-json\/wp\/v2\/product\/3269\/revisions\/3282"}],"wp:featuredmedia":[{"embeddable":true,"href":"https:\/\/bmasmaoo.com\/index.php\/wp-json\/wp\/v2\/media\/3274"}],"wp:attachment":[{"href":"https:\/\/bmasmaoo.com\/index.php\/wp-json\/wp\/v2\/media?parent=3269"}],"wp:term":[{"taxonomy":"product_brand","embeddable":true,"href":"https:\/\/bmasmaoo.com\/index.php\/wp-json\/wp\/v2\/product_brand?post=3269"},{"taxonomy":"product_cat","embeddable":true,"href":"https:\/\/bmasmaoo.com\/index.php\/wp-json\/wp\/v2\/product_cat?post=3269"},{"taxonomy":"product_tag","embeddable":true,"href":"https:\/\/bmasmaoo.com\/index.php\/wp-json\/wp\/v2\/product_tag?post=3269"}],"curies":[{"name":"wp","href":"https:\/\/api.w.org\/{rel}","templated":true}]}}