{"id":3008,"date":"2025-12-24T14:59:20","date_gmt":"2025-12-24T13:59:20","guid":{"rendered":"https:\/\/bmasmaoo.com\/?post_type=product&#038;p=3008"},"modified":"2025-12-24T17:25:43","modified_gmt":"2025-12-24T16:25:43","slug":"bout-de-sein-lansinoh-lot-de-2","status":"publish","type":"product","link":"https:\/\/bmasmaoo.com\/index.php\/produit\/bout-de-sein-lansinoh-lot-de-2\/","title":{"rendered":"Bout de sein Lansinoh Lot de 2"},"content":{"rendered":"<ul class=\"KsbFXc U6u95\" data-processed=\"true\" data-complete=\"true\">\n<li data-hveid=\"CAQQAA\" data-complete=\"true\" data-sae=\"\"><span class=\"T286Pc\" data-sfc-cp=\"\" data-complete=\"true\"><strong class=\"Yjhzub\" data-complete=\"true\">Taille :<\/strong>\u00a02 (24 mm).<\/span><\/li>\n<li data-hveid=\"CAQQAQ\" data-sae=\"\" data-complete=\"true\"><span class=\"T286Pc\" data-sfc-cp=\"\" data-complete=\"true\"><strong class=\"Yjhzub\" data-complete=\"true\">Mat\u00e9riau :<\/strong>\u00a0100 % silicone de qualit\u00e9 m\u00e9dicale.<\/span><\/li>\n<li data-hveid=\"CAQQAg\" data-complete=\"true\" data-processed=\"true\" data-sae=\"\"><span class=\"T286Pc\" data-sfc-cp=\"\" data-complete=\"true\"><strong class=\"Yjhzub\" data-complete=\"true\">Conception :<\/strong>\u00a0Une d\u00e9coupe sp\u00e9ciale maximise le contact peau \u00e0 peau entre la m\u00e8re et le b\u00e9b\u00e9.<\/span><\/li>\n<li data-hveid=\"CAQQAw\" data-complete=\"true\" data-processed=\"true\" data-sae=\"\"><span class=\"T286Pc\" data-sfc-cp=\"\" data-complete=\"true\"><strong class=\"Yjhzub\" data-complete=\"true\">Utilisation :<\/strong>\u00a0Aide en cas de difficult\u00e9s de verrouillage, de mamelons plats\/invers\u00e9s, de frein de langue ou d&rsquo;\u00e9coulement excessif de lait.<\/span><\/li>\n<li data-hveid=\"CAQQBA\" data-complete=\"true\" data-processed=\"true\" data-sae=\"\"><span class=\"T286Pc\" data-sfc-cp=\"\" data-complete=\"true\"><strong class=\"Yjhzub\" data-complete=\"true\">Inclus :<\/strong>\u00a0Chaque paquet contient deux prot\u00e8ge-mamelons et un \u00e9tui de protection hygi\u00e9nique pour le rangement.<\/span><\/li>\n<\/ul>\n","protected":false},"excerpt":{"rendered":"<p>Ils sont con\u00e7us pour aider \u00e0 surmonter les difficult\u00e9s d&rsquo;allaitement \u00e0 court terme, comme les probl\u00e8mes de prise du sein li\u00e9s aux b\u00e9b\u00e9s pr\u00e9matur\u00e9s, aux mamelons plats ou invers\u00e9s. Ils sont ultra-fins, super doux, flexibles et fabriqu\u00e9s en silicone sans BPA ni BPS.<\/p>\n","protected":false},"featured_media":3009,"template":"","meta":[],"product_brand":[],"product_cat":[59,86],"product_tag":[],"class_list":{"0":"post-3008","1":"product","2":"type-product","3":"status-publish","4":"has-post-thumbnail","6":"product_cat-espace-maman","7":"product_cat-coussinets-dallaitement-bouts-de-sein","9":"first","10":"instock","11":"shipping-taxable","12":"purchasable","13":"product-type-simple"},"yoast_head":"<!-- This site is optimized with the Yoast SEO Premium plugin v26.8 (Yoast SEO v26.8) - https:\/\/yoast.com\/product\/yoast-seo-premium-wordpress\/ -->\n<title>Bout de sein Lansinoh Lot de 2 - Bambinerie Chez Maman Asmao<\/title>\n<meta name=\"robots\" content=\"index, follow, max-snippet:-1, max-image-preview:large, max-video-preview:-1\" \/>\n<link rel=\"canonical\" href=\"https:\/\/bmasmaoo.com\/index.php\/produit\/bout-de-sein-lansinoh-lot-de-2\/\" \/>\n<meta property=\"og:locale\" content=\"fr_FR\" \/>\n<meta property=\"og:type\" content=\"article\" \/>\n<meta property=\"og:title\" content=\"Bout de sein Lansinoh Lot de 2\" \/>\n<meta property=\"og:description\" content=\"Ils sont con\u00e7us pour aider \u00e0 surmonter les difficult\u00e9s d&#039;allaitement \u00e0 court terme, comme les probl\u00e8mes de prise du sein li\u00e9s aux b\u00e9b\u00e9s pr\u00e9matur\u00e9s, aux mamelons plats ou invers\u00e9s. Ils sont ultra-fins, super doux, flexibles et fabriqu\u00e9s en silicone sans BPA ni BPS.\" \/>\n<meta property=\"og:url\" content=\"https:\/\/bmasmaoo.com\/index.php\/produit\/bout-de-sein-lansinoh-lot-de-2\/\" \/>\n<meta property=\"og:site_name\" content=\"Bambinerie Chez Maman Asmao\" \/>\n<meta property=\"article:publisher\" content=\"https:\/\/www.facebook.com\/keacissediop\/?locale=fr_FR\" \/>\n<meta property=\"article:modified_time\" content=\"2025-12-24T16:25:43+00:00\" \/>\n<meta property=\"og:image\" content=\"https:\/\/bmasmaoo.com\/wp-content\/uploads\/2025\/12\/Design-sans-titre-72-1.png\" \/>\n\t<meta property=\"og:image:width\" content=\"1080\" \/>\n\t<meta property=\"og:image:height\" content=\"1080\" \/>\n\t<meta property=\"og:image:type\" content=\"image\/png\" \/>\n<meta name=\"twitter:card\" content=\"summary_large_image\" \/>\n<script type=\"application\/ld+json\" class=\"yoast-schema-graph\">{\"@context\":\"https:\/\/schema.org\",\"@graph\":[{\"@type\":\"WebPage\",\"@id\":\"https:\/\/bmasmaoo.com\/index.php\/produit\/bout-de-sein-lansinoh-lot-de-2\/\",\"url\":\"https:\/\/bmasmaoo.com\/index.php\/produit\/bout-de-sein-lansinoh-lot-de-2\/\",\"name\":\"Bout de sein Lansinoh Lot de 2 - Bambinerie Chez Maman Asmao\",\"isPartOf\":{\"@id\":\"https:\/\/bmasmaoo.com\/#website\"},\"primaryImageOfPage\":{\"@id\":\"https:\/\/bmasmaoo.com\/index.php\/produit\/bout-de-sein-lansinoh-lot-de-2\/#primaryimage\"},\"image\":{\"@id\":\"https:\/\/bmasmaoo.com\/index.php\/produit\/bout-de-sein-lansinoh-lot-de-2\/#primaryimage\"},\"thumbnailUrl\":\"https:\/\/bmasmaoo.com\/wp-content\/uploads\/2025\/12\/Design-sans-titre-72-1.png\",\"datePublished\":\"2025-12-24T13:59:20+00:00\",\"dateModified\":\"2025-12-24T16:25:43+00:00\",\"breadcrumb\":{\"@id\":\"https:\/\/bmasmaoo.com\/index.php\/produit\/bout-de-sein-lansinoh-lot-de-2\/#breadcrumb\"},\"inLanguage\":\"fr-FR\",\"potentialAction\":[{\"@type\":\"ReadAction\",\"target\":[\"https:\/\/bmasmaoo.com\/index.php\/produit\/bout-de-sein-lansinoh-lot-de-2\/\"]}]},{\"@type\":\"ImageObject\",\"inLanguage\":\"fr-FR\",\"@id\":\"https:\/\/bmasmaoo.com\/index.php\/produit\/bout-de-sein-lansinoh-lot-de-2\/#primaryimage\",\"url\":\"https:\/\/bmasmaoo.com\/wp-content\/uploads\/2025\/12\/Design-sans-titre-72-1.png\",\"contentUrl\":\"https:\/\/bmasmaoo.com\/wp-content\/uploads\/2025\/12\/Design-sans-titre-72-1.png\",\"width\":1080,\"height\":1080},{\"@type\":\"BreadcrumbList\",\"@id\":\"https:\/\/bmasmaoo.com\/index.php\/produit\/bout-de-sein-lansinoh-lot-de-2\/#breadcrumb\",\"itemListElement\":[{\"@type\":\"ListItem\",\"position\":1,\"name\":\"Home\",\"item\":\"https:\/\/bmasmaoo.com\/\"},{\"@type\":\"ListItem\",\"position\":2,\"name\":\"Shop\",\"item\":\"https:\/\/bmasmaoo.com\/index.php\/boutique\/\"},{\"@type\":\"ListItem\",\"position\":3,\"name\":\"Bout de sein Lansinoh Lot de 2\"}]},{\"@type\":\"WebSite\",\"@id\":\"https:\/\/bmasmaoo.com\/#website\",\"url\":\"https:\/\/bmasmaoo.com\/\",\"name\":\"https:\/\/bmasmaoo.com\/\",\"description\":\"\",\"publisher\":{\"@id\":\"https:\/\/bmasmaoo.com\/#organization\"},\"potentialAction\":[{\"@type\":\"SearchAction\",\"target\":{\"@type\":\"EntryPoint\",\"urlTemplate\":\"https:\/\/bmasmaoo.com\/?s={search_term_string}\"},\"query-input\":{\"@type\":\"PropertyValueSpecification\",\"valueRequired\":true,\"valueName\":\"search_term_string\"}}],\"inLanguage\":\"fr-FR\"},{\"@type\":\"Organization\",\"@id\":\"https:\/\/bmasmaoo.com\/#organization\",\"name\":\"Bambinerie Maman Asmao\",\"url\":\"https:\/\/bmasmaoo.com\/\",\"logo\":{\"@type\":\"ImageObject\",\"inLanguage\":\"fr-FR\",\"@id\":\"https:\/\/bmasmaoo.com\/#\/schema\/logo\/image\/\",\"url\":\"https:\/\/bmasmaoo.com\/wp-content\/uploads\/2025\/11\/Generated-Image-November-12-2025-6_41PM.png\",\"contentUrl\":\"https:\/\/bmasmaoo.com\/wp-content\/uploads\/2025\/11\/Generated-Image-November-12-2025-6_41PM.png\",\"width\":608,\"height\":372,\"caption\":\"Bambinerie Maman Asmao\"},\"image\":{\"@id\":\"https:\/\/bmasmaoo.com\/#\/schema\/logo\/image\/\"},\"sameAs\":[\"https:\/\/www.facebook.com\/keacissediop\/?locale=fr_FR\",\"https:\/\/www.instagram.com\/bambineriemamanasmao\/?hl=fr\",\"https:\/\/www.tiktok.com\/@bambineriemamanasmao\"],\"telephone\":\"+221772474296\",\"legalName\":\"Bambinerie Maman Asmao\"}]}<\/script>\n<!-- \/ Yoast SEO Premium plugin. -->","yoast_head_json":{"title":"Bout de sein Lansinoh Lot de 2 - Bambinerie Chez Maman Asmao","robots":{"index":"index","follow":"follow","max-snippet":"max-snippet:-1","max-image-preview":"max-image-preview:large","max-video-preview":"max-video-preview:-1"},"canonical":"https:\/\/bmasmaoo.com\/index.php\/produit\/bout-de-sein-lansinoh-lot-de-2\/","og_locale":"fr_FR","og_type":"article","og_title":"Bout de sein Lansinoh Lot de 2","og_description":"Ils sont con\u00e7us pour aider \u00e0 surmonter les difficult\u00e9s d'allaitement \u00e0 court terme, comme les probl\u00e8mes de prise du sein li\u00e9s aux b\u00e9b\u00e9s pr\u00e9matur\u00e9s, aux mamelons plats ou invers\u00e9s. Ils sont ultra-fins, super doux, flexibles et fabriqu\u00e9s en silicone sans BPA ni BPS.","og_url":"https:\/\/bmasmaoo.com\/index.php\/produit\/bout-de-sein-lansinoh-lot-de-2\/","og_site_name":"Bambinerie Chez Maman Asmao","article_publisher":"https:\/\/www.facebook.com\/keacissediop\/?locale=fr_FR","article_modified_time":"2025-12-24T16:25:43+00:00","og_image":[{"width":1080,"height":1080,"url":"https:\/\/bmasmaoo.com\/wp-content\/uploads\/2025\/12\/Design-sans-titre-72-1.png","type":"image\/png"}],"twitter_card":"summary_large_image","schema":{"@context":"https:\/\/schema.org","@graph":[{"@type":"WebPage","@id":"https:\/\/bmasmaoo.com\/index.php\/produit\/bout-de-sein-lansinoh-lot-de-2\/","url":"https:\/\/bmasmaoo.com\/index.php\/produit\/bout-de-sein-lansinoh-lot-de-2\/","name":"Bout de sein Lansinoh Lot de 2 - Bambinerie Chez Maman Asmao","isPartOf":{"@id":"https:\/\/bmasmaoo.com\/#website"},"primaryImageOfPage":{"@id":"https:\/\/bmasmaoo.com\/index.php\/produit\/bout-de-sein-lansinoh-lot-de-2\/#primaryimage"},"image":{"@id":"https:\/\/bmasmaoo.com\/index.php\/produit\/bout-de-sein-lansinoh-lot-de-2\/#primaryimage"},"thumbnailUrl":"https:\/\/bmasmaoo.com\/wp-content\/uploads\/2025\/12\/Design-sans-titre-72-1.png","datePublished":"2025-12-24T13:59:20+00:00","dateModified":"2025-12-24T16:25:43+00:00","breadcrumb":{"@id":"https:\/\/bmasmaoo.com\/index.php\/produit\/bout-de-sein-lansinoh-lot-de-2\/#breadcrumb"},"inLanguage":"fr-FR","potentialAction":[{"@type":"ReadAction","target":["https:\/\/bmasmaoo.com\/index.php\/produit\/bout-de-sein-lansinoh-lot-de-2\/"]}]},{"@type":"ImageObject","inLanguage":"fr-FR","@id":"https:\/\/bmasmaoo.com\/index.php\/produit\/bout-de-sein-lansinoh-lot-de-2\/#primaryimage","url":"https:\/\/bmasmaoo.com\/wp-content\/uploads\/2025\/12\/Design-sans-titre-72-1.png","contentUrl":"https:\/\/bmasmaoo.com\/wp-content\/uploads\/2025\/12\/Design-sans-titre-72-1.png","width":1080,"height":1080},{"@type":"BreadcrumbList","@id":"https:\/\/bmasmaoo.com\/index.php\/produit\/bout-de-sein-lansinoh-lot-de-2\/#breadcrumb","itemListElement":[{"@type":"ListItem","position":1,"name":"Home","item":"https:\/\/bmasmaoo.com\/"},{"@type":"ListItem","position":2,"name":"Shop","item":"https:\/\/bmasmaoo.com\/index.php\/boutique\/"},{"@type":"ListItem","position":3,"name":"Bout de sein Lansinoh Lot de 2"}]},{"@type":"WebSite","@id":"https:\/\/bmasmaoo.com\/#website","url":"https:\/\/bmasmaoo.com\/","name":"https:\/\/bmasmaoo.com\/","description":"","publisher":{"@id":"https:\/\/bmasmaoo.com\/#organization"},"potentialAction":[{"@type":"SearchAction","target":{"@type":"EntryPoint","urlTemplate":"https:\/\/bmasmaoo.com\/?s={search_term_string}"},"query-input":{"@type":"PropertyValueSpecification","valueRequired":true,"valueName":"search_term_string"}}],"inLanguage":"fr-FR"},{"@type":"Organization","@id":"https:\/\/bmasmaoo.com\/#organization","name":"Bambinerie Maman Asmao","url":"https:\/\/bmasmaoo.com\/","logo":{"@type":"ImageObject","inLanguage":"fr-FR","@id":"https:\/\/bmasmaoo.com\/#\/schema\/logo\/image\/","url":"https:\/\/bmasmaoo.com\/wp-content\/uploads\/2025\/11\/Generated-Image-November-12-2025-6_41PM.png","contentUrl":"https:\/\/bmasmaoo.com\/wp-content\/uploads\/2025\/11\/Generated-Image-November-12-2025-6_41PM.png","width":608,"height":372,"caption":"Bambinerie Maman Asmao"},"image":{"@id":"https:\/\/bmasmaoo.com\/#\/schema\/logo\/image\/"},"sameAs":["https:\/\/www.facebook.com\/keacissediop\/?locale=fr_FR","https:\/\/www.instagram.com\/bambineriemamanasmao\/?hl=fr","https:\/\/www.tiktok.com\/@bambineriemamanasmao"],"telephone":"+221772474296","legalName":"Bambinerie Maman Asmao"}]}},"_links":{"self":[{"href":"https:\/\/bmasmaoo.com\/index.php\/wp-json\/wp\/v2\/product\/3008","targetHints":{"allow":["GET"]}}],"collection":[{"href":"https:\/\/bmasmaoo.com\/index.php\/wp-json\/wp\/v2\/product"}],"about":[{"href":"https:\/\/bmasmaoo.com\/index.php\/wp-json\/wp\/v2\/types\/product"}],"version-history":[{"count":1,"href":"https:\/\/bmasmaoo.com\/index.php\/wp-json\/wp\/v2\/product\/3008\/revisions"}],"predecessor-version":[{"id":3011,"href":"https:\/\/bmasmaoo.com\/index.php\/wp-json\/wp\/v2\/product\/3008\/revisions\/3011"}],"wp:featuredmedia":[{"embeddable":true,"href":"https:\/\/bmasmaoo.com\/index.php\/wp-json\/wp\/v2\/media\/3009"}],"wp:attachment":[{"href":"https:\/\/bmasmaoo.com\/index.php\/wp-json\/wp\/v2\/media?parent=3008"}],"wp:term":[{"taxonomy":"product_brand","embeddable":true,"href":"https:\/\/bmasmaoo.com\/index.php\/wp-json\/wp\/v2\/product_brand?post=3008"},{"taxonomy":"product_cat","embeddable":true,"href":"https:\/\/bmasmaoo.com\/index.php\/wp-json\/wp\/v2\/product_cat?post=3008"},{"taxonomy":"product_tag","embeddable":true,"href":"https:\/\/bmasmaoo.com\/index.php\/wp-json\/wp\/v2\/product_tag?post=3008"}],"curies":[{"name":"wp","href":"https:\/\/api.w.org\/{rel}","templated":true}]}}