{"id":2874,"date":"2025-12-13T19:40:17","date_gmt":"2025-12-13T18:40:17","guid":{"rendered":"https:\/\/bmasmaoo.com\/?post_type=product&#038;p=2874"},"modified":"2026-01-03T14:38:51","modified_gmt":"2026-01-03T13:38:51","slug":"balancelle-portable-deluxe-mastela","status":"publish","type":"product","link":"https:\/\/bmasmaoo.com\/index.php\/produit\/balancelle-portable-deluxe-mastela\/","title":{"rendered":"Balancelle portable Deluxe \u2013 Mastela"},"content":{"rendered":"<ul data-hveid=\"CBAQAQ\" data-ved=\"2ahUKEwiEneWUmbuRAxXwRaQEHY7JARcQm_YKegQIEBAB\">\n<li><span data-huuid=\"6486991943884587811\">Elle dispose de 5 vitesses de balancement.<\/span><\/li>\n<li>7 m\u00e9lodies et 3 son naturel<\/li>\n<li><span data-huuid=\"6486991943884588905\">Elle peut fonctionner avec 4 piles AA ou via un c\u00e2ble USB.<\/span><\/li>\n<li><span data-huuid=\"6486991943884590635\">Se pile facilement pour le transport et le rangement.<\/span><\/li>\n<li>Barre \u00e0 jouets pivotante et amovible.<\/li>\n<\/ul>\n","protected":false},"excerpt":{"rendered":"<p>B\u00e9b\u00e9 3-11kg &#8211; Non recommand\u00e9 pour les enfants qui peuvent s&rsquo;asseoir par leurs propres moyens(9mois environ)<\/p>\n","protected":false},"featured_media":2878,"template":"","meta":[],"product_brand":[],"product_cat":[102,69],"product_tag":[],"class_list":{"0":"post-2874","1":"product","2":"type-product","3":"status-publish","4":"has-post-thumbnail","6":"product_cat-balancelles-et-transats","7":"product_cat-puericulture","9":"first","10":"instock","11":"shipping-taxable","12":"purchasable","13":"product-type-variable"},"yoast_head":"<!-- This site is optimized with the Yoast SEO Premium plugin v26.8 (Yoast SEO v26.8) - https:\/\/yoast.com\/product\/yoast-seo-premium-wordpress\/ -->\n<title>Balancelle portable Deluxe \u2013 Mastela - Bambinerie Chez Maman Asmao<\/title>\n<meta name=\"robots\" content=\"index, follow, max-snippet:-1, max-image-preview:large, max-video-preview:-1\" \/>\n<link rel=\"canonical\" href=\"https:\/\/bmasmaoo.com\/index.php\/produit\/balancelle-portable-deluxe-mastela\/\" \/>\n<meta property=\"og:locale\" content=\"fr_FR\" \/>\n<meta property=\"og:type\" content=\"article\" \/>\n<meta property=\"og:title\" content=\"Balancelle portable Deluxe \u2013 Mastela\" \/>\n<meta property=\"og:description\" content=\"B\u00e9b\u00e9 3-11kg - Non recommand\u00e9 pour les enfants qui peuvent s&#039;asseoir par leurs propres moyens(9mois environ)\" \/>\n<meta property=\"og:url\" content=\"https:\/\/bmasmaoo.com\/index.php\/produit\/balancelle-portable-deluxe-mastela\/\" \/>\n<meta property=\"og:site_name\" content=\"Bambinerie Chez Maman Asmao\" \/>\n<meta property=\"article:publisher\" content=\"https:\/\/www.facebook.com\/keacissediop\/?locale=fr_FR\" \/>\n<meta property=\"article:modified_time\" content=\"2026-01-03T13:38:51+00:00\" \/>\n<meta property=\"og:image\" content=\"https:\/\/bmasmaoo.com\/wp-content\/uploads\/2025\/12\/IMG-20241118-WA0034.jpg\" \/>\n\t<meta property=\"og:image:width\" content=\"799\" \/>\n\t<meta property=\"og:image:height\" content=\"799\" \/>\n\t<meta property=\"og:image:type\" content=\"image\/jpeg\" \/>\n<meta name=\"twitter:card\" content=\"summary_large_image\" \/>\n<script type=\"application\/ld+json\" class=\"yoast-schema-graph\">{\"@context\":\"https:\/\/schema.org\",\"@graph\":[{\"@type\":\"WebPage\",\"@id\":\"https:\/\/bmasmaoo.com\/index.php\/produit\/balancelle-portable-deluxe-mastela\/\",\"url\":\"https:\/\/bmasmaoo.com\/index.php\/produit\/balancelle-portable-deluxe-mastela\/\",\"name\":\"Balancelle portable Deluxe \u2013 Mastela - Bambinerie Chez Maman Asmao\",\"isPartOf\":{\"@id\":\"https:\/\/bmasmaoo.com\/#website\"},\"primaryImageOfPage\":{\"@id\":\"https:\/\/bmasmaoo.com\/index.php\/produit\/balancelle-portable-deluxe-mastela\/#primaryimage\"},\"image\":{\"@id\":\"https:\/\/bmasmaoo.com\/index.php\/produit\/balancelle-portable-deluxe-mastela\/#primaryimage\"},\"thumbnailUrl\":\"https:\/\/bmasmaoo.com\/wp-content\/uploads\/2025\/12\/IMG-20241118-WA0034.jpg\",\"datePublished\":\"2025-12-13T18:40:17+00:00\",\"dateModified\":\"2026-01-03T13:38:51+00:00\",\"breadcrumb\":{\"@id\":\"https:\/\/bmasmaoo.com\/index.php\/produit\/balancelle-portable-deluxe-mastela\/#breadcrumb\"},\"inLanguage\":\"fr-FR\",\"potentialAction\":[{\"@type\":\"ReadAction\",\"target\":[\"https:\/\/bmasmaoo.com\/index.php\/produit\/balancelle-portable-deluxe-mastela\/\"]}]},{\"@type\":\"ImageObject\",\"inLanguage\":\"fr-FR\",\"@id\":\"https:\/\/bmasmaoo.com\/index.php\/produit\/balancelle-portable-deluxe-mastela\/#primaryimage\",\"url\":\"https:\/\/bmasmaoo.com\/wp-content\/uploads\/2025\/12\/IMG-20241118-WA0034.jpg\",\"contentUrl\":\"https:\/\/bmasmaoo.com\/wp-content\/uploads\/2025\/12\/IMG-20241118-WA0034.jpg\",\"width\":799,\"height\":799},{\"@type\":\"BreadcrumbList\",\"@id\":\"https:\/\/bmasmaoo.com\/index.php\/produit\/balancelle-portable-deluxe-mastela\/#breadcrumb\",\"itemListElement\":[{\"@type\":\"ListItem\",\"position\":1,\"name\":\"Home\",\"item\":\"https:\/\/bmasmaoo.com\/\"},{\"@type\":\"ListItem\",\"position\":2,\"name\":\"Shop\",\"item\":\"https:\/\/bmasmaoo.com\/index.php\/boutique\/\"},{\"@type\":\"ListItem\",\"position\":3,\"name\":\"Balancelle portable Deluxe \u2013 Mastela\"}]},{\"@type\":\"WebSite\",\"@id\":\"https:\/\/bmasmaoo.com\/#website\",\"url\":\"https:\/\/bmasmaoo.com\/\",\"name\":\"https:\/\/bmasmaoo.com\/\",\"description\":\"\",\"publisher\":{\"@id\":\"https:\/\/bmasmaoo.com\/#organization\"},\"potentialAction\":[{\"@type\":\"SearchAction\",\"target\":{\"@type\":\"EntryPoint\",\"urlTemplate\":\"https:\/\/bmasmaoo.com\/?s={search_term_string}\"},\"query-input\":{\"@type\":\"PropertyValueSpecification\",\"valueRequired\":true,\"valueName\":\"search_term_string\"}}],\"inLanguage\":\"fr-FR\"},{\"@type\":\"Organization\",\"@id\":\"https:\/\/bmasmaoo.com\/#organization\",\"name\":\"Bambinerie Maman Asmao\",\"url\":\"https:\/\/bmasmaoo.com\/\",\"logo\":{\"@type\":\"ImageObject\",\"inLanguage\":\"fr-FR\",\"@id\":\"https:\/\/bmasmaoo.com\/#\/schema\/logo\/image\/\",\"url\":\"https:\/\/bmasmaoo.com\/wp-content\/uploads\/2025\/11\/Generated-Image-November-12-2025-6_41PM.png\",\"contentUrl\":\"https:\/\/bmasmaoo.com\/wp-content\/uploads\/2025\/11\/Generated-Image-November-12-2025-6_41PM.png\",\"width\":608,\"height\":372,\"caption\":\"Bambinerie Maman Asmao\"},\"image\":{\"@id\":\"https:\/\/bmasmaoo.com\/#\/schema\/logo\/image\/\"},\"sameAs\":[\"https:\/\/www.facebook.com\/keacissediop\/?locale=fr_FR\",\"https:\/\/www.instagram.com\/bambineriemamanasmao\/?hl=fr\",\"https:\/\/www.tiktok.com\/@bambineriemamanasmao\"],\"telephone\":\"+221772474296\",\"legalName\":\"Bambinerie Maman Asmao\"}]}<\/script>\n<!-- \/ Yoast SEO Premium plugin. -->","yoast_head_json":{"title":"Balancelle portable Deluxe \u2013 Mastela - Bambinerie Chez Maman Asmao","robots":{"index":"index","follow":"follow","max-snippet":"max-snippet:-1","max-image-preview":"max-image-preview:large","max-video-preview":"max-video-preview:-1"},"canonical":"https:\/\/bmasmaoo.com\/index.php\/produit\/balancelle-portable-deluxe-mastela\/","og_locale":"fr_FR","og_type":"article","og_title":"Balancelle portable Deluxe \u2013 Mastela","og_description":"B\u00e9b\u00e9 3-11kg - Non recommand\u00e9 pour les enfants qui peuvent s'asseoir par leurs propres moyens(9mois environ)","og_url":"https:\/\/bmasmaoo.com\/index.php\/produit\/balancelle-portable-deluxe-mastela\/","og_site_name":"Bambinerie Chez Maman Asmao","article_publisher":"https:\/\/www.facebook.com\/keacissediop\/?locale=fr_FR","article_modified_time":"2026-01-03T13:38:51+00:00","og_image":[{"width":799,"height":799,"url":"https:\/\/bmasmaoo.com\/wp-content\/uploads\/2025\/12\/IMG-20241118-WA0034.jpg","type":"image\/jpeg"}],"twitter_card":"summary_large_image","schema":{"@context":"https:\/\/schema.org","@graph":[{"@type":"WebPage","@id":"https:\/\/bmasmaoo.com\/index.php\/produit\/balancelle-portable-deluxe-mastela\/","url":"https:\/\/bmasmaoo.com\/index.php\/produit\/balancelle-portable-deluxe-mastela\/","name":"Balancelle portable Deluxe \u2013 Mastela - Bambinerie Chez Maman Asmao","isPartOf":{"@id":"https:\/\/bmasmaoo.com\/#website"},"primaryImageOfPage":{"@id":"https:\/\/bmasmaoo.com\/index.php\/produit\/balancelle-portable-deluxe-mastela\/#primaryimage"},"image":{"@id":"https:\/\/bmasmaoo.com\/index.php\/produit\/balancelle-portable-deluxe-mastela\/#primaryimage"},"thumbnailUrl":"https:\/\/bmasmaoo.com\/wp-content\/uploads\/2025\/12\/IMG-20241118-WA0034.jpg","datePublished":"2025-12-13T18:40:17+00:00","dateModified":"2026-01-03T13:38:51+00:00","breadcrumb":{"@id":"https:\/\/bmasmaoo.com\/index.php\/produit\/balancelle-portable-deluxe-mastela\/#breadcrumb"},"inLanguage":"fr-FR","potentialAction":[{"@type":"ReadAction","target":["https:\/\/bmasmaoo.com\/index.php\/produit\/balancelle-portable-deluxe-mastela\/"]}]},{"@type":"ImageObject","inLanguage":"fr-FR","@id":"https:\/\/bmasmaoo.com\/index.php\/produit\/balancelle-portable-deluxe-mastela\/#primaryimage","url":"https:\/\/bmasmaoo.com\/wp-content\/uploads\/2025\/12\/IMG-20241118-WA0034.jpg","contentUrl":"https:\/\/bmasmaoo.com\/wp-content\/uploads\/2025\/12\/IMG-20241118-WA0034.jpg","width":799,"height":799},{"@type":"BreadcrumbList","@id":"https:\/\/bmasmaoo.com\/index.php\/produit\/balancelle-portable-deluxe-mastela\/#breadcrumb","itemListElement":[{"@type":"ListItem","position":1,"name":"Home","item":"https:\/\/bmasmaoo.com\/"},{"@type":"ListItem","position":2,"name":"Shop","item":"https:\/\/bmasmaoo.com\/index.php\/boutique\/"},{"@type":"ListItem","position":3,"name":"Balancelle portable Deluxe \u2013 Mastela"}]},{"@type":"WebSite","@id":"https:\/\/bmasmaoo.com\/#website","url":"https:\/\/bmasmaoo.com\/","name":"https:\/\/bmasmaoo.com\/","description":"","publisher":{"@id":"https:\/\/bmasmaoo.com\/#organization"},"potentialAction":[{"@type":"SearchAction","target":{"@type":"EntryPoint","urlTemplate":"https:\/\/bmasmaoo.com\/?s={search_term_string}"},"query-input":{"@type":"PropertyValueSpecification","valueRequired":true,"valueName":"search_term_string"}}],"inLanguage":"fr-FR"},{"@type":"Organization","@id":"https:\/\/bmasmaoo.com\/#organization","name":"Bambinerie Maman Asmao","url":"https:\/\/bmasmaoo.com\/","logo":{"@type":"ImageObject","inLanguage":"fr-FR","@id":"https:\/\/bmasmaoo.com\/#\/schema\/logo\/image\/","url":"https:\/\/bmasmaoo.com\/wp-content\/uploads\/2025\/11\/Generated-Image-November-12-2025-6_41PM.png","contentUrl":"https:\/\/bmasmaoo.com\/wp-content\/uploads\/2025\/11\/Generated-Image-November-12-2025-6_41PM.png","width":608,"height":372,"caption":"Bambinerie Maman Asmao"},"image":{"@id":"https:\/\/bmasmaoo.com\/#\/schema\/logo\/image\/"},"sameAs":["https:\/\/www.facebook.com\/keacissediop\/?locale=fr_FR","https:\/\/www.instagram.com\/bambineriemamanasmao\/?hl=fr","https:\/\/www.tiktok.com\/@bambineriemamanasmao"],"telephone":"+221772474296","legalName":"Bambinerie Maman Asmao"}]}},"_links":{"self":[{"href":"https:\/\/bmasmaoo.com\/index.php\/wp-json\/wp\/v2\/product\/2874","targetHints":{"allow":["GET"]}}],"collection":[{"href":"https:\/\/bmasmaoo.com\/index.php\/wp-json\/wp\/v2\/product"}],"about":[{"href":"https:\/\/bmasmaoo.com\/index.php\/wp-json\/wp\/v2\/types\/product"}],"version-history":[{"count":6,"href":"https:\/\/bmasmaoo.com\/index.php\/wp-json\/wp\/v2\/product\/2874\/revisions"}],"predecessor-version":[{"id":2882,"href":"https:\/\/bmasmaoo.com\/index.php\/wp-json\/wp\/v2\/product\/2874\/revisions\/2882"}],"wp:featuredmedia":[{"embeddable":true,"href":"https:\/\/bmasmaoo.com\/index.php\/wp-json\/wp\/v2\/media\/2878"}],"wp:attachment":[{"href":"https:\/\/bmasmaoo.com\/index.php\/wp-json\/wp\/v2\/media?parent=2874"}],"wp:term":[{"taxonomy":"product_brand","embeddable":true,"href":"https:\/\/bmasmaoo.com\/index.php\/wp-json\/wp\/v2\/product_brand?post=2874"},{"taxonomy":"product_cat","embeddable":true,"href":"https:\/\/bmasmaoo.com\/index.php\/wp-json\/wp\/v2\/product_cat?post=2874"},{"taxonomy":"product_tag","embeddable":true,"href":"https:\/\/bmasmaoo.com\/index.php\/wp-json\/wp\/v2\/product_tag?post=2874"}],"curies":[{"name":"wp","href":"https:\/\/api.w.org\/{rel}","templated":true}]}}