{"id":2693,"date":"2025-12-12T15:07:28","date_gmt":"2025-12-12T14:07:28","guid":{"rendered":"https:\/\/bmasmaoo.com\/?post_type=product&#038;p=2693"},"modified":"2025-12-12T15:09:59","modified_gmt":"2025-12-12T14:09:59","slug":"jouet-table-de-dessin-avec-projecteur","status":"publish","type":"product","link":"https:\/\/bmasmaoo.com\/index.php\/produit\/jouet-table-de-dessin-avec-projecteur\/","title":{"rendered":"Jouet table de dessin avec projecteur"},"content":{"rendered":"<ul data-hveid=\"CBMQAQ\" data-ved=\"2ahUKEwjt-LDem7iRAxWpKvsDHWxsF8EQm_YKegQIExAB\">\n<li><span data-huuid=\"2840632556016486388\">Le projecteur int\u00e9gr\u00e9, en forme d&rsquo;astronaute, projette des motifs spatiaux vari\u00e9s (plan\u00e8tes, \u00e9toiles, fus\u00e9es) que les enfants peuvent tracer.<span class=\"pjBG2e\" data-cid=\"23d2b6fe-3f52-4af5-8667-c88f36e42e69\"><span class=\"UV3uM\">\u00a0<\/span><\/span><\/span>\n<div class=\"NPrrbc\" data-cid=\"23d2b6fe-3f52-4af5-8667-c88f36e42e69\" data-uuids=\"2840632556016486388\">\n<div class=\"BMebGe btku5b LwdV0e FR7ZSc OJeuxf\" role=\"button\" aria-label=\"Afficher les liens associ\u00e9s\" data-hveid=\"CAgQAQ\" data-ved=\"2ahUKEwjt-LDem7iRAxWpKvsDHWxsF8EQ3fYKegQICBAB\">\n<div class=\"niO4u\"><\/div>\n<\/div>\n<\/div>\n<\/li>\n<li><span data-huuid=\"2840632556016484522\">Le jouet est con\u00e7u pour am\u00e9liorer la coordination \u0153il-main, la perception des couleurs et l&rsquo;imagination des enfants.<span class=\"pjBG2e\" data-cid=\"bedf579e-470a-4b86-aead-b985ecb722ee\"><span class=\"UV3uM\">\u00a0<\/span><\/span><\/span>\n<div class=\"NPrrbc\" data-cid=\"bedf579e-470a-4b86-aead-b985ecb722ee\" data-uuids=\"2840632556016484522\">\n<div class=\"BMebGe btku5b LwdV0e FR7ZSc OJeuxf\" role=\"button\" aria-label=\"Afficher les liens associ\u00e9s\" data-hveid=\"CA8QAQ\" data-ved=\"2ahUKEwjt-LDem7iRAxWpKvsDHWxsF8EQ3fYKegQIDxAB\">\n<div class=\"niO4u\"><\/div>\n<\/div>\n<\/div>\n<\/li>\n<li><span data-huuid=\"2840632556016486752\">Fabriqu\u00e9 \u00e0 partir de mat\u00e9riaux adapt\u00e9s aux enfants, il pr\u00e9sente des bords arrondis et lisses pour une utilisation s\u00fbre.<span class=\"pjBG2e\" data-cid=\"0047ba51-1399-403f-83e1-000a7127a26a\"><span class=\"UV3uM\">\u00a0<\/span><\/span><\/span>\n<div class=\"NPrrbc\" data-cid=\"0047ba51-1399-403f-83e1-000a7127a26a\" data-uuids=\"2840632556016486752\">\n<div class=\"BMebGe btku5b LwdV0e FR7ZSc OJeuxf\" role=\"button\" aria-label=\"Afficher les liens associ\u00e9s\" data-hveid=\"CA0QAQ\" data-ved=\"2ahUKEwjt-LDem7iRAxWpKvsDHWxsF8EQ3fYKegQIDRAB\">\n<div class=\"niO4u\"><\/div>\n<\/div>\n<\/div>\n<\/li>\n<li><span data-huuid=\"2840632556016484886\">Le projecteur est flexible et r\u00e9glable, permettant de s&rsquo;adapter \u00e0 diff\u00e9rentes positions de jeu.<span class=\"pjBG2e\" data-cid=\"9ca51552-b3e8-4df4-ab61-f1d9dcbf14f2\"><span class=\"UV3uM\">\u00a0<\/span><\/span><\/span><\/li>\n<\/ul>\n","protected":false},"excerpt":{"rendered":"<p><span role=\"heading\">\u00a0Un jouet \u00e9ducatif con\u00e7u pour encourager la cr\u00e9ativit\u00e9 et l&rsquo;apprentissage par le jeu.<\/span><span class=\"pjBG2e\" data-cid=\"620b5e5c-de41-4dd2-9cf6-03fc837f2955\"><span class=\"UV3uM\">\u00a0<\/span><\/span><\/p>\n","protected":false},"featured_media":2694,"template":"","meta":[],"product_brand":[],"product_cat":[68],"product_tag":[],"class_list":{"0":"post-2693","1":"product","2":"type-product","3":"status-publish","4":"has-post-thumbnail","6":"product_cat-jouets-eveils","8":"first","9":"instock","10":"shipping-taxable","11":"purchasable","12":"product-type-simple"},"yoast_head":"<!-- This site is optimized with the Yoast SEO Premium plugin v26.8 (Yoast SEO v26.8) - https:\/\/yoast.com\/product\/yoast-seo-premium-wordpress\/ -->\n<title>Jouet table de dessin avec projecteur - Bambinerie Chez Maman Asmao<\/title>\n<meta name=\"robots\" content=\"index, follow, max-snippet:-1, max-image-preview:large, max-video-preview:-1\" \/>\n<link rel=\"canonical\" href=\"https:\/\/bmasmaoo.com\/index.php\/produit\/jouet-table-de-dessin-avec-projecteur\/\" \/>\n<meta property=\"og:locale\" content=\"fr_FR\" \/>\n<meta property=\"og:type\" content=\"article\" \/>\n<meta property=\"og:title\" content=\"Jouet table de dessin avec projecteur\" \/>\n<meta property=\"og:description\" content=\"\u00a0Un jouet \u00e9ducatif con\u00e7u pour encourager la cr\u00e9ativit\u00e9 et l&#039;apprentissage par le jeu.\u00a0\" \/>\n<meta property=\"og:url\" content=\"https:\/\/bmasmaoo.com\/index.php\/produit\/jouet-table-de-dessin-avec-projecteur\/\" \/>\n<meta property=\"og:site_name\" content=\"Bambinerie Chez Maman Asmao\" \/>\n<meta property=\"article:publisher\" content=\"https:\/\/www.facebook.com\/keacissediop\/?locale=fr_FR\" \/>\n<meta property=\"article:modified_time\" content=\"2025-12-12T14:09:59+00:00\" \/>\n<meta property=\"og:image\" content=\"https:\/\/bmasmaoo.com\/wp-content\/uploads\/2025\/12\/eng_pl_Space-Projector-Projector-For-Drawing-Blackboard-Table-Space-18250_4.png\" \/>\n\t<meta property=\"og:image:width\" content=\"1000\" \/>\n\t<meta property=\"og:image:height\" content=\"707\" \/>\n\t<meta property=\"og:image:type\" content=\"image\/png\" \/>\n<meta name=\"twitter:card\" content=\"summary_large_image\" \/>\n<script type=\"application\/ld+json\" class=\"yoast-schema-graph\">{\"@context\":\"https:\/\/schema.org\",\"@graph\":[{\"@type\":\"WebPage\",\"@id\":\"https:\/\/bmasmaoo.com\/index.php\/produit\/jouet-table-de-dessin-avec-projecteur\/\",\"url\":\"https:\/\/bmasmaoo.com\/index.php\/produit\/jouet-table-de-dessin-avec-projecteur\/\",\"name\":\"Jouet table de dessin avec projecteur - Bambinerie Chez Maman Asmao\",\"isPartOf\":{\"@id\":\"https:\/\/bmasmaoo.com\/#website\"},\"primaryImageOfPage\":{\"@id\":\"https:\/\/bmasmaoo.com\/index.php\/produit\/jouet-table-de-dessin-avec-projecteur\/#primaryimage\"},\"image\":{\"@id\":\"https:\/\/bmasmaoo.com\/index.php\/produit\/jouet-table-de-dessin-avec-projecteur\/#primaryimage\"},\"thumbnailUrl\":\"https:\/\/bmasmaoo.com\/wp-content\/uploads\/2025\/12\/eng_pl_Space-Projector-Projector-For-Drawing-Blackboard-Table-Space-18250_4.png\",\"datePublished\":\"2025-12-12T14:07:28+00:00\",\"dateModified\":\"2025-12-12T14:09:59+00:00\",\"breadcrumb\":{\"@id\":\"https:\/\/bmasmaoo.com\/index.php\/produit\/jouet-table-de-dessin-avec-projecteur\/#breadcrumb\"},\"inLanguage\":\"fr-FR\",\"potentialAction\":[{\"@type\":\"ReadAction\",\"target\":[\"https:\/\/bmasmaoo.com\/index.php\/produit\/jouet-table-de-dessin-avec-projecteur\/\"]}]},{\"@type\":\"ImageObject\",\"inLanguage\":\"fr-FR\",\"@id\":\"https:\/\/bmasmaoo.com\/index.php\/produit\/jouet-table-de-dessin-avec-projecteur\/#primaryimage\",\"url\":\"https:\/\/bmasmaoo.com\/wp-content\/uploads\/2025\/12\/eng_pl_Space-Projector-Projector-For-Drawing-Blackboard-Table-Space-18250_4.png\",\"contentUrl\":\"https:\/\/bmasmaoo.com\/wp-content\/uploads\/2025\/12\/eng_pl_Space-Projector-Projector-For-Drawing-Blackboard-Table-Space-18250_4.png\",\"width\":1000,\"height\":707},{\"@type\":\"BreadcrumbList\",\"@id\":\"https:\/\/bmasmaoo.com\/index.php\/produit\/jouet-table-de-dessin-avec-projecteur\/#breadcrumb\",\"itemListElement\":[{\"@type\":\"ListItem\",\"position\":1,\"name\":\"Home\",\"item\":\"https:\/\/bmasmaoo.com\/\"},{\"@type\":\"ListItem\",\"position\":2,\"name\":\"Shop\",\"item\":\"https:\/\/bmasmaoo.com\/index.php\/boutique\/\"},{\"@type\":\"ListItem\",\"position\":3,\"name\":\"Jouet table de dessin avec projecteur\"}]},{\"@type\":\"WebSite\",\"@id\":\"https:\/\/bmasmaoo.com\/#website\",\"url\":\"https:\/\/bmasmaoo.com\/\",\"name\":\"https:\/\/bmasmaoo.com\/\",\"description\":\"\",\"publisher\":{\"@id\":\"https:\/\/bmasmaoo.com\/#organization\"},\"potentialAction\":[{\"@type\":\"SearchAction\",\"target\":{\"@type\":\"EntryPoint\",\"urlTemplate\":\"https:\/\/bmasmaoo.com\/?s={search_term_string}\"},\"query-input\":{\"@type\":\"PropertyValueSpecification\",\"valueRequired\":true,\"valueName\":\"search_term_string\"}}],\"inLanguage\":\"fr-FR\"},{\"@type\":\"Organization\",\"@id\":\"https:\/\/bmasmaoo.com\/#organization\",\"name\":\"Bambinerie Maman Asmao\",\"url\":\"https:\/\/bmasmaoo.com\/\",\"logo\":{\"@type\":\"ImageObject\",\"inLanguage\":\"fr-FR\",\"@id\":\"https:\/\/bmasmaoo.com\/#\/schema\/logo\/image\/\",\"url\":\"https:\/\/bmasmaoo.com\/wp-content\/uploads\/2025\/11\/Generated-Image-November-12-2025-6_41PM.png\",\"contentUrl\":\"https:\/\/bmasmaoo.com\/wp-content\/uploads\/2025\/11\/Generated-Image-November-12-2025-6_41PM.png\",\"width\":608,\"height\":372,\"caption\":\"Bambinerie Maman Asmao\"},\"image\":{\"@id\":\"https:\/\/bmasmaoo.com\/#\/schema\/logo\/image\/\"},\"sameAs\":[\"https:\/\/www.facebook.com\/keacissediop\/?locale=fr_FR\",\"https:\/\/www.instagram.com\/bambineriemamanasmao\/?hl=fr\",\"https:\/\/www.tiktok.com\/@bambineriemamanasmao\"],\"telephone\":\"+221772474296\",\"legalName\":\"Bambinerie Maman Asmao\"}]}<\/script>\n<!-- \/ Yoast SEO Premium plugin. -->","yoast_head_json":{"title":"Jouet table de dessin avec projecteur - Bambinerie Chez Maman Asmao","robots":{"index":"index","follow":"follow","max-snippet":"max-snippet:-1","max-image-preview":"max-image-preview:large","max-video-preview":"max-video-preview:-1"},"canonical":"https:\/\/bmasmaoo.com\/index.php\/produit\/jouet-table-de-dessin-avec-projecteur\/","og_locale":"fr_FR","og_type":"article","og_title":"Jouet table de dessin avec projecteur","og_description":"\u00a0Un jouet \u00e9ducatif con\u00e7u pour encourager la cr\u00e9ativit\u00e9 et l'apprentissage par le jeu.\u00a0","og_url":"https:\/\/bmasmaoo.com\/index.php\/produit\/jouet-table-de-dessin-avec-projecteur\/","og_site_name":"Bambinerie Chez Maman Asmao","article_publisher":"https:\/\/www.facebook.com\/keacissediop\/?locale=fr_FR","article_modified_time":"2025-12-12T14:09:59+00:00","og_image":[{"width":1000,"height":707,"url":"https:\/\/bmasmaoo.com\/wp-content\/uploads\/2025\/12\/eng_pl_Space-Projector-Projector-For-Drawing-Blackboard-Table-Space-18250_4.png","type":"image\/png"}],"twitter_card":"summary_large_image","schema":{"@context":"https:\/\/schema.org","@graph":[{"@type":"WebPage","@id":"https:\/\/bmasmaoo.com\/index.php\/produit\/jouet-table-de-dessin-avec-projecteur\/","url":"https:\/\/bmasmaoo.com\/index.php\/produit\/jouet-table-de-dessin-avec-projecteur\/","name":"Jouet table de dessin avec projecteur - Bambinerie Chez Maman Asmao","isPartOf":{"@id":"https:\/\/bmasmaoo.com\/#website"},"primaryImageOfPage":{"@id":"https:\/\/bmasmaoo.com\/index.php\/produit\/jouet-table-de-dessin-avec-projecteur\/#primaryimage"},"image":{"@id":"https:\/\/bmasmaoo.com\/index.php\/produit\/jouet-table-de-dessin-avec-projecteur\/#primaryimage"},"thumbnailUrl":"https:\/\/bmasmaoo.com\/wp-content\/uploads\/2025\/12\/eng_pl_Space-Projector-Projector-For-Drawing-Blackboard-Table-Space-18250_4.png","datePublished":"2025-12-12T14:07:28+00:00","dateModified":"2025-12-12T14:09:59+00:00","breadcrumb":{"@id":"https:\/\/bmasmaoo.com\/index.php\/produit\/jouet-table-de-dessin-avec-projecteur\/#breadcrumb"},"inLanguage":"fr-FR","potentialAction":[{"@type":"ReadAction","target":["https:\/\/bmasmaoo.com\/index.php\/produit\/jouet-table-de-dessin-avec-projecteur\/"]}]},{"@type":"ImageObject","inLanguage":"fr-FR","@id":"https:\/\/bmasmaoo.com\/index.php\/produit\/jouet-table-de-dessin-avec-projecteur\/#primaryimage","url":"https:\/\/bmasmaoo.com\/wp-content\/uploads\/2025\/12\/eng_pl_Space-Projector-Projector-For-Drawing-Blackboard-Table-Space-18250_4.png","contentUrl":"https:\/\/bmasmaoo.com\/wp-content\/uploads\/2025\/12\/eng_pl_Space-Projector-Projector-For-Drawing-Blackboard-Table-Space-18250_4.png","width":1000,"height":707},{"@type":"BreadcrumbList","@id":"https:\/\/bmasmaoo.com\/index.php\/produit\/jouet-table-de-dessin-avec-projecteur\/#breadcrumb","itemListElement":[{"@type":"ListItem","position":1,"name":"Home","item":"https:\/\/bmasmaoo.com\/"},{"@type":"ListItem","position":2,"name":"Shop","item":"https:\/\/bmasmaoo.com\/index.php\/boutique\/"},{"@type":"ListItem","position":3,"name":"Jouet table de dessin avec projecteur"}]},{"@type":"WebSite","@id":"https:\/\/bmasmaoo.com\/#website","url":"https:\/\/bmasmaoo.com\/","name":"https:\/\/bmasmaoo.com\/","description":"","publisher":{"@id":"https:\/\/bmasmaoo.com\/#organization"},"potentialAction":[{"@type":"SearchAction","target":{"@type":"EntryPoint","urlTemplate":"https:\/\/bmasmaoo.com\/?s={search_term_string}"},"query-input":{"@type":"PropertyValueSpecification","valueRequired":true,"valueName":"search_term_string"}}],"inLanguage":"fr-FR"},{"@type":"Organization","@id":"https:\/\/bmasmaoo.com\/#organization","name":"Bambinerie Maman Asmao","url":"https:\/\/bmasmaoo.com\/","logo":{"@type":"ImageObject","inLanguage":"fr-FR","@id":"https:\/\/bmasmaoo.com\/#\/schema\/logo\/image\/","url":"https:\/\/bmasmaoo.com\/wp-content\/uploads\/2025\/11\/Generated-Image-November-12-2025-6_41PM.png","contentUrl":"https:\/\/bmasmaoo.com\/wp-content\/uploads\/2025\/11\/Generated-Image-November-12-2025-6_41PM.png","width":608,"height":372,"caption":"Bambinerie Maman Asmao"},"image":{"@id":"https:\/\/bmasmaoo.com\/#\/schema\/logo\/image\/"},"sameAs":["https:\/\/www.facebook.com\/keacissediop\/?locale=fr_FR","https:\/\/www.instagram.com\/bambineriemamanasmao\/?hl=fr","https:\/\/www.tiktok.com\/@bambineriemamanasmao"],"telephone":"+221772474296","legalName":"Bambinerie Maman Asmao"}]}},"_links":{"self":[{"href":"https:\/\/bmasmaoo.com\/index.php\/wp-json\/wp\/v2\/product\/2693","targetHints":{"allow":["GET"]}}],"collection":[{"href":"https:\/\/bmasmaoo.com\/index.php\/wp-json\/wp\/v2\/product"}],"about":[{"href":"https:\/\/bmasmaoo.com\/index.php\/wp-json\/wp\/v2\/types\/product"}],"version-history":[{"count":1,"href":"https:\/\/bmasmaoo.com\/index.php\/wp-json\/wp\/v2\/product\/2693\/revisions"}],"predecessor-version":[{"id":2696,"href":"https:\/\/bmasmaoo.com\/index.php\/wp-json\/wp\/v2\/product\/2693\/revisions\/2696"}],"wp:featuredmedia":[{"embeddable":true,"href":"https:\/\/bmasmaoo.com\/index.php\/wp-json\/wp\/v2\/media\/2694"}],"wp:attachment":[{"href":"https:\/\/bmasmaoo.com\/index.php\/wp-json\/wp\/v2\/media?parent=2693"}],"wp:term":[{"taxonomy":"product_brand","embeddable":true,"href":"https:\/\/bmasmaoo.com\/index.php\/wp-json\/wp\/v2\/product_brand?post=2693"},{"taxonomy":"product_cat","embeddable":true,"href":"https:\/\/bmasmaoo.com\/index.php\/wp-json\/wp\/v2\/product_cat?post=2693"},{"taxonomy":"product_tag","embeddable":true,"href":"https:\/\/bmasmaoo.com\/index.php\/wp-json\/wp\/v2\/product_tag?post=2693"}],"curies":[{"name":"wp","href":"https:\/\/api.w.org\/{rel}","templated":true}]}}