{"id":2522,"date":"2025-12-08T18:22:21","date_gmt":"2025-12-08T17:22:21","guid":{"rendered":"https:\/\/bmasmaoo.com\/?post_type=product&#038;p=2522"},"modified":"2025-12-08T18:22:21","modified_gmt":"2025-12-08T17:22:21","slug":"jouet-robot-spider-man","status":"publish","type":"product","link":"https:\/\/bmasmaoo.com\/index.php\/produit\/jouet-robot-spider-man\/","title":{"rendered":"Jouet robot Spider-Man"},"content":{"rendered":"","protected":false},"excerpt":{"rendered":"<ul data-hveid=\"CAcQAQ\" data-ved=\"2ahUKEwi8k-C6v66RAxVsUKQEHXbrHTkQm_YKegQIBxAB\">\n<li><span data-huuid=\"9709428566009653119\">Le jouet est con\u00e7u pour danser avec de la musique et des lumi\u00e8res.<\/span><\/li>\n<li><span data-huuid=\"9709428566009652081\">Il est dot\u00e9 d&rsquo;un d\u00e9tecteur de mouvement int\u00e9gr\u00e9 qui d\u00e9clenche des salutations, des phrases et des expressions.<\/span><\/li>\n<li><span data-huuid=\"9709428566009655139\">Les yeux anim\u00e9s peuvent cligner et montrer des effets comme des explosions.<\/span><\/li>\n<\/ul>\n","protected":false},"featured_media":2160,"template":"","meta":[],"product_brand":[],"product_cat":[68],"product_tag":[],"class_list":{"0":"post-2522","1":"product","2":"type-product","3":"status-publish","4":"has-post-thumbnail","6":"product_cat-jouets-eveils","8":"first","9":"instock","10":"shipping-taxable","11":"purchasable","12":"product-type-simple"},"yoast_head":"<!-- This site is optimized with the Yoast SEO Premium plugin v26.8 (Yoast SEO v26.8) - https:\/\/yoast.com\/product\/yoast-seo-premium-wordpress\/ -->\n<title>Jouet robot Spider-Man - Bambinerie Chez Maman Asmao<\/title>\n<meta name=\"robots\" content=\"index, follow, max-snippet:-1, max-image-preview:large, max-video-preview:-1\" \/>\n<link rel=\"canonical\" href=\"https:\/\/bmasmaoo.com\/index.php\/produit\/jouet-robot-spider-man\/\" \/>\n<meta property=\"og:locale\" content=\"fr_FR\" \/>\n<meta property=\"og:type\" content=\"article\" \/>\n<meta property=\"og:title\" content=\"Jouet robot Spider-Man\" \/>\n<meta property=\"og:description\" content=\"Le jouet est con\u00e7u pour danser avec de la musique et des lumi\u00e8res.  Il est dot\u00e9 d&#039;un d\u00e9tecteur de mouvement int\u00e9gr\u00e9 qui d\u00e9clenche des salutations, des phrases et des expressions.  Les yeux anim\u00e9s peuvent cligner et montrer des effets comme des explosions.\" \/>\n<meta property=\"og:url\" content=\"https:\/\/bmasmaoo.com\/index.php\/produit\/jouet-robot-spider-man\/\" \/>\n<meta property=\"og:site_name\" content=\"Bambinerie Chez Maman Asmao\" \/>\n<meta property=\"article:publisher\" content=\"https:\/\/www.facebook.com\/keacissediop\/?locale=fr_FR\" \/>\n<meta property=\"og:image\" content=\"https:\/\/bmasmaoo.com\/wp-content\/uploads\/2025\/12\/22.png\" \/>\n\t<meta property=\"og:image:width\" content=\"1080\" \/>\n\t<meta property=\"og:image:height\" content=\"1080\" \/>\n\t<meta property=\"og:image:type\" content=\"image\/png\" \/>\n<meta name=\"twitter:card\" content=\"summary_large_image\" \/>\n<script type=\"application\/ld+json\" class=\"yoast-schema-graph\">{\"@context\":\"https:\/\/schema.org\",\"@graph\":[{\"@type\":\"WebPage\",\"@id\":\"https:\/\/bmasmaoo.com\/index.php\/produit\/jouet-robot-spider-man\/\",\"url\":\"https:\/\/bmasmaoo.com\/index.php\/produit\/jouet-robot-spider-man\/\",\"name\":\"Jouet robot Spider-Man - Bambinerie Chez Maman Asmao\",\"isPartOf\":{\"@id\":\"https:\/\/bmasmaoo.com\/#website\"},\"primaryImageOfPage\":{\"@id\":\"https:\/\/bmasmaoo.com\/index.php\/produit\/jouet-robot-spider-man\/#primaryimage\"},\"image\":{\"@id\":\"https:\/\/bmasmaoo.com\/index.php\/produit\/jouet-robot-spider-man\/#primaryimage\"},\"thumbnailUrl\":\"https:\/\/bmasmaoo.com\/wp-content\/uploads\/2025\/12\/22.png\",\"datePublished\":\"2025-12-08T17:22:21+00:00\",\"breadcrumb\":{\"@id\":\"https:\/\/bmasmaoo.com\/index.php\/produit\/jouet-robot-spider-man\/#breadcrumb\"},\"inLanguage\":\"fr-FR\",\"potentialAction\":[{\"@type\":\"ReadAction\",\"target\":[\"https:\/\/bmasmaoo.com\/index.php\/produit\/jouet-robot-spider-man\/\"]}]},{\"@type\":\"ImageObject\",\"inLanguage\":\"fr-FR\",\"@id\":\"https:\/\/bmasmaoo.com\/index.php\/produit\/jouet-robot-spider-man\/#primaryimage\",\"url\":\"https:\/\/bmasmaoo.com\/wp-content\/uploads\/2025\/12\/22.png\",\"contentUrl\":\"https:\/\/bmasmaoo.com\/wp-content\/uploads\/2025\/12\/22.png\",\"width\":1080,\"height\":1080},{\"@type\":\"BreadcrumbList\",\"@id\":\"https:\/\/bmasmaoo.com\/index.php\/produit\/jouet-robot-spider-man\/#breadcrumb\",\"itemListElement\":[{\"@type\":\"ListItem\",\"position\":1,\"name\":\"Home\",\"item\":\"https:\/\/bmasmaoo.com\/\"},{\"@type\":\"ListItem\",\"position\":2,\"name\":\"Shop\",\"item\":\"https:\/\/bmasmaoo.com\/index.php\/boutique\/\"},{\"@type\":\"ListItem\",\"position\":3,\"name\":\"Jouet robot Spider-Man\"}]},{\"@type\":\"WebSite\",\"@id\":\"https:\/\/bmasmaoo.com\/#website\",\"url\":\"https:\/\/bmasmaoo.com\/\",\"name\":\"https:\/\/bmasmaoo.com\/\",\"description\":\"\",\"publisher\":{\"@id\":\"https:\/\/bmasmaoo.com\/#organization\"},\"potentialAction\":[{\"@type\":\"SearchAction\",\"target\":{\"@type\":\"EntryPoint\",\"urlTemplate\":\"https:\/\/bmasmaoo.com\/?s={search_term_string}\"},\"query-input\":{\"@type\":\"PropertyValueSpecification\",\"valueRequired\":true,\"valueName\":\"search_term_string\"}}],\"inLanguage\":\"fr-FR\"},{\"@type\":\"Organization\",\"@id\":\"https:\/\/bmasmaoo.com\/#organization\",\"name\":\"Bambinerie Maman Asmao\",\"url\":\"https:\/\/bmasmaoo.com\/\",\"logo\":{\"@type\":\"ImageObject\",\"inLanguage\":\"fr-FR\",\"@id\":\"https:\/\/bmasmaoo.com\/#\/schema\/logo\/image\/\",\"url\":\"https:\/\/bmasmaoo.com\/wp-content\/uploads\/2025\/11\/Generated-Image-November-12-2025-6_41PM.png\",\"contentUrl\":\"https:\/\/bmasmaoo.com\/wp-content\/uploads\/2025\/11\/Generated-Image-November-12-2025-6_41PM.png\",\"width\":608,\"height\":372,\"caption\":\"Bambinerie Maman Asmao\"},\"image\":{\"@id\":\"https:\/\/bmasmaoo.com\/#\/schema\/logo\/image\/\"},\"sameAs\":[\"https:\/\/www.facebook.com\/keacissediop\/?locale=fr_FR\",\"https:\/\/www.instagram.com\/bambineriemamanasmao\/?hl=fr\",\"https:\/\/www.tiktok.com\/@bambineriemamanasmao\"],\"telephone\":\"+221772474296\",\"legalName\":\"Bambinerie Maman Asmao\"}]}<\/script>\n<!-- \/ Yoast SEO Premium plugin. -->","yoast_head_json":{"title":"Jouet robot Spider-Man - Bambinerie Chez Maman Asmao","robots":{"index":"index","follow":"follow","max-snippet":"max-snippet:-1","max-image-preview":"max-image-preview:large","max-video-preview":"max-video-preview:-1"},"canonical":"https:\/\/bmasmaoo.com\/index.php\/produit\/jouet-robot-spider-man\/","og_locale":"fr_FR","og_type":"article","og_title":"Jouet robot Spider-Man","og_description":"Le jouet est con\u00e7u pour danser avec de la musique et des lumi\u00e8res.  Il est dot\u00e9 d'un d\u00e9tecteur de mouvement int\u00e9gr\u00e9 qui d\u00e9clenche des salutations, des phrases et des expressions.  Les yeux anim\u00e9s peuvent cligner et montrer des effets comme des explosions.","og_url":"https:\/\/bmasmaoo.com\/index.php\/produit\/jouet-robot-spider-man\/","og_site_name":"Bambinerie Chez Maman Asmao","article_publisher":"https:\/\/www.facebook.com\/keacissediop\/?locale=fr_FR","og_image":[{"width":1080,"height":1080,"url":"https:\/\/bmasmaoo.com\/wp-content\/uploads\/2025\/12\/22.png","type":"image\/png"}],"twitter_card":"summary_large_image","schema":{"@context":"https:\/\/schema.org","@graph":[{"@type":"WebPage","@id":"https:\/\/bmasmaoo.com\/index.php\/produit\/jouet-robot-spider-man\/","url":"https:\/\/bmasmaoo.com\/index.php\/produit\/jouet-robot-spider-man\/","name":"Jouet robot Spider-Man - Bambinerie Chez Maman Asmao","isPartOf":{"@id":"https:\/\/bmasmaoo.com\/#website"},"primaryImageOfPage":{"@id":"https:\/\/bmasmaoo.com\/index.php\/produit\/jouet-robot-spider-man\/#primaryimage"},"image":{"@id":"https:\/\/bmasmaoo.com\/index.php\/produit\/jouet-robot-spider-man\/#primaryimage"},"thumbnailUrl":"https:\/\/bmasmaoo.com\/wp-content\/uploads\/2025\/12\/22.png","datePublished":"2025-12-08T17:22:21+00:00","breadcrumb":{"@id":"https:\/\/bmasmaoo.com\/index.php\/produit\/jouet-robot-spider-man\/#breadcrumb"},"inLanguage":"fr-FR","potentialAction":[{"@type":"ReadAction","target":["https:\/\/bmasmaoo.com\/index.php\/produit\/jouet-robot-spider-man\/"]}]},{"@type":"ImageObject","inLanguage":"fr-FR","@id":"https:\/\/bmasmaoo.com\/index.php\/produit\/jouet-robot-spider-man\/#primaryimage","url":"https:\/\/bmasmaoo.com\/wp-content\/uploads\/2025\/12\/22.png","contentUrl":"https:\/\/bmasmaoo.com\/wp-content\/uploads\/2025\/12\/22.png","width":1080,"height":1080},{"@type":"BreadcrumbList","@id":"https:\/\/bmasmaoo.com\/index.php\/produit\/jouet-robot-spider-man\/#breadcrumb","itemListElement":[{"@type":"ListItem","position":1,"name":"Home","item":"https:\/\/bmasmaoo.com\/"},{"@type":"ListItem","position":2,"name":"Shop","item":"https:\/\/bmasmaoo.com\/index.php\/boutique\/"},{"@type":"ListItem","position":3,"name":"Jouet robot Spider-Man"}]},{"@type":"WebSite","@id":"https:\/\/bmasmaoo.com\/#website","url":"https:\/\/bmasmaoo.com\/","name":"https:\/\/bmasmaoo.com\/","description":"","publisher":{"@id":"https:\/\/bmasmaoo.com\/#organization"},"potentialAction":[{"@type":"SearchAction","target":{"@type":"EntryPoint","urlTemplate":"https:\/\/bmasmaoo.com\/?s={search_term_string}"},"query-input":{"@type":"PropertyValueSpecification","valueRequired":true,"valueName":"search_term_string"}}],"inLanguage":"fr-FR"},{"@type":"Organization","@id":"https:\/\/bmasmaoo.com\/#organization","name":"Bambinerie Maman Asmao","url":"https:\/\/bmasmaoo.com\/","logo":{"@type":"ImageObject","inLanguage":"fr-FR","@id":"https:\/\/bmasmaoo.com\/#\/schema\/logo\/image\/","url":"https:\/\/bmasmaoo.com\/wp-content\/uploads\/2025\/11\/Generated-Image-November-12-2025-6_41PM.png","contentUrl":"https:\/\/bmasmaoo.com\/wp-content\/uploads\/2025\/11\/Generated-Image-November-12-2025-6_41PM.png","width":608,"height":372,"caption":"Bambinerie Maman Asmao"},"image":{"@id":"https:\/\/bmasmaoo.com\/#\/schema\/logo\/image\/"},"sameAs":["https:\/\/www.facebook.com\/keacissediop\/?locale=fr_FR","https:\/\/www.instagram.com\/bambineriemamanasmao\/?hl=fr","https:\/\/www.tiktok.com\/@bambineriemamanasmao"],"telephone":"+221772474296","legalName":"Bambinerie Maman Asmao"}]}},"_links":{"self":[{"href":"https:\/\/bmasmaoo.com\/index.php\/wp-json\/wp\/v2\/product\/2522","targetHints":{"allow":["GET"]}}],"collection":[{"href":"https:\/\/bmasmaoo.com\/index.php\/wp-json\/wp\/v2\/product"}],"about":[{"href":"https:\/\/bmasmaoo.com\/index.php\/wp-json\/wp\/v2\/types\/product"}],"version-history":[{"count":1,"href":"https:\/\/bmasmaoo.com\/index.php\/wp-json\/wp\/v2\/product\/2522\/revisions"}],"predecessor-version":[{"id":2523,"href":"https:\/\/bmasmaoo.com\/index.php\/wp-json\/wp\/v2\/product\/2522\/revisions\/2523"}],"wp:featuredmedia":[{"embeddable":true,"href":"https:\/\/bmasmaoo.com\/index.php\/wp-json\/wp\/v2\/media\/2160"}],"wp:attachment":[{"href":"https:\/\/bmasmaoo.com\/index.php\/wp-json\/wp\/v2\/media?parent=2522"}],"wp:term":[{"taxonomy":"product_brand","embeddable":true,"href":"https:\/\/bmasmaoo.com\/index.php\/wp-json\/wp\/v2\/product_brand?post=2522"},{"taxonomy":"product_cat","embeddable":true,"href":"https:\/\/bmasmaoo.com\/index.php\/wp-json\/wp\/v2\/product_cat?post=2522"},{"taxonomy":"product_tag","embeddable":true,"href":"https:\/\/bmasmaoo.com\/index.php\/wp-json\/wp\/v2\/product_tag?post=2522"}],"curies":[{"name":"wp","href":"https:\/\/api.w.org\/{rel}","templated":true}]}}