{"id":1759,"date":"2025-11-21T18:17:40","date_gmt":"2025-11-21T17:17:40","guid":{"rendered":"https:\/\/bmasmaoo.com\/?post_type=product&#038;p=1759"},"modified":"2025-11-21T18:17:40","modified_gmt":"2025-11-21T17:17:40","slug":"klorane-bebe-gel-lavant-doux-500ml","status":"publish","type":"product","link":"https:\/\/bmasmaoo.com\/index.php\/produit\/klorane-bebe-gel-lavant-doux-500ml\/","title":{"rendered":"Klorane B\u00c9B\u00c9 Gel Lavant Doux 500ml"},"content":{"rendered":"<h2>Description :<\/h2>\n<p>Le\u00a0<strong>Gel Lavant Doux au Calendula de la gamme B\u00e9b\u00e9 de KLORANE\u00a0<\/strong>permet de nettoyer d\u00e9licatement le visage, le corps, le si\u00e8ge et les cheveux des b\u00e9b\u00e9s et des nourrissons. En effet, il est formul\u00e9 avec des ingr\u00e9dients qui sont adapt\u00e9s \u00e0 la peau fragile et aux cheveux d\u00e9licats de b\u00e9b\u00e9.<\/p>\n<p>Ce soin nettoyant au parfum tendre et relaxant contient du Calendula obtenu \u00e0 partir de fleurs issues de culture bio. Cet actif botanique poss\u00e8de des vertus nourrissantes, apaisantes et adoucissantes.<\/p>\n<p>Ce gel doux est \u00e9galement enrichi de composants hydratants qui aident \u00e0 maintenir l\u2019hydratation, \u00e0 pr\u00e9venir le dess\u00e8chement de la peau et \u00e0 d\u00e9m\u00ealer facilement les cheveux. Test\u00e9 sous contr\u00f4le p\u00e9diatrique, il laisse la peau propre, hydrat\u00e9e et l\u00e9g\u00e8rement parfum\u00e9e.<\/p>\n<p>Le gel lavant doux au Calendula de Klorane est destin\u00e9 au b\u00e9b\u00e9 \u00e0 peau normale. Il ne pique pas les yeux.<\/p>\n","protected":false},"excerpt":{"rendered":"<p>Ce\u00a0<strong>gel nettoyant au calendula<\/strong>\u00a0pour le\u00a0<strong>corps et les cheveux<\/strong>\u00a0des b\u00e9b\u00e9s et des nourrissons ne pique pas les yeux.<\/p>\n","protected":false},"featured_media":1762,"template":"","meta":[],"product_brand":[],"product_cat":[71],"product_tag":[],"class_list":{"0":"post-1759","1":"product","2":"type-product","3":"status-publish","4":"has-post-thumbnail","6":"product_cat-soins-toilette","8":"first","9":"instock","10":"shipping-taxable","11":"purchasable","12":"product-type-simple"},"yoast_head":"<!-- This site is optimized with the Yoast SEO Premium plugin v26.8 (Yoast SEO v26.8) - https:\/\/yoast.com\/product\/yoast-seo-premium-wordpress\/ -->\n<title>Klorane B\u00c9B\u00c9 Gel Lavant Doux 500ml - Bambinerie Chez Maman Asmao<\/title>\n<meta name=\"robots\" content=\"index, follow, max-snippet:-1, max-image-preview:large, max-video-preview:-1\" \/>\n<link rel=\"canonical\" href=\"https:\/\/bmasmaoo.com\/index.php\/produit\/klorane-bebe-gel-lavant-doux-500ml\/\" \/>\n<meta property=\"og:locale\" content=\"fr_FR\" \/>\n<meta property=\"og:type\" content=\"article\" \/>\n<meta property=\"og:title\" content=\"Klorane B\u00c9B\u00c9 Gel Lavant Doux 500ml\" \/>\n<meta property=\"og:description\" content=\"Ce\u00a0gel nettoyant au calendula\u00a0pour le\u00a0corps et les cheveux\u00a0des b\u00e9b\u00e9s et des nourrissons ne pique pas les yeux.\" \/>\n<meta property=\"og:url\" content=\"https:\/\/bmasmaoo.com\/index.php\/produit\/klorane-bebe-gel-lavant-doux-500ml\/\" \/>\n<meta property=\"og:site_name\" content=\"Bambinerie Chez Maman Asmao\" \/>\n<meta property=\"article:publisher\" content=\"https:\/\/www.facebook.com\/keacissediop\/?locale=fr_FR\" \/>\n<meta property=\"og:image\" content=\"https:\/\/bmasmaoo.com\/wp-content\/uploads\/2025\/11\/3282770104943-calendula-gel-lavant-doux-500ml-1.webp\" \/>\n\t<meta property=\"og:image:width\" content=\"600\" \/>\n\t<meta property=\"og:image:height\" content=\"600\" \/>\n\t<meta property=\"og:image:type\" content=\"image\/webp\" \/>\n<meta name=\"twitter:card\" content=\"summary_large_image\" \/>\n<meta name=\"twitter:label1\" content=\"Dur\u00e9e de lecture estim\u00e9e\" \/>\n\t<meta name=\"twitter:data1\" content=\"1 minute\" \/>\n<script type=\"application\/ld+json\" class=\"yoast-schema-graph\">{\"@context\":\"https:\/\/schema.org\",\"@graph\":[{\"@type\":\"WebPage\",\"@id\":\"https:\/\/bmasmaoo.com\/index.php\/produit\/klorane-bebe-gel-lavant-doux-500ml\/\",\"url\":\"https:\/\/bmasmaoo.com\/index.php\/produit\/klorane-bebe-gel-lavant-doux-500ml\/\",\"name\":\"Klorane B\u00c9B\u00c9 Gel Lavant Doux 500ml - Bambinerie Chez Maman Asmao\",\"isPartOf\":{\"@id\":\"https:\/\/bmasmaoo.com\/#website\"},\"primaryImageOfPage\":{\"@id\":\"https:\/\/bmasmaoo.com\/index.php\/produit\/klorane-bebe-gel-lavant-doux-500ml\/#primaryimage\"},\"image\":{\"@id\":\"https:\/\/bmasmaoo.com\/index.php\/produit\/klorane-bebe-gel-lavant-doux-500ml\/#primaryimage\"},\"thumbnailUrl\":\"https:\/\/bmasmaoo.com\/wp-content\/uploads\/2025\/11\/3282770104943-calendula-gel-lavant-doux-500ml-1.webp\",\"datePublished\":\"2025-11-21T17:17:40+00:00\",\"breadcrumb\":{\"@id\":\"https:\/\/bmasmaoo.com\/index.php\/produit\/klorane-bebe-gel-lavant-doux-500ml\/#breadcrumb\"},\"inLanguage\":\"fr-FR\",\"potentialAction\":[{\"@type\":\"ReadAction\",\"target\":[\"https:\/\/bmasmaoo.com\/index.php\/produit\/klorane-bebe-gel-lavant-doux-500ml\/\"]}]},{\"@type\":\"ImageObject\",\"inLanguage\":\"fr-FR\",\"@id\":\"https:\/\/bmasmaoo.com\/index.php\/produit\/klorane-bebe-gel-lavant-doux-500ml\/#primaryimage\",\"url\":\"https:\/\/bmasmaoo.com\/wp-content\/uploads\/2025\/11\/3282770104943-calendula-gel-lavant-doux-500ml-1.webp\",\"contentUrl\":\"https:\/\/bmasmaoo.com\/wp-content\/uploads\/2025\/11\/3282770104943-calendula-gel-lavant-doux-500ml-1.webp\",\"width\":600,\"height\":600},{\"@type\":\"BreadcrumbList\",\"@id\":\"https:\/\/bmasmaoo.com\/index.php\/produit\/klorane-bebe-gel-lavant-doux-500ml\/#breadcrumb\",\"itemListElement\":[{\"@type\":\"ListItem\",\"position\":1,\"name\":\"Home\",\"item\":\"https:\/\/bmasmaoo.com\/\"},{\"@type\":\"ListItem\",\"position\":2,\"name\":\"Shop\",\"item\":\"https:\/\/bmasmaoo.com\/index.php\/boutique\/\"},{\"@type\":\"ListItem\",\"position\":3,\"name\":\"Klorane B\u00c9B\u00c9 Gel Lavant Doux 500ml\"}]},{\"@type\":\"WebSite\",\"@id\":\"https:\/\/bmasmaoo.com\/#website\",\"url\":\"https:\/\/bmasmaoo.com\/\",\"name\":\"https:\/\/bmasmaoo.com\/\",\"description\":\"\",\"publisher\":{\"@id\":\"https:\/\/bmasmaoo.com\/#organization\"},\"potentialAction\":[{\"@type\":\"SearchAction\",\"target\":{\"@type\":\"EntryPoint\",\"urlTemplate\":\"https:\/\/bmasmaoo.com\/?s={search_term_string}\"},\"query-input\":{\"@type\":\"PropertyValueSpecification\",\"valueRequired\":true,\"valueName\":\"search_term_string\"}}],\"inLanguage\":\"fr-FR\"},{\"@type\":\"Organization\",\"@id\":\"https:\/\/bmasmaoo.com\/#organization\",\"name\":\"Bambinerie Maman Asmao\",\"url\":\"https:\/\/bmasmaoo.com\/\",\"logo\":{\"@type\":\"ImageObject\",\"inLanguage\":\"fr-FR\",\"@id\":\"https:\/\/bmasmaoo.com\/#\/schema\/logo\/image\/\",\"url\":\"https:\/\/bmasmaoo.com\/wp-content\/uploads\/2025\/11\/Generated-Image-November-12-2025-6_41PM.png\",\"contentUrl\":\"https:\/\/bmasmaoo.com\/wp-content\/uploads\/2025\/11\/Generated-Image-November-12-2025-6_41PM.png\",\"width\":608,\"height\":372,\"caption\":\"Bambinerie Maman Asmao\"},\"image\":{\"@id\":\"https:\/\/bmasmaoo.com\/#\/schema\/logo\/image\/\"},\"sameAs\":[\"https:\/\/www.facebook.com\/keacissediop\/?locale=fr_FR\",\"https:\/\/www.instagram.com\/bambineriemamanasmao\/?hl=fr\",\"https:\/\/www.tiktok.com\/@bambineriemamanasmao\"],\"telephone\":\"+221772474296\",\"legalName\":\"Bambinerie Maman Asmao\"}]}<\/script>\n<!-- \/ Yoast SEO Premium plugin. -->","yoast_head_json":{"title":"Klorane B\u00c9B\u00c9 Gel Lavant Doux 500ml - Bambinerie Chez Maman Asmao","robots":{"index":"index","follow":"follow","max-snippet":"max-snippet:-1","max-image-preview":"max-image-preview:large","max-video-preview":"max-video-preview:-1"},"canonical":"https:\/\/bmasmaoo.com\/index.php\/produit\/klorane-bebe-gel-lavant-doux-500ml\/","og_locale":"fr_FR","og_type":"article","og_title":"Klorane B\u00c9B\u00c9 Gel Lavant Doux 500ml","og_description":"Ce\u00a0gel nettoyant au calendula\u00a0pour le\u00a0corps et les cheveux\u00a0des b\u00e9b\u00e9s et des nourrissons ne pique pas les yeux.","og_url":"https:\/\/bmasmaoo.com\/index.php\/produit\/klorane-bebe-gel-lavant-doux-500ml\/","og_site_name":"Bambinerie Chez Maman Asmao","article_publisher":"https:\/\/www.facebook.com\/keacissediop\/?locale=fr_FR","og_image":[{"width":600,"height":600,"url":"https:\/\/bmasmaoo.com\/wp-content\/uploads\/2025\/11\/3282770104943-calendula-gel-lavant-doux-500ml-1.webp","type":"image\/webp"}],"twitter_card":"summary_large_image","twitter_misc":{"Dur\u00e9e de lecture estim\u00e9e":"1 minute"},"schema":{"@context":"https:\/\/schema.org","@graph":[{"@type":"WebPage","@id":"https:\/\/bmasmaoo.com\/index.php\/produit\/klorane-bebe-gel-lavant-doux-500ml\/","url":"https:\/\/bmasmaoo.com\/index.php\/produit\/klorane-bebe-gel-lavant-doux-500ml\/","name":"Klorane B\u00c9B\u00c9 Gel Lavant Doux 500ml - Bambinerie Chez Maman Asmao","isPartOf":{"@id":"https:\/\/bmasmaoo.com\/#website"},"primaryImageOfPage":{"@id":"https:\/\/bmasmaoo.com\/index.php\/produit\/klorane-bebe-gel-lavant-doux-500ml\/#primaryimage"},"image":{"@id":"https:\/\/bmasmaoo.com\/index.php\/produit\/klorane-bebe-gel-lavant-doux-500ml\/#primaryimage"},"thumbnailUrl":"https:\/\/bmasmaoo.com\/wp-content\/uploads\/2025\/11\/3282770104943-calendula-gel-lavant-doux-500ml-1.webp","datePublished":"2025-11-21T17:17:40+00:00","breadcrumb":{"@id":"https:\/\/bmasmaoo.com\/index.php\/produit\/klorane-bebe-gel-lavant-doux-500ml\/#breadcrumb"},"inLanguage":"fr-FR","potentialAction":[{"@type":"ReadAction","target":["https:\/\/bmasmaoo.com\/index.php\/produit\/klorane-bebe-gel-lavant-doux-500ml\/"]}]},{"@type":"ImageObject","inLanguage":"fr-FR","@id":"https:\/\/bmasmaoo.com\/index.php\/produit\/klorane-bebe-gel-lavant-doux-500ml\/#primaryimage","url":"https:\/\/bmasmaoo.com\/wp-content\/uploads\/2025\/11\/3282770104943-calendula-gel-lavant-doux-500ml-1.webp","contentUrl":"https:\/\/bmasmaoo.com\/wp-content\/uploads\/2025\/11\/3282770104943-calendula-gel-lavant-doux-500ml-1.webp","width":600,"height":600},{"@type":"BreadcrumbList","@id":"https:\/\/bmasmaoo.com\/index.php\/produit\/klorane-bebe-gel-lavant-doux-500ml\/#breadcrumb","itemListElement":[{"@type":"ListItem","position":1,"name":"Home","item":"https:\/\/bmasmaoo.com\/"},{"@type":"ListItem","position":2,"name":"Shop","item":"https:\/\/bmasmaoo.com\/index.php\/boutique\/"},{"@type":"ListItem","position":3,"name":"Klorane B\u00c9B\u00c9 Gel Lavant Doux 500ml"}]},{"@type":"WebSite","@id":"https:\/\/bmasmaoo.com\/#website","url":"https:\/\/bmasmaoo.com\/","name":"https:\/\/bmasmaoo.com\/","description":"","publisher":{"@id":"https:\/\/bmasmaoo.com\/#organization"},"potentialAction":[{"@type":"SearchAction","target":{"@type":"EntryPoint","urlTemplate":"https:\/\/bmasmaoo.com\/?s={search_term_string}"},"query-input":{"@type":"PropertyValueSpecification","valueRequired":true,"valueName":"search_term_string"}}],"inLanguage":"fr-FR"},{"@type":"Organization","@id":"https:\/\/bmasmaoo.com\/#organization","name":"Bambinerie Maman Asmao","url":"https:\/\/bmasmaoo.com\/","logo":{"@type":"ImageObject","inLanguage":"fr-FR","@id":"https:\/\/bmasmaoo.com\/#\/schema\/logo\/image\/","url":"https:\/\/bmasmaoo.com\/wp-content\/uploads\/2025\/11\/Generated-Image-November-12-2025-6_41PM.png","contentUrl":"https:\/\/bmasmaoo.com\/wp-content\/uploads\/2025\/11\/Generated-Image-November-12-2025-6_41PM.png","width":608,"height":372,"caption":"Bambinerie Maman Asmao"},"image":{"@id":"https:\/\/bmasmaoo.com\/#\/schema\/logo\/image\/"},"sameAs":["https:\/\/www.facebook.com\/keacissediop\/?locale=fr_FR","https:\/\/www.instagram.com\/bambineriemamanasmao\/?hl=fr","https:\/\/www.tiktok.com\/@bambineriemamanasmao"],"telephone":"+221772474296","legalName":"Bambinerie Maman Asmao"}]}},"_links":{"self":[{"href":"https:\/\/bmasmaoo.com\/index.php\/wp-json\/wp\/v2\/product\/1759","targetHints":{"allow":["GET"]}}],"collection":[{"href":"https:\/\/bmasmaoo.com\/index.php\/wp-json\/wp\/v2\/product"}],"about":[{"href":"https:\/\/bmasmaoo.com\/index.php\/wp-json\/wp\/v2\/types\/product"}],"version-history":[{"count":2,"href":"https:\/\/bmasmaoo.com\/index.php\/wp-json\/wp\/v2\/product\/1759\/revisions"}],"predecessor-version":[{"id":1764,"href":"https:\/\/bmasmaoo.com\/index.php\/wp-json\/wp\/v2\/product\/1759\/revisions\/1764"}],"wp:featuredmedia":[{"embeddable":true,"href":"https:\/\/bmasmaoo.com\/index.php\/wp-json\/wp\/v2\/media\/1762"}],"wp:attachment":[{"href":"https:\/\/bmasmaoo.com\/index.php\/wp-json\/wp\/v2\/media?parent=1759"}],"wp:term":[{"taxonomy":"product_brand","embeddable":true,"href":"https:\/\/bmasmaoo.com\/index.php\/wp-json\/wp\/v2\/product_brand?post=1759"},{"taxonomy":"product_cat","embeddable":true,"href":"https:\/\/bmasmaoo.com\/index.php\/wp-json\/wp\/v2\/product_cat?post=1759"},{"taxonomy":"product_tag","embeddable":true,"href":"https:\/\/bmasmaoo.com\/index.php\/wp-json\/wp\/v2\/product_tag?post=1759"}],"curies":[{"name":"wp","href":"https:\/\/api.w.org\/{rel}","templated":true}]}}