{"id":1648,"date":"2025-11-21T13:09:29","date_gmt":"2025-11-21T12:09:29","guid":{"rendered":"https:\/\/bmasmaoo.com\/?post_type=product&#038;p=1648"},"modified":"2026-01-22T14:28:48","modified_gmt":"2026-01-22T13:28:48","slug":"tapis-deveil-activity-gym-ball-3en1-avec-design-elephant","status":"publish","type":"product","link":"https:\/\/bmasmaoo.com\/index.php\/produit\/tapis-deveil-activity-gym-ball-3en1-avec-design-elephant\/","title":{"rendered":"Tapis d\u2019\u00c9veil Activity Gym &amp; Ball 3en1 \u2013  avec Design \u00c9l\u00e9phant"},"content":{"rendered":"<p data-start=\"94\" data-end=\"319\">Le tapis d\u2019\u00e9veil est l\u2019endroit parfait pour accompagner b\u00e9b\u00e9 dans ses premi\u00e8res explorations en douceur.<br data-start=\"198\" data-end=\"201\" \/>Confortable et s\u00e9curisant, il cr\u00e9e un espace moelleux o\u00f9 b\u00e9b\u00e9 peut s\u2019allonger, bouger, attraper et observer librement.<\/p>\n<p data-start=\"321\" data-end=\"472\">Avec ses jouets suspendus, hochets, miroirs et diff\u00e9rentes textures, il d\u00e9veloppe les sens, la motricit\u00e9 et la curiosit\u00e9 de b\u00e9b\u00e9 d\u00e8s les premiers mois.<\/p>\n<p data-start=\"474\" data-end=\"673\">Pratique et facile \u00e0 plier, il vous suit partout : \u00e0 la maison comme lors de vos sorties.<br data-start=\"563\" data-end=\"566\" \/>Son design color\u00e9 et amusant capte l\u2019attention de b\u00e9b\u00e9 tout en s\u2019harmonisant joliment avec votre int\u00e9rieur.<\/p>\n<p data-start=\"675\" data-end=\"839\">\u2728 Un essentiel pour stimuler l\u2019\u00e9veil, la coordination et le d\u00e9veloppement sensoriel de votre tout-petit, tout en cr\u00e9ant de pr\u00e9cieux moments de complicit\u00e9 et de jeu.<\/p>\n","protected":false},"excerpt":{"rendered":"<p>Le\u00a0<strong>Tapis d\u2019\u00c9veil Activity Gym &amp; Ball<\/strong>, avec son adorable design en forme d\u2019\u00e9l\u00e9phant et ses nombreuses fonctionnalit\u00e9s, est parfait pour stimuler l\u2019\u00e9veil de b\u00e9b\u00e9 tout en garantissant confort et s\u00e9curit\u00e9.<\/p>\n","protected":false},"featured_media":1650,"template":"","meta":[],"product_brand":[],"product_cat":[68],"product_tag":[],"class_list":{"0":"post-1648","1":"product","2":"type-product","3":"status-publish","4":"has-post-thumbnail","6":"product_cat-jouets-eveils","8":"first","9":"outofstock","10":"shipping-taxable","11":"purchasable","12":"product-type-simple"},"yoast_head":"<!-- This site is optimized with the Yoast SEO Premium plugin v26.8 (Yoast SEO v26.8) - https:\/\/yoast.com\/product\/yoast-seo-premium-wordpress\/ -->\n<title>Tapis d\u2019\u00c9veil Activity Gym &amp; Ball 3en1 \u2013 avec Design \u00c9l\u00e9phant - Bambinerie Chez Maman Asmao<\/title>\n<meta name=\"robots\" content=\"index, follow, max-snippet:-1, max-image-preview:large, max-video-preview:-1\" \/>\n<link rel=\"canonical\" href=\"https:\/\/bmasmaoo.com\/index.php\/produit\/tapis-deveil-activity-gym-ball-3en1-avec-design-elephant\/\" \/>\n<meta property=\"og:locale\" content=\"fr_FR\" \/>\n<meta property=\"og:type\" content=\"article\" \/>\n<meta property=\"og:title\" content=\"Tapis d\u2019\u00c9veil Activity Gym &amp; Ball 3en1 \u2013 avec Design \u00c9l\u00e9phant\" \/>\n<meta property=\"og:description\" content=\"Le\u00a0Tapis d\u2019\u00c9veil Activity Gym &amp; Ball, avec son adorable design en forme d\u2019\u00e9l\u00e9phant et ses nombreuses fonctionnalit\u00e9s, est parfait pour stimuler l\u2019\u00e9veil de b\u00e9b\u00e9 tout en garantissant confort et s\u00e9curit\u00e9.\" \/>\n<meta property=\"og:url\" content=\"https:\/\/bmasmaoo.com\/index.php\/produit\/tapis-deveil-activity-gym-ball-3en1-avec-design-elephant\/\" \/>\n<meta property=\"og:site_name\" content=\"Bambinerie Chez Maman Asmao\" \/>\n<meta property=\"article:publisher\" content=\"https:\/\/www.facebook.com\/keacissediop\/?locale=fr_FR\" \/>\n<meta property=\"article:modified_time\" content=\"2026-01-22T13:28:48+00:00\" \/>\n<meta property=\"og:image\" content=\"https:\/\/bmasmaoo.com\/wp-content\/uploads\/2025\/11\/Biberon-en-silicone-15.png\" \/>\n\t<meta property=\"og:image:width\" content=\"1080\" \/>\n\t<meta property=\"og:image:height\" content=\"1080\" \/>\n\t<meta property=\"og:image:type\" content=\"image\/png\" \/>\n<meta name=\"twitter:card\" content=\"summary_large_image\" \/>\n<meta name=\"twitter:label1\" content=\"Dur\u00e9e de lecture estim\u00e9e\" \/>\n\t<meta name=\"twitter:data1\" content=\"1 minute\" \/>\n<script type=\"application\/ld+json\" class=\"yoast-schema-graph\">{\"@context\":\"https:\/\/schema.org\",\"@graph\":[{\"@type\":\"WebPage\",\"@id\":\"https:\/\/bmasmaoo.com\/index.php\/produit\/tapis-deveil-activity-gym-ball-3en1-avec-design-elephant\/\",\"url\":\"https:\/\/bmasmaoo.com\/index.php\/produit\/tapis-deveil-activity-gym-ball-3en1-avec-design-elephant\/\",\"name\":\"Tapis d\u2019\u00c9veil Activity Gym &amp; Ball 3en1 \u2013 avec Design \u00c9l\u00e9phant - Bambinerie Chez Maman Asmao\",\"isPartOf\":{\"@id\":\"https:\/\/bmasmaoo.com\/#website\"},\"primaryImageOfPage\":{\"@id\":\"https:\/\/bmasmaoo.com\/index.php\/produit\/tapis-deveil-activity-gym-ball-3en1-avec-design-elephant\/#primaryimage\"},\"image\":{\"@id\":\"https:\/\/bmasmaoo.com\/index.php\/produit\/tapis-deveil-activity-gym-ball-3en1-avec-design-elephant\/#primaryimage\"},\"thumbnailUrl\":\"https:\/\/bmasmaoo.com\/wp-content\/uploads\/2025\/11\/Biberon-en-silicone-15.png\",\"datePublished\":\"2025-11-21T12:09:29+00:00\",\"dateModified\":\"2026-01-22T13:28:48+00:00\",\"breadcrumb\":{\"@id\":\"https:\/\/bmasmaoo.com\/index.php\/produit\/tapis-deveil-activity-gym-ball-3en1-avec-design-elephant\/#breadcrumb\"},\"inLanguage\":\"fr-FR\",\"potentialAction\":[{\"@type\":\"ReadAction\",\"target\":[\"https:\/\/bmasmaoo.com\/index.php\/produit\/tapis-deveil-activity-gym-ball-3en1-avec-design-elephant\/\"]}]},{\"@type\":\"ImageObject\",\"inLanguage\":\"fr-FR\",\"@id\":\"https:\/\/bmasmaoo.com\/index.php\/produit\/tapis-deveil-activity-gym-ball-3en1-avec-design-elephant\/#primaryimage\",\"url\":\"https:\/\/bmasmaoo.com\/wp-content\/uploads\/2025\/11\/Biberon-en-silicone-15.png\",\"contentUrl\":\"https:\/\/bmasmaoo.com\/wp-content\/uploads\/2025\/11\/Biberon-en-silicone-15.png\",\"width\":1080,\"height\":1080},{\"@type\":\"BreadcrumbList\",\"@id\":\"https:\/\/bmasmaoo.com\/index.php\/produit\/tapis-deveil-activity-gym-ball-3en1-avec-design-elephant\/#breadcrumb\",\"itemListElement\":[{\"@type\":\"ListItem\",\"position\":1,\"name\":\"Home\",\"item\":\"https:\/\/bmasmaoo.com\/\"},{\"@type\":\"ListItem\",\"position\":2,\"name\":\"Shop\",\"item\":\"https:\/\/bmasmaoo.com\/index.php\/boutique\/\"},{\"@type\":\"ListItem\",\"position\":3,\"name\":\"Tapis d\u2019\u00c9veil Activity Gym &amp; Ball 3en1 \u2013 avec Design \u00c9l\u00e9phant\"}]},{\"@type\":\"WebSite\",\"@id\":\"https:\/\/bmasmaoo.com\/#website\",\"url\":\"https:\/\/bmasmaoo.com\/\",\"name\":\"https:\/\/bmasmaoo.com\/\",\"description\":\"\",\"publisher\":{\"@id\":\"https:\/\/bmasmaoo.com\/#organization\"},\"potentialAction\":[{\"@type\":\"SearchAction\",\"target\":{\"@type\":\"EntryPoint\",\"urlTemplate\":\"https:\/\/bmasmaoo.com\/?s={search_term_string}\"},\"query-input\":{\"@type\":\"PropertyValueSpecification\",\"valueRequired\":true,\"valueName\":\"search_term_string\"}}],\"inLanguage\":\"fr-FR\"},{\"@type\":\"Organization\",\"@id\":\"https:\/\/bmasmaoo.com\/#organization\",\"name\":\"Bambinerie Maman Asmao\",\"url\":\"https:\/\/bmasmaoo.com\/\",\"logo\":{\"@type\":\"ImageObject\",\"inLanguage\":\"fr-FR\",\"@id\":\"https:\/\/bmasmaoo.com\/#\/schema\/logo\/image\/\",\"url\":\"https:\/\/bmasmaoo.com\/wp-content\/uploads\/2025\/11\/Generated-Image-November-12-2025-6_41PM.png\",\"contentUrl\":\"https:\/\/bmasmaoo.com\/wp-content\/uploads\/2025\/11\/Generated-Image-November-12-2025-6_41PM.png\",\"width\":608,\"height\":372,\"caption\":\"Bambinerie Maman Asmao\"},\"image\":{\"@id\":\"https:\/\/bmasmaoo.com\/#\/schema\/logo\/image\/\"},\"sameAs\":[\"https:\/\/www.facebook.com\/keacissediop\/?locale=fr_FR\",\"https:\/\/www.instagram.com\/bambineriemamanasmao\/?hl=fr\",\"https:\/\/www.tiktok.com\/@bambineriemamanasmao\"],\"telephone\":\"+221772474296\",\"legalName\":\"Bambinerie Maman Asmao\"}]}<\/script>\n<!-- \/ Yoast SEO Premium plugin. -->","yoast_head_json":{"title":"Tapis d\u2019\u00c9veil Activity Gym &amp; Ball 3en1 \u2013 avec Design \u00c9l\u00e9phant - Bambinerie Chez Maman Asmao","robots":{"index":"index","follow":"follow","max-snippet":"max-snippet:-1","max-image-preview":"max-image-preview:large","max-video-preview":"max-video-preview:-1"},"canonical":"https:\/\/bmasmaoo.com\/index.php\/produit\/tapis-deveil-activity-gym-ball-3en1-avec-design-elephant\/","og_locale":"fr_FR","og_type":"article","og_title":"Tapis d\u2019\u00c9veil Activity Gym &amp; Ball 3en1 \u2013 avec Design \u00c9l\u00e9phant","og_description":"Le\u00a0Tapis d\u2019\u00c9veil Activity Gym &amp; Ball, avec son adorable design en forme d\u2019\u00e9l\u00e9phant et ses nombreuses fonctionnalit\u00e9s, est parfait pour stimuler l\u2019\u00e9veil de b\u00e9b\u00e9 tout en garantissant confort et s\u00e9curit\u00e9.","og_url":"https:\/\/bmasmaoo.com\/index.php\/produit\/tapis-deveil-activity-gym-ball-3en1-avec-design-elephant\/","og_site_name":"Bambinerie Chez Maman Asmao","article_publisher":"https:\/\/www.facebook.com\/keacissediop\/?locale=fr_FR","article_modified_time":"2026-01-22T13:28:48+00:00","og_image":[{"width":1080,"height":1080,"url":"https:\/\/bmasmaoo.com\/wp-content\/uploads\/2025\/11\/Biberon-en-silicone-15.png","type":"image\/png"}],"twitter_card":"summary_large_image","twitter_misc":{"Dur\u00e9e de lecture estim\u00e9e":"1 minute"},"schema":{"@context":"https:\/\/schema.org","@graph":[{"@type":"WebPage","@id":"https:\/\/bmasmaoo.com\/index.php\/produit\/tapis-deveil-activity-gym-ball-3en1-avec-design-elephant\/","url":"https:\/\/bmasmaoo.com\/index.php\/produit\/tapis-deveil-activity-gym-ball-3en1-avec-design-elephant\/","name":"Tapis d\u2019\u00c9veil Activity Gym &amp; Ball 3en1 \u2013 avec Design \u00c9l\u00e9phant - Bambinerie Chez Maman Asmao","isPartOf":{"@id":"https:\/\/bmasmaoo.com\/#website"},"primaryImageOfPage":{"@id":"https:\/\/bmasmaoo.com\/index.php\/produit\/tapis-deveil-activity-gym-ball-3en1-avec-design-elephant\/#primaryimage"},"image":{"@id":"https:\/\/bmasmaoo.com\/index.php\/produit\/tapis-deveil-activity-gym-ball-3en1-avec-design-elephant\/#primaryimage"},"thumbnailUrl":"https:\/\/bmasmaoo.com\/wp-content\/uploads\/2025\/11\/Biberon-en-silicone-15.png","datePublished":"2025-11-21T12:09:29+00:00","dateModified":"2026-01-22T13:28:48+00:00","breadcrumb":{"@id":"https:\/\/bmasmaoo.com\/index.php\/produit\/tapis-deveil-activity-gym-ball-3en1-avec-design-elephant\/#breadcrumb"},"inLanguage":"fr-FR","potentialAction":[{"@type":"ReadAction","target":["https:\/\/bmasmaoo.com\/index.php\/produit\/tapis-deveil-activity-gym-ball-3en1-avec-design-elephant\/"]}]},{"@type":"ImageObject","inLanguage":"fr-FR","@id":"https:\/\/bmasmaoo.com\/index.php\/produit\/tapis-deveil-activity-gym-ball-3en1-avec-design-elephant\/#primaryimage","url":"https:\/\/bmasmaoo.com\/wp-content\/uploads\/2025\/11\/Biberon-en-silicone-15.png","contentUrl":"https:\/\/bmasmaoo.com\/wp-content\/uploads\/2025\/11\/Biberon-en-silicone-15.png","width":1080,"height":1080},{"@type":"BreadcrumbList","@id":"https:\/\/bmasmaoo.com\/index.php\/produit\/tapis-deveil-activity-gym-ball-3en1-avec-design-elephant\/#breadcrumb","itemListElement":[{"@type":"ListItem","position":1,"name":"Home","item":"https:\/\/bmasmaoo.com\/"},{"@type":"ListItem","position":2,"name":"Shop","item":"https:\/\/bmasmaoo.com\/index.php\/boutique\/"},{"@type":"ListItem","position":3,"name":"Tapis d\u2019\u00c9veil Activity Gym &amp; Ball 3en1 \u2013 avec Design \u00c9l\u00e9phant"}]},{"@type":"WebSite","@id":"https:\/\/bmasmaoo.com\/#website","url":"https:\/\/bmasmaoo.com\/","name":"https:\/\/bmasmaoo.com\/","description":"","publisher":{"@id":"https:\/\/bmasmaoo.com\/#organization"},"potentialAction":[{"@type":"SearchAction","target":{"@type":"EntryPoint","urlTemplate":"https:\/\/bmasmaoo.com\/?s={search_term_string}"},"query-input":{"@type":"PropertyValueSpecification","valueRequired":true,"valueName":"search_term_string"}}],"inLanguage":"fr-FR"},{"@type":"Organization","@id":"https:\/\/bmasmaoo.com\/#organization","name":"Bambinerie Maman Asmao","url":"https:\/\/bmasmaoo.com\/","logo":{"@type":"ImageObject","inLanguage":"fr-FR","@id":"https:\/\/bmasmaoo.com\/#\/schema\/logo\/image\/","url":"https:\/\/bmasmaoo.com\/wp-content\/uploads\/2025\/11\/Generated-Image-November-12-2025-6_41PM.png","contentUrl":"https:\/\/bmasmaoo.com\/wp-content\/uploads\/2025\/11\/Generated-Image-November-12-2025-6_41PM.png","width":608,"height":372,"caption":"Bambinerie Maman Asmao"},"image":{"@id":"https:\/\/bmasmaoo.com\/#\/schema\/logo\/image\/"},"sameAs":["https:\/\/www.facebook.com\/keacissediop\/?locale=fr_FR","https:\/\/www.instagram.com\/bambineriemamanasmao\/?hl=fr","https:\/\/www.tiktok.com\/@bambineriemamanasmao"],"telephone":"+221772474296","legalName":"Bambinerie Maman Asmao"}]}},"_links":{"self":[{"href":"https:\/\/bmasmaoo.com\/index.php\/wp-json\/wp\/v2\/product\/1648","targetHints":{"allow":["GET"]}}],"collection":[{"href":"https:\/\/bmasmaoo.com\/index.php\/wp-json\/wp\/v2\/product"}],"about":[{"href":"https:\/\/bmasmaoo.com\/index.php\/wp-json\/wp\/v2\/types\/product"}],"version-history":[{"count":1,"href":"https:\/\/bmasmaoo.com\/index.php\/wp-json\/wp\/v2\/product\/1648\/revisions"}],"predecessor-version":[{"id":1653,"href":"https:\/\/bmasmaoo.com\/index.php\/wp-json\/wp\/v2\/product\/1648\/revisions\/1653"}],"wp:featuredmedia":[{"embeddable":true,"href":"https:\/\/bmasmaoo.com\/index.php\/wp-json\/wp\/v2\/media\/1650"}],"wp:attachment":[{"href":"https:\/\/bmasmaoo.com\/index.php\/wp-json\/wp\/v2\/media?parent=1648"}],"wp:term":[{"taxonomy":"product_brand","embeddable":true,"href":"https:\/\/bmasmaoo.com\/index.php\/wp-json\/wp\/v2\/product_brand?post=1648"},{"taxonomy":"product_cat","embeddable":true,"href":"https:\/\/bmasmaoo.com\/index.php\/wp-json\/wp\/v2\/product_cat?post=1648"},{"taxonomy":"product_tag","embeddable":true,"href":"https:\/\/bmasmaoo.com\/index.php\/wp-json\/wp\/v2\/product_tag?post=1648"}],"curies":[{"name":"wp","href":"https:\/\/api.w.org\/{rel}","templated":true}]}}