{"id":1608,"date":"2025-11-20T16:20:57","date_gmt":"2025-11-20T15:20:57","guid":{"rendered":"https:\/\/bmasmaoo.com\/?post_type=product&#038;p=1608"},"modified":"2025-11-20T16:20:57","modified_gmt":"2025-11-20T15:20:57","slug":"biolane-shampooing-douceur-350-ml","status":"publish","type":"product","link":"https:\/\/bmasmaoo.com\/index.php\/produit\/biolane-shampooing-douceur-350-ml\/","title":{"rendered":"Biolane \u2013 Shampooing Douceur 350 ml"},"content":{"rendered":"<h2 class=\"default\">Description du produit<\/h2>\n<div id=\"productDescription\" class=\"a-section a-spacing-small\">\n<p>Le bain, ce moment magique, est une vraie occasion de plaisir pour les b\u00e9b\u00e9s mais aussi pour les parents. En effet, il permet de cr\u00e9er des liens affectifs \u00e0 travers le contact, les<br \/>\ncaresses et les sourires. Pendant le bain, b\u00e9b\u00e9 fait des d\u00e9couvertes et s\u2019amuse en s\u2019\u00e9claboussant\u2026 Le contact de l\u2019eau sur sa peau \u00e9veille ses sens et lui permet de d\u00e9couvrir de<br \/>\nnouvelles sensations. Un bain avant de le coucher est d\u00e8s lors recommand\u00e9 : il facilite la d\u00e9tente de b\u00e9b\u00e9, qui, relax\u00e9, s\u2019endormira propre et paisiblement apr\u00e8s une journ\u00e9e<br \/>\nagit\u00e9e. Biolane vous propose une gamme de produits adapt\u00e9s \u00e0 sa peau d\u00e9licate, pour une hygi\u00e8ne quotidienne en toute douceur. Le shampooing douceur nettoie le cuir chevelu<br \/>\net aide \u00e0 d\u00e9m\u00ealer les cheveux du b\u00e9b\u00e9 en un seul geste. Ses atouts ? Il est facile \u00e0 rincer et rend les cheveux doux, brillants et faciles \u00e0 coiffer.<\/p>\n<p><strong>D\u00e9tails du produit :<\/strong><\/p>\n<ul>\n<li>Enrichi en actifs au pouvoir d\u00e9m\u00ealant<\/li>\n<li>\u00c0 la texture tr\u00e8s l\u00e9g\u00e8re<\/li>\n<li>Formule haute tol\u00e9rance<\/li>\n<li>Ne pique pas les yeux<\/li>\n<li>Convient aux b\u00e9b\u00e9s<\/li>\n<li>Fabriqu\u00e9 en France<\/li>\n<\/ul>\n<p><strong>Conseil d\u2019utilisation :<\/strong><\/p>\n<div class=\"specifications\">\n<p>Appliquer sur cheveux mouill\u00e9s et masser. Rincer soigneusement.<\/p>\n<p>Ce shampooing est sp\u00e9cialement formul\u00e9 pour un usage fr\u00e9quent.<\/p>\n<\/div>\n<p><strong>\u00c0 propos de Biolane<\/strong><\/p>\n<p>Cr\u00e9\u00e9 en 1972 sous l\u2019impulsion d\u2019un pharmacien, le Docteur Chabrand, Biolane \u00e9labore depuis plus de 40 ans des produits d\u2019hygi\u00e8ne et de soin pour la peau d\u00e9licate des b\u00e9b\u00e9s.<br \/>\nFormul\u00e9s \u00e0 base d\u2019actifs d\u2019origine naturelle et d\u2019ingr\u00e9dients rigoureusement s\u00e9lectionn\u00e9s pour leur extr\u00eame douceur, les produits Biolane sont en parfaite affinit\u00e9 avec la peau<br \/>\nd\u00e9licate et sensible des b\u00e9b\u00e9s. Utilis\u00e9s en maternit\u00e9s et recommand\u00e9s par le corps m\u00e9dical, ils ont accompagn\u00e9 des millions de nouveau-n\u00e9s et leurs parents d\u00e8s les premiers jours.<\/p>\n<\/div>\n","protected":false},"excerpt":{"rendered":"<p>Description du produit Le bain, ce moment magique, est une vraie occasion de plaisir pour les b\u00e9b\u00e9s mais aussi pour<\/p>\n","protected":false},"featured_media":1609,"template":"","meta":[],"product_brand":[],"product_cat":[71],"product_tag":[],"class_list":{"0":"post-1608","1":"product","2":"type-product","3":"status-publish","4":"has-post-thumbnail","6":"product_cat-soins-toilette","8":"first","9":"instock","10":"shipping-taxable","11":"purchasable","12":"product-type-simple"},"yoast_head":"<!-- This site is optimized with the Yoast SEO Premium plugin v26.8 (Yoast SEO v26.8) - https:\/\/yoast.com\/product\/yoast-seo-premium-wordpress\/ -->\n<title>Biolane \u2013 Shampooing Douceur 350 ml - Bambinerie Chez Maman Asmao<\/title>\n<meta name=\"robots\" content=\"index, follow, max-snippet:-1, max-image-preview:large, max-video-preview:-1\" \/>\n<link rel=\"canonical\" href=\"https:\/\/bmasmaoo.com\/index.php\/produit\/biolane-shampooing-douceur-350-ml\/\" \/>\n<meta property=\"og:locale\" content=\"fr_FR\" \/>\n<meta property=\"og:type\" content=\"article\" \/>\n<meta property=\"og:title\" content=\"Biolane \u2013 Shampooing Douceur 350 ml\" \/>\n<meta property=\"og:description\" content=\"Description du produit Le bain, ce moment magique, est une vraie occasion de plaisir pour les b\u00e9b\u00e9s mais aussi pour\" \/>\n<meta property=\"og:url\" content=\"https:\/\/bmasmaoo.com\/index.php\/produit\/biolane-shampooing-douceur-350-ml\/\" \/>\n<meta property=\"og:site_name\" content=\"Bambinerie Chez Maman Asmao\" \/>\n<meta property=\"article:publisher\" content=\"https:\/\/www.facebook.com\/keacissediop\/?locale=fr_FR\" \/>\n<meta property=\"og:image\" content=\"https:\/\/bmasmaoo.com\/wp-content\/uploads\/2025\/11\/biolane-shampooing-douceur-350ml-1.jpg\" \/>\n\t<meta property=\"og:image:width\" content=\"1100\" \/>\n\t<meta property=\"og:image:height\" content=\"1100\" \/>\n\t<meta property=\"og:image:type\" content=\"image\/jpeg\" \/>\n<meta name=\"twitter:card\" content=\"summary_large_image\" \/>\n<meta name=\"twitter:label1\" content=\"Dur\u00e9e de lecture estim\u00e9e\" \/>\n\t<meta name=\"twitter:data1\" content=\"2 minutes\" \/>\n<script type=\"application\/ld+json\" class=\"yoast-schema-graph\">{\"@context\":\"https:\/\/schema.org\",\"@graph\":[{\"@type\":\"WebPage\",\"@id\":\"https:\/\/bmasmaoo.com\/index.php\/produit\/biolane-shampooing-douceur-350-ml\/\",\"url\":\"https:\/\/bmasmaoo.com\/index.php\/produit\/biolane-shampooing-douceur-350-ml\/\",\"name\":\"Biolane \u2013 Shampooing Douceur 350 ml - Bambinerie Chez Maman Asmao\",\"isPartOf\":{\"@id\":\"https:\/\/bmasmaoo.com\/#website\"},\"primaryImageOfPage\":{\"@id\":\"https:\/\/bmasmaoo.com\/index.php\/produit\/biolane-shampooing-douceur-350-ml\/#primaryimage\"},\"image\":{\"@id\":\"https:\/\/bmasmaoo.com\/index.php\/produit\/biolane-shampooing-douceur-350-ml\/#primaryimage\"},\"thumbnailUrl\":\"https:\/\/bmasmaoo.com\/wp-content\/uploads\/2025\/11\/biolane-shampooing-douceur-350ml-1.jpg\",\"datePublished\":\"2025-11-20T15:20:57+00:00\",\"breadcrumb\":{\"@id\":\"https:\/\/bmasmaoo.com\/index.php\/produit\/biolane-shampooing-douceur-350-ml\/#breadcrumb\"},\"inLanguage\":\"fr-FR\",\"potentialAction\":[{\"@type\":\"ReadAction\",\"target\":[\"https:\/\/bmasmaoo.com\/index.php\/produit\/biolane-shampooing-douceur-350-ml\/\"]}]},{\"@type\":\"ImageObject\",\"inLanguage\":\"fr-FR\",\"@id\":\"https:\/\/bmasmaoo.com\/index.php\/produit\/biolane-shampooing-douceur-350-ml\/#primaryimage\",\"url\":\"https:\/\/bmasmaoo.com\/wp-content\/uploads\/2025\/11\/biolane-shampooing-douceur-350ml-1.jpg\",\"contentUrl\":\"https:\/\/bmasmaoo.com\/wp-content\/uploads\/2025\/11\/biolane-shampooing-douceur-350ml-1.jpg\",\"width\":1100,\"height\":1100},{\"@type\":\"BreadcrumbList\",\"@id\":\"https:\/\/bmasmaoo.com\/index.php\/produit\/biolane-shampooing-douceur-350-ml\/#breadcrumb\",\"itemListElement\":[{\"@type\":\"ListItem\",\"position\":1,\"name\":\"Home\",\"item\":\"https:\/\/bmasmaoo.com\/\"},{\"@type\":\"ListItem\",\"position\":2,\"name\":\"Shop\",\"item\":\"https:\/\/bmasmaoo.com\/index.php\/boutique\/\"},{\"@type\":\"ListItem\",\"position\":3,\"name\":\"Biolane \u2013 Shampooing Douceur 350 ml\"}]},{\"@type\":\"WebSite\",\"@id\":\"https:\/\/bmasmaoo.com\/#website\",\"url\":\"https:\/\/bmasmaoo.com\/\",\"name\":\"https:\/\/bmasmaoo.com\/\",\"description\":\"\",\"publisher\":{\"@id\":\"https:\/\/bmasmaoo.com\/#organization\"},\"potentialAction\":[{\"@type\":\"SearchAction\",\"target\":{\"@type\":\"EntryPoint\",\"urlTemplate\":\"https:\/\/bmasmaoo.com\/?s={search_term_string}\"},\"query-input\":{\"@type\":\"PropertyValueSpecification\",\"valueRequired\":true,\"valueName\":\"search_term_string\"}}],\"inLanguage\":\"fr-FR\"},{\"@type\":\"Organization\",\"@id\":\"https:\/\/bmasmaoo.com\/#organization\",\"name\":\"Bambinerie Maman Asmao\",\"url\":\"https:\/\/bmasmaoo.com\/\",\"logo\":{\"@type\":\"ImageObject\",\"inLanguage\":\"fr-FR\",\"@id\":\"https:\/\/bmasmaoo.com\/#\/schema\/logo\/image\/\",\"url\":\"https:\/\/bmasmaoo.com\/wp-content\/uploads\/2025\/11\/Generated-Image-November-12-2025-6_41PM.png\",\"contentUrl\":\"https:\/\/bmasmaoo.com\/wp-content\/uploads\/2025\/11\/Generated-Image-November-12-2025-6_41PM.png\",\"width\":608,\"height\":372,\"caption\":\"Bambinerie Maman Asmao\"},\"image\":{\"@id\":\"https:\/\/bmasmaoo.com\/#\/schema\/logo\/image\/\"},\"sameAs\":[\"https:\/\/www.facebook.com\/keacissediop\/?locale=fr_FR\",\"https:\/\/www.instagram.com\/bambineriemamanasmao\/?hl=fr\",\"https:\/\/www.tiktok.com\/@bambineriemamanasmao\"],\"telephone\":\"+221772474296\",\"legalName\":\"Bambinerie Maman Asmao\"}]}<\/script>\n<!-- \/ Yoast SEO Premium plugin. -->","yoast_head_json":{"title":"Biolane \u2013 Shampooing Douceur 350 ml - Bambinerie Chez Maman Asmao","robots":{"index":"index","follow":"follow","max-snippet":"max-snippet:-1","max-image-preview":"max-image-preview:large","max-video-preview":"max-video-preview:-1"},"canonical":"https:\/\/bmasmaoo.com\/index.php\/produit\/biolane-shampooing-douceur-350-ml\/","og_locale":"fr_FR","og_type":"article","og_title":"Biolane \u2013 Shampooing Douceur 350 ml","og_description":"Description du produit Le bain, ce moment magique, est une vraie occasion de plaisir pour les b\u00e9b\u00e9s mais aussi pour","og_url":"https:\/\/bmasmaoo.com\/index.php\/produit\/biolane-shampooing-douceur-350-ml\/","og_site_name":"Bambinerie Chez Maman Asmao","article_publisher":"https:\/\/www.facebook.com\/keacissediop\/?locale=fr_FR","og_image":[{"width":1100,"height":1100,"url":"https:\/\/bmasmaoo.com\/wp-content\/uploads\/2025\/11\/biolane-shampooing-douceur-350ml-1.jpg","type":"image\/jpeg"}],"twitter_card":"summary_large_image","twitter_misc":{"Dur\u00e9e de lecture estim\u00e9e":"2 minutes"},"schema":{"@context":"https:\/\/schema.org","@graph":[{"@type":"WebPage","@id":"https:\/\/bmasmaoo.com\/index.php\/produit\/biolane-shampooing-douceur-350-ml\/","url":"https:\/\/bmasmaoo.com\/index.php\/produit\/biolane-shampooing-douceur-350-ml\/","name":"Biolane \u2013 Shampooing Douceur 350 ml - Bambinerie Chez Maman Asmao","isPartOf":{"@id":"https:\/\/bmasmaoo.com\/#website"},"primaryImageOfPage":{"@id":"https:\/\/bmasmaoo.com\/index.php\/produit\/biolane-shampooing-douceur-350-ml\/#primaryimage"},"image":{"@id":"https:\/\/bmasmaoo.com\/index.php\/produit\/biolane-shampooing-douceur-350-ml\/#primaryimage"},"thumbnailUrl":"https:\/\/bmasmaoo.com\/wp-content\/uploads\/2025\/11\/biolane-shampooing-douceur-350ml-1.jpg","datePublished":"2025-11-20T15:20:57+00:00","breadcrumb":{"@id":"https:\/\/bmasmaoo.com\/index.php\/produit\/biolane-shampooing-douceur-350-ml\/#breadcrumb"},"inLanguage":"fr-FR","potentialAction":[{"@type":"ReadAction","target":["https:\/\/bmasmaoo.com\/index.php\/produit\/biolane-shampooing-douceur-350-ml\/"]}]},{"@type":"ImageObject","inLanguage":"fr-FR","@id":"https:\/\/bmasmaoo.com\/index.php\/produit\/biolane-shampooing-douceur-350-ml\/#primaryimage","url":"https:\/\/bmasmaoo.com\/wp-content\/uploads\/2025\/11\/biolane-shampooing-douceur-350ml-1.jpg","contentUrl":"https:\/\/bmasmaoo.com\/wp-content\/uploads\/2025\/11\/biolane-shampooing-douceur-350ml-1.jpg","width":1100,"height":1100},{"@type":"BreadcrumbList","@id":"https:\/\/bmasmaoo.com\/index.php\/produit\/biolane-shampooing-douceur-350-ml\/#breadcrumb","itemListElement":[{"@type":"ListItem","position":1,"name":"Home","item":"https:\/\/bmasmaoo.com\/"},{"@type":"ListItem","position":2,"name":"Shop","item":"https:\/\/bmasmaoo.com\/index.php\/boutique\/"},{"@type":"ListItem","position":3,"name":"Biolane \u2013 Shampooing Douceur 350 ml"}]},{"@type":"WebSite","@id":"https:\/\/bmasmaoo.com\/#website","url":"https:\/\/bmasmaoo.com\/","name":"https:\/\/bmasmaoo.com\/","description":"","publisher":{"@id":"https:\/\/bmasmaoo.com\/#organization"},"potentialAction":[{"@type":"SearchAction","target":{"@type":"EntryPoint","urlTemplate":"https:\/\/bmasmaoo.com\/?s={search_term_string}"},"query-input":{"@type":"PropertyValueSpecification","valueRequired":true,"valueName":"search_term_string"}}],"inLanguage":"fr-FR"},{"@type":"Organization","@id":"https:\/\/bmasmaoo.com\/#organization","name":"Bambinerie Maman Asmao","url":"https:\/\/bmasmaoo.com\/","logo":{"@type":"ImageObject","inLanguage":"fr-FR","@id":"https:\/\/bmasmaoo.com\/#\/schema\/logo\/image\/","url":"https:\/\/bmasmaoo.com\/wp-content\/uploads\/2025\/11\/Generated-Image-November-12-2025-6_41PM.png","contentUrl":"https:\/\/bmasmaoo.com\/wp-content\/uploads\/2025\/11\/Generated-Image-November-12-2025-6_41PM.png","width":608,"height":372,"caption":"Bambinerie Maman Asmao"},"image":{"@id":"https:\/\/bmasmaoo.com\/#\/schema\/logo\/image\/"},"sameAs":["https:\/\/www.facebook.com\/keacissediop\/?locale=fr_FR","https:\/\/www.instagram.com\/bambineriemamanasmao\/?hl=fr","https:\/\/www.tiktok.com\/@bambineriemamanasmao"],"telephone":"+221772474296","legalName":"Bambinerie Maman Asmao"}]}},"_links":{"self":[{"href":"https:\/\/bmasmaoo.com\/index.php\/wp-json\/wp\/v2\/product\/1608","targetHints":{"allow":["GET"]}}],"collection":[{"href":"https:\/\/bmasmaoo.com\/index.php\/wp-json\/wp\/v2\/product"}],"about":[{"href":"https:\/\/bmasmaoo.com\/index.php\/wp-json\/wp\/v2\/types\/product"}],"version-history":[{"count":2,"href":"https:\/\/bmasmaoo.com\/index.php\/wp-json\/wp\/v2\/product\/1608\/revisions"}],"predecessor-version":[{"id":1611,"href":"https:\/\/bmasmaoo.com\/index.php\/wp-json\/wp\/v2\/product\/1608\/revisions\/1611"}],"wp:featuredmedia":[{"embeddable":true,"href":"https:\/\/bmasmaoo.com\/index.php\/wp-json\/wp\/v2\/media\/1609"}],"wp:attachment":[{"href":"https:\/\/bmasmaoo.com\/index.php\/wp-json\/wp\/v2\/media?parent=1608"}],"wp:term":[{"taxonomy":"product_brand","embeddable":true,"href":"https:\/\/bmasmaoo.com\/index.php\/wp-json\/wp\/v2\/product_brand?post=1608"},{"taxonomy":"product_cat","embeddable":true,"href":"https:\/\/bmasmaoo.com\/index.php\/wp-json\/wp\/v2\/product_cat?post=1608"},{"taxonomy":"product_tag","embeddable":true,"href":"https:\/\/bmasmaoo.com\/index.php\/wp-json\/wp\/v2\/product_tag?post=1608"}],"curies":[{"name":"wp","href":"https:\/\/api.w.org\/{rel}","templated":true}]}}