{"id":1601,"date":"2025-11-20T16:07:03","date_gmt":"2025-11-20T15:07:03","guid":{"rendered":"https:\/\/bmasmaoo.com\/?post_type=product&#038;p=1601"},"modified":"2025-12-24T19:28:17","modified_gmt":"2025-12-24T18:28:17","slug":"biolane-eau-de-toilette-fraicheur-sans-alcool-200-ml","status":"publish","type":"product","link":"https:\/\/bmasmaoo.com\/index.php\/produit\/biolane-eau-de-toilette-fraicheur-sans-alcool-200-ml\/","title":{"rendered":"Biolane Eau de Toilette Fra\u00eecheur Sans Alcool 200 ml"},"content":{"rendered":"<h2>Description :<\/h2>\n<p><span class=\"metafield-multi_line_text_field\">L\u2019eau de toilette fra\u00eecheur Biolane compl\u00e8te agr\u00e9ablement la toilette et rafra\u00eechit votre b\u00e9b\u00e9 \u00e0 tout moment de la journ\u00e9e.<\/span><\/p>\n<p>Notre vocation : prot\u00e9ger la peau sensible de votre b\u00e9b\u00e9<br \/>\n\u2013 Une eau de toilette \u00e0 99% d\u2019ingr\u00e9dients d\u2019origine naturelle, formul\u00e9e sans alcool et \u00e0 pH physiologique pour pr\u00e9server l\u2019\u00e9quilibre naturel cutan\u00e9.<br \/>\n\u2013 Une formule test\u00e9e cliniquement sous contr\u00f4le m\u00e9dical pour la plus grande s\u00e9curit\u00e9 des nouveau-n\u00e9s.<\/p>\n<p><span class=\"metafield-multi_line_text_field\">Formul\u00e9e sans alcool et \u00e0 pH physiologique, elle pr\u00e9serve l\u2019\u00e9quilibre naturel cutan\u00e9 de votre b\u00e9b\u00e9.<\/span><\/p>\n<p class=\"h4 accordion__title\"><strong>Conseils d\u2019utilisation<\/strong><\/p>\n<p><span class=\"metafield-multi_line_text_field\">Appliquez en frictions l\u00e9g\u00e8res sur tout le corps et le cuir chevelu, ou vaporisez sur les v\u00eatements et le linge de votre b\u00e9b\u00e9.<br \/>\nNe vaporisez pas vers le visage.<\/span><\/p>\n<p>\u00c0 conserver \u00e0 temp\u00e9rature comprise entre 15 et 25\u00b0C.<br \/>\n\u00c9viter tout contact avec les yeux.<br \/>\nUsage Externe uniquement. Ne pas avaler.<\/p>\n","protected":false},"excerpt":{"rendered":"<p><span class=\"metafield-multi_line_text_field\">L\u2019eau de toilette fra\u00eecheur Biolane compl\u00e8te agr\u00e9ablement la toilette et rafra\u00eechit votre b\u00e9b\u00e9 \u00e0 tout moment de la journ\u00e9e.<\/span><\/p>\n<div class=\"image-with-text__text rte body\">\n<ul class=\"metafield-single_line_text_field-array\">\n<li class=\"metafield-single_line_text_field\">Parfum embl\u00e9matique Biolane<\/li>\n<li class=\"metafield-single_line_text_field\">Sans allerg\u00e8ne<\/li>\n<li class=\"metafield-single_line_text_field\">Sans alcool et \u00e0 pH physiologique<\/li>\n<\/ul>\n<\/div>\n","protected":false},"featured_media":1591,"template":"","meta":[],"product_brand":[],"product_cat":[71],"product_tag":[],"class_list":{"0":"post-1601","1":"product","2":"type-product","3":"status-publish","4":"has-post-thumbnail","6":"product_cat-soins-toilette","8":"first","9":"instock","10":"shipping-taxable","11":"purchasable","12":"product-type-simple"},"yoast_head":"<!-- This site is optimized with the Yoast SEO Premium plugin v26.8 (Yoast SEO v26.8) - https:\/\/yoast.com\/product\/yoast-seo-premium-wordpress\/ -->\n<title>Biolane Eau de Toilette Fra\u00eecheur Sans Alcool 200 ml - Bambinerie Chez Maman Asmao<\/title>\n<meta name=\"robots\" content=\"index, follow, max-snippet:-1, max-image-preview:large, max-video-preview:-1\" \/>\n<link rel=\"canonical\" href=\"https:\/\/bmasmaoo.com\/index.php\/produit\/biolane-eau-de-toilette-fraicheur-sans-alcool-200-ml\/\" \/>\n<meta property=\"og:locale\" content=\"fr_FR\" \/>\n<meta property=\"og:type\" content=\"article\" \/>\n<meta property=\"og:title\" content=\"Biolane Eau de Toilette Fra\u00eecheur Sans Alcool 200 ml\" \/>\n<meta property=\"og:description\" content=\"L\u2019eau de toilette fra\u00eecheur Biolane compl\u00e8te agr\u00e9ablement la toilette et rafra\u00eechit votre b\u00e9b\u00e9 \u00e0 tout moment de la journ\u00e9e.    Parfum embl\u00e9matique Biolane  Sans allerg\u00e8ne  Sans alcool et \u00e0 pH physiologique\" \/>\n<meta property=\"og:url\" content=\"https:\/\/bmasmaoo.com\/index.php\/produit\/biolane-eau-de-toilette-fraicheur-sans-alcool-200-ml\/\" \/>\n<meta property=\"og:site_name\" content=\"Bambinerie Chez Maman Asmao\" \/>\n<meta property=\"article:publisher\" content=\"https:\/\/www.facebook.com\/keacissediop\/?locale=fr_FR\" \/>\n<meta property=\"article:modified_time\" content=\"2025-12-24T18:28:17+00:00\" \/>\n<meta property=\"og:image\" content=\"https:\/\/bmasmaoo.com\/wp-content\/uploads\/2025\/11\/eaudetoilette-1.png\" \/>\n\t<meta property=\"og:image:width\" content=\"1300\" \/>\n\t<meta property=\"og:image:height\" content=\"1300\" \/>\n\t<meta property=\"og:image:type\" content=\"image\/png\" \/>\n<meta name=\"twitter:card\" content=\"summary_large_image\" \/>\n<meta name=\"twitter:label1\" content=\"Dur\u00e9e de lecture estim\u00e9e\" \/>\n\t<meta name=\"twitter:data1\" content=\"1 minute\" \/>\n<script type=\"application\/ld+json\" class=\"yoast-schema-graph\">{\"@context\":\"https:\/\/schema.org\",\"@graph\":[{\"@type\":\"WebPage\",\"@id\":\"https:\/\/bmasmaoo.com\/index.php\/produit\/biolane-eau-de-toilette-fraicheur-sans-alcool-200-ml\/\",\"url\":\"https:\/\/bmasmaoo.com\/index.php\/produit\/biolane-eau-de-toilette-fraicheur-sans-alcool-200-ml\/\",\"name\":\"Biolane Eau de Toilette Fra\u00eecheur Sans Alcool 200 ml - Bambinerie Chez Maman Asmao\",\"isPartOf\":{\"@id\":\"https:\/\/bmasmaoo.com\/#website\"},\"primaryImageOfPage\":{\"@id\":\"https:\/\/bmasmaoo.com\/index.php\/produit\/biolane-eau-de-toilette-fraicheur-sans-alcool-200-ml\/#primaryimage\"},\"image\":{\"@id\":\"https:\/\/bmasmaoo.com\/index.php\/produit\/biolane-eau-de-toilette-fraicheur-sans-alcool-200-ml\/#primaryimage\"},\"thumbnailUrl\":\"https:\/\/bmasmaoo.com\/wp-content\/uploads\/2025\/11\/eaudetoilette-1.png\",\"datePublished\":\"2025-11-20T15:07:03+00:00\",\"dateModified\":\"2025-12-24T18:28:17+00:00\",\"breadcrumb\":{\"@id\":\"https:\/\/bmasmaoo.com\/index.php\/produit\/biolane-eau-de-toilette-fraicheur-sans-alcool-200-ml\/#breadcrumb\"},\"inLanguage\":\"fr-FR\",\"potentialAction\":[{\"@type\":\"ReadAction\",\"target\":[\"https:\/\/bmasmaoo.com\/index.php\/produit\/biolane-eau-de-toilette-fraicheur-sans-alcool-200-ml\/\"]}]},{\"@type\":\"ImageObject\",\"inLanguage\":\"fr-FR\",\"@id\":\"https:\/\/bmasmaoo.com\/index.php\/produit\/biolane-eau-de-toilette-fraicheur-sans-alcool-200-ml\/#primaryimage\",\"url\":\"https:\/\/bmasmaoo.com\/wp-content\/uploads\/2025\/11\/eaudetoilette-1.png\",\"contentUrl\":\"https:\/\/bmasmaoo.com\/wp-content\/uploads\/2025\/11\/eaudetoilette-1.png\",\"width\":1300,\"height\":1300},{\"@type\":\"BreadcrumbList\",\"@id\":\"https:\/\/bmasmaoo.com\/index.php\/produit\/biolane-eau-de-toilette-fraicheur-sans-alcool-200-ml\/#breadcrumb\",\"itemListElement\":[{\"@type\":\"ListItem\",\"position\":1,\"name\":\"Home\",\"item\":\"https:\/\/bmasmaoo.com\/\"},{\"@type\":\"ListItem\",\"position\":2,\"name\":\"Shop\",\"item\":\"https:\/\/bmasmaoo.com\/index.php\/boutique\/\"},{\"@type\":\"ListItem\",\"position\":3,\"name\":\"Biolane Eau de Toilette Fra\u00eecheur Sans Alcool 200 ml\"}]},{\"@type\":\"WebSite\",\"@id\":\"https:\/\/bmasmaoo.com\/#website\",\"url\":\"https:\/\/bmasmaoo.com\/\",\"name\":\"https:\/\/bmasmaoo.com\/\",\"description\":\"\",\"publisher\":{\"@id\":\"https:\/\/bmasmaoo.com\/#organization\"},\"potentialAction\":[{\"@type\":\"SearchAction\",\"target\":{\"@type\":\"EntryPoint\",\"urlTemplate\":\"https:\/\/bmasmaoo.com\/?s={search_term_string}\"},\"query-input\":{\"@type\":\"PropertyValueSpecification\",\"valueRequired\":true,\"valueName\":\"search_term_string\"}}],\"inLanguage\":\"fr-FR\"},{\"@type\":\"Organization\",\"@id\":\"https:\/\/bmasmaoo.com\/#organization\",\"name\":\"Bambinerie Maman Asmao\",\"url\":\"https:\/\/bmasmaoo.com\/\",\"logo\":{\"@type\":\"ImageObject\",\"inLanguage\":\"fr-FR\",\"@id\":\"https:\/\/bmasmaoo.com\/#\/schema\/logo\/image\/\",\"url\":\"https:\/\/bmasmaoo.com\/wp-content\/uploads\/2025\/11\/Generated-Image-November-12-2025-6_41PM.png\",\"contentUrl\":\"https:\/\/bmasmaoo.com\/wp-content\/uploads\/2025\/11\/Generated-Image-November-12-2025-6_41PM.png\",\"width\":608,\"height\":372,\"caption\":\"Bambinerie Maman Asmao\"},\"image\":{\"@id\":\"https:\/\/bmasmaoo.com\/#\/schema\/logo\/image\/\"},\"sameAs\":[\"https:\/\/www.facebook.com\/keacissediop\/?locale=fr_FR\",\"https:\/\/www.instagram.com\/bambineriemamanasmao\/?hl=fr\",\"https:\/\/www.tiktok.com\/@bambineriemamanasmao\"],\"telephone\":\"+221772474296\",\"legalName\":\"Bambinerie Maman Asmao\"}]}<\/script>\n<!-- \/ Yoast SEO Premium plugin. -->","yoast_head_json":{"title":"Biolane Eau de Toilette Fra\u00eecheur Sans Alcool 200 ml - Bambinerie Chez Maman Asmao","robots":{"index":"index","follow":"follow","max-snippet":"max-snippet:-1","max-image-preview":"max-image-preview:large","max-video-preview":"max-video-preview:-1"},"canonical":"https:\/\/bmasmaoo.com\/index.php\/produit\/biolane-eau-de-toilette-fraicheur-sans-alcool-200-ml\/","og_locale":"fr_FR","og_type":"article","og_title":"Biolane Eau de Toilette Fra\u00eecheur Sans Alcool 200 ml","og_description":"L\u2019eau de toilette fra\u00eecheur Biolane compl\u00e8te agr\u00e9ablement la toilette et rafra\u00eechit votre b\u00e9b\u00e9 \u00e0 tout moment de la journ\u00e9e.    Parfum embl\u00e9matique Biolane  Sans allerg\u00e8ne  Sans alcool et \u00e0 pH physiologique","og_url":"https:\/\/bmasmaoo.com\/index.php\/produit\/biolane-eau-de-toilette-fraicheur-sans-alcool-200-ml\/","og_site_name":"Bambinerie Chez Maman Asmao","article_publisher":"https:\/\/www.facebook.com\/keacissediop\/?locale=fr_FR","article_modified_time":"2025-12-24T18:28:17+00:00","og_image":[{"width":1300,"height":1300,"url":"https:\/\/bmasmaoo.com\/wp-content\/uploads\/2025\/11\/eaudetoilette-1.png","type":"image\/png"}],"twitter_card":"summary_large_image","twitter_misc":{"Dur\u00e9e de lecture estim\u00e9e":"1 minute"},"schema":{"@context":"https:\/\/schema.org","@graph":[{"@type":"WebPage","@id":"https:\/\/bmasmaoo.com\/index.php\/produit\/biolane-eau-de-toilette-fraicheur-sans-alcool-200-ml\/","url":"https:\/\/bmasmaoo.com\/index.php\/produit\/biolane-eau-de-toilette-fraicheur-sans-alcool-200-ml\/","name":"Biolane Eau de Toilette Fra\u00eecheur Sans Alcool 200 ml - Bambinerie Chez Maman Asmao","isPartOf":{"@id":"https:\/\/bmasmaoo.com\/#website"},"primaryImageOfPage":{"@id":"https:\/\/bmasmaoo.com\/index.php\/produit\/biolane-eau-de-toilette-fraicheur-sans-alcool-200-ml\/#primaryimage"},"image":{"@id":"https:\/\/bmasmaoo.com\/index.php\/produit\/biolane-eau-de-toilette-fraicheur-sans-alcool-200-ml\/#primaryimage"},"thumbnailUrl":"https:\/\/bmasmaoo.com\/wp-content\/uploads\/2025\/11\/eaudetoilette-1.png","datePublished":"2025-11-20T15:07:03+00:00","dateModified":"2025-12-24T18:28:17+00:00","breadcrumb":{"@id":"https:\/\/bmasmaoo.com\/index.php\/produit\/biolane-eau-de-toilette-fraicheur-sans-alcool-200-ml\/#breadcrumb"},"inLanguage":"fr-FR","potentialAction":[{"@type":"ReadAction","target":["https:\/\/bmasmaoo.com\/index.php\/produit\/biolane-eau-de-toilette-fraicheur-sans-alcool-200-ml\/"]}]},{"@type":"ImageObject","inLanguage":"fr-FR","@id":"https:\/\/bmasmaoo.com\/index.php\/produit\/biolane-eau-de-toilette-fraicheur-sans-alcool-200-ml\/#primaryimage","url":"https:\/\/bmasmaoo.com\/wp-content\/uploads\/2025\/11\/eaudetoilette-1.png","contentUrl":"https:\/\/bmasmaoo.com\/wp-content\/uploads\/2025\/11\/eaudetoilette-1.png","width":1300,"height":1300},{"@type":"BreadcrumbList","@id":"https:\/\/bmasmaoo.com\/index.php\/produit\/biolane-eau-de-toilette-fraicheur-sans-alcool-200-ml\/#breadcrumb","itemListElement":[{"@type":"ListItem","position":1,"name":"Home","item":"https:\/\/bmasmaoo.com\/"},{"@type":"ListItem","position":2,"name":"Shop","item":"https:\/\/bmasmaoo.com\/index.php\/boutique\/"},{"@type":"ListItem","position":3,"name":"Biolane Eau de Toilette Fra\u00eecheur Sans Alcool 200 ml"}]},{"@type":"WebSite","@id":"https:\/\/bmasmaoo.com\/#website","url":"https:\/\/bmasmaoo.com\/","name":"https:\/\/bmasmaoo.com\/","description":"","publisher":{"@id":"https:\/\/bmasmaoo.com\/#organization"},"potentialAction":[{"@type":"SearchAction","target":{"@type":"EntryPoint","urlTemplate":"https:\/\/bmasmaoo.com\/?s={search_term_string}"},"query-input":{"@type":"PropertyValueSpecification","valueRequired":true,"valueName":"search_term_string"}}],"inLanguage":"fr-FR"},{"@type":"Organization","@id":"https:\/\/bmasmaoo.com\/#organization","name":"Bambinerie Maman Asmao","url":"https:\/\/bmasmaoo.com\/","logo":{"@type":"ImageObject","inLanguage":"fr-FR","@id":"https:\/\/bmasmaoo.com\/#\/schema\/logo\/image\/","url":"https:\/\/bmasmaoo.com\/wp-content\/uploads\/2025\/11\/Generated-Image-November-12-2025-6_41PM.png","contentUrl":"https:\/\/bmasmaoo.com\/wp-content\/uploads\/2025\/11\/Generated-Image-November-12-2025-6_41PM.png","width":608,"height":372,"caption":"Bambinerie Maman Asmao"},"image":{"@id":"https:\/\/bmasmaoo.com\/#\/schema\/logo\/image\/"},"sameAs":["https:\/\/www.facebook.com\/keacissediop\/?locale=fr_FR","https:\/\/www.instagram.com\/bambineriemamanasmao\/?hl=fr","https:\/\/www.tiktok.com\/@bambineriemamanasmao"],"telephone":"+221772474296","legalName":"Bambinerie Maman Asmao"}]}},"_links":{"self":[{"href":"https:\/\/bmasmaoo.com\/index.php\/wp-json\/wp\/v2\/product\/1601","targetHints":{"allow":["GET"]}}],"collection":[{"href":"https:\/\/bmasmaoo.com\/index.php\/wp-json\/wp\/v2\/product"}],"about":[{"href":"https:\/\/bmasmaoo.com\/index.php\/wp-json\/wp\/v2\/types\/product"}],"version-history":[{"count":1,"href":"https:\/\/bmasmaoo.com\/index.php\/wp-json\/wp\/v2\/product\/1601\/revisions"}],"predecessor-version":[{"id":1602,"href":"https:\/\/bmasmaoo.com\/index.php\/wp-json\/wp\/v2\/product\/1601\/revisions\/1602"}],"wp:featuredmedia":[{"embeddable":true,"href":"https:\/\/bmasmaoo.com\/index.php\/wp-json\/wp\/v2\/media\/1591"}],"wp:attachment":[{"href":"https:\/\/bmasmaoo.com\/index.php\/wp-json\/wp\/v2\/media?parent=1601"}],"wp:term":[{"taxonomy":"product_brand","embeddable":true,"href":"https:\/\/bmasmaoo.com\/index.php\/wp-json\/wp\/v2\/product_brand?post=1601"},{"taxonomy":"product_cat","embeddable":true,"href":"https:\/\/bmasmaoo.com\/index.php\/wp-json\/wp\/v2\/product_cat?post=1601"},{"taxonomy":"product_tag","embeddable":true,"href":"https:\/\/bmasmaoo.com\/index.php\/wp-json\/wp\/v2\/product_tag?post=1601"}],"curies":[{"name":"wp","href":"https:\/\/api.w.org\/{rel}","templated":true}]}}