{"id":1587,"date":"2025-11-20T15:04:43","date_gmt":"2025-11-20T14:04:43","guid":{"rendered":"https:\/\/bmasmaoo.com\/?post_type=product&#038;p=1587"},"modified":"2026-02-04T12:31:55","modified_gmt":"2026-02-04T11:31:55","slug":"biolane-creme-change-bebe-100ml","status":"publish","type":"product","link":"https:\/\/bmasmaoo.com\/index.php\/produit\/biolane-creme-change-bebe-100ml\/","title":{"rendered":"Biolane Cr\u00e8me change B\u00e9b\u00e9 100ml"},"content":{"rendered":"<div class=\"summary__title\">\n<h2 class=\"h4 accordion__title\">Description<\/h2>\n<\/div>\n<div id=\"ProductAccordion-collapsible-row-0-template--16318511677670__main\" class=\"accordion__content rte\">\n<p><span class=\"metafield-multi_line_text_field\">La cr\u00e8me change Bilane prot\u00e8ge l\u2019\u00e9piderme fessier de votre b\u00e9b\u00e9 et r\u00e9pare efficacement les rougeurs et irritations.<\/span><\/p>\n<p>Notre vocation : prot\u00e9ger la peau sensible de votre b\u00e9b\u00e9<br \/>\nNotre cr\u00e8me change est \u00e0 98% d\u2019ingr\u00e9dients d\u2019origine naturelle, enrichie en oxyde de zinc et en huile d\u2019amande douce, qui adoucit la peau et apaise les rougeurs tout en prot\u00e9geant l\u2019\u00e9piderme fessier. L\u2019apport en panth\u00e9nol (Vitamine B5) aide \u00e0 r\u00e9parer la peau fragilis\u00e9e.<br \/>\nUne formule test\u00e9e cliniquement sous contr\u00f4le m\u00e9dical pour la plus grande s\u00e9curit\u00e9 des nouveaux-n\u00e9s.<\/p>\n<p>Notre engagement : participer \u00e0 un avenir durable<br \/>\nFabrication fran\u00e7aise sur notre site vend\u00e9en qui favorise l\u2019emploi local.<br \/>\nEmballage comportant au moins 37% de mati\u00e8res recycl\u00e9es.<\/p>\n<div class=\"summary__title\">\n<div class=\"svg-icon\"><\/div>\n<h2 class=\"h4 accordion__title\">Conseils d\u2019utilisation<\/h2>\n<\/div>\n<div id=\"ProductAccordion-collapsible-row-1-template--16318511677670__main\" class=\"accordion__content rte\">\n<p><span class=\"metafield-multi_line_text_field\">\u00c0 chaque change, apr\u00e8s une toilette soigneuse et sur une peau parfaitement s\u00e8che, appliquez en couches \u00e9paisses sur les fesses et dans les plis de l\u2019aine, en insistant sur les zones irrit\u00e9es et les rougeurs.<br \/>\n\u00c0 conserver \u00e0 une temp\u00e9rature comprise entre 15 et 25\u00b0C<\/span><\/p>\n<\/div>\n<\/div>\n","protected":false},"excerpt":{"rendered":"<p>Description La cr\u00e8me change Bilane prot\u00e8ge l\u2019\u00e9piderme fessier de votre b\u00e9b\u00e9 et r\u00e9pare efficacement les rougeurs et irritations. Notre vocation<\/p>\n","protected":false},"featured_media":1588,"template":"","meta":[],"product_brand":[],"product_cat":[71],"product_tag":[],"class_list":{"0":"post-1587","1":"product","2":"type-product","3":"status-publish","4":"has-post-thumbnail","6":"product_cat-soins-toilette","8":"first","9":"instock","10":"shipping-taxable","11":"purchasable","12":"product-type-simple"},"yoast_head":"<!-- This site is optimized with the Yoast SEO Premium plugin v26.8 (Yoast SEO v26.8) - https:\/\/yoast.com\/product\/yoast-seo-premium-wordpress\/ -->\n<title>Biolane Cr\u00e8me change B\u00e9b\u00e9 100ml - Bambinerie Chez Maman Asmao<\/title>\n<meta name=\"robots\" content=\"index, follow, max-snippet:-1, max-image-preview:large, max-video-preview:-1\" \/>\n<link rel=\"canonical\" href=\"https:\/\/bmasmaoo.com\/index.php\/produit\/biolane-creme-change-bebe-100ml\/\" \/>\n<meta property=\"og:locale\" content=\"fr_FR\" \/>\n<meta property=\"og:type\" content=\"article\" \/>\n<meta property=\"og:title\" content=\"Biolane Cr\u00e8me change B\u00e9b\u00e9 100ml\" \/>\n<meta property=\"og:description\" content=\"Description La cr\u00e8me change Bilane prot\u00e8ge l\u2019\u00e9piderme fessier de votre b\u00e9b\u00e9 et r\u00e9pare efficacement les rougeurs et irritations. Notre vocation\" \/>\n<meta property=\"og:url\" content=\"https:\/\/bmasmaoo.com\/index.php\/produit\/biolane-creme-change-bebe-100ml\/\" \/>\n<meta property=\"og:site_name\" content=\"Bambinerie Chez Maman Asmao\" \/>\n<meta property=\"article:publisher\" content=\"https:\/\/www.facebook.com\/keacissediop\/?locale=fr_FR\" \/>\n<meta property=\"article:modified_time\" content=\"2026-02-04T11:31:55+00:00\" \/>\n<meta property=\"og:image\" content=\"https:\/\/bmasmaoo.com\/wp-content\/uploads\/2025\/11\/biolane-creme-change-bebe-100ml-2-600x606-1.png\" \/>\n\t<meta property=\"og:image:width\" content=\"600\" \/>\n\t<meta property=\"og:image:height\" content=\"606\" \/>\n\t<meta property=\"og:image:type\" content=\"image\/png\" \/>\n<meta name=\"twitter:card\" content=\"summary_large_image\" \/>\n<meta name=\"twitter:label1\" content=\"Dur\u00e9e de lecture estim\u00e9e\" \/>\n\t<meta name=\"twitter:data1\" content=\"1 minute\" \/>\n<script type=\"application\/ld+json\" class=\"yoast-schema-graph\">{\"@context\":\"https:\/\/schema.org\",\"@graph\":[{\"@type\":\"WebPage\",\"@id\":\"https:\/\/bmasmaoo.com\/index.php\/produit\/biolane-creme-change-bebe-100ml\/\",\"url\":\"https:\/\/bmasmaoo.com\/index.php\/produit\/biolane-creme-change-bebe-100ml\/\",\"name\":\"Biolane Cr\u00e8me change B\u00e9b\u00e9 100ml - Bambinerie Chez Maman Asmao\",\"isPartOf\":{\"@id\":\"https:\/\/bmasmaoo.com\/#website\"},\"primaryImageOfPage\":{\"@id\":\"https:\/\/bmasmaoo.com\/index.php\/produit\/biolane-creme-change-bebe-100ml\/#primaryimage\"},\"image\":{\"@id\":\"https:\/\/bmasmaoo.com\/index.php\/produit\/biolane-creme-change-bebe-100ml\/#primaryimage\"},\"thumbnailUrl\":\"https:\/\/bmasmaoo.com\/wp-content\/uploads\/2025\/11\/biolane-creme-change-bebe-100ml-2-600x606-1.png\",\"datePublished\":\"2025-11-20T14:04:43+00:00\",\"dateModified\":\"2026-02-04T11:31:55+00:00\",\"breadcrumb\":{\"@id\":\"https:\/\/bmasmaoo.com\/index.php\/produit\/biolane-creme-change-bebe-100ml\/#breadcrumb\"},\"inLanguage\":\"fr-FR\",\"potentialAction\":[{\"@type\":\"ReadAction\",\"target\":[\"https:\/\/bmasmaoo.com\/index.php\/produit\/biolane-creme-change-bebe-100ml\/\"]}]},{\"@type\":\"ImageObject\",\"inLanguage\":\"fr-FR\",\"@id\":\"https:\/\/bmasmaoo.com\/index.php\/produit\/biolane-creme-change-bebe-100ml\/#primaryimage\",\"url\":\"https:\/\/bmasmaoo.com\/wp-content\/uploads\/2025\/11\/biolane-creme-change-bebe-100ml-2-600x606-1.png\",\"contentUrl\":\"https:\/\/bmasmaoo.com\/wp-content\/uploads\/2025\/11\/biolane-creme-change-bebe-100ml-2-600x606-1.png\",\"width\":600,\"height\":606},{\"@type\":\"BreadcrumbList\",\"@id\":\"https:\/\/bmasmaoo.com\/index.php\/produit\/biolane-creme-change-bebe-100ml\/#breadcrumb\",\"itemListElement\":[{\"@type\":\"ListItem\",\"position\":1,\"name\":\"Home\",\"item\":\"https:\/\/bmasmaoo.com\/\"},{\"@type\":\"ListItem\",\"position\":2,\"name\":\"Shop\",\"item\":\"https:\/\/bmasmaoo.com\/index.php\/boutique\/\"},{\"@type\":\"ListItem\",\"position\":3,\"name\":\"Biolane Cr\u00e8me change B\u00e9b\u00e9 100ml\"}]},{\"@type\":\"WebSite\",\"@id\":\"https:\/\/bmasmaoo.com\/#website\",\"url\":\"https:\/\/bmasmaoo.com\/\",\"name\":\"https:\/\/bmasmaoo.com\/\",\"description\":\"\",\"publisher\":{\"@id\":\"https:\/\/bmasmaoo.com\/#organization\"},\"potentialAction\":[{\"@type\":\"SearchAction\",\"target\":{\"@type\":\"EntryPoint\",\"urlTemplate\":\"https:\/\/bmasmaoo.com\/?s={search_term_string}\"},\"query-input\":{\"@type\":\"PropertyValueSpecification\",\"valueRequired\":true,\"valueName\":\"search_term_string\"}}],\"inLanguage\":\"fr-FR\"},{\"@type\":\"Organization\",\"@id\":\"https:\/\/bmasmaoo.com\/#organization\",\"name\":\"Bambinerie Maman Asmao\",\"url\":\"https:\/\/bmasmaoo.com\/\",\"logo\":{\"@type\":\"ImageObject\",\"inLanguage\":\"fr-FR\",\"@id\":\"https:\/\/bmasmaoo.com\/#\/schema\/logo\/image\/\",\"url\":\"https:\/\/bmasmaoo.com\/wp-content\/uploads\/2025\/11\/Generated-Image-November-12-2025-6_41PM.png\",\"contentUrl\":\"https:\/\/bmasmaoo.com\/wp-content\/uploads\/2025\/11\/Generated-Image-November-12-2025-6_41PM.png\",\"width\":608,\"height\":372,\"caption\":\"Bambinerie Maman Asmao\"},\"image\":{\"@id\":\"https:\/\/bmasmaoo.com\/#\/schema\/logo\/image\/\"},\"sameAs\":[\"https:\/\/www.facebook.com\/keacissediop\/?locale=fr_FR\",\"https:\/\/www.instagram.com\/bambineriemamanasmao\/?hl=fr\",\"https:\/\/www.tiktok.com\/@bambineriemamanasmao\"],\"telephone\":\"+221772474296\",\"legalName\":\"Bambinerie Maman Asmao\"}]}<\/script>\n<!-- \/ Yoast SEO Premium plugin. -->","yoast_head_json":{"title":"Biolane Cr\u00e8me change B\u00e9b\u00e9 100ml - Bambinerie Chez Maman Asmao","robots":{"index":"index","follow":"follow","max-snippet":"max-snippet:-1","max-image-preview":"max-image-preview:large","max-video-preview":"max-video-preview:-1"},"canonical":"https:\/\/bmasmaoo.com\/index.php\/produit\/biolane-creme-change-bebe-100ml\/","og_locale":"fr_FR","og_type":"article","og_title":"Biolane Cr\u00e8me change B\u00e9b\u00e9 100ml","og_description":"Description La cr\u00e8me change Bilane prot\u00e8ge l\u2019\u00e9piderme fessier de votre b\u00e9b\u00e9 et r\u00e9pare efficacement les rougeurs et irritations. Notre vocation","og_url":"https:\/\/bmasmaoo.com\/index.php\/produit\/biolane-creme-change-bebe-100ml\/","og_site_name":"Bambinerie Chez Maman Asmao","article_publisher":"https:\/\/www.facebook.com\/keacissediop\/?locale=fr_FR","article_modified_time":"2026-02-04T11:31:55+00:00","og_image":[{"width":600,"height":606,"url":"https:\/\/bmasmaoo.com\/wp-content\/uploads\/2025\/11\/biolane-creme-change-bebe-100ml-2-600x606-1.png","type":"image\/png"}],"twitter_card":"summary_large_image","twitter_misc":{"Dur\u00e9e de lecture estim\u00e9e":"1 minute"},"schema":{"@context":"https:\/\/schema.org","@graph":[{"@type":"WebPage","@id":"https:\/\/bmasmaoo.com\/index.php\/produit\/biolane-creme-change-bebe-100ml\/","url":"https:\/\/bmasmaoo.com\/index.php\/produit\/biolane-creme-change-bebe-100ml\/","name":"Biolane Cr\u00e8me change B\u00e9b\u00e9 100ml - Bambinerie Chez Maman Asmao","isPartOf":{"@id":"https:\/\/bmasmaoo.com\/#website"},"primaryImageOfPage":{"@id":"https:\/\/bmasmaoo.com\/index.php\/produit\/biolane-creme-change-bebe-100ml\/#primaryimage"},"image":{"@id":"https:\/\/bmasmaoo.com\/index.php\/produit\/biolane-creme-change-bebe-100ml\/#primaryimage"},"thumbnailUrl":"https:\/\/bmasmaoo.com\/wp-content\/uploads\/2025\/11\/biolane-creme-change-bebe-100ml-2-600x606-1.png","datePublished":"2025-11-20T14:04:43+00:00","dateModified":"2026-02-04T11:31:55+00:00","breadcrumb":{"@id":"https:\/\/bmasmaoo.com\/index.php\/produit\/biolane-creme-change-bebe-100ml\/#breadcrumb"},"inLanguage":"fr-FR","potentialAction":[{"@type":"ReadAction","target":["https:\/\/bmasmaoo.com\/index.php\/produit\/biolane-creme-change-bebe-100ml\/"]}]},{"@type":"ImageObject","inLanguage":"fr-FR","@id":"https:\/\/bmasmaoo.com\/index.php\/produit\/biolane-creme-change-bebe-100ml\/#primaryimage","url":"https:\/\/bmasmaoo.com\/wp-content\/uploads\/2025\/11\/biolane-creme-change-bebe-100ml-2-600x606-1.png","contentUrl":"https:\/\/bmasmaoo.com\/wp-content\/uploads\/2025\/11\/biolane-creme-change-bebe-100ml-2-600x606-1.png","width":600,"height":606},{"@type":"BreadcrumbList","@id":"https:\/\/bmasmaoo.com\/index.php\/produit\/biolane-creme-change-bebe-100ml\/#breadcrumb","itemListElement":[{"@type":"ListItem","position":1,"name":"Home","item":"https:\/\/bmasmaoo.com\/"},{"@type":"ListItem","position":2,"name":"Shop","item":"https:\/\/bmasmaoo.com\/index.php\/boutique\/"},{"@type":"ListItem","position":3,"name":"Biolane Cr\u00e8me change B\u00e9b\u00e9 100ml"}]},{"@type":"WebSite","@id":"https:\/\/bmasmaoo.com\/#website","url":"https:\/\/bmasmaoo.com\/","name":"https:\/\/bmasmaoo.com\/","description":"","publisher":{"@id":"https:\/\/bmasmaoo.com\/#organization"},"potentialAction":[{"@type":"SearchAction","target":{"@type":"EntryPoint","urlTemplate":"https:\/\/bmasmaoo.com\/?s={search_term_string}"},"query-input":{"@type":"PropertyValueSpecification","valueRequired":true,"valueName":"search_term_string"}}],"inLanguage":"fr-FR"},{"@type":"Organization","@id":"https:\/\/bmasmaoo.com\/#organization","name":"Bambinerie Maman Asmao","url":"https:\/\/bmasmaoo.com\/","logo":{"@type":"ImageObject","inLanguage":"fr-FR","@id":"https:\/\/bmasmaoo.com\/#\/schema\/logo\/image\/","url":"https:\/\/bmasmaoo.com\/wp-content\/uploads\/2025\/11\/Generated-Image-November-12-2025-6_41PM.png","contentUrl":"https:\/\/bmasmaoo.com\/wp-content\/uploads\/2025\/11\/Generated-Image-November-12-2025-6_41PM.png","width":608,"height":372,"caption":"Bambinerie Maman Asmao"},"image":{"@id":"https:\/\/bmasmaoo.com\/#\/schema\/logo\/image\/"},"sameAs":["https:\/\/www.facebook.com\/keacissediop\/?locale=fr_FR","https:\/\/www.instagram.com\/bambineriemamanasmao\/?hl=fr","https:\/\/www.tiktok.com\/@bambineriemamanasmao"],"telephone":"+221772474296","legalName":"Bambinerie Maman Asmao"}]}},"_links":{"self":[{"href":"https:\/\/bmasmaoo.com\/index.php\/wp-json\/wp\/v2\/product\/1587","targetHints":{"allow":["GET"]}}],"collection":[{"href":"https:\/\/bmasmaoo.com\/index.php\/wp-json\/wp\/v2\/product"}],"about":[{"href":"https:\/\/bmasmaoo.com\/index.php\/wp-json\/wp\/v2\/types\/product"}],"version-history":[{"count":1,"href":"https:\/\/bmasmaoo.com\/index.php\/wp-json\/wp\/v2\/product\/1587\/revisions"}],"predecessor-version":[{"id":1594,"href":"https:\/\/bmasmaoo.com\/index.php\/wp-json\/wp\/v2\/product\/1587\/revisions\/1594"}],"wp:featuredmedia":[{"embeddable":true,"href":"https:\/\/bmasmaoo.com\/index.php\/wp-json\/wp\/v2\/media\/1588"}],"wp:attachment":[{"href":"https:\/\/bmasmaoo.com\/index.php\/wp-json\/wp\/v2\/media?parent=1587"}],"wp:term":[{"taxonomy":"product_brand","embeddable":true,"href":"https:\/\/bmasmaoo.com\/index.php\/wp-json\/wp\/v2\/product_brand?post=1587"},{"taxonomy":"product_cat","embeddable":true,"href":"https:\/\/bmasmaoo.com\/index.php\/wp-json\/wp\/v2\/product_cat?post=1587"},{"taxonomy":"product_tag","embeddable":true,"href":"https:\/\/bmasmaoo.com\/index.php\/wp-json\/wp\/v2\/product_tag?post=1587"}],"curies":[{"name":"wp","href":"https:\/\/api.w.org\/{rel}","templated":true}]}}