{"id":1507,"date":"2025-11-19T14:41:13","date_gmt":"2025-11-19T13:41:13","guid":{"rendered":"https:\/\/bmasmaoo.com\/?post_type=product&#038;p=1507"},"modified":"2025-11-19T14:41:13","modified_gmt":"2025-11-19T13:41:13","slug":"coussinets-dallaitement-bebeconfort-jetables-ultra-absorbants-50pcs","status":"publish","type":"product","link":"https:\/\/bmasmaoo.com\/index.php\/produit\/coussinets-dallaitement-bebeconfort-jetables-ultra-absorbants-50pcs\/","title":{"rendered":"Coussinets d&rsquo;allaitement bebeconfort Jetables \/ Ultra-absorbants 50pcs"},"content":{"rendered":"<ul data-hveid=\"CBwQAQ\" data-ved=\"2ahUKEwjbuuOFqv6QAxUcfKQEHRsBFSYQm_YKegQIHBAB\">\n<li><span data-huuid=\"2785574666299364847\">Ils offrent une protection optimale contre les fuites de lait maternel.<span class=\"pjBG2e\" data-cid=\"c5c852f9-559e-4bc6-a6ee-7266581b249c\"><span class=\"UV3uM\">\u00a0<\/span><\/span><\/span>\n<div class=\"NPrrbc\" data-cid=\"c5c852f9-559e-4bc6-a6ee-7266581b249c\" data-uuids=\"2785574666299364847\">\n<div class=\"BMebGe btku5b LwdV0e FR7ZSc OJeuxf\" role=\"button\" aria-label=\"Afficher les liens associ\u00e9s\" data-hveid=\"CA8QAQ\" data-ved=\"2ahUKEwjbuuOFqv6QAxUcfKQEHRsBFSYQ3fYKegQIDxAB\">\n<div class=\"niO4u\"><\/div>\n<\/div>\n<\/div>\n<\/li>\n<li><span data-huuid=\"2785574666299365361\">Le voile en contact avec la peau est 100 % bambou, tr\u00e8s doux.<span class=\"pjBG2e\" data-cid=\"85c8d0f1-c105-40e1-acbb-57d44c30ff10\"><span class=\"UV3uM\">\u00a0<\/span><\/span><\/span>\n<div class=\"NPrrbc\" data-cid=\"85c8d0f1-c105-40e1-acbb-57d44c30ff10\" data-uuids=\"2785574666299365361\"><\/div>\n<div class=\"NPrrbc\" data-cid=\"92013810-0ad0-4279-899c-0a08b162578e\" data-uuids=\"2785574666299365875\">\n<div class=\"BMebGe btku5b LwdV0e FR7ZSc OJeuxf\" role=\"button\" aria-label=\"Afficher les liens associ\u00e9s\" data-hveid=\"CBQQAQ\" data-ved=\"2ahUKEwjbuuOFqv6QAxUcfKQEHRsBFSYQ3fYKegQIFBAB\">\n<div class=\"niO4u\"><\/div>\n<\/div>\n<\/div>\n<\/li>\n<li><span data-huuid=\"2785574666299366389\">Ils contribuent \u00e0 pr\u00e9venir les irritations cutan\u00e9es en \u00e9vitant l&rsquo;humidit\u00e9 prolong\u00e9e.<span class=\"pjBG2e\" data-cid=\"07648e32-6e7f-491a-b551-20130f7fc1fc\"><span class=\"UV3uM\">\u00a0<\/span><\/span><\/span><\/li>\n<\/ul>\n","protected":false},"excerpt":{"rendered":"<p>Ces coussinets sont con\u00e7us pour absorber les fuites de lait maternel et garder la peau s\u00e8che et confortable pendant l&rsquo;allaitement.<span class=\"pjBG2e\" data-cid=\"9c5894e9-5dc0-4eb8-b7d7-cfafb53b186c\"><span class=\"UV3uM\">\u00a0<\/span><\/span><\/p>\n","protected":false},"featured_media":1511,"template":"","meta":[],"product_brand":[],"product_cat":[59,86],"product_tag":[],"class_list":{"0":"post-1507","1":"product","2":"type-product","3":"status-publish","4":"has-post-thumbnail","6":"product_cat-espace-maman","7":"product_cat-coussinets-dallaitement-bouts-de-sein","9":"first","10":"outofstock","11":"shipping-taxable","12":"purchasable","13":"product-type-simple"},"yoast_head":"<!-- This site is optimized with the Yoast SEO Premium plugin v26.8 (Yoast SEO v26.8) - https:\/\/yoast.com\/product\/yoast-seo-premium-wordpress\/ -->\n<title>Coussinets d&#039;allaitement bebeconfort Jetables \/ Ultra-absorbants 50pcs - Bambinerie Chez Maman Asmao<\/title>\n<meta name=\"robots\" content=\"index, follow, max-snippet:-1, max-image-preview:large, max-video-preview:-1\" \/>\n<link rel=\"canonical\" href=\"https:\/\/bmasmaoo.com\/index.php\/produit\/coussinets-dallaitement-bebeconfort-jetables-ultra-absorbants-50pcs\/\" \/>\n<meta property=\"og:locale\" content=\"fr_FR\" \/>\n<meta property=\"og:type\" content=\"article\" \/>\n<meta property=\"og:title\" content=\"Coussinets d&#039;allaitement bebeconfort Jetables \/ Ultra-absorbants 50pcs\" \/>\n<meta property=\"og:description\" content=\"Ces coussinets sont con\u00e7us pour absorber les fuites de lait maternel et garder la peau s\u00e8che et confortable pendant l&#039;allaitement.\u00a0\" \/>\n<meta property=\"og:url\" content=\"https:\/\/bmasmaoo.com\/index.php\/produit\/coussinets-dallaitement-bebeconfort-jetables-ultra-absorbants-50pcs\/\" \/>\n<meta property=\"og:site_name\" content=\"Bambinerie Chez Maman Asmao\" \/>\n<meta property=\"article:publisher\" content=\"https:\/\/www.facebook.com\/keacissediop\/?locale=fr_FR\" \/>\n<meta property=\"og:image\" content=\"https:\/\/bmasmaoo.com\/wp-content\/uploads\/2025\/11\/Biberon-en-silicone-4.webp\" \/>\n\t<meta property=\"og:image:width\" content=\"1080\" \/>\n\t<meta property=\"og:image:height\" content=\"1080\" \/>\n\t<meta property=\"og:image:type\" content=\"image\/webp\" \/>\n<meta name=\"twitter:card\" content=\"summary_large_image\" \/>\n<script type=\"application\/ld+json\" class=\"yoast-schema-graph\">{\"@context\":\"https:\/\/schema.org\",\"@graph\":[{\"@type\":\"WebPage\",\"@id\":\"https:\/\/bmasmaoo.com\/index.php\/produit\/coussinets-dallaitement-bebeconfort-jetables-ultra-absorbants-50pcs\/\",\"url\":\"https:\/\/bmasmaoo.com\/index.php\/produit\/coussinets-dallaitement-bebeconfort-jetables-ultra-absorbants-50pcs\/\",\"name\":\"Coussinets d'allaitement bebeconfort Jetables \/ Ultra-absorbants 50pcs - Bambinerie Chez Maman Asmao\",\"isPartOf\":{\"@id\":\"https:\/\/bmasmaoo.com\/#website\"},\"primaryImageOfPage\":{\"@id\":\"https:\/\/bmasmaoo.com\/index.php\/produit\/coussinets-dallaitement-bebeconfort-jetables-ultra-absorbants-50pcs\/#primaryimage\"},\"image\":{\"@id\":\"https:\/\/bmasmaoo.com\/index.php\/produit\/coussinets-dallaitement-bebeconfort-jetables-ultra-absorbants-50pcs\/#primaryimage\"},\"thumbnailUrl\":\"https:\/\/bmasmaoo.com\/wp-content\/uploads\/2025\/11\/Biberon-en-silicone-4.webp\",\"datePublished\":\"2025-11-19T13:41:13+00:00\",\"breadcrumb\":{\"@id\":\"https:\/\/bmasmaoo.com\/index.php\/produit\/coussinets-dallaitement-bebeconfort-jetables-ultra-absorbants-50pcs\/#breadcrumb\"},\"inLanguage\":\"fr-FR\",\"potentialAction\":[{\"@type\":\"ReadAction\",\"target\":[\"https:\/\/bmasmaoo.com\/index.php\/produit\/coussinets-dallaitement-bebeconfort-jetables-ultra-absorbants-50pcs\/\"]}]},{\"@type\":\"ImageObject\",\"inLanguage\":\"fr-FR\",\"@id\":\"https:\/\/bmasmaoo.com\/index.php\/produit\/coussinets-dallaitement-bebeconfort-jetables-ultra-absorbants-50pcs\/#primaryimage\",\"url\":\"https:\/\/bmasmaoo.com\/wp-content\/uploads\/2025\/11\/Biberon-en-silicone-4.webp\",\"contentUrl\":\"https:\/\/bmasmaoo.com\/wp-content\/uploads\/2025\/11\/Biberon-en-silicone-4.webp\",\"width\":1080,\"height\":1080},{\"@type\":\"BreadcrumbList\",\"@id\":\"https:\/\/bmasmaoo.com\/index.php\/produit\/coussinets-dallaitement-bebeconfort-jetables-ultra-absorbants-50pcs\/#breadcrumb\",\"itemListElement\":[{\"@type\":\"ListItem\",\"position\":1,\"name\":\"Home\",\"item\":\"https:\/\/bmasmaoo.com\/\"},{\"@type\":\"ListItem\",\"position\":2,\"name\":\"Shop\",\"item\":\"https:\/\/bmasmaoo.com\/index.php\/boutique\/\"},{\"@type\":\"ListItem\",\"position\":3,\"name\":\"Coussinets d&rsquo;allaitement bebeconfort Jetables \/ Ultra-absorbants 50pcs\"}]},{\"@type\":\"WebSite\",\"@id\":\"https:\/\/bmasmaoo.com\/#website\",\"url\":\"https:\/\/bmasmaoo.com\/\",\"name\":\"https:\/\/bmasmaoo.com\/\",\"description\":\"\",\"publisher\":{\"@id\":\"https:\/\/bmasmaoo.com\/#organization\"},\"potentialAction\":[{\"@type\":\"SearchAction\",\"target\":{\"@type\":\"EntryPoint\",\"urlTemplate\":\"https:\/\/bmasmaoo.com\/?s={search_term_string}\"},\"query-input\":{\"@type\":\"PropertyValueSpecification\",\"valueRequired\":true,\"valueName\":\"search_term_string\"}}],\"inLanguage\":\"fr-FR\"},{\"@type\":\"Organization\",\"@id\":\"https:\/\/bmasmaoo.com\/#organization\",\"name\":\"Bambinerie Maman Asmao\",\"url\":\"https:\/\/bmasmaoo.com\/\",\"logo\":{\"@type\":\"ImageObject\",\"inLanguage\":\"fr-FR\",\"@id\":\"https:\/\/bmasmaoo.com\/#\/schema\/logo\/image\/\",\"url\":\"https:\/\/bmasmaoo.com\/wp-content\/uploads\/2025\/11\/Generated-Image-November-12-2025-6_41PM.png\",\"contentUrl\":\"https:\/\/bmasmaoo.com\/wp-content\/uploads\/2025\/11\/Generated-Image-November-12-2025-6_41PM.png\",\"width\":608,\"height\":372,\"caption\":\"Bambinerie Maman Asmao\"},\"image\":{\"@id\":\"https:\/\/bmasmaoo.com\/#\/schema\/logo\/image\/\"},\"sameAs\":[\"https:\/\/www.facebook.com\/keacissediop\/?locale=fr_FR\",\"https:\/\/www.instagram.com\/bambineriemamanasmao\/?hl=fr\",\"https:\/\/www.tiktok.com\/@bambineriemamanasmao\"],\"telephone\":\"+221772474296\",\"legalName\":\"Bambinerie Maman Asmao\"}]}<\/script>\n<!-- \/ Yoast SEO Premium plugin. -->","yoast_head_json":{"title":"Coussinets d'allaitement bebeconfort Jetables \/ Ultra-absorbants 50pcs - Bambinerie Chez Maman Asmao","robots":{"index":"index","follow":"follow","max-snippet":"max-snippet:-1","max-image-preview":"max-image-preview:large","max-video-preview":"max-video-preview:-1"},"canonical":"https:\/\/bmasmaoo.com\/index.php\/produit\/coussinets-dallaitement-bebeconfort-jetables-ultra-absorbants-50pcs\/","og_locale":"fr_FR","og_type":"article","og_title":"Coussinets d'allaitement bebeconfort Jetables \/ Ultra-absorbants 50pcs","og_description":"Ces coussinets sont con\u00e7us pour absorber les fuites de lait maternel et garder la peau s\u00e8che et confortable pendant l'allaitement.\u00a0","og_url":"https:\/\/bmasmaoo.com\/index.php\/produit\/coussinets-dallaitement-bebeconfort-jetables-ultra-absorbants-50pcs\/","og_site_name":"Bambinerie Chez Maman Asmao","article_publisher":"https:\/\/www.facebook.com\/keacissediop\/?locale=fr_FR","og_image":[{"width":1080,"height":1080,"url":"https:\/\/bmasmaoo.com\/wp-content\/uploads\/2025\/11\/Biberon-en-silicone-4.webp","type":"image\/webp"}],"twitter_card":"summary_large_image","schema":{"@context":"https:\/\/schema.org","@graph":[{"@type":"WebPage","@id":"https:\/\/bmasmaoo.com\/index.php\/produit\/coussinets-dallaitement-bebeconfort-jetables-ultra-absorbants-50pcs\/","url":"https:\/\/bmasmaoo.com\/index.php\/produit\/coussinets-dallaitement-bebeconfort-jetables-ultra-absorbants-50pcs\/","name":"Coussinets d'allaitement bebeconfort Jetables \/ Ultra-absorbants 50pcs - Bambinerie Chez Maman Asmao","isPartOf":{"@id":"https:\/\/bmasmaoo.com\/#website"},"primaryImageOfPage":{"@id":"https:\/\/bmasmaoo.com\/index.php\/produit\/coussinets-dallaitement-bebeconfort-jetables-ultra-absorbants-50pcs\/#primaryimage"},"image":{"@id":"https:\/\/bmasmaoo.com\/index.php\/produit\/coussinets-dallaitement-bebeconfort-jetables-ultra-absorbants-50pcs\/#primaryimage"},"thumbnailUrl":"https:\/\/bmasmaoo.com\/wp-content\/uploads\/2025\/11\/Biberon-en-silicone-4.webp","datePublished":"2025-11-19T13:41:13+00:00","breadcrumb":{"@id":"https:\/\/bmasmaoo.com\/index.php\/produit\/coussinets-dallaitement-bebeconfort-jetables-ultra-absorbants-50pcs\/#breadcrumb"},"inLanguage":"fr-FR","potentialAction":[{"@type":"ReadAction","target":["https:\/\/bmasmaoo.com\/index.php\/produit\/coussinets-dallaitement-bebeconfort-jetables-ultra-absorbants-50pcs\/"]}]},{"@type":"ImageObject","inLanguage":"fr-FR","@id":"https:\/\/bmasmaoo.com\/index.php\/produit\/coussinets-dallaitement-bebeconfort-jetables-ultra-absorbants-50pcs\/#primaryimage","url":"https:\/\/bmasmaoo.com\/wp-content\/uploads\/2025\/11\/Biberon-en-silicone-4.webp","contentUrl":"https:\/\/bmasmaoo.com\/wp-content\/uploads\/2025\/11\/Biberon-en-silicone-4.webp","width":1080,"height":1080},{"@type":"BreadcrumbList","@id":"https:\/\/bmasmaoo.com\/index.php\/produit\/coussinets-dallaitement-bebeconfort-jetables-ultra-absorbants-50pcs\/#breadcrumb","itemListElement":[{"@type":"ListItem","position":1,"name":"Home","item":"https:\/\/bmasmaoo.com\/"},{"@type":"ListItem","position":2,"name":"Shop","item":"https:\/\/bmasmaoo.com\/index.php\/boutique\/"},{"@type":"ListItem","position":3,"name":"Coussinets d&rsquo;allaitement bebeconfort Jetables \/ Ultra-absorbants 50pcs"}]},{"@type":"WebSite","@id":"https:\/\/bmasmaoo.com\/#website","url":"https:\/\/bmasmaoo.com\/","name":"https:\/\/bmasmaoo.com\/","description":"","publisher":{"@id":"https:\/\/bmasmaoo.com\/#organization"},"potentialAction":[{"@type":"SearchAction","target":{"@type":"EntryPoint","urlTemplate":"https:\/\/bmasmaoo.com\/?s={search_term_string}"},"query-input":{"@type":"PropertyValueSpecification","valueRequired":true,"valueName":"search_term_string"}}],"inLanguage":"fr-FR"},{"@type":"Organization","@id":"https:\/\/bmasmaoo.com\/#organization","name":"Bambinerie Maman Asmao","url":"https:\/\/bmasmaoo.com\/","logo":{"@type":"ImageObject","inLanguage":"fr-FR","@id":"https:\/\/bmasmaoo.com\/#\/schema\/logo\/image\/","url":"https:\/\/bmasmaoo.com\/wp-content\/uploads\/2025\/11\/Generated-Image-November-12-2025-6_41PM.png","contentUrl":"https:\/\/bmasmaoo.com\/wp-content\/uploads\/2025\/11\/Generated-Image-November-12-2025-6_41PM.png","width":608,"height":372,"caption":"Bambinerie Maman Asmao"},"image":{"@id":"https:\/\/bmasmaoo.com\/#\/schema\/logo\/image\/"},"sameAs":["https:\/\/www.facebook.com\/keacissediop\/?locale=fr_FR","https:\/\/www.instagram.com\/bambineriemamanasmao\/?hl=fr","https:\/\/www.tiktok.com\/@bambineriemamanasmao"],"telephone":"+221772474296","legalName":"Bambinerie Maman Asmao"}]}},"_links":{"self":[{"href":"https:\/\/bmasmaoo.com\/index.php\/wp-json\/wp\/v2\/product\/1507","targetHints":{"allow":["GET"]}}],"collection":[{"href":"https:\/\/bmasmaoo.com\/index.php\/wp-json\/wp\/v2\/product"}],"about":[{"href":"https:\/\/bmasmaoo.com\/index.php\/wp-json\/wp\/v2\/types\/product"}],"version-history":[{"count":3,"href":"https:\/\/bmasmaoo.com\/index.php\/wp-json\/wp\/v2\/product\/1507\/revisions"}],"predecessor-version":[{"id":1522,"href":"https:\/\/bmasmaoo.com\/index.php\/wp-json\/wp\/v2\/product\/1507\/revisions\/1522"}],"wp:featuredmedia":[{"embeddable":true,"href":"https:\/\/bmasmaoo.com\/index.php\/wp-json\/wp\/v2\/media\/1511"}],"wp:attachment":[{"href":"https:\/\/bmasmaoo.com\/index.php\/wp-json\/wp\/v2\/media?parent=1507"}],"wp:term":[{"taxonomy":"product_brand","embeddable":true,"href":"https:\/\/bmasmaoo.com\/index.php\/wp-json\/wp\/v2\/product_brand?post=1507"},{"taxonomy":"product_cat","embeddable":true,"href":"https:\/\/bmasmaoo.com\/index.php\/wp-json\/wp\/v2\/product_cat?post=1507"},{"taxonomy":"product_tag","embeddable":true,"href":"https:\/\/bmasmaoo.com\/index.php\/wp-json\/wp\/v2\/product_tag?post=1507"}],"curies":[{"name":"wp","href":"https:\/\/api.w.org\/{rel}","templated":true}]}}