{"id":1292,"date":"2025-11-17T12:31:52","date_gmt":"2025-11-17T11:31:52","guid":{"rendered":"https:\/\/bmasmaoo.com\/?post_type=product&#038;p=1292"},"modified":"2025-11-26T17:53:41","modified_gmt":"2025-11-26T16:53:41","slug":"sortie-de-bain-little-alpaca-bebe-avec-eponge-et-3-gants","status":"publish","type":"product","link":"https:\/\/bmasmaoo.com\/index.php\/produit\/sortie-de-bain-little-alpaca-bebe-avec-eponge-et-3-gants\/","title":{"rendered":"Sortie de bain Little Alpaca b\u00e9b\u00e9 avec \u00e9ponge et 3 gants"},"content":{"rendered":"","protected":false},"excerpt":{"rendered":"<p><strong class=\"Yjhzub\" data-complete=\"true\" data-processed=\"true\"><span class=\"T286Pc\" data-sfc-cp=\"\" data-complete=\"true\" data-processed=\"true\">L&rsquo;ensemble de bain\u00a0Little Alpaca<\/span><\/strong> est un kit complet pour b\u00e9b\u00e9, comprenant une <strong class=\"Yjhzub\" data-complete=\"true\" data-processed=\"true\">serviette<\/strong>\u00a0douce, un\u00a0<strong class=\"Yjhzub\" data-complete=\"true\" data-processed=\"true\">jouet de bain<\/strong>\u00a0(\u00e9ponge) et\u00a0<strong class=\"Yjhzub\" data-complete=\"true\" data-processed=\"true\">trois d\u00e9barbouillettes<\/strong>\u00a0assorties. Con\u00e7u pour envelopper b\u00e9b\u00e9 de douceur apr\u00e8s le bain, cet ensemble combine praticit\u00e9 et confort pour les routines quotidiennes<\/p>\n","protected":false},"featured_media":1188,"template":"","meta":[],"product_brand":[],"product_cat":[71],"product_tag":[],"class_list":{"0":"post-1292","1":"product","2":"type-product","3":"status-publish","4":"has-post-thumbnail","6":"product_cat-soins-toilette","8":"first","9":"instock","10":"shipping-taxable","11":"purchasable","12":"product-type-variable"},"yoast_head":"<!-- This site is optimized with the Yoast SEO Premium plugin v26.8 (Yoast SEO v26.8) - https:\/\/yoast.com\/product\/yoast-seo-premium-wordpress\/ -->\n<title>Sortie de bain Little Alpaca b\u00e9b\u00e9 avec \u00e9ponge et 3 gants - Bambinerie Chez Maman Asmao<\/title>\n<meta name=\"robots\" content=\"index, follow, max-snippet:-1, max-image-preview:large, max-video-preview:-1\" \/>\n<link rel=\"canonical\" href=\"https:\/\/bmasmaoo.com\/index.php\/produit\/sortie-de-bain-little-alpaca-bebe-avec-eponge-et-3-gants\/\" \/>\n<meta property=\"og:locale\" content=\"fr_FR\" \/>\n<meta property=\"og:type\" content=\"article\" \/>\n<meta property=\"og:title\" content=\"Sortie de bain Little Alpaca b\u00e9b\u00e9 avec \u00e9ponge et 3 gants\" \/>\n<meta property=\"og:description\" content=\"L&#039;ensemble de bain\u00a0Little Alpaca est un kit complet pour b\u00e9b\u00e9, comprenant une serviette\u00a0douce, un\u00a0jouet de bain\u00a0(\u00e9ponge) et\u00a0trois d\u00e9barbouillettes\u00a0assorties. Con\u00e7u pour envelopper b\u00e9b\u00e9 de douceur apr\u00e8s le bain, cet ensemble combine praticit\u00e9 et confort pour les routines quotidiennes\" \/>\n<meta property=\"og:url\" content=\"https:\/\/bmasmaoo.com\/index.php\/produit\/sortie-de-bain-little-alpaca-bebe-avec-eponge-et-3-gants\/\" \/>\n<meta property=\"og:site_name\" content=\"Bambinerie Chez Maman Asmao\" \/>\n<meta property=\"article:publisher\" content=\"https:\/\/www.facebook.com\/keacissediop\/?locale=fr_FR\" \/>\n<meta property=\"article:modified_time\" content=\"2025-11-26T16:53:41+00:00\" \/>\n<meta property=\"og:image\" content=\"https:\/\/bmasmaoo.com\/wp-content\/uploads\/2025\/11\/WhatsApp-Image-2025-07-03-a-12.59.31_2084b584.jpg\" \/>\n\t<meta property=\"og:image:width\" content=\"960\" \/>\n\t<meta property=\"og:image:height\" content=\"1280\" \/>\n\t<meta property=\"og:image:type\" content=\"image\/jpeg\" \/>\n<meta name=\"twitter:card\" content=\"summary_large_image\" \/>\n<script type=\"application\/ld+json\" class=\"yoast-schema-graph\">{\"@context\":\"https:\/\/schema.org\",\"@graph\":[{\"@type\":\"WebPage\",\"@id\":\"https:\/\/bmasmaoo.com\/index.php\/produit\/sortie-de-bain-little-alpaca-bebe-avec-eponge-et-3-gants\/\",\"url\":\"https:\/\/bmasmaoo.com\/index.php\/produit\/sortie-de-bain-little-alpaca-bebe-avec-eponge-et-3-gants\/\",\"name\":\"Sortie de bain Little Alpaca b\u00e9b\u00e9 avec \u00e9ponge et 3 gants - Bambinerie Chez Maman Asmao\",\"isPartOf\":{\"@id\":\"https:\/\/bmasmaoo.com\/#website\"},\"primaryImageOfPage\":{\"@id\":\"https:\/\/bmasmaoo.com\/index.php\/produit\/sortie-de-bain-little-alpaca-bebe-avec-eponge-et-3-gants\/#primaryimage\"},\"image\":{\"@id\":\"https:\/\/bmasmaoo.com\/index.php\/produit\/sortie-de-bain-little-alpaca-bebe-avec-eponge-et-3-gants\/#primaryimage\"},\"thumbnailUrl\":\"https:\/\/bmasmaoo.com\/wp-content\/uploads\/2025\/11\/WhatsApp-Image-2025-07-03-a-12.59.31_2084b584.jpg\",\"datePublished\":\"2025-11-17T11:31:52+00:00\",\"dateModified\":\"2025-11-26T16:53:41+00:00\",\"breadcrumb\":{\"@id\":\"https:\/\/bmasmaoo.com\/index.php\/produit\/sortie-de-bain-little-alpaca-bebe-avec-eponge-et-3-gants\/#breadcrumb\"},\"inLanguage\":\"fr-FR\",\"potentialAction\":[{\"@type\":\"ReadAction\",\"target\":[\"https:\/\/bmasmaoo.com\/index.php\/produit\/sortie-de-bain-little-alpaca-bebe-avec-eponge-et-3-gants\/\"]}]},{\"@type\":\"ImageObject\",\"inLanguage\":\"fr-FR\",\"@id\":\"https:\/\/bmasmaoo.com\/index.php\/produit\/sortie-de-bain-little-alpaca-bebe-avec-eponge-et-3-gants\/#primaryimage\",\"url\":\"https:\/\/bmasmaoo.com\/wp-content\/uploads\/2025\/11\/WhatsApp-Image-2025-07-03-a-12.59.31_2084b584.jpg\",\"contentUrl\":\"https:\/\/bmasmaoo.com\/wp-content\/uploads\/2025\/11\/WhatsApp-Image-2025-07-03-a-12.59.31_2084b584.jpg\",\"width\":960,\"height\":1280},{\"@type\":\"BreadcrumbList\",\"@id\":\"https:\/\/bmasmaoo.com\/index.php\/produit\/sortie-de-bain-little-alpaca-bebe-avec-eponge-et-3-gants\/#breadcrumb\",\"itemListElement\":[{\"@type\":\"ListItem\",\"position\":1,\"name\":\"Home\",\"item\":\"https:\/\/bmasmaoo.com\/\"},{\"@type\":\"ListItem\",\"position\":2,\"name\":\"Shop\",\"item\":\"https:\/\/bmasmaoo.com\/index.php\/boutique\/\"},{\"@type\":\"ListItem\",\"position\":3,\"name\":\"Sortie de bain Little Alpaca b\u00e9b\u00e9 avec \u00e9ponge et 3 gants\"}]},{\"@type\":\"WebSite\",\"@id\":\"https:\/\/bmasmaoo.com\/#website\",\"url\":\"https:\/\/bmasmaoo.com\/\",\"name\":\"https:\/\/bmasmaoo.com\/\",\"description\":\"\",\"publisher\":{\"@id\":\"https:\/\/bmasmaoo.com\/#organization\"},\"potentialAction\":[{\"@type\":\"SearchAction\",\"target\":{\"@type\":\"EntryPoint\",\"urlTemplate\":\"https:\/\/bmasmaoo.com\/?s={search_term_string}\"},\"query-input\":{\"@type\":\"PropertyValueSpecification\",\"valueRequired\":true,\"valueName\":\"search_term_string\"}}],\"inLanguage\":\"fr-FR\"},{\"@type\":\"Organization\",\"@id\":\"https:\/\/bmasmaoo.com\/#organization\",\"name\":\"Bambinerie Maman Asmao\",\"url\":\"https:\/\/bmasmaoo.com\/\",\"logo\":{\"@type\":\"ImageObject\",\"inLanguage\":\"fr-FR\",\"@id\":\"https:\/\/bmasmaoo.com\/#\/schema\/logo\/image\/\",\"url\":\"https:\/\/bmasmaoo.com\/wp-content\/uploads\/2025\/11\/Generated-Image-November-12-2025-6_41PM.png\",\"contentUrl\":\"https:\/\/bmasmaoo.com\/wp-content\/uploads\/2025\/11\/Generated-Image-November-12-2025-6_41PM.png\",\"width\":608,\"height\":372,\"caption\":\"Bambinerie Maman Asmao\"},\"image\":{\"@id\":\"https:\/\/bmasmaoo.com\/#\/schema\/logo\/image\/\"},\"sameAs\":[\"https:\/\/www.facebook.com\/keacissediop\/?locale=fr_FR\",\"https:\/\/www.instagram.com\/bambineriemamanasmao\/?hl=fr\",\"https:\/\/www.tiktok.com\/@bambineriemamanasmao\"],\"telephone\":\"+221772474296\",\"legalName\":\"Bambinerie Maman Asmao\"}]}<\/script>\n<!-- \/ Yoast SEO Premium plugin. -->","yoast_head_json":{"title":"Sortie de bain Little Alpaca b\u00e9b\u00e9 avec \u00e9ponge et 3 gants - Bambinerie Chez Maman Asmao","robots":{"index":"index","follow":"follow","max-snippet":"max-snippet:-1","max-image-preview":"max-image-preview:large","max-video-preview":"max-video-preview:-1"},"canonical":"https:\/\/bmasmaoo.com\/index.php\/produit\/sortie-de-bain-little-alpaca-bebe-avec-eponge-et-3-gants\/","og_locale":"fr_FR","og_type":"article","og_title":"Sortie de bain Little Alpaca b\u00e9b\u00e9 avec \u00e9ponge et 3 gants","og_description":"L'ensemble de bain\u00a0Little Alpaca est un kit complet pour b\u00e9b\u00e9, comprenant une serviette\u00a0douce, un\u00a0jouet de bain\u00a0(\u00e9ponge) et\u00a0trois d\u00e9barbouillettes\u00a0assorties. Con\u00e7u pour envelopper b\u00e9b\u00e9 de douceur apr\u00e8s le bain, cet ensemble combine praticit\u00e9 et confort pour les routines quotidiennes","og_url":"https:\/\/bmasmaoo.com\/index.php\/produit\/sortie-de-bain-little-alpaca-bebe-avec-eponge-et-3-gants\/","og_site_name":"Bambinerie Chez Maman Asmao","article_publisher":"https:\/\/www.facebook.com\/keacissediop\/?locale=fr_FR","article_modified_time":"2025-11-26T16:53:41+00:00","og_image":[{"width":960,"height":1280,"url":"https:\/\/bmasmaoo.com\/wp-content\/uploads\/2025\/11\/WhatsApp-Image-2025-07-03-a-12.59.31_2084b584.jpg","type":"image\/jpeg"}],"twitter_card":"summary_large_image","schema":{"@context":"https:\/\/schema.org","@graph":[{"@type":"WebPage","@id":"https:\/\/bmasmaoo.com\/index.php\/produit\/sortie-de-bain-little-alpaca-bebe-avec-eponge-et-3-gants\/","url":"https:\/\/bmasmaoo.com\/index.php\/produit\/sortie-de-bain-little-alpaca-bebe-avec-eponge-et-3-gants\/","name":"Sortie de bain Little Alpaca b\u00e9b\u00e9 avec \u00e9ponge et 3 gants - Bambinerie Chez Maman Asmao","isPartOf":{"@id":"https:\/\/bmasmaoo.com\/#website"},"primaryImageOfPage":{"@id":"https:\/\/bmasmaoo.com\/index.php\/produit\/sortie-de-bain-little-alpaca-bebe-avec-eponge-et-3-gants\/#primaryimage"},"image":{"@id":"https:\/\/bmasmaoo.com\/index.php\/produit\/sortie-de-bain-little-alpaca-bebe-avec-eponge-et-3-gants\/#primaryimage"},"thumbnailUrl":"https:\/\/bmasmaoo.com\/wp-content\/uploads\/2025\/11\/WhatsApp-Image-2025-07-03-a-12.59.31_2084b584.jpg","datePublished":"2025-11-17T11:31:52+00:00","dateModified":"2025-11-26T16:53:41+00:00","breadcrumb":{"@id":"https:\/\/bmasmaoo.com\/index.php\/produit\/sortie-de-bain-little-alpaca-bebe-avec-eponge-et-3-gants\/#breadcrumb"},"inLanguage":"fr-FR","potentialAction":[{"@type":"ReadAction","target":["https:\/\/bmasmaoo.com\/index.php\/produit\/sortie-de-bain-little-alpaca-bebe-avec-eponge-et-3-gants\/"]}]},{"@type":"ImageObject","inLanguage":"fr-FR","@id":"https:\/\/bmasmaoo.com\/index.php\/produit\/sortie-de-bain-little-alpaca-bebe-avec-eponge-et-3-gants\/#primaryimage","url":"https:\/\/bmasmaoo.com\/wp-content\/uploads\/2025\/11\/WhatsApp-Image-2025-07-03-a-12.59.31_2084b584.jpg","contentUrl":"https:\/\/bmasmaoo.com\/wp-content\/uploads\/2025\/11\/WhatsApp-Image-2025-07-03-a-12.59.31_2084b584.jpg","width":960,"height":1280},{"@type":"BreadcrumbList","@id":"https:\/\/bmasmaoo.com\/index.php\/produit\/sortie-de-bain-little-alpaca-bebe-avec-eponge-et-3-gants\/#breadcrumb","itemListElement":[{"@type":"ListItem","position":1,"name":"Home","item":"https:\/\/bmasmaoo.com\/"},{"@type":"ListItem","position":2,"name":"Shop","item":"https:\/\/bmasmaoo.com\/index.php\/boutique\/"},{"@type":"ListItem","position":3,"name":"Sortie de bain Little Alpaca b\u00e9b\u00e9 avec \u00e9ponge et 3 gants"}]},{"@type":"WebSite","@id":"https:\/\/bmasmaoo.com\/#website","url":"https:\/\/bmasmaoo.com\/","name":"https:\/\/bmasmaoo.com\/","description":"","publisher":{"@id":"https:\/\/bmasmaoo.com\/#organization"},"potentialAction":[{"@type":"SearchAction","target":{"@type":"EntryPoint","urlTemplate":"https:\/\/bmasmaoo.com\/?s={search_term_string}"},"query-input":{"@type":"PropertyValueSpecification","valueRequired":true,"valueName":"search_term_string"}}],"inLanguage":"fr-FR"},{"@type":"Organization","@id":"https:\/\/bmasmaoo.com\/#organization","name":"Bambinerie Maman Asmao","url":"https:\/\/bmasmaoo.com\/","logo":{"@type":"ImageObject","inLanguage":"fr-FR","@id":"https:\/\/bmasmaoo.com\/#\/schema\/logo\/image\/","url":"https:\/\/bmasmaoo.com\/wp-content\/uploads\/2025\/11\/Generated-Image-November-12-2025-6_41PM.png","contentUrl":"https:\/\/bmasmaoo.com\/wp-content\/uploads\/2025\/11\/Generated-Image-November-12-2025-6_41PM.png","width":608,"height":372,"caption":"Bambinerie Maman Asmao"},"image":{"@id":"https:\/\/bmasmaoo.com\/#\/schema\/logo\/image\/"},"sameAs":["https:\/\/www.facebook.com\/keacissediop\/?locale=fr_FR","https:\/\/www.instagram.com\/bambineriemamanasmao\/?hl=fr","https:\/\/www.tiktok.com\/@bambineriemamanasmao"],"telephone":"+221772474296","legalName":"Bambinerie Maman Asmao"}]}},"_links":{"self":[{"href":"https:\/\/bmasmaoo.com\/index.php\/wp-json\/wp\/v2\/product\/1292","targetHints":{"allow":["GET"]}}],"collection":[{"href":"https:\/\/bmasmaoo.com\/index.php\/wp-json\/wp\/v2\/product"}],"about":[{"href":"https:\/\/bmasmaoo.com\/index.php\/wp-json\/wp\/v2\/types\/product"}],"version-history":[{"count":2,"href":"https:\/\/bmasmaoo.com\/index.php\/wp-json\/wp\/v2\/product\/1292\/revisions"}],"predecessor-version":[{"id":1296,"href":"https:\/\/bmasmaoo.com\/index.php\/wp-json\/wp\/v2\/product\/1292\/revisions\/1296"}],"wp:featuredmedia":[{"embeddable":true,"href":"https:\/\/bmasmaoo.com\/index.php\/wp-json\/wp\/v2\/media\/1188"}],"wp:attachment":[{"href":"https:\/\/bmasmaoo.com\/index.php\/wp-json\/wp\/v2\/media?parent=1292"}],"wp:term":[{"taxonomy":"product_brand","embeddable":true,"href":"https:\/\/bmasmaoo.com\/index.php\/wp-json\/wp\/v2\/product_brand?post=1292"},{"taxonomy":"product_cat","embeddable":true,"href":"https:\/\/bmasmaoo.com\/index.php\/wp-json\/wp\/v2\/product_cat?post=1292"},{"taxonomy":"product_tag","embeddable":true,"href":"https:\/\/bmasmaoo.com\/index.php\/wp-json\/wp\/v2\/product_tag?post=1292"}],"curies":[{"name":"wp","href":"https:\/\/api.w.org\/{rel}","templated":true}]}}