{"id":1284,"date":"2025-11-17T11:38:54","date_gmt":"2025-11-17T10:38:54","guid":{"rendered":"https:\/\/bmasmaoo.com\/?post_type=product&#038;p=1284"},"modified":"2026-02-13T12:36:35","modified_gmt":"2026-02-13T11:36:35","slug":"meuble-rangement-bebe-tout-petit","status":"publish","type":"product","link":"https:\/\/bmasmaoo.com\/index.php\/produit\/meuble-rangement-bebe-tout-petit\/","title":{"rendered":"Armoire b\u00e9b\u00e9 &amp; tout-petit"},"content":{"rendered":"<p data-start=\"310\" data-end=\"747\">D\u00e9couvrez cette armoire de rangement spacieuse et \u00e9l\u00e9gante, id\u00e9ale pour garder votre int\u00e9rieur parfaitement organis\u00e9. Avec ses <strong data-start=\"437\" data-end=\"455\">portes doubles<\/strong>, ses <strong data-start=\"461\" data-end=\"482\">multiples tiroirs<\/strong> et sa <strong data-start=\"489\" data-end=\"522\">structure en plastique solide<\/strong>, elle offre un grand espace pour ranger v\u00eatements, jouets, linge de maison ou accessoires. Son design blanc textur\u00e9 apporte une touche moderne et s\u2019int\u00e8gre facilement dans toutes les chambres, salons ou espaces de rangement.<\/p>\n<p data-start=\"749\" data-end=\"1011\">Gr\u00e2ce \u00e0 ses dimensions pratiques <strong data-start=\"782\" data-end=\"841\">85 cm (largeur) \u00d7 38 cm (profondeur) \u00d7 170 cm (hauteur)<\/strong>, elle offre une capacit\u00e9 g\u00e9n\u00e9reuse tout en restant compacte. Parfaite pour familles, chambres d\u2019enfant ou petits espaces n\u00e9cessitant un rangement efficace et esth\u00e9tique.<\/p>\n","protected":false},"excerpt":{"rendered":"<p>Armoire de rangement moderne en plastique renforc\u00e9, \u00e0 double portes et tiroirs, con\u00e7ue pour organiser efficacement v\u00eatements et accessoires. Dimensions : 85 \u00d7 38 \u00d7 170 cm.<\/p>\n","protected":false},"featured_media":1271,"template":"","meta":[],"product_brand":[],"product_cat":[58,80],"product_tag":[],"class_list":{"0":"post-1284","1":"product","2":"type-product","3":"status-publish","4":"has-post-thumbnail","6":"product_cat-chambre-bebe-et-enfant","7":"product_cat-meuble-rangement","9":"first","10":"instock","11":"shipping-taxable","12":"purchasable","13":"product-type-simple"},"yoast_head":"<!-- This site is optimized with the Yoast SEO Premium plugin v26.8 (Yoast SEO v26.8) - https:\/\/yoast.com\/product\/yoast-seo-premium-wordpress\/ -->\n<title>Armoire b\u00e9b\u00e9 &amp; tout-petit - Bambinerie Chez Maman Asmao<\/title>\n<meta name=\"robots\" content=\"index, follow, max-snippet:-1, max-image-preview:large, max-video-preview:-1\" \/>\n<link rel=\"canonical\" href=\"https:\/\/bmasmaoo.com\/index.php\/produit\/meuble-rangement-bebe-tout-petit\/\" \/>\n<meta property=\"og:locale\" content=\"fr_FR\" \/>\n<meta property=\"og:type\" content=\"article\" \/>\n<meta property=\"og:title\" content=\"Armoire b\u00e9b\u00e9 &amp; tout-petit\" \/>\n<meta property=\"og:description\" content=\"Armoire de rangement moderne en plastique renforc\u00e9, \u00e0 double portes et tiroirs, con\u00e7ue pour organiser efficacement v\u00eatements et accessoires. Dimensions : 85 \u00d7 38 \u00d7 170 cm.\" \/>\n<meta property=\"og:url\" content=\"https:\/\/bmasmaoo.com\/index.php\/produit\/meuble-rangement-bebe-tout-petit\/\" \/>\n<meta property=\"og:site_name\" content=\"Bambinerie Chez Maman Asmao\" \/>\n<meta property=\"article:publisher\" content=\"https:\/\/www.facebook.com\/keacissediop\/?locale=fr_FR\" \/>\n<meta property=\"article:modified_time\" content=\"2026-02-13T11:36:35+00:00\" \/>\n<meta property=\"og:image\" content=\"https:\/\/bmasmaoo.com\/wp-content\/uploads\/2025\/11\/2-1.png\" \/>\n\t<meta property=\"og:image:width\" content=\"1080\" \/>\n\t<meta property=\"og:image:height\" content=\"1080\" \/>\n\t<meta property=\"og:image:type\" content=\"image\/png\" \/>\n<meta name=\"twitter:card\" content=\"summary_large_image\" \/>\n<meta name=\"twitter:label1\" content=\"Dur\u00e9e de lecture estim\u00e9e\" \/>\n\t<meta name=\"twitter:data1\" content=\"1 minute\" \/>\n<script type=\"application\/ld+json\" class=\"yoast-schema-graph\">{\"@context\":\"https:\/\/schema.org\",\"@graph\":[{\"@type\":\"WebPage\",\"@id\":\"https:\/\/bmasmaoo.com\/index.php\/produit\/meuble-rangement-bebe-tout-petit\/\",\"url\":\"https:\/\/bmasmaoo.com\/index.php\/produit\/meuble-rangement-bebe-tout-petit\/\",\"name\":\"Armoire b\u00e9b\u00e9 &amp; tout-petit - Bambinerie Chez Maman Asmao\",\"isPartOf\":{\"@id\":\"https:\/\/bmasmaoo.com\/#website\"},\"primaryImageOfPage\":{\"@id\":\"https:\/\/bmasmaoo.com\/index.php\/produit\/meuble-rangement-bebe-tout-petit\/#primaryimage\"},\"image\":{\"@id\":\"https:\/\/bmasmaoo.com\/index.php\/produit\/meuble-rangement-bebe-tout-petit\/#primaryimage\"},\"thumbnailUrl\":\"https:\/\/bmasmaoo.com\/wp-content\/uploads\/2025\/11\/2-1.png\",\"datePublished\":\"2025-11-17T10:38:54+00:00\",\"dateModified\":\"2026-02-13T11:36:35+00:00\",\"breadcrumb\":{\"@id\":\"https:\/\/bmasmaoo.com\/index.php\/produit\/meuble-rangement-bebe-tout-petit\/#breadcrumb\"},\"inLanguage\":\"fr-FR\",\"potentialAction\":[{\"@type\":\"ReadAction\",\"target\":[\"https:\/\/bmasmaoo.com\/index.php\/produit\/meuble-rangement-bebe-tout-petit\/\"]}]},{\"@type\":\"ImageObject\",\"inLanguage\":\"fr-FR\",\"@id\":\"https:\/\/bmasmaoo.com\/index.php\/produit\/meuble-rangement-bebe-tout-petit\/#primaryimage\",\"url\":\"https:\/\/bmasmaoo.com\/wp-content\/uploads\/2025\/11\/2-1.png\",\"contentUrl\":\"https:\/\/bmasmaoo.com\/wp-content\/uploads\/2025\/11\/2-1.png\",\"width\":1080,\"height\":1080},{\"@type\":\"BreadcrumbList\",\"@id\":\"https:\/\/bmasmaoo.com\/index.php\/produit\/meuble-rangement-bebe-tout-petit\/#breadcrumb\",\"itemListElement\":[{\"@type\":\"ListItem\",\"position\":1,\"name\":\"Home\",\"item\":\"https:\/\/bmasmaoo.com\/\"},{\"@type\":\"ListItem\",\"position\":2,\"name\":\"Shop\",\"item\":\"https:\/\/bmasmaoo.com\/index.php\/boutique\/\"},{\"@type\":\"ListItem\",\"position\":3,\"name\":\"Armoire b\u00e9b\u00e9 &amp; tout-petit\"}]},{\"@type\":\"WebSite\",\"@id\":\"https:\/\/bmasmaoo.com\/#website\",\"url\":\"https:\/\/bmasmaoo.com\/\",\"name\":\"https:\/\/bmasmaoo.com\/\",\"description\":\"\",\"publisher\":{\"@id\":\"https:\/\/bmasmaoo.com\/#organization\"},\"potentialAction\":[{\"@type\":\"SearchAction\",\"target\":{\"@type\":\"EntryPoint\",\"urlTemplate\":\"https:\/\/bmasmaoo.com\/?s={search_term_string}\"},\"query-input\":{\"@type\":\"PropertyValueSpecification\",\"valueRequired\":true,\"valueName\":\"search_term_string\"}}],\"inLanguage\":\"fr-FR\"},{\"@type\":\"Organization\",\"@id\":\"https:\/\/bmasmaoo.com\/#organization\",\"name\":\"Bambinerie Maman Asmao\",\"url\":\"https:\/\/bmasmaoo.com\/\",\"logo\":{\"@type\":\"ImageObject\",\"inLanguage\":\"fr-FR\",\"@id\":\"https:\/\/bmasmaoo.com\/#\/schema\/logo\/image\/\",\"url\":\"https:\/\/bmasmaoo.com\/wp-content\/uploads\/2025\/11\/Generated-Image-November-12-2025-6_41PM.png\",\"contentUrl\":\"https:\/\/bmasmaoo.com\/wp-content\/uploads\/2025\/11\/Generated-Image-November-12-2025-6_41PM.png\",\"width\":608,\"height\":372,\"caption\":\"Bambinerie Maman Asmao\"},\"image\":{\"@id\":\"https:\/\/bmasmaoo.com\/#\/schema\/logo\/image\/\"},\"sameAs\":[\"https:\/\/www.facebook.com\/keacissediop\/?locale=fr_FR\",\"https:\/\/www.instagram.com\/bambineriemamanasmao\/?hl=fr\",\"https:\/\/www.tiktok.com\/@bambineriemamanasmao\"],\"telephone\":\"+221772474296\",\"legalName\":\"Bambinerie Maman Asmao\"}]}<\/script>\n<!-- \/ Yoast SEO Premium plugin. -->","yoast_head_json":{"title":"Armoire b\u00e9b\u00e9 &amp; tout-petit - Bambinerie Chez Maman Asmao","robots":{"index":"index","follow":"follow","max-snippet":"max-snippet:-1","max-image-preview":"max-image-preview:large","max-video-preview":"max-video-preview:-1"},"canonical":"https:\/\/bmasmaoo.com\/index.php\/produit\/meuble-rangement-bebe-tout-petit\/","og_locale":"fr_FR","og_type":"article","og_title":"Armoire b\u00e9b\u00e9 &amp; tout-petit","og_description":"Armoire de rangement moderne en plastique renforc\u00e9, \u00e0 double portes et tiroirs, con\u00e7ue pour organiser efficacement v\u00eatements et accessoires. Dimensions : 85 \u00d7 38 \u00d7 170 cm.","og_url":"https:\/\/bmasmaoo.com\/index.php\/produit\/meuble-rangement-bebe-tout-petit\/","og_site_name":"Bambinerie Chez Maman Asmao","article_publisher":"https:\/\/www.facebook.com\/keacissediop\/?locale=fr_FR","article_modified_time":"2026-02-13T11:36:35+00:00","og_image":[{"width":1080,"height":1080,"url":"https:\/\/bmasmaoo.com\/wp-content\/uploads\/2025\/11\/2-1.png","type":"image\/png"}],"twitter_card":"summary_large_image","twitter_misc":{"Dur\u00e9e de lecture estim\u00e9e":"1 minute"},"schema":{"@context":"https:\/\/schema.org","@graph":[{"@type":"WebPage","@id":"https:\/\/bmasmaoo.com\/index.php\/produit\/meuble-rangement-bebe-tout-petit\/","url":"https:\/\/bmasmaoo.com\/index.php\/produit\/meuble-rangement-bebe-tout-petit\/","name":"Armoire b\u00e9b\u00e9 &amp; tout-petit - Bambinerie Chez Maman Asmao","isPartOf":{"@id":"https:\/\/bmasmaoo.com\/#website"},"primaryImageOfPage":{"@id":"https:\/\/bmasmaoo.com\/index.php\/produit\/meuble-rangement-bebe-tout-petit\/#primaryimage"},"image":{"@id":"https:\/\/bmasmaoo.com\/index.php\/produit\/meuble-rangement-bebe-tout-petit\/#primaryimage"},"thumbnailUrl":"https:\/\/bmasmaoo.com\/wp-content\/uploads\/2025\/11\/2-1.png","datePublished":"2025-11-17T10:38:54+00:00","dateModified":"2026-02-13T11:36:35+00:00","breadcrumb":{"@id":"https:\/\/bmasmaoo.com\/index.php\/produit\/meuble-rangement-bebe-tout-petit\/#breadcrumb"},"inLanguage":"fr-FR","potentialAction":[{"@type":"ReadAction","target":["https:\/\/bmasmaoo.com\/index.php\/produit\/meuble-rangement-bebe-tout-petit\/"]}]},{"@type":"ImageObject","inLanguage":"fr-FR","@id":"https:\/\/bmasmaoo.com\/index.php\/produit\/meuble-rangement-bebe-tout-petit\/#primaryimage","url":"https:\/\/bmasmaoo.com\/wp-content\/uploads\/2025\/11\/2-1.png","contentUrl":"https:\/\/bmasmaoo.com\/wp-content\/uploads\/2025\/11\/2-1.png","width":1080,"height":1080},{"@type":"BreadcrumbList","@id":"https:\/\/bmasmaoo.com\/index.php\/produit\/meuble-rangement-bebe-tout-petit\/#breadcrumb","itemListElement":[{"@type":"ListItem","position":1,"name":"Home","item":"https:\/\/bmasmaoo.com\/"},{"@type":"ListItem","position":2,"name":"Shop","item":"https:\/\/bmasmaoo.com\/index.php\/boutique\/"},{"@type":"ListItem","position":3,"name":"Armoire b\u00e9b\u00e9 &amp; tout-petit"}]},{"@type":"WebSite","@id":"https:\/\/bmasmaoo.com\/#website","url":"https:\/\/bmasmaoo.com\/","name":"https:\/\/bmasmaoo.com\/","description":"","publisher":{"@id":"https:\/\/bmasmaoo.com\/#organization"},"potentialAction":[{"@type":"SearchAction","target":{"@type":"EntryPoint","urlTemplate":"https:\/\/bmasmaoo.com\/?s={search_term_string}"},"query-input":{"@type":"PropertyValueSpecification","valueRequired":true,"valueName":"search_term_string"}}],"inLanguage":"fr-FR"},{"@type":"Organization","@id":"https:\/\/bmasmaoo.com\/#organization","name":"Bambinerie Maman Asmao","url":"https:\/\/bmasmaoo.com\/","logo":{"@type":"ImageObject","inLanguage":"fr-FR","@id":"https:\/\/bmasmaoo.com\/#\/schema\/logo\/image\/","url":"https:\/\/bmasmaoo.com\/wp-content\/uploads\/2025\/11\/Generated-Image-November-12-2025-6_41PM.png","contentUrl":"https:\/\/bmasmaoo.com\/wp-content\/uploads\/2025\/11\/Generated-Image-November-12-2025-6_41PM.png","width":608,"height":372,"caption":"Bambinerie Maman Asmao"},"image":{"@id":"https:\/\/bmasmaoo.com\/#\/schema\/logo\/image\/"},"sameAs":["https:\/\/www.facebook.com\/keacissediop\/?locale=fr_FR","https:\/\/www.instagram.com\/bambineriemamanasmao\/?hl=fr","https:\/\/www.tiktok.com\/@bambineriemamanasmao"],"telephone":"+221772474296","legalName":"Bambinerie Maman Asmao"}]}},"_links":{"self":[{"href":"https:\/\/bmasmaoo.com\/index.php\/wp-json\/wp\/v2\/product\/1284","targetHints":{"allow":["GET"]}}],"collection":[{"href":"https:\/\/bmasmaoo.com\/index.php\/wp-json\/wp\/v2\/product"}],"about":[{"href":"https:\/\/bmasmaoo.com\/index.php\/wp-json\/wp\/v2\/types\/product"}],"version-history":[{"count":3,"href":"https:\/\/bmasmaoo.com\/index.php\/wp-json\/wp\/v2\/product\/1284\/revisions"}],"predecessor-version":[{"id":3100,"href":"https:\/\/bmasmaoo.com\/index.php\/wp-json\/wp\/v2\/product\/1284\/revisions\/3100"}],"wp:featuredmedia":[{"embeddable":true,"href":"https:\/\/bmasmaoo.com\/index.php\/wp-json\/wp\/v2\/media\/1271"}],"wp:attachment":[{"href":"https:\/\/bmasmaoo.com\/index.php\/wp-json\/wp\/v2\/media?parent=1284"}],"wp:term":[{"taxonomy":"product_brand","embeddable":true,"href":"https:\/\/bmasmaoo.com\/index.php\/wp-json\/wp\/v2\/product_brand?post=1284"},{"taxonomy":"product_cat","embeddable":true,"href":"https:\/\/bmasmaoo.com\/index.php\/wp-json\/wp\/v2\/product_cat?post=1284"},{"taxonomy":"product_tag","embeddable":true,"href":"https:\/\/bmasmaoo.com\/index.php\/wp-json\/wp\/v2\/product_tag?post=1284"}],"curies":[{"name":"wp","href":"https:\/\/api.w.org\/{rel}","templated":true}]}}