{"id":1036,"date":"2025-11-12T14:05:12","date_gmt":"2025-11-12T13:05:12","guid":{"rendered":"https:\/\/bmasmaoo.com\/?post_type=product&#038;p=1036"},"modified":"2025-11-12T14:06:38","modified_gmt":"2025-11-12T13:06:38","slug":"chapeau-de-bain","status":"publish","type":"product","link":"https:\/\/bmasmaoo.com\/index.php\/produit\/chapeau-de-bain\/","title":{"rendered":"Chapeau de bain"},"content":{"rendered":"<p>\u3010Mat\u00e9riau\u3011 Ces bonnets de bain pour enfants prot\u00e8gent les yeux et le visage de l&rsquo;eau. Fabriqu\u00e9s en silicone souple, ils sont r\u00e9sistants et r\u00e9utilisables. Non toxiques et \u00e9cologiques, ils rendent le bain plus facile et plus amusant.<br \/>\n\u3010R\u00e9sistant \u00e0 l&rsquo;eau\u3011 Ce prot\u00e8ge-oreilles de douche pour enfants, dot\u00e9 de larges protections pour les oreilles, les prot\u00e8ge de l&rsquo;eau et du shampoing lors du lavage des cheveux, et maintient le visage au sec. Convient parfaitement aux cheveux courts.<br \/>\n\u3010Taille ajustable\u3011 Notre pommeau de douche pour b\u00e9b\u00e9 est dot\u00e9 de 4 boutons et est r\u00e9glable. Vous pouvez ainsi l&rsquo;ajuster \u00e0 la taille de la t\u00eate de votre b\u00e9b\u00e9, de 0 \u00e0 6 ans.<br \/>\nMultifonctionnel : Ce petit bain est un shampoing douche 3 en 1 pour b\u00e9b\u00e9, protection solaire et coupe de cheveux. Pratique et utile, il est id\u00e9al pour le bain de vos enfants.<\/p>\n","protected":false},"excerpt":{"rendered":"<p>Chapeau de bain pour b\u00e9b\u00e9 en forme de chat, disponible en rose, jaune et bleu. Elle prot\u00e8ge les yeux et les oreilles de l\u2019enfant pendant le lavage des cheveux, pour un moment de bain s\u00fbr et agr\u00e9able. \ud83e\uddfc\ud83d\udca6<\/p>\n","protected":false},"featured_media":1038,"template":"","meta":[],"product_brand":[],"product_cat":[71],"product_tag":[],"class_list":{"0":"post-1036","1":"product","2":"type-product","3":"status-publish","4":"has-post-thumbnail","6":"product_cat-soins-toilette","8":"first","9":"instock","10":"shipping-taxable","11":"purchasable","12":"product-type-simple"},"yoast_head":"<!-- This site is optimized with the Yoast SEO Premium plugin v26.8 (Yoast SEO v26.8) - https:\/\/yoast.com\/product\/yoast-seo-premium-wordpress\/ -->\n<title>Chapeau de bain - Bambinerie Chez Maman Asmao<\/title>\n<meta name=\"robots\" content=\"index, follow, max-snippet:-1, max-image-preview:large, max-video-preview:-1\" \/>\n<link rel=\"canonical\" href=\"https:\/\/bmasmaoo.com\/index.php\/produit\/chapeau-de-bain\/\" \/>\n<meta property=\"og:locale\" content=\"fr_FR\" \/>\n<meta property=\"og:type\" content=\"article\" \/>\n<meta property=\"og:title\" content=\"Chapeau de bain\" \/>\n<meta property=\"og:description\" content=\"Chapeau de bain pour b\u00e9b\u00e9 en forme de chat, disponible en rose, jaune et bleu. Elle prot\u00e8ge les yeux et les oreilles de l\u2019enfant pendant le lavage des cheveux, pour un moment de bain s\u00fbr et agr\u00e9able. \ud83e\uddfc\ud83d\udca6\" \/>\n<meta property=\"og:url\" content=\"https:\/\/bmasmaoo.com\/index.php\/produit\/chapeau-de-bain\/\" \/>\n<meta property=\"og:site_name\" content=\"Bambinerie Chez Maman Asmao\" \/>\n<meta property=\"article:publisher\" content=\"https:\/\/www.facebook.com\/keacissediop\/?locale=fr_FR\" \/>\n<meta property=\"article:modified_time\" content=\"2025-11-12T13:06:38+00:00\" \/>\n<meta property=\"og:image\" content=\"https:\/\/bmasmaoo.com\/wp-content\/uploads\/2025\/11\/Egouttoir-biberon-pliable-28.png\" \/>\n\t<meta property=\"og:image:width\" content=\"1080\" \/>\n\t<meta property=\"og:image:height\" content=\"1080\" \/>\n\t<meta property=\"og:image:type\" content=\"image\/png\" \/>\n<meta name=\"twitter:card\" content=\"summary_large_image\" \/>\n<meta name=\"twitter:label1\" content=\"Dur\u00e9e de lecture estim\u00e9e\" \/>\n\t<meta name=\"twitter:data1\" content=\"1 minute\" \/>\n<script type=\"application\/ld+json\" class=\"yoast-schema-graph\">{\"@context\":\"https:\/\/schema.org\",\"@graph\":[{\"@type\":\"WebPage\",\"@id\":\"https:\/\/bmasmaoo.com\/index.php\/produit\/chapeau-de-bain\/\",\"url\":\"https:\/\/bmasmaoo.com\/index.php\/produit\/chapeau-de-bain\/\",\"name\":\"Chapeau de bain - Bambinerie Chez Maman Asmao\",\"isPartOf\":{\"@id\":\"https:\/\/bmasmaoo.com\/#website\"},\"primaryImageOfPage\":{\"@id\":\"https:\/\/bmasmaoo.com\/index.php\/produit\/chapeau-de-bain\/#primaryimage\"},\"image\":{\"@id\":\"https:\/\/bmasmaoo.com\/index.php\/produit\/chapeau-de-bain\/#primaryimage\"},\"thumbnailUrl\":\"https:\/\/bmasmaoo.com\/wp-content\/uploads\/2025\/11\/Egouttoir-biberon-pliable-28.png\",\"datePublished\":\"2025-11-12T13:05:12+00:00\",\"dateModified\":\"2025-11-12T13:06:38+00:00\",\"breadcrumb\":{\"@id\":\"https:\/\/bmasmaoo.com\/index.php\/produit\/chapeau-de-bain\/#breadcrumb\"},\"inLanguage\":\"fr-FR\",\"potentialAction\":[{\"@type\":\"ReadAction\",\"target\":[\"https:\/\/bmasmaoo.com\/index.php\/produit\/chapeau-de-bain\/\"]}]},{\"@type\":\"ImageObject\",\"inLanguage\":\"fr-FR\",\"@id\":\"https:\/\/bmasmaoo.com\/index.php\/produit\/chapeau-de-bain\/#primaryimage\",\"url\":\"https:\/\/bmasmaoo.com\/wp-content\/uploads\/2025\/11\/Egouttoir-biberon-pliable-28.png\",\"contentUrl\":\"https:\/\/bmasmaoo.com\/wp-content\/uploads\/2025\/11\/Egouttoir-biberon-pliable-28.png\",\"width\":1080,\"height\":1080},{\"@type\":\"BreadcrumbList\",\"@id\":\"https:\/\/bmasmaoo.com\/index.php\/produit\/chapeau-de-bain\/#breadcrumb\",\"itemListElement\":[{\"@type\":\"ListItem\",\"position\":1,\"name\":\"Home\",\"item\":\"https:\/\/bmasmaoo.com\/\"},{\"@type\":\"ListItem\",\"position\":2,\"name\":\"Shop\",\"item\":\"https:\/\/bmasmaoo.com\/index.php\/boutique\/\"},{\"@type\":\"ListItem\",\"position\":3,\"name\":\"Chapeau de bain\"}]},{\"@type\":\"WebSite\",\"@id\":\"https:\/\/bmasmaoo.com\/#website\",\"url\":\"https:\/\/bmasmaoo.com\/\",\"name\":\"https:\/\/bmasmaoo.com\/\",\"description\":\"\",\"publisher\":{\"@id\":\"https:\/\/bmasmaoo.com\/#organization\"},\"potentialAction\":[{\"@type\":\"SearchAction\",\"target\":{\"@type\":\"EntryPoint\",\"urlTemplate\":\"https:\/\/bmasmaoo.com\/?s={search_term_string}\"},\"query-input\":{\"@type\":\"PropertyValueSpecification\",\"valueRequired\":true,\"valueName\":\"search_term_string\"}}],\"inLanguage\":\"fr-FR\"},{\"@type\":\"Organization\",\"@id\":\"https:\/\/bmasmaoo.com\/#organization\",\"name\":\"Bambinerie Maman Asmao\",\"url\":\"https:\/\/bmasmaoo.com\/\",\"logo\":{\"@type\":\"ImageObject\",\"inLanguage\":\"fr-FR\",\"@id\":\"https:\/\/bmasmaoo.com\/#\/schema\/logo\/image\/\",\"url\":\"https:\/\/bmasmaoo.com\/wp-content\/uploads\/2025\/11\/Generated-Image-November-12-2025-6_41PM.png\",\"contentUrl\":\"https:\/\/bmasmaoo.com\/wp-content\/uploads\/2025\/11\/Generated-Image-November-12-2025-6_41PM.png\",\"width\":608,\"height\":372,\"caption\":\"Bambinerie Maman Asmao\"},\"image\":{\"@id\":\"https:\/\/bmasmaoo.com\/#\/schema\/logo\/image\/\"},\"sameAs\":[\"https:\/\/www.facebook.com\/keacissediop\/?locale=fr_FR\",\"https:\/\/www.instagram.com\/bambineriemamanasmao\/?hl=fr\",\"https:\/\/www.tiktok.com\/@bambineriemamanasmao\"],\"telephone\":\"+221772474296\",\"legalName\":\"Bambinerie Maman Asmao\"}]}<\/script>\n<!-- \/ Yoast SEO Premium plugin. -->","yoast_head_json":{"title":"Chapeau de bain - Bambinerie Chez Maman Asmao","robots":{"index":"index","follow":"follow","max-snippet":"max-snippet:-1","max-image-preview":"max-image-preview:large","max-video-preview":"max-video-preview:-1"},"canonical":"https:\/\/bmasmaoo.com\/index.php\/produit\/chapeau-de-bain\/","og_locale":"fr_FR","og_type":"article","og_title":"Chapeau de bain","og_description":"Chapeau de bain pour b\u00e9b\u00e9 en forme de chat, disponible en rose, jaune et bleu. Elle prot\u00e8ge les yeux et les oreilles de l\u2019enfant pendant le lavage des cheveux, pour un moment de bain s\u00fbr et agr\u00e9able. \ud83e\uddfc\ud83d\udca6","og_url":"https:\/\/bmasmaoo.com\/index.php\/produit\/chapeau-de-bain\/","og_site_name":"Bambinerie Chez Maman Asmao","article_publisher":"https:\/\/www.facebook.com\/keacissediop\/?locale=fr_FR","article_modified_time":"2025-11-12T13:06:38+00:00","og_image":[{"width":1080,"height":1080,"url":"https:\/\/bmasmaoo.com\/wp-content\/uploads\/2025\/11\/Egouttoir-biberon-pliable-28.png","type":"image\/png"}],"twitter_card":"summary_large_image","twitter_misc":{"Dur\u00e9e de lecture estim\u00e9e":"1 minute"},"schema":{"@context":"https:\/\/schema.org","@graph":[{"@type":"WebPage","@id":"https:\/\/bmasmaoo.com\/index.php\/produit\/chapeau-de-bain\/","url":"https:\/\/bmasmaoo.com\/index.php\/produit\/chapeau-de-bain\/","name":"Chapeau de bain - Bambinerie Chez Maman Asmao","isPartOf":{"@id":"https:\/\/bmasmaoo.com\/#website"},"primaryImageOfPage":{"@id":"https:\/\/bmasmaoo.com\/index.php\/produit\/chapeau-de-bain\/#primaryimage"},"image":{"@id":"https:\/\/bmasmaoo.com\/index.php\/produit\/chapeau-de-bain\/#primaryimage"},"thumbnailUrl":"https:\/\/bmasmaoo.com\/wp-content\/uploads\/2025\/11\/Egouttoir-biberon-pliable-28.png","datePublished":"2025-11-12T13:05:12+00:00","dateModified":"2025-11-12T13:06:38+00:00","breadcrumb":{"@id":"https:\/\/bmasmaoo.com\/index.php\/produit\/chapeau-de-bain\/#breadcrumb"},"inLanguage":"fr-FR","potentialAction":[{"@type":"ReadAction","target":["https:\/\/bmasmaoo.com\/index.php\/produit\/chapeau-de-bain\/"]}]},{"@type":"ImageObject","inLanguage":"fr-FR","@id":"https:\/\/bmasmaoo.com\/index.php\/produit\/chapeau-de-bain\/#primaryimage","url":"https:\/\/bmasmaoo.com\/wp-content\/uploads\/2025\/11\/Egouttoir-biberon-pliable-28.png","contentUrl":"https:\/\/bmasmaoo.com\/wp-content\/uploads\/2025\/11\/Egouttoir-biberon-pliable-28.png","width":1080,"height":1080},{"@type":"BreadcrumbList","@id":"https:\/\/bmasmaoo.com\/index.php\/produit\/chapeau-de-bain\/#breadcrumb","itemListElement":[{"@type":"ListItem","position":1,"name":"Home","item":"https:\/\/bmasmaoo.com\/"},{"@type":"ListItem","position":2,"name":"Shop","item":"https:\/\/bmasmaoo.com\/index.php\/boutique\/"},{"@type":"ListItem","position":3,"name":"Chapeau de bain"}]},{"@type":"WebSite","@id":"https:\/\/bmasmaoo.com\/#website","url":"https:\/\/bmasmaoo.com\/","name":"https:\/\/bmasmaoo.com\/","description":"","publisher":{"@id":"https:\/\/bmasmaoo.com\/#organization"},"potentialAction":[{"@type":"SearchAction","target":{"@type":"EntryPoint","urlTemplate":"https:\/\/bmasmaoo.com\/?s={search_term_string}"},"query-input":{"@type":"PropertyValueSpecification","valueRequired":true,"valueName":"search_term_string"}}],"inLanguage":"fr-FR"},{"@type":"Organization","@id":"https:\/\/bmasmaoo.com\/#organization","name":"Bambinerie Maman Asmao","url":"https:\/\/bmasmaoo.com\/","logo":{"@type":"ImageObject","inLanguage":"fr-FR","@id":"https:\/\/bmasmaoo.com\/#\/schema\/logo\/image\/","url":"https:\/\/bmasmaoo.com\/wp-content\/uploads\/2025\/11\/Generated-Image-November-12-2025-6_41PM.png","contentUrl":"https:\/\/bmasmaoo.com\/wp-content\/uploads\/2025\/11\/Generated-Image-November-12-2025-6_41PM.png","width":608,"height":372,"caption":"Bambinerie Maman Asmao"},"image":{"@id":"https:\/\/bmasmaoo.com\/#\/schema\/logo\/image\/"},"sameAs":["https:\/\/www.facebook.com\/keacissediop\/?locale=fr_FR","https:\/\/www.instagram.com\/bambineriemamanasmao\/?hl=fr","https:\/\/www.tiktok.com\/@bambineriemamanasmao"],"telephone":"+221772474296","legalName":"Bambinerie Maman Asmao"}]}},"_links":{"self":[{"href":"https:\/\/bmasmaoo.com\/index.php\/wp-json\/wp\/v2\/product\/1036","targetHints":{"allow":["GET"]}}],"collection":[{"href":"https:\/\/bmasmaoo.com\/index.php\/wp-json\/wp\/v2\/product"}],"about":[{"href":"https:\/\/bmasmaoo.com\/index.php\/wp-json\/wp\/v2\/types\/product"}],"version-history":[{"count":4,"href":"https:\/\/bmasmaoo.com\/index.php\/wp-json\/wp\/v2\/product\/1036\/revisions"}],"predecessor-version":[{"id":1056,"href":"https:\/\/bmasmaoo.com\/index.php\/wp-json\/wp\/v2\/product\/1036\/revisions\/1056"}],"wp:featuredmedia":[{"embeddable":true,"href":"https:\/\/bmasmaoo.com\/index.php\/wp-json\/wp\/v2\/media\/1038"}],"wp:attachment":[{"href":"https:\/\/bmasmaoo.com\/index.php\/wp-json\/wp\/v2\/media?parent=1036"}],"wp:term":[{"taxonomy":"product_brand","embeddable":true,"href":"https:\/\/bmasmaoo.com\/index.php\/wp-json\/wp\/v2\/product_brand?post=1036"},{"taxonomy":"product_cat","embeddable":true,"href":"https:\/\/bmasmaoo.com\/index.php\/wp-json\/wp\/v2\/product_cat?post=1036"},{"taxonomy":"product_tag","embeddable":true,"href":"https:\/\/bmasmaoo.com\/index.php\/wp-json\/wp\/v2\/product_tag?post=1036"}],"curies":[{"name":"wp","href":"https:\/\/api.w.org\/{rel}","templated":true}]}}